{"id":9980,"date":"2024-04-18T09:21:07","date_gmt":"2024-04-18T07:21:07","guid":{"rendered":"https:\/\/delorenzoglobal.com\/?post_type=product&#038;p=9980"},"modified":"2025-01-15T09:56:50","modified_gmt":"2025-01-15T08:56:50","slug":"systeme-didactique-pour-letude-de-lefficacite-energetique-dans-les-systemes-hvac","status":"publish","type":"product","link":"https:\/\/delorenzoglobal.com\/fr\/produit\/systeme-didactique-pour-letude-de-lefficacite-energetique-dans-les-systemes-hvac\/","title":{"rendered":"SYST\u00c8ME DIDACTIQUE POUR L&rsquo;\u00c9TUDE DE L&rsquo;EFFICACIT\u00c9 \u00c9NERG\u00c9TIQUE DANS LES SYST\u00c8MES HVAC"},"content":{"rendered":"<p>Banc pour l&rsquo;\u00e9tude de l&rsquo;efficacit\u00e9 \u00e9nerg\u00e9tique des syst\u00e8mes HVAC (climatisation) con\u00e7u pour permettre l&rsquo;\u00e9tude et la mesure de la consommation \u00e9lectrique, des taux de variations de temp\u00e9rature, des pannes possibles et des pertes de performance dans un syst\u00e8me de climatisation qui comprend le cycle invers\u00e9.<\/p>\n<p>Il permet de d\u00e9montrer, dans la pratique, les diff\u00e9rences de consommation d&rsquo;\u00e9nergie et d&rsquo;efficacit\u00e9 \u00e9nerg\u00e9tique du syst\u00e8me, avec l&rsquo;insertion de d\u00e9fauts qui se produisent couramment dans les environnements climatis\u00e9s.<\/p>\n","protected":false},"excerpt":{"rendered":"<p>Banc pour l&rsquo;\u00e9tude de l&rsquo;efficacit\u00e9 \u00e9nerg\u00e9tique des syst\u00e8mes HVAC (climatisation) con\u00e7u pour permettre l&rsquo;\u00e9tude et la mesure de la consommation \u00e9lectrique, des taux de variations de temp\u00e9rature, des pannes possibles et des pertes de performance dans un syst\u00e8me de climatisation qui comprend le cycle invers\u00e9. Il permet de d\u00e9montrer, dans la pratique, les diff\u00e9rences de [&hellip;]<\/p>\n","protected":false},"featured_media":9964,"template":"","meta":{"_acf_changed":false},"product_brand":[],"product_cat":[395],"product_tag":[],"class_list":{"0":"post-9980","1":"product","2":"type-product","3":"status-publish","4":"has-post-thumbnail","6":"product_cat-climatisation","8":"first","9":"instock","10":"shipping-taxable","11":"product-type-simple"},"acf":[],"yoast_head":"<!-- This site is optimized with the Yoast SEO plugin v27.0 - https:\/\/yoast.com\/product\/yoast-seo-wordpress\/ -->\n<title>SYST\u00c8ME DIDACTIQUE POUR L&#039;\u00c9TUDE DE L&#039;EFFICACIT\u00c9 \u00c9NERG\u00c9TIQUE DANS LES SYST\u00c8MES HVAC - De Lorenzo Training &amp; Didactical Equipment<\/title>\n<meta name=\"robots\" content=\"index, follow, max-snippet:-1, max-image-preview:large, max-video-preview:-1\" \/>\n<link rel=\"canonical\" href=\"https:\/\/delorenzoglobal.com\/fr\/produit\/systeme-didactique-pour-letude-de-lefficacite-energetique-dans-les-systemes-hvac\/\" \/>\n<meta property=\"og:locale\" content=\"fr_FR\" \/>\n<meta property=\"og:type\" content=\"article\" \/>\n<meta property=\"og:title\" content=\"SYST\u00c8ME DIDACTIQUE POUR L&#039;\u00c9TUDE DE L&#039;EFFICACIT\u00c9 \u00c9NERG\u00c9TIQUE DANS LES SYST\u00c8MES HVAC - De Lorenzo Training &amp; Didactical Equipment\" \/>\n<meta property=\"og:description\" content=\"Banc pour l&rsquo;\u00e9tude de l&rsquo;efficacit\u00e9 \u00e9nerg\u00e9tique des syst\u00e8mes HVAC (climatisation) con\u00e7u pour permettre l&rsquo;\u00e9tude et la mesure de la consommation \u00e9lectrique, des taux de variations de temp\u00e9rature, des pannes possibles et des pertes de performance dans un syst\u00e8me de climatisation qui comprend le cycle invers\u00e9. Il permet de d\u00e9montrer, dans la pratique, les diff\u00e9rences de [&hellip;]\" \/>\n<meta property=\"og:url\" content=\"https:\/\/delorenzoglobal.com\/fr\/produit\/systeme-didactique-pour-letude-de-lefficacite-energetique-dans-les-systemes-hvac\/\" \/>\n<meta property=\"og:site_name\" content=\"De Lorenzo Training &amp; Didactical Equipment\" \/>\n<meta property=\"article:modified_time\" content=\"2025-01-15T08:56:50+00:00\" \/>\n<meta property=\"og:image\" content=\"https:\/\/delorenzoglobal.com\/wp-content\/uploads\/2024\/04\/DL-CLIMA-6.jpg\" \/>\n\t<meta property=\"og:image:width\" content=\"605\" \/>\n\t<meta property=\"og:image:height\" content=\"902\" \/>\n\t<meta property=\"og:image:type\" content=\"image\/jpeg\" \/>\n<meta name=\"twitter:card\" content=\"summary_large_image\" \/>\n<meta name=\"twitter:label1\" content=\"Dur\u00e9e de lecture estim\u00e9e\" \/>\n\t<meta name=\"twitter:data1\" content=\"1 minute\" \/>\n<script type=\"application\/ld+json\" class=\"yoast-schema-graph\">{\"@context\":\"https:\/\/schema.org\",\"@graph\":[{\"@type\":\"WebPage\",\"@id\":\"https:\/\/delorenzoglobal.com\/fr\/produit\/systeme-didactique-pour-letude-de-lefficacite-energetique-dans-les-systemes-hvac\/\",\"url\":\"https:\/\/delorenzoglobal.com\/fr\/produit\/systeme-didactique-pour-letude-de-lefficacite-energetique-dans-les-systemes-hvac\/\",\"name\":\"SYST\u00c8ME DIDACTIQUE POUR L'\u00c9TUDE DE L'EFFICACIT\u00c9 \u00c9NERG\u00c9TIQUE DANS LES SYST\u00c8MES HVAC - De Lorenzo Training &amp; Didactical Equipment\",\"isPartOf\":{\"@id\":\"https:\/\/delorenzoglobal.com\/fr\/#website\"},\"primaryImageOfPage\":{\"@id\":\"https:\/\/delorenzoglobal.com\/fr\/produit\/systeme-didactique-pour-letude-de-lefficacite-energetique-dans-les-systemes-hvac\/#primaryimage\"},\"image\":{\"@id\":\"https:\/\/delorenzoglobal.com\/fr\/produit\/systeme-didactique-pour-letude-de-lefficacite-energetique-dans-les-systemes-hvac\/#primaryimage\"},\"thumbnailUrl\":\"https:\/\/delorenzoglobal.com\/wp-content\/uploads\/2024\/04\/DL-CLIMA-6.jpg\",\"datePublished\":\"2024-04-18T07:21:07+00:00\",\"dateModified\":\"2025-01-15T08:56:50+00:00\",\"breadcrumb\":{\"@id\":\"https:\/\/delorenzoglobal.com\/fr\/produit\/systeme-didactique-pour-letude-de-lefficacite-energetique-dans-les-systemes-hvac\/#breadcrumb\"},\"inLanguage\":\"fr-FR\",\"potentialAction\":[{\"@type\":\"ReadAction\",\"target\":[\"https:\/\/delorenzoglobal.com\/fr\/produit\/systeme-didactique-pour-letude-de-lefficacite-energetique-dans-les-systemes-hvac\/\"]}]},{\"@type\":\"ImageObject\",\"inLanguage\":\"fr-FR\",\"@id\":\"https:\/\/delorenzoglobal.com\/fr\/produit\/systeme-didactique-pour-letude-de-lefficacite-energetique-dans-les-systemes-hvac\/#primaryimage\",\"url\":\"https:\/\/delorenzoglobal.com\/wp-content\/uploads\/2024\/04\/DL-CLIMA-6.jpg\",\"contentUrl\":\"https:\/\/delorenzoglobal.com\/wp-content\/uploads\/2024\/04\/DL-CLIMA-6.jpg\",\"width\":605,\"height\":902},{\"@type\":\"BreadcrumbList\",\"@id\":\"https:\/\/delorenzoglobal.com\/fr\/produit\/systeme-didactique-pour-letude-de-lefficacite-energetique-dans-les-systemes-hvac\/#breadcrumb\",\"itemListElement\":[{\"@type\":\"ListItem\",\"position\":1,\"name\":\"Home\",\"item\":\"https:\/\/delorenzoglobal.com\/fr\/\"},{\"@type\":\"ListItem\",\"position\":2,\"name\":\"Boutique\",\"item\":\"https:\/\/delorenzoglobal.com\/fr\/boutique\/\"},{\"@type\":\"ListItem\",\"position\":3,\"name\":\"SYST\u00c8ME DIDACTIQUE POUR L&#8217;\u00c9TUDE DE L&#8217;EFFICACIT\u00c9 \u00c9NERG\u00c9TIQUE DANS LES SYST\u00c8MES HVAC\"}]},{\"@type\":\"WebSite\",\"@id\":\"https:\/\/delorenzoglobal.com\/fr\/#website\",\"url\":\"https:\/\/delorenzoglobal.com\/fr\/\",\"name\":\"De Lorenzo Training &amp; Didactical Equipment\",\"description\":\"\",\"potentialAction\":[{\"@type\":\"SearchAction\",\"target\":{\"@type\":\"EntryPoint\",\"urlTemplate\":\"https:\/\/delorenzoglobal.com\/fr\/?s={search_term_string}\"},\"query-input\":{\"@type\":\"PropertyValueSpecification\",\"valueRequired\":true,\"valueName\":\"search_term_string\"}}],\"inLanguage\":\"fr-FR\"}]}<\/script>\n<!-- \/ Yoast SEO plugin. -->","yoast_head_json":{"title":"SYST\u00c8ME DIDACTIQUE POUR L'\u00c9TUDE DE L'EFFICACIT\u00c9 \u00c9NERG\u00c9TIQUE DANS LES SYST\u00c8MES HVAC - De Lorenzo Training &amp; Didactical Equipment","robots":{"index":"index","follow":"follow","max-snippet":"max-snippet:-1","max-image-preview":"max-image-preview:large","max-video-preview":"max-video-preview:-1"},"canonical":"https:\/\/delorenzoglobal.com\/fr\/produit\/systeme-didactique-pour-letude-de-lefficacite-energetique-dans-les-systemes-hvac\/","og_locale":"fr_FR","og_type":"article","og_title":"SYST\u00c8ME DIDACTIQUE POUR L'\u00c9TUDE DE L'EFFICACIT\u00c9 \u00c9NERG\u00c9TIQUE DANS LES SYST\u00c8MES HVAC - De Lorenzo Training &amp; Didactical Equipment","og_description":"Banc pour l&rsquo;\u00e9tude de l&rsquo;efficacit\u00e9 \u00e9nerg\u00e9tique des syst\u00e8mes HVAC (climatisation) con\u00e7u pour permettre l&rsquo;\u00e9tude et la mesure de la consommation \u00e9lectrique, des taux de variations de temp\u00e9rature, des pannes possibles et des pertes de performance dans un syst\u00e8me de climatisation qui comprend le cycle invers\u00e9. Il permet de d\u00e9montrer, dans la pratique, les diff\u00e9rences de [&hellip;]","og_url":"https:\/\/delorenzoglobal.com\/fr\/produit\/systeme-didactique-pour-letude-de-lefficacite-energetique-dans-les-systemes-hvac\/","og_site_name":"De Lorenzo Training &amp; Didactical Equipment","article_modified_time":"2025-01-15T08:56:50+00:00","og_image":[{"width":605,"height":902,"url":"https:\/\/delorenzoglobal.com\/wp-content\/uploads\/2024\/04\/DL-CLIMA-6.jpg","type":"image\/jpeg"}],"twitter_card":"summary_large_image","twitter_misc":{"Dur\u00e9e de lecture estim\u00e9e":"1 minute"},"schema":{"@context":"https:\/\/schema.org","@graph":[{"@type":"WebPage","@id":"https:\/\/delorenzoglobal.com\/fr\/produit\/systeme-didactique-pour-letude-de-lefficacite-energetique-dans-les-systemes-hvac\/","url":"https:\/\/delorenzoglobal.com\/fr\/produit\/systeme-didactique-pour-letude-de-lefficacite-energetique-dans-les-systemes-hvac\/","name":"SYST\u00c8ME DIDACTIQUE POUR L'\u00c9TUDE DE L'EFFICACIT\u00c9 \u00c9NERG\u00c9TIQUE DANS LES SYST\u00c8MES HVAC - De Lorenzo Training &amp; Didactical Equipment","isPartOf":{"@id":"https:\/\/delorenzoglobal.com\/fr\/#website"},"primaryImageOfPage":{"@id":"https:\/\/delorenzoglobal.com\/fr\/produit\/systeme-didactique-pour-letude-de-lefficacite-energetique-dans-les-systemes-hvac\/#primaryimage"},"image":{"@id":"https:\/\/delorenzoglobal.com\/fr\/produit\/systeme-didactique-pour-letude-de-lefficacite-energetique-dans-les-systemes-hvac\/#primaryimage"},"thumbnailUrl":"https:\/\/delorenzoglobal.com\/wp-content\/uploads\/2024\/04\/DL-CLIMA-6.jpg","datePublished":"2024-04-18T07:21:07+00:00","dateModified":"2025-01-15T08:56:50+00:00","breadcrumb":{"@id":"https:\/\/delorenzoglobal.com\/fr\/produit\/systeme-didactique-pour-letude-de-lefficacite-energetique-dans-les-systemes-hvac\/#breadcrumb"},"inLanguage":"fr-FR","potentialAction":[{"@type":"ReadAction","target":["https:\/\/delorenzoglobal.com\/fr\/produit\/systeme-didactique-pour-letude-de-lefficacite-energetique-dans-les-systemes-hvac\/"]}]},{"@type":"ImageObject","inLanguage":"fr-FR","@id":"https:\/\/delorenzoglobal.com\/fr\/produit\/systeme-didactique-pour-letude-de-lefficacite-energetique-dans-les-systemes-hvac\/#primaryimage","url":"https:\/\/delorenzoglobal.com\/wp-content\/uploads\/2024\/04\/DL-CLIMA-6.jpg","contentUrl":"https:\/\/delorenzoglobal.com\/wp-content\/uploads\/2024\/04\/DL-CLIMA-6.jpg","width":605,"height":902},{"@type":"BreadcrumbList","@id":"https:\/\/delorenzoglobal.com\/fr\/produit\/systeme-didactique-pour-letude-de-lefficacite-energetique-dans-les-systemes-hvac\/#breadcrumb","itemListElement":[{"@type":"ListItem","position":1,"name":"Home","item":"https:\/\/delorenzoglobal.com\/fr\/"},{"@type":"ListItem","position":2,"name":"Boutique","item":"https:\/\/delorenzoglobal.com\/fr\/boutique\/"},{"@type":"ListItem","position":3,"name":"SYST\u00c8ME DIDACTIQUE POUR L&#8217;\u00c9TUDE DE L&#8217;EFFICACIT\u00c9 \u00c9NERG\u00c9TIQUE DANS LES SYST\u00c8MES HVAC"}]},{"@type":"WebSite","@id":"https:\/\/delorenzoglobal.com\/fr\/#website","url":"https:\/\/delorenzoglobal.com\/fr\/","name":"De Lorenzo Training &amp; Didactical Equipment","description":"","potentialAction":[{"@type":"SearchAction","target":{"@type":"EntryPoint","urlTemplate":"https:\/\/delorenzoglobal.com\/fr\/?s={search_term_string}"},"query-input":{"@type":"PropertyValueSpecification","valueRequired":true,"valueName":"search_term_string"}}],"inLanguage":"fr-FR"}]}},"_links":{"self":[{"href":"https:\/\/delorenzoglobal.com\/fr\/wp-json\/wp\/v2\/product\/9980","targetHints":{"allow":["GET"]}}],"collection":[{"href":"https:\/\/delorenzoglobal.com\/fr\/wp-json\/wp\/v2\/product"}],"about":[{"href":"https:\/\/delorenzoglobal.com\/fr\/wp-json\/wp\/v2\/types\/product"}],"wp:featuredmedia":[{"embeddable":true,"href":"https:\/\/delorenzoglobal.com\/fr\/wp-json\/wp\/v2\/media\/9964"}],"wp:attachment":[{"href":"https:\/\/delorenzoglobal.com\/fr\/wp-json\/wp\/v2\/media?parent=9980"}],"wp:term":[{"taxonomy":"product_brand","embeddable":true,"href":"https:\/\/delorenzoglobal.com\/fr\/wp-json\/wp\/v2\/product_brand?post=9980"},{"taxonomy":"product_cat","embeddable":true,"href":"https:\/\/delorenzoglobal.com\/fr\/wp-json\/wp\/v2\/product_cat?post=9980"},{"taxonomy":"product_tag","embeddable":true,"href":"https:\/\/delorenzoglobal.com\/fr\/wp-json\/wp\/v2\/product_tag?post=9980"}],"curies":[{"name":"wp","href":"https:\/\/api.w.org\/{rel}","templated":true}]}}