{"id":9939,"date":"2024-04-18T09:15:13","date_gmt":"2024-04-18T07:15:13","guid":{"rendered":"https:\/\/delorenzoglobal.com\/?post_type=product&#038;p=9939"},"modified":"2025-11-20T09:36:54","modified_gmt":"2025-11-20T08:36:54","slug":"systeme-de-formation-pour-climatiseur-de-type-split","status":"publish","type":"product","link":"https:\/\/delorenzoglobal.com\/fr\/produit\/systeme-de-formation-pour-climatiseur-de-type-split\/","title":{"rendered":"SYSTEME DE FORMATION POUR CLIMATISEUR DE TYPE SPLIT"},"content":{"rendered":"<p>Syst\u00e8me de formation sur les climatiseurs d\u00e9velopp\u00e9 pour d\u00e9montrer le fonctionnement et le principe de fonctionnement des climatiseurs split.<\/p>\n<p>Les \u00e9tudiants pourront suivre le cycle de r\u00e9frig\u00e9ration, explorer la disposition et les fonctions de tous les composants principaux et effectuer des exercices de maintenance et de d\u00e9pannage.<\/p>\n<p>Le syst\u00e8me didactique est enti\u00e8rement fonctionnel et contient tous les composants de base d&rsquo;un climatiseur split.<\/p>\n<p>Les composants sont expos\u00e9s et mont\u00e9s sur un cadre vertical.<\/p>\n<p>Les \u00e9tudiants contr\u00f4lent et surveillent le d\u00e9roulement des exp\u00e9riences \u00e0 l&rsquo;aide d&rsquo;instruments et de points d&rsquo;observation transparents.<\/p>\n","protected":false},"excerpt":{"rendered":"<p>Syst\u00e8me de formation sur les climatiseurs d\u00e9velopp\u00e9 pour d\u00e9montrer le fonctionnement et le principe de fonctionnement des climatiseurs split. Les \u00e9tudiants pourront suivre le cycle de r\u00e9frig\u00e9ration, explorer la disposition et les fonctions de tous les composants principaux et effectuer des exercices de maintenance et de d\u00e9pannage. Le syst\u00e8me didactique est enti\u00e8rement fonctionnel et contient [&hellip;]<\/p>\n","protected":false},"featured_media":65744,"template":"","meta":{"_acf_changed":false},"product_brand":[],"product_cat":[395],"product_tag":[],"class_list":{"0":"post-9939","1":"product","2":"type-product","3":"status-publish","4":"has-post-thumbnail","6":"product_cat-climatisation","8":"first","9":"instock","10":"shipping-taxable","11":"product-type-simple"},"acf":[],"yoast_head":"<!-- This site is optimized with the Yoast SEO plugin v27.0 - https:\/\/yoast.com\/product\/yoast-seo-wordpress\/ -->\n<title>SYSTEME DE FORMATION POUR CLIMATISEUR DE TYPE SPLIT - De Lorenzo Training &amp; Didactical Equipment<\/title>\n<meta name=\"robots\" content=\"index, follow, max-snippet:-1, max-image-preview:large, max-video-preview:-1\" \/>\n<link rel=\"canonical\" href=\"https:\/\/delorenzoglobal.com\/fr\/produit\/systeme-de-formation-pour-climatiseur-de-type-split\/\" \/>\n<meta property=\"og:locale\" content=\"fr_FR\" \/>\n<meta property=\"og:type\" content=\"article\" \/>\n<meta property=\"og:title\" content=\"SYSTEME DE FORMATION POUR CLIMATISEUR DE TYPE SPLIT - De Lorenzo Training &amp; Didactical Equipment\" \/>\n<meta property=\"og:description\" content=\"Syst\u00e8me de formation sur les climatiseurs d\u00e9velopp\u00e9 pour d\u00e9montrer le fonctionnement et le principe de fonctionnement des climatiseurs split. Les \u00e9tudiants pourront suivre le cycle de r\u00e9frig\u00e9ration, explorer la disposition et les fonctions de tous les composants principaux et effectuer des exercices de maintenance et de d\u00e9pannage. Le syst\u00e8me didactique est enti\u00e8rement fonctionnel et contient [&hellip;]\" \/>\n<meta property=\"og:url\" content=\"https:\/\/delorenzoglobal.com\/fr\/produit\/systeme-de-formation-pour-climatiseur-de-type-split\/\" \/>\n<meta property=\"og:site_name\" content=\"De Lorenzo Training &amp; Didactical Equipment\" \/>\n<meta property=\"article:modified_time\" content=\"2025-11-20T08:36:54+00:00\" \/>\n<meta property=\"og:image\" content=\"https:\/\/delorenzoglobal.com\/wp-content\/uploads\/2024\/04\/DL-TMAC10-2-scaled.jpg\" \/>\n\t<meta property=\"og:image:width\" content=\"2560\" \/>\n\t<meta property=\"og:image:height\" content=\"2468\" \/>\n\t<meta property=\"og:image:type\" content=\"image\/jpeg\" \/>\n<meta name=\"twitter:card\" content=\"summary_large_image\" \/>\n<meta name=\"twitter:label1\" content=\"Dur\u00e9e de lecture estim\u00e9e\" \/>\n\t<meta name=\"twitter:data1\" content=\"1 minute\" \/>\n<script type=\"application\/ld+json\" class=\"yoast-schema-graph\">{\"@context\":\"https:\/\/schema.org\",\"@graph\":[{\"@type\":\"WebPage\",\"@id\":\"https:\/\/delorenzoglobal.com\/fr\/produit\/systeme-de-formation-pour-climatiseur-de-type-split\/\",\"url\":\"https:\/\/delorenzoglobal.com\/fr\/produit\/systeme-de-formation-pour-climatiseur-de-type-split\/\",\"name\":\"SYSTEME DE FORMATION POUR CLIMATISEUR DE TYPE SPLIT - De Lorenzo Training &amp; Didactical Equipment\",\"isPartOf\":{\"@id\":\"https:\/\/delorenzoglobal.com\/fr\/#website\"},\"primaryImageOfPage\":{\"@id\":\"https:\/\/delorenzoglobal.com\/fr\/produit\/systeme-de-formation-pour-climatiseur-de-type-split\/#primaryimage\"},\"image\":{\"@id\":\"https:\/\/delorenzoglobal.com\/fr\/produit\/systeme-de-formation-pour-climatiseur-de-type-split\/#primaryimage\"},\"thumbnailUrl\":\"https:\/\/delorenzoglobal.com\/wp-content\/uploads\/2024\/04\/DL-TMAC10-2-scaled.jpg\",\"datePublished\":\"2024-04-18T07:15:13+00:00\",\"dateModified\":\"2025-11-20T08:36:54+00:00\",\"breadcrumb\":{\"@id\":\"https:\/\/delorenzoglobal.com\/fr\/produit\/systeme-de-formation-pour-climatiseur-de-type-split\/#breadcrumb\"},\"inLanguage\":\"fr-FR\",\"potentialAction\":[{\"@type\":\"ReadAction\",\"target\":[\"https:\/\/delorenzoglobal.com\/fr\/produit\/systeme-de-formation-pour-climatiseur-de-type-split\/\"]}]},{\"@type\":\"ImageObject\",\"inLanguage\":\"fr-FR\",\"@id\":\"https:\/\/delorenzoglobal.com\/fr\/produit\/systeme-de-formation-pour-climatiseur-de-type-split\/#primaryimage\",\"url\":\"https:\/\/delorenzoglobal.com\/wp-content\/uploads\/2024\/04\/DL-TMAC10-2-scaled.jpg\",\"contentUrl\":\"https:\/\/delorenzoglobal.com\/wp-content\/uploads\/2024\/04\/DL-TMAC10-2-scaled.jpg\",\"width\":2560,\"height\":2468},{\"@type\":\"BreadcrumbList\",\"@id\":\"https:\/\/delorenzoglobal.com\/fr\/produit\/systeme-de-formation-pour-climatiseur-de-type-split\/#breadcrumb\",\"itemListElement\":[{\"@type\":\"ListItem\",\"position\":1,\"name\":\"Home\",\"item\":\"https:\/\/delorenzoglobal.com\/fr\/\"},{\"@type\":\"ListItem\",\"position\":2,\"name\":\"Boutique\",\"item\":\"https:\/\/delorenzoglobal.com\/fr\/boutique\/\"},{\"@type\":\"ListItem\",\"position\":3,\"name\":\"SYSTEME DE FORMATION POUR CLIMATISEUR DE TYPE SPLIT\"}]},{\"@type\":\"WebSite\",\"@id\":\"https:\/\/delorenzoglobal.com\/fr\/#website\",\"url\":\"https:\/\/delorenzoglobal.com\/fr\/\",\"name\":\"De Lorenzo Training &amp; Didactical Equipment\",\"description\":\"\",\"potentialAction\":[{\"@type\":\"SearchAction\",\"target\":{\"@type\":\"EntryPoint\",\"urlTemplate\":\"https:\/\/delorenzoglobal.com\/fr\/?s={search_term_string}\"},\"query-input\":{\"@type\":\"PropertyValueSpecification\",\"valueRequired\":true,\"valueName\":\"search_term_string\"}}],\"inLanguage\":\"fr-FR\"}]}<\/script>\n<!-- \/ Yoast SEO plugin. -->","yoast_head_json":{"title":"SYSTEME DE FORMATION POUR CLIMATISEUR DE TYPE SPLIT - De Lorenzo Training &amp; Didactical Equipment","robots":{"index":"index","follow":"follow","max-snippet":"max-snippet:-1","max-image-preview":"max-image-preview:large","max-video-preview":"max-video-preview:-1"},"canonical":"https:\/\/delorenzoglobal.com\/fr\/produit\/systeme-de-formation-pour-climatiseur-de-type-split\/","og_locale":"fr_FR","og_type":"article","og_title":"SYSTEME DE FORMATION POUR CLIMATISEUR DE TYPE SPLIT - De Lorenzo Training &amp; Didactical Equipment","og_description":"Syst\u00e8me de formation sur les climatiseurs d\u00e9velopp\u00e9 pour d\u00e9montrer le fonctionnement et le principe de fonctionnement des climatiseurs split. Les \u00e9tudiants pourront suivre le cycle de r\u00e9frig\u00e9ration, explorer la disposition et les fonctions de tous les composants principaux et effectuer des exercices de maintenance et de d\u00e9pannage. Le syst\u00e8me didactique est enti\u00e8rement fonctionnel et contient [&hellip;]","og_url":"https:\/\/delorenzoglobal.com\/fr\/produit\/systeme-de-formation-pour-climatiseur-de-type-split\/","og_site_name":"De Lorenzo Training &amp; Didactical Equipment","article_modified_time":"2025-11-20T08:36:54+00:00","og_image":[{"width":2560,"height":2468,"url":"https:\/\/delorenzoglobal.com\/wp-content\/uploads\/2024\/04\/DL-TMAC10-2-scaled.jpg","type":"image\/jpeg"}],"twitter_card":"summary_large_image","twitter_misc":{"Dur\u00e9e de lecture estim\u00e9e":"1 minute"},"schema":{"@context":"https:\/\/schema.org","@graph":[{"@type":"WebPage","@id":"https:\/\/delorenzoglobal.com\/fr\/produit\/systeme-de-formation-pour-climatiseur-de-type-split\/","url":"https:\/\/delorenzoglobal.com\/fr\/produit\/systeme-de-formation-pour-climatiseur-de-type-split\/","name":"SYSTEME DE FORMATION POUR CLIMATISEUR DE TYPE SPLIT - De Lorenzo Training &amp; Didactical Equipment","isPartOf":{"@id":"https:\/\/delorenzoglobal.com\/fr\/#website"},"primaryImageOfPage":{"@id":"https:\/\/delorenzoglobal.com\/fr\/produit\/systeme-de-formation-pour-climatiseur-de-type-split\/#primaryimage"},"image":{"@id":"https:\/\/delorenzoglobal.com\/fr\/produit\/systeme-de-formation-pour-climatiseur-de-type-split\/#primaryimage"},"thumbnailUrl":"https:\/\/delorenzoglobal.com\/wp-content\/uploads\/2024\/04\/DL-TMAC10-2-scaled.jpg","datePublished":"2024-04-18T07:15:13+00:00","dateModified":"2025-11-20T08:36:54+00:00","breadcrumb":{"@id":"https:\/\/delorenzoglobal.com\/fr\/produit\/systeme-de-formation-pour-climatiseur-de-type-split\/#breadcrumb"},"inLanguage":"fr-FR","potentialAction":[{"@type":"ReadAction","target":["https:\/\/delorenzoglobal.com\/fr\/produit\/systeme-de-formation-pour-climatiseur-de-type-split\/"]}]},{"@type":"ImageObject","inLanguage":"fr-FR","@id":"https:\/\/delorenzoglobal.com\/fr\/produit\/systeme-de-formation-pour-climatiseur-de-type-split\/#primaryimage","url":"https:\/\/delorenzoglobal.com\/wp-content\/uploads\/2024\/04\/DL-TMAC10-2-scaled.jpg","contentUrl":"https:\/\/delorenzoglobal.com\/wp-content\/uploads\/2024\/04\/DL-TMAC10-2-scaled.jpg","width":2560,"height":2468},{"@type":"BreadcrumbList","@id":"https:\/\/delorenzoglobal.com\/fr\/produit\/systeme-de-formation-pour-climatiseur-de-type-split\/#breadcrumb","itemListElement":[{"@type":"ListItem","position":1,"name":"Home","item":"https:\/\/delorenzoglobal.com\/fr\/"},{"@type":"ListItem","position":2,"name":"Boutique","item":"https:\/\/delorenzoglobal.com\/fr\/boutique\/"},{"@type":"ListItem","position":3,"name":"SYSTEME DE FORMATION POUR CLIMATISEUR DE TYPE SPLIT"}]},{"@type":"WebSite","@id":"https:\/\/delorenzoglobal.com\/fr\/#website","url":"https:\/\/delorenzoglobal.com\/fr\/","name":"De Lorenzo Training &amp; Didactical Equipment","description":"","potentialAction":[{"@type":"SearchAction","target":{"@type":"EntryPoint","urlTemplate":"https:\/\/delorenzoglobal.com\/fr\/?s={search_term_string}"},"query-input":{"@type":"PropertyValueSpecification","valueRequired":true,"valueName":"search_term_string"}}],"inLanguage":"fr-FR"}]}},"_links":{"self":[{"href":"https:\/\/delorenzoglobal.com\/fr\/wp-json\/wp\/v2\/product\/9939","targetHints":{"allow":["GET"]}}],"collection":[{"href":"https:\/\/delorenzoglobal.com\/fr\/wp-json\/wp\/v2\/product"}],"about":[{"href":"https:\/\/delorenzoglobal.com\/fr\/wp-json\/wp\/v2\/types\/product"}],"wp:featuredmedia":[{"embeddable":true,"href":"https:\/\/delorenzoglobal.com\/fr\/wp-json\/wp\/v2\/media\/65744"}],"wp:attachment":[{"href":"https:\/\/delorenzoglobal.com\/fr\/wp-json\/wp\/v2\/media?parent=9939"}],"wp:term":[{"taxonomy":"product_brand","embeddable":true,"href":"https:\/\/delorenzoglobal.com\/fr\/wp-json\/wp\/v2\/product_brand?post=9939"},{"taxonomy":"product_cat","embeddable":true,"href":"https:\/\/delorenzoglobal.com\/fr\/wp-json\/wp\/v2\/product_cat?post=9939"},{"taxonomy":"product_tag","embeddable":true,"href":"https:\/\/delorenzoglobal.com\/fr\/wp-json\/wp\/v2\/product_tag?post=9939"}],"curies":[{"name":"wp","href":"https:\/\/api.w.org\/{rel}","templated":true}]}}