{"id":9904,"date":"2024-04-18T09:11:17","date_gmt":"2024-04-18T07:11:17","guid":{"rendered":"https:\/\/delorenzoglobal.com\/?post_type=product&#038;p=9904"},"modified":"2025-01-15T09:26:12","modified_gmt":"2025-01-15T08:26:12","slug":"introduction-aux-systemes-de-climatisation","status":"publish","type":"product","link":"https:\/\/delorenzoglobal.com\/fr\/produit\/introduction-aux-systemes-de-climatisation\/","title":{"rendered":"INTRODUCTION AUX SYST\u00c8MES DE CLIMATISATION"},"content":{"rendered":"<ul>\n<li>La FACE A simule deux types de syst\u00e8mes : les syst\u00e8mes de conditionnement mixte air\u2010eau et les syst\u00e8mes qui sont utilis\u00e9s pour le conditionnement d&rsquo;une salle de divertissement (th\u00e9\u00e2tres, cin\u00e9mas, etc.) o\u00f9 les param\u00e8tres environnementaux changent en raison de la pr\u00e9sence de beaucoup de gens.<\/li>\n<li>La FACE B simule les installations de climatisation domestique : conditionneur d\u2019air monobloc de fen\u00eatre, conditionneur d\u2019air portable et conditionneur d\u2019air fixe, type split.<\/li>\n<\/ul>\n","protected":false},"excerpt":{"rendered":"<p>La FACE A simule deux types de syst\u00e8mes : les syst\u00e8mes de conditionnement mixte air\u2010eau et les syst\u00e8mes qui sont utilis\u00e9s pour le conditionnement d&rsquo;une salle de divertissement (th\u00e9\u00e2tres, cin\u00e9mas, etc.) o\u00f9 les param\u00e8tres environnementaux changent en raison de la pr\u00e9sence de beaucoup de gens. La FACE B simule les installations de climatisation domestique : [&hellip;]<\/p>\n","protected":false},"featured_media":19598,"template":"","meta":{"_acf_changed":false},"product_brand":[],"product_cat":[395],"product_tag":[],"class_list":{"0":"post-9904","1":"product","2":"type-product","3":"status-publish","4":"has-post-thumbnail","6":"product_cat-climatisation","8":"first","9":"instock","10":"shipping-taxable","11":"product-type-simple"},"acf":[],"yoast_head":"<!-- This site is optimized with the Yoast SEO plugin v27.0 - https:\/\/yoast.com\/product\/yoast-seo-wordpress\/ -->\n<title>INTRODUCTION AUX SYST\u00c8MES DE CLIMATISATION - De Lorenzo Training &amp; Didactical Equipment<\/title>\n<meta name=\"robots\" content=\"index, follow, max-snippet:-1, max-image-preview:large, max-video-preview:-1\" \/>\n<link rel=\"canonical\" href=\"https:\/\/delorenzoglobal.com\/fr\/produit\/introduction-aux-systemes-de-climatisation\/\" \/>\n<meta property=\"og:locale\" content=\"fr_FR\" \/>\n<meta property=\"og:type\" content=\"article\" \/>\n<meta property=\"og:title\" content=\"INTRODUCTION AUX SYST\u00c8MES DE CLIMATISATION - De Lorenzo Training &amp; Didactical Equipment\" \/>\n<meta property=\"og:description\" content=\"La FACE A simule deux types de syst\u00e8mes : les syst\u00e8mes de conditionnement mixte air\u2010eau et les syst\u00e8mes qui sont utilis\u00e9s pour le conditionnement d&rsquo;une salle de divertissement (th\u00e9\u00e2tres, cin\u00e9mas, etc.) o\u00f9 les param\u00e8tres environnementaux changent en raison de la pr\u00e9sence de beaucoup de gens. La FACE B simule les installations de climatisation domestique : [&hellip;]\" \/>\n<meta property=\"og:url\" content=\"https:\/\/delorenzoglobal.com\/fr\/produit\/introduction-aux-systemes-de-climatisation\/\" \/>\n<meta property=\"og:site_name\" content=\"De Lorenzo Training &amp; Didactical Equipment\" \/>\n<meta property=\"article:modified_time\" content=\"2025-01-15T08:26:12+00:00\" \/>\n<meta property=\"og:image\" content=\"https:\/\/delorenzoglobal.com\/wp-content\/uploads\/2024\/04\/DL-TM33-A-xs-scaled.jpg\" \/>\n\t<meta property=\"og:image:width\" content=\"2560\" \/>\n\t<meta property=\"og:image:height\" content=\"1585\" \/>\n\t<meta property=\"og:image:type\" content=\"image\/jpeg\" \/>\n<meta name=\"twitter:card\" content=\"summary_large_image\" \/>\n<meta name=\"twitter:label1\" content=\"Dur\u00e9e de lecture estim\u00e9e\" \/>\n\t<meta name=\"twitter:data1\" content=\"1 minute\" \/>\n<script type=\"application\/ld+json\" class=\"yoast-schema-graph\">{\"@context\":\"https:\/\/schema.org\",\"@graph\":[{\"@type\":\"WebPage\",\"@id\":\"https:\/\/delorenzoglobal.com\/fr\/produit\/introduction-aux-systemes-de-climatisation\/\",\"url\":\"https:\/\/delorenzoglobal.com\/fr\/produit\/introduction-aux-systemes-de-climatisation\/\",\"name\":\"INTRODUCTION AUX SYST\u00c8MES DE CLIMATISATION - De Lorenzo Training &amp; Didactical Equipment\",\"isPartOf\":{\"@id\":\"https:\/\/delorenzoglobal.com\/fr\/#website\"},\"primaryImageOfPage\":{\"@id\":\"https:\/\/delorenzoglobal.com\/fr\/produit\/introduction-aux-systemes-de-climatisation\/#primaryimage\"},\"image\":{\"@id\":\"https:\/\/delorenzoglobal.com\/fr\/produit\/introduction-aux-systemes-de-climatisation\/#primaryimage\"},\"thumbnailUrl\":\"https:\/\/delorenzoglobal.com\/wp-content\/uploads\/2024\/04\/DL-TM33-A-xs-scaled.jpg\",\"datePublished\":\"2024-04-18T07:11:17+00:00\",\"dateModified\":\"2025-01-15T08:26:12+00:00\",\"breadcrumb\":{\"@id\":\"https:\/\/delorenzoglobal.com\/fr\/produit\/introduction-aux-systemes-de-climatisation\/#breadcrumb\"},\"inLanguage\":\"fr-FR\",\"potentialAction\":[{\"@type\":\"ReadAction\",\"target\":[\"https:\/\/delorenzoglobal.com\/fr\/produit\/introduction-aux-systemes-de-climatisation\/\"]}]},{\"@type\":\"ImageObject\",\"inLanguage\":\"fr-FR\",\"@id\":\"https:\/\/delorenzoglobal.com\/fr\/produit\/introduction-aux-systemes-de-climatisation\/#primaryimage\",\"url\":\"https:\/\/delorenzoglobal.com\/wp-content\/uploads\/2024\/04\/DL-TM33-A-xs-scaled.jpg\",\"contentUrl\":\"https:\/\/delorenzoglobal.com\/wp-content\/uploads\/2024\/04\/DL-TM33-A-xs-scaled.jpg\",\"width\":2560,\"height\":1585},{\"@type\":\"BreadcrumbList\",\"@id\":\"https:\/\/delorenzoglobal.com\/fr\/produit\/introduction-aux-systemes-de-climatisation\/#breadcrumb\",\"itemListElement\":[{\"@type\":\"ListItem\",\"position\":1,\"name\":\"Home\",\"item\":\"https:\/\/delorenzoglobal.com\/fr\/\"},{\"@type\":\"ListItem\",\"position\":2,\"name\":\"Boutique\",\"item\":\"https:\/\/delorenzoglobal.com\/fr\/boutique\/\"},{\"@type\":\"ListItem\",\"position\":3,\"name\":\"INTRODUCTION AUX SYST\u00c8MES DE CLIMATISATION\"}]},{\"@type\":\"WebSite\",\"@id\":\"https:\/\/delorenzoglobal.com\/fr\/#website\",\"url\":\"https:\/\/delorenzoglobal.com\/fr\/\",\"name\":\"De Lorenzo Training &amp; Didactical Equipment\",\"description\":\"\",\"potentialAction\":[{\"@type\":\"SearchAction\",\"target\":{\"@type\":\"EntryPoint\",\"urlTemplate\":\"https:\/\/delorenzoglobal.com\/fr\/?s={search_term_string}\"},\"query-input\":{\"@type\":\"PropertyValueSpecification\",\"valueRequired\":true,\"valueName\":\"search_term_string\"}}],\"inLanguage\":\"fr-FR\"}]}<\/script>\n<!-- \/ Yoast SEO plugin. -->","yoast_head_json":{"title":"INTRODUCTION AUX SYST\u00c8MES DE CLIMATISATION - De Lorenzo Training &amp; Didactical Equipment","robots":{"index":"index","follow":"follow","max-snippet":"max-snippet:-1","max-image-preview":"max-image-preview:large","max-video-preview":"max-video-preview:-1"},"canonical":"https:\/\/delorenzoglobal.com\/fr\/produit\/introduction-aux-systemes-de-climatisation\/","og_locale":"fr_FR","og_type":"article","og_title":"INTRODUCTION AUX SYST\u00c8MES DE CLIMATISATION - De Lorenzo Training &amp; Didactical Equipment","og_description":"La FACE A simule deux types de syst\u00e8mes : les syst\u00e8mes de conditionnement mixte air\u2010eau et les syst\u00e8mes qui sont utilis\u00e9s pour le conditionnement d&rsquo;une salle de divertissement (th\u00e9\u00e2tres, cin\u00e9mas, etc.) o\u00f9 les param\u00e8tres environnementaux changent en raison de la pr\u00e9sence de beaucoup de gens. La FACE B simule les installations de climatisation domestique : [&hellip;]","og_url":"https:\/\/delorenzoglobal.com\/fr\/produit\/introduction-aux-systemes-de-climatisation\/","og_site_name":"De Lorenzo Training &amp; Didactical Equipment","article_modified_time":"2025-01-15T08:26:12+00:00","og_image":[{"width":2560,"height":1585,"url":"https:\/\/delorenzoglobal.com\/wp-content\/uploads\/2024\/04\/DL-TM33-A-xs-scaled.jpg","type":"image\/jpeg"}],"twitter_card":"summary_large_image","twitter_misc":{"Dur\u00e9e de lecture estim\u00e9e":"1 minute"},"schema":{"@context":"https:\/\/schema.org","@graph":[{"@type":"WebPage","@id":"https:\/\/delorenzoglobal.com\/fr\/produit\/introduction-aux-systemes-de-climatisation\/","url":"https:\/\/delorenzoglobal.com\/fr\/produit\/introduction-aux-systemes-de-climatisation\/","name":"INTRODUCTION AUX SYST\u00c8MES DE CLIMATISATION - De Lorenzo Training &amp; Didactical Equipment","isPartOf":{"@id":"https:\/\/delorenzoglobal.com\/fr\/#website"},"primaryImageOfPage":{"@id":"https:\/\/delorenzoglobal.com\/fr\/produit\/introduction-aux-systemes-de-climatisation\/#primaryimage"},"image":{"@id":"https:\/\/delorenzoglobal.com\/fr\/produit\/introduction-aux-systemes-de-climatisation\/#primaryimage"},"thumbnailUrl":"https:\/\/delorenzoglobal.com\/wp-content\/uploads\/2024\/04\/DL-TM33-A-xs-scaled.jpg","datePublished":"2024-04-18T07:11:17+00:00","dateModified":"2025-01-15T08:26:12+00:00","breadcrumb":{"@id":"https:\/\/delorenzoglobal.com\/fr\/produit\/introduction-aux-systemes-de-climatisation\/#breadcrumb"},"inLanguage":"fr-FR","potentialAction":[{"@type":"ReadAction","target":["https:\/\/delorenzoglobal.com\/fr\/produit\/introduction-aux-systemes-de-climatisation\/"]}]},{"@type":"ImageObject","inLanguage":"fr-FR","@id":"https:\/\/delorenzoglobal.com\/fr\/produit\/introduction-aux-systemes-de-climatisation\/#primaryimage","url":"https:\/\/delorenzoglobal.com\/wp-content\/uploads\/2024\/04\/DL-TM33-A-xs-scaled.jpg","contentUrl":"https:\/\/delorenzoglobal.com\/wp-content\/uploads\/2024\/04\/DL-TM33-A-xs-scaled.jpg","width":2560,"height":1585},{"@type":"BreadcrumbList","@id":"https:\/\/delorenzoglobal.com\/fr\/produit\/introduction-aux-systemes-de-climatisation\/#breadcrumb","itemListElement":[{"@type":"ListItem","position":1,"name":"Home","item":"https:\/\/delorenzoglobal.com\/fr\/"},{"@type":"ListItem","position":2,"name":"Boutique","item":"https:\/\/delorenzoglobal.com\/fr\/boutique\/"},{"@type":"ListItem","position":3,"name":"INTRODUCTION AUX SYST\u00c8MES DE CLIMATISATION"}]},{"@type":"WebSite","@id":"https:\/\/delorenzoglobal.com\/fr\/#website","url":"https:\/\/delorenzoglobal.com\/fr\/","name":"De Lorenzo Training &amp; Didactical Equipment","description":"","potentialAction":[{"@type":"SearchAction","target":{"@type":"EntryPoint","urlTemplate":"https:\/\/delorenzoglobal.com\/fr\/?s={search_term_string}"},"query-input":{"@type":"PropertyValueSpecification","valueRequired":true,"valueName":"search_term_string"}}],"inLanguage":"fr-FR"}]}},"_links":{"self":[{"href":"https:\/\/delorenzoglobal.com\/fr\/wp-json\/wp\/v2\/product\/9904","targetHints":{"allow":["GET"]}}],"collection":[{"href":"https:\/\/delorenzoglobal.com\/fr\/wp-json\/wp\/v2\/product"}],"about":[{"href":"https:\/\/delorenzoglobal.com\/fr\/wp-json\/wp\/v2\/types\/product"}],"wp:featuredmedia":[{"embeddable":true,"href":"https:\/\/delorenzoglobal.com\/fr\/wp-json\/wp\/v2\/media\/19598"}],"wp:attachment":[{"href":"https:\/\/delorenzoglobal.com\/fr\/wp-json\/wp\/v2\/media?parent=9904"}],"wp:term":[{"taxonomy":"product_brand","embeddable":true,"href":"https:\/\/delorenzoglobal.com\/fr\/wp-json\/wp\/v2\/product_brand?post=9904"},{"taxonomy":"product_cat","embeddable":true,"href":"https:\/\/delorenzoglobal.com\/fr\/wp-json\/wp\/v2\/product_cat?post=9904"},{"taxonomy":"product_tag","embeddable":true,"href":"https:\/\/delorenzoglobal.com\/fr\/wp-json\/wp\/v2\/product_tag?post=9904"}],"curies":[{"name":"wp","href":"https:\/\/api.w.org\/{rel}","templated":true}]}}