{"id":963,"date":"2024-04-08T16:38:16","date_gmt":"2024-04-08T14:38:16","guid":{"rendered":"https:\/\/delorenzoglobal.com\/?post_type=product&#038;p=963"},"modified":"2026-05-06T09:44:28","modified_gmt":"2026-05-06T07:44:28","slug":"formateur-de-fabrication-integre-par-ordinateur-api-siemens-ihm-10-pouces-logiciel-scada","status":"publish","type":"product","link":"https:\/\/delorenzoglobal.com\/fr\/produit\/formateur-de-fabrication-integre-par-ordinateur-api-siemens-ihm-10-pouces-logiciel-scada\/","title":{"rendered":"FORMATEUR DE FABRICATION INTEGRE PAR ORDINATEUR &#8211; API SIEMENS, IHM 10 POUCES, LOGICIEL SCADA"},"content":{"rendered":"<p>CIM (Fabrication Int\u00e9gr\u00e9e par Ordinateur) est une m\u00e9thode de fabrication dans laquelle l&rsquo;ensemble du processus de production est contr\u00f4l\u00e9 par ordinateur.<\/p>\n<p>Cette m\u00e9thode de fabrication comprend des applications transversales dans plusieurs domaines didactiques tels que l&rsquo;automatisation, la pneumatique, l&rsquo;\u00e9lectronique, la m\u00e9catronique et le contr\u00f4le de processus.<\/p>\n<p>De Lorenzo a d\u00e9velopp\u00e9 des syst\u00e8mes de formation en station, qui permettent \u00e0 l&rsquo;\u00e9tudiant de visualiser un processus de fabrication sp\u00e9cifique d&rsquo;une ligne de production industrielle.<\/p>\n<p>Le formateur est un syst\u00e8me de contr\u00f4le en boucle ferm\u00e9e bas\u00e9 sur API qui \u00e9change les informations collect\u00e9es \u00e0 partir des capteurs.<\/p>\n<p>La version DL CIM-A int\u00e8gre des unit\u00e9s de convoyeur \u00e0 bande, de transfert lin\u00e9aire et de Pick and Place.<\/p>\n<p>Une troisi\u00e8me version est \u00e9galement disponible qui ajoute une IHM et un logiciel SCADA au DL CIM-A avec API Siemens:<\/p>\n<ul>\n<li>\u00a0DL CIM-AS_7INCH avec IHM 7 pouces<\/li>\n<li>\u00a0DL CIM-AS_10INCH avec IHM 10 pouces<\/li>\n<\/ul>\n","protected":false},"excerpt":{"rendered":"<p>CIM (Fabrication Int\u00e9gr\u00e9e par Ordinateur) est une m\u00e9thode de fabrication dans laquelle l&rsquo;ensemble du processus de production est contr\u00f4l\u00e9 par ordinateur. Cette m\u00e9thode de fabrication comprend des applications transversales dans plusieurs domaines didactiques tels que l&rsquo;automatisation, la pneumatique, l&rsquo;\u00e9lectronique, la m\u00e9catronique et le contr\u00f4le de processus. De Lorenzo a d\u00e9velopp\u00e9 des syst\u00e8mes de formation en [&hellip;]<\/p>\n","protected":false},"featured_media":72182,"template":"","meta":{"_acf_changed":false},"product_brand":[],"product_cat":[154],"product_tag":[],"class_list":{"0":"post-963","1":"product","2":"type-product","3":"status-publish","4":"has-post-thumbnail","6":"product_cat-applications-industrielle","8":"first","9":"instock","10":"shipping-taxable","11":"product-type-simple"},"acf":[],"yoast_head":"<!-- This site is optimized with the Yoast SEO plugin v27.4 - https:\/\/yoast.com\/product\/yoast-seo-wordpress\/ -->\n<title>FORMATEUR DE FABRICATION INTEGRE PAR ORDINATEUR - API SIEMENS, IHM 10 POUCES, LOGICIEL SCADA - De Lorenzo Training &amp; Didactical Equipment<\/title>\n<meta name=\"description\" content=\"DL CIM\u2011AT est un syst\u00e8me de formation CIM (Computer Integrated Manufacturing) pour l\u2019automatisation industrielle, avec convoyeurs, Pick &amp; Place et bornier ouvert permettant la connexion de contr\u00f4leurs externes\" \/>\n<meta name=\"robots\" content=\"index, follow, max-snippet:-1, max-image-preview:large, max-video-preview:-1\" \/>\n<link rel=\"canonical\" href=\"https:\/\/delorenzoglobal.com\/fr\/produit\/formateur-de-fabrication-integre-par-ordinateur-api-siemens-ihm-10-pouces-logiciel-scada\/\" \/>\n<meta property=\"og:locale\" content=\"fr_FR\" \/>\n<meta property=\"og:type\" content=\"article\" \/>\n<meta property=\"og:title\" content=\"FORMATEUR DE FABRICATION INTEGRE PAR ORDINATEUR - API SIEMENS, IHM 10 POUCES, LOGICIEL SCADA - De Lorenzo Training &amp; Didactical Equipment\" \/>\n<meta property=\"og:description\" content=\"DL CIM\u2011AT est un syst\u00e8me de formation CIM (Computer Integrated Manufacturing) pour l\u2019automatisation industrielle, avec convoyeurs, Pick &amp; Place et bornier ouvert permettant la connexion de contr\u00f4leurs externes\" \/>\n<meta property=\"og:url\" content=\"https:\/\/delorenzoglobal.com\/fr\/produit\/formateur-de-fabrication-integre-par-ordinateur-api-siemens-ihm-10-pouces-logiciel-scada\/\" \/>\n<meta property=\"og:site_name\" content=\"De Lorenzo Training &amp; Didactical Equipment\" \/>\n<meta property=\"article:modified_time\" content=\"2026-05-06T07:44:28+00:00\" \/>\n<meta property=\"og:image\" content=\"https:\/\/delorenzoglobal.com\/wp-content\/uploads\/2024\/04\/DL-CIM-A_1200-scaled.jpg\" \/>\n\t<meta property=\"og:image:width\" content=\"2560\" \/>\n\t<meta property=\"og:image:height\" content=\"1677\" \/>\n\t<meta property=\"og:image:type\" content=\"image\/jpeg\" \/>\n<meta name=\"twitter:card\" content=\"summary_large_image\" \/>\n<meta name=\"twitter:label1\" content=\"Dur\u00e9e de lecture estim\u00e9e\" \/>\n\t<meta name=\"twitter:data1\" content=\"1 minute\" \/>\n<script type=\"application\/ld+json\" class=\"yoast-schema-graph\">{\"@context\":\"https:\\\/\\\/schema.org\",\"@graph\":[{\"@type\":\"WebPage\",\"@id\":\"https:\\\/\\\/delorenzoglobal.com\\\/fr\\\/produit\\\/formateur-de-fabrication-integre-par-ordinateur-api-siemens-ihm-10-pouces-logiciel-scada\\\/\",\"url\":\"https:\\\/\\\/delorenzoglobal.com\\\/fr\\\/produit\\\/formateur-de-fabrication-integre-par-ordinateur-api-siemens-ihm-10-pouces-logiciel-scada\\\/\",\"name\":\"FORMATEUR DE FABRICATION INTEGRE PAR ORDINATEUR - API SIEMENS, IHM 10 POUCES, LOGICIEL SCADA - De Lorenzo Training &amp; Didactical Equipment\",\"isPartOf\":{\"@id\":\"https:\\\/\\\/delorenzoglobal.com\\\/fr\\\/#website\"},\"primaryImageOfPage\":{\"@id\":\"https:\\\/\\\/delorenzoglobal.com\\\/fr\\\/produit\\\/formateur-de-fabrication-integre-par-ordinateur-api-siemens-ihm-10-pouces-logiciel-scada\\\/#primaryimage\"},\"image\":{\"@id\":\"https:\\\/\\\/delorenzoglobal.com\\\/fr\\\/produit\\\/formateur-de-fabrication-integre-par-ordinateur-api-siemens-ihm-10-pouces-logiciel-scada\\\/#primaryimage\"},\"thumbnailUrl\":\"https:\\\/\\\/delorenzoglobal.com\\\/wp-content\\\/uploads\\\/2024\\\/04\\\/DL-CIM-A_1200-scaled.jpg\",\"datePublished\":\"2024-04-08T14:38:16+00:00\",\"dateModified\":\"2026-05-06T07:44:28+00:00\",\"description\":\"DL CIM\u2011AT est un syst\u00e8me de formation CIM (Computer Integrated Manufacturing) pour l\u2019automatisation industrielle, avec convoyeurs, Pick & Place et bornier ouvert permettant la connexion de contr\u00f4leurs externes\",\"breadcrumb\":{\"@id\":\"https:\\\/\\\/delorenzoglobal.com\\\/fr\\\/produit\\\/formateur-de-fabrication-integre-par-ordinateur-api-siemens-ihm-10-pouces-logiciel-scada\\\/#breadcrumb\"},\"inLanguage\":\"fr-FR\",\"potentialAction\":[{\"@type\":\"ReadAction\",\"target\":[\"https:\\\/\\\/delorenzoglobal.com\\\/fr\\\/produit\\\/formateur-de-fabrication-integre-par-ordinateur-api-siemens-ihm-10-pouces-logiciel-scada\\\/\"]}]},{\"@type\":\"ImageObject\",\"inLanguage\":\"fr-FR\",\"@id\":\"https:\\\/\\\/delorenzoglobal.com\\\/fr\\\/produit\\\/formateur-de-fabrication-integre-par-ordinateur-api-siemens-ihm-10-pouces-logiciel-scada\\\/#primaryimage\",\"url\":\"https:\\\/\\\/delorenzoglobal.com\\\/wp-content\\\/uploads\\\/2024\\\/04\\\/DL-CIM-A_1200-scaled.jpg\",\"contentUrl\":\"https:\\\/\\\/delorenzoglobal.com\\\/wp-content\\\/uploads\\\/2024\\\/04\\\/DL-CIM-A_1200-scaled.jpg\",\"width\":2560,\"height\":1677},{\"@type\":\"BreadcrumbList\",\"@id\":\"https:\\\/\\\/delorenzoglobal.com\\\/fr\\\/produit\\\/formateur-de-fabrication-integre-par-ordinateur-api-siemens-ihm-10-pouces-logiciel-scada\\\/#breadcrumb\",\"itemListElement\":[{\"@type\":\"ListItem\",\"position\":1,\"name\":\"Home\",\"item\":\"https:\\\/\\\/delorenzoglobal.com\\\/fr\\\/\"},{\"@type\":\"ListItem\",\"position\":2,\"name\":\"Boutique\",\"item\":\"https:\\\/\\\/delorenzoglobal.com\\\/fr\\\/boutique\\\/\"},{\"@type\":\"ListItem\",\"position\":3,\"name\":\"FORMATEUR DE FABRICATION INTEGRE PAR ORDINATEUR &#8211; API SIEMENS, IHM 10 POUCES, LOGICIEL SCADA\"}]},{\"@type\":\"WebSite\",\"@id\":\"https:\\\/\\\/delorenzoglobal.com\\\/fr\\\/#website\",\"url\":\"https:\\\/\\\/delorenzoglobal.com\\\/fr\\\/\",\"name\":\"De Lorenzo Training &amp; Didactical Equipment\",\"description\":\"\",\"potentialAction\":[{\"@type\":\"SearchAction\",\"target\":{\"@type\":\"EntryPoint\",\"urlTemplate\":\"https:\\\/\\\/delorenzoglobal.com\\\/fr\\\/?s={search_term_string}\"},\"query-input\":{\"@type\":\"PropertyValueSpecification\",\"valueRequired\":true,\"valueName\":\"search_term_string\"}}],\"inLanguage\":\"fr-FR\"}]}<\/script>\n<!-- \/ Yoast SEO plugin. -->","yoast_head_json":{"title":"FORMATEUR DE FABRICATION INTEGRE PAR ORDINATEUR - API SIEMENS, IHM 10 POUCES, LOGICIEL SCADA - De Lorenzo Training &amp; Didactical Equipment","description":"DL CIM\u2011AT est un syst\u00e8me de formation CIM (Computer Integrated Manufacturing) pour l\u2019automatisation industrielle, avec convoyeurs, Pick & Place et bornier ouvert permettant la connexion de contr\u00f4leurs externes","robots":{"index":"index","follow":"follow","max-snippet":"max-snippet:-1","max-image-preview":"max-image-preview:large","max-video-preview":"max-video-preview:-1"},"canonical":"https:\/\/delorenzoglobal.com\/fr\/produit\/formateur-de-fabrication-integre-par-ordinateur-api-siemens-ihm-10-pouces-logiciel-scada\/","og_locale":"fr_FR","og_type":"article","og_title":"FORMATEUR DE FABRICATION INTEGRE PAR ORDINATEUR - API SIEMENS, IHM 10 POUCES, LOGICIEL SCADA - De Lorenzo Training &amp; Didactical Equipment","og_description":"DL CIM\u2011AT est un syst\u00e8me de formation CIM (Computer Integrated Manufacturing) pour l\u2019automatisation industrielle, avec convoyeurs, Pick & Place et bornier ouvert permettant la connexion de contr\u00f4leurs externes","og_url":"https:\/\/delorenzoglobal.com\/fr\/produit\/formateur-de-fabrication-integre-par-ordinateur-api-siemens-ihm-10-pouces-logiciel-scada\/","og_site_name":"De Lorenzo Training &amp; Didactical Equipment","article_modified_time":"2026-05-06T07:44:28+00:00","og_image":[{"width":2560,"height":1677,"url":"https:\/\/delorenzoglobal.com\/wp-content\/uploads\/2024\/04\/DL-CIM-A_1200-scaled.jpg","type":"image\/jpeg"}],"twitter_card":"summary_large_image","twitter_misc":{"Dur\u00e9e de lecture estim\u00e9e":"1 minute"},"schema":{"@context":"https:\/\/schema.org","@graph":[{"@type":"WebPage","@id":"https:\/\/delorenzoglobal.com\/fr\/produit\/formateur-de-fabrication-integre-par-ordinateur-api-siemens-ihm-10-pouces-logiciel-scada\/","url":"https:\/\/delorenzoglobal.com\/fr\/produit\/formateur-de-fabrication-integre-par-ordinateur-api-siemens-ihm-10-pouces-logiciel-scada\/","name":"FORMATEUR DE FABRICATION INTEGRE PAR ORDINATEUR - API SIEMENS, IHM 10 POUCES, LOGICIEL SCADA - De Lorenzo Training &amp; Didactical Equipment","isPartOf":{"@id":"https:\/\/delorenzoglobal.com\/fr\/#website"},"primaryImageOfPage":{"@id":"https:\/\/delorenzoglobal.com\/fr\/produit\/formateur-de-fabrication-integre-par-ordinateur-api-siemens-ihm-10-pouces-logiciel-scada\/#primaryimage"},"image":{"@id":"https:\/\/delorenzoglobal.com\/fr\/produit\/formateur-de-fabrication-integre-par-ordinateur-api-siemens-ihm-10-pouces-logiciel-scada\/#primaryimage"},"thumbnailUrl":"https:\/\/delorenzoglobal.com\/wp-content\/uploads\/2024\/04\/DL-CIM-A_1200-scaled.jpg","datePublished":"2024-04-08T14:38:16+00:00","dateModified":"2026-05-06T07:44:28+00:00","description":"DL CIM\u2011AT est un syst\u00e8me de formation CIM (Computer Integrated Manufacturing) pour l\u2019automatisation industrielle, avec convoyeurs, Pick & Place et bornier ouvert permettant la connexion de contr\u00f4leurs externes","breadcrumb":{"@id":"https:\/\/delorenzoglobal.com\/fr\/produit\/formateur-de-fabrication-integre-par-ordinateur-api-siemens-ihm-10-pouces-logiciel-scada\/#breadcrumb"},"inLanguage":"fr-FR","potentialAction":[{"@type":"ReadAction","target":["https:\/\/delorenzoglobal.com\/fr\/produit\/formateur-de-fabrication-integre-par-ordinateur-api-siemens-ihm-10-pouces-logiciel-scada\/"]}]},{"@type":"ImageObject","inLanguage":"fr-FR","@id":"https:\/\/delorenzoglobal.com\/fr\/produit\/formateur-de-fabrication-integre-par-ordinateur-api-siemens-ihm-10-pouces-logiciel-scada\/#primaryimage","url":"https:\/\/delorenzoglobal.com\/wp-content\/uploads\/2024\/04\/DL-CIM-A_1200-scaled.jpg","contentUrl":"https:\/\/delorenzoglobal.com\/wp-content\/uploads\/2024\/04\/DL-CIM-A_1200-scaled.jpg","width":2560,"height":1677},{"@type":"BreadcrumbList","@id":"https:\/\/delorenzoglobal.com\/fr\/produit\/formateur-de-fabrication-integre-par-ordinateur-api-siemens-ihm-10-pouces-logiciel-scada\/#breadcrumb","itemListElement":[{"@type":"ListItem","position":1,"name":"Home","item":"https:\/\/delorenzoglobal.com\/fr\/"},{"@type":"ListItem","position":2,"name":"Boutique","item":"https:\/\/delorenzoglobal.com\/fr\/boutique\/"},{"@type":"ListItem","position":3,"name":"FORMATEUR DE FABRICATION INTEGRE PAR ORDINATEUR &#8211; API SIEMENS, IHM 10 POUCES, LOGICIEL SCADA"}]},{"@type":"WebSite","@id":"https:\/\/delorenzoglobal.com\/fr\/#website","url":"https:\/\/delorenzoglobal.com\/fr\/","name":"De Lorenzo Training &amp; Didactical Equipment","description":"","potentialAction":[{"@type":"SearchAction","target":{"@type":"EntryPoint","urlTemplate":"https:\/\/delorenzoglobal.com\/fr\/?s={search_term_string}"},"query-input":{"@type":"PropertyValueSpecification","valueRequired":true,"valueName":"search_term_string"}}],"inLanguage":"fr-FR"}]}},"_links":{"self":[{"href":"https:\/\/delorenzoglobal.com\/fr\/wp-json\/wp\/v2\/product\/963","targetHints":{"allow":["GET"]}}],"collection":[{"href":"https:\/\/delorenzoglobal.com\/fr\/wp-json\/wp\/v2\/product"}],"about":[{"href":"https:\/\/delorenzoglobal.com\/fr\/wp-json\/wp\/v2\/types\/product"}],"wp:featuredmedia":[{"embeddable":true,"href":"https:\/\/delorenzoglobal.com\/fr\/wp-json\/wp\/v2\/media\/72182"}],"wp:attachment":[{"href":"https:\/\/delorenzoglobal.com\/fr\/wp-json\/wp\/v2\/media?parent=963"}],"wp:term":[{"taxonomy":"product_brand","embeddable":true,"href":"https:\/\/delorenzoglobal.com\/fr\/wp-json\/wp\/v2\/product_brand?post=963"},{"taxonomy":"product_cat","embeddable":true,"href":"https:\/\/delorenzoglobal.com\/fr\/wp-json\/wp\/v2\/product_cat?post=963"},{"taxonomy":"product_tag","embeddable":true,"href":"https:\/\/delorenzoglobal.com\/fr\/wp-json\/wp\/v2\/product_tag?post=963"}],"curies":[{"name":"wp","href":"https:\/\/api.w.org\/{rel}","templated":true}]}}