{"id":9565,"date":"2024-04-17T15:25:08","date_gmt":"2024-04-17T13:25:08","guid":{"rendered":"https:\/\/delorenzoglobal.com\/?post_type=product&#038;p=9565"},"modified":"2025-12-03T16:09:53","modified_gmt":"2025-12-03T15:09:53","slug":"banc-didactique-de-suspension-pneumatique-automatique","status":"publish","type":"product","link":"https:\/\/delorenzoglobal.com\/fr\/produit\/banc-didactique-de-suspension-pneumatique-automatique\/","title":{"rendered":"BANC DIDACTIQUE DE SUSPENSION PNEUMATIQUE AUTOMATIQUE"},"content":{"rendered":"<p>Ce d\u00e9monstrateur est bas\u00e9 sur un syst\u00e8me de suspension pneumatique.<br \/>\nLe dispositif s\u2019applique \u00e0 l\u2019enseignement th\u00e9orique et \u00e0 la formation \u00e0 la maintenance du syst\u00e8me de suspension d\u2019automobile des \u00e9coles d\u2019enseignement secondaire professionnel<\/p>\n","protected":false},"excerpt":{"rendered":"<p>Ce d\u00e9monstrateur est bas\u00e9 sur un syst\u00e8me de suspension pneumatique. Le dispositif s\u2019applique \u00e0 l\u2019enseignement th\u00e9orique et \u00e0 la formation \u00e0 la maintenance du syst\u00e8me de suspension d\u2019automobile des \u00e9coles d\u2019enseignement secondaire professionnel<\/p>\n","protected":false},"featured_media":9557,"template":"","meta":{"_acf_changed":false},"product_brand":[],"product_cat":[377],"product_tag":[],"class_list":{"0":"post-9565","1":"product","2":"type-product","3":"status-publish","4":"has-post-thumbnail","6":"product_cat-securite","8":"first","9":"instock","10":"shipping-taxable","11":"product-type-simple"},"acf":[],"yoast_head":"<!-- This site is optimized with the Yoast SEO plugin v27.4 - https:\/\/yoast.com\/product\/yoast-seo-wordpress\/ -->\n<title>BANC DIDACTIQUE DE SUSPENSION PNEUMATIQUE AUTOMATIQUE - De Lorenzo Training &amp; Didactical Equipment<\/title>\n<meta name=\"robots\" content=\"index, follow, max-snippet:-1, max-image-preview:large, max-video-preview:-1\" \/>\n<link rel=\"canonical\" href=\"https:\/\/delorenzoglobal.com\/fr\/produit\/banc-didactique-de-suspension-pneumatique-automatique\/\" \/>\n<meta property=\"og:locale\" content=\"fr_FR\" \/>\n<meta property=\"og:type\" content=\"article\" \/>\n<meta property=\"og:title\" content=\"BANC DIDACTIQUE DE SUSPENSION PNEUMATIQUE AUTOMATIQUE - De Lorenzo Training &amp; Didactical Equipment\" \/>\n<meta property=\"og:description\" content=\"Ce d\u00e9monstrateur est bas\u00e9 sur un syst\u00e8me de suspension pneumatique. Le dispositif s\u2019applique \u00e0 l\u2019enseignement th\u00e9orique et \u00e0 la formation \u00e0 la maintenance du syst\u00e8me de suspension d\u2019automobile des \u00e9coles d\u2019enseignement secondaire professionnel\" \/>\n<meta property=\"og:url\" content=\"https:\/\/delorenzoglobal.com\/fr\/produit\/banc-didactique-de-suspension-pneumatique-automatique\/\" \/>\n<meta property=\"og:site_name\" content=\"De Lorenzo Training &amp; Didactical Equipment\" \/>\n<meta property=\"article:modified_time\" content=\"2025-12-03T15:09:53+00:00\" \/>\n<meta property=\"og:image\" content=\"https:\/\/delorenzoglobal.com\/wp-content\/uploads\/2024\/04\/DL-DM94.png\" \/>\n\t<meta property=\"og:image:width\" content=\"320\" \/>\n\t<meta property=\"og:image:height\" content=\"403\" \/>\n\t<meta property=\"og:image:type\" content=\"image\/png\" \/>\n<meta name=\"twitter:card\" content=\"summary_large_image\" \/>\n<meta name=\"twitter:label1\" content=\"Dur\u00e9e de lecture estim\u00e9e\" \/>\n\t<meta name=\"twitter:data1\" content=\"1 minute\" \/>\n<script type=\"application\/ld+json\" class=\"yoast-schema-graph\">{\"@context\":\"https:\\\/\\\/schema.org\",\"@graph\":[{\"@type\":\"WebPage\",\"@id\":\"https:\\\/\\\/delorenzoglobal.com\\\/fr\\\/produit\\\/banc-didactique-de-suspension-pneumatique-automatique\\\/\",\"url\":\"https:\\\/\\\/delorenzoglobal.com\\\/fr\\\/produit\\\/banc-didactique-de-suspension-pneumatique-automatique\\\/\",\"name\":\"BANC DIDACTIQUE DE SUSPENSION PNEUMATIQUE AUTOMATIQUE - De Lorenzo Training &amp; Didactical Equipment\",\"isPartOf\":{\"@id\":\"https:\\\/\\\/delorenzoglobal.com\\\/fr\\\/#website\"},\"primaryImageOfPage\":{\"@id\":\"https:\\\/\\\/delorenzoglobal.com\\\/fr\\\/produit\\\/banc-didactique-de-suspension-pneumatique-automatique\\\/#primaryimage\"},\"image\":{\"@id\":\"https:\\\/\\\/delorenzoglobal.com\\\/fr\\\/produit\\\/banc-didactique-de-suspension-pneumatique-automatique\\\/#primaryimage\"},\"thumbnailUrl\":\"https:\\\/\\\/delorenzoglobal.com\\\/wp-content\\\/uploads\\\/2024\\\/04\\\/DL-DM94.png\",\"datePublished\":\"2024-04-17T13:25:08+00:00\",\"dateModified\":\"2025-12-03T15:09:53+00:00\",\"breadcrumb\":{\"@id\":\"https:\\\/\\\/delorenzoglobal.com\\\/fr\\\/produit\\\/banc-didactique-de-suspension-pneumatique-automatique\\\/#breadcrumb\"},\"inLanguage\":\"fr-FR\",\"potentialAction\":[{\"@type\":\"ReadAction\",\"target\":[\"https:\\\/\\\/delorenzoglobal.com\\\/fr\\\/produit\\\/banc-didactique-de-suspension-pneumatique-automatique\\\/\"]}]},{\"@type\":\"ImageObject\",\"inLanguage\":\"fr-FR\",\"@id\":\"https:\\\/\\\/delorenzoglobal.com\\\/fr\\\/produit\\\/banc-didactique-de-suspension-pneumatique-automatique\\\/#primaryimage\",\"url\":\"https:\\\/\\\/delorenzoglobal.com\\\/wp-content\\\/uploads\\\/2024\\\/04\\\/DL-DM94.png\",\"contentUrl\":\"https:\\\/\\\/delorenzoglobal.com\\\/wp-content\\\/uploads\\\/2024\\\/04\\\/DL-DM94.png\",\"width\":320,\"height\":403},{\"@type\":\"BreadcrumbList\",\"@id\":\"https:\\\/\\\/delorenzoglobal.com\\\/fr\\\/produit\\\/banc-didactique-de-suspension-pneumatique-automatique\\\/#breadcrumb\",\"itemListElement\":[{\"@type\":\"ListItem\",\"position\":1,\"name\":\"Home\",\"item\":\"https:\\\/\\\/delorenzoglobal.com\\\/fr\\\/\"},{\"@type\":\"ListItem\",\"position\":2,\"name\":\"Boutique\",\"item\":\"https:\\\/\\\/delorenzoglobal.com\\\/fr\\\/boutique\\\/\"},{\"@type\":\"ListItem\",\"position\":3,\"name\":\"BANC DIDACTIQUE DE SUSPENSION PNEUMATIQUE AUTOMATIQUE\"}]},{\"@type\":\"WebSite\",\"@id\":\"https:\\\/\\\/delorenzoglobal.com\\\/fr\\\/#website\",\"url\":\"https:\\\/\\\/delorenzoglobal.com\\\/fr\\\/\",\"name\":\"De Lorenzo Training &amp; Didactical Equipment\",\"description\":\"\",\"potentialAction\":[{\"@type\":\"SearchAction\",\"target\":{\"@type\":\"EntryPoint\",\"urlTemplate\":\"https:\\\/\\\/delorenzoglobal.com\\\/fr\\\/?s={search_term_string}\"},\"query-input\":{\"@type\":\"PropertyValueSpecification\",\"valueRequired\":true,\"valueName\":\"search_term_string\"}}],\"inLanguage\":\"fr-FR\"}]}<\/script>\n<!-- \/ Yoast SEO plugin. -->","yoast_head_json":{"title":"BANC DIDACTIQUE DE SUSPENSION PNEUMATIQUE AUTOMATIQUE - De Lorenzo Training &amp; Didactical Equipment","robots":{"index":"index","follow":"follow","max-snippet":"max-snippet:-1","max-image-preview":"max-image-preview:large","max-video-preview":"max-video-preview:-1"},"canonical":"https:\/\/delorenzoglobal.com\/fr\/produit\/banc-didactique-de-suspension-pneumatique-automatique\/","og_locale":"fr_FR","og_type":"article","og_title":"BANC DIDACTIQUE DE SUSPENSION PNEUMATIQUE AUTOMATIQUE - De Lorenzo Training &amp; Didactical Equipment","og_description":"Ce d\u00e9monstrateur est bas\u00e9 sur un syst\u00e8me de suspension pneumatique. Le dispositif s\u2019applique \u00e0 l\u2019enseignement th\u00e9orique et \u00e0 la formation \u00e0 la maintenance du syst\u00e8me de suspension d\u2019automobile des \u00e9coles d\u2019enseignement secondaire professionnel","og_url":"https:\/\/delorenzoglobal.com\/fr\/produit\/banc-didactique-de-suspension-pneumatique-automatique\/","og_site_name":"De Lorenzo Training &amp; Didactical Equipment","article_modified_time":"2025-12-03T15:09:53+00:00","og_image":[{"width":320,"height":403,"url":"https:\/\/delorenzoglobal.com\/wp-content\/uploads\/2024\/04\/DL-DM94.png","type":"image\/png"}],"twitter_card":"summary_large_image","twitter_misc":{"Dur\u00e9e de lecture estim\u00e9e":"1 minute"},"schema":{"@context":"https:\/\/schema.org","@graph":[{"@type":"WebPage","@id":"https:\/\/delorenzoglobal.com\/fr\/produit\/banc-didactique-de-suspension-pneumatique-automatique\/","url":"https:\/\/delorenzoglobal.com\/fr\/produit\/banc-didactique-de-suspension-pneumatique-automatique\/","name":"BANC DIDACTIQUE DE SUSPENSION PNEUMATIQUE AUTOMATIQUE - De Lorenzo Training &amp; Didactical Equipment","isPartOf":{"@id":"https:\/\/delorenzoglobal.com\/fr\/#website"},"primaryImageOfPage":{"@id":"https:\/\/delorenzoglobal.com\/fr\/produit\/banc-didactique-de-suspension-pneumatique-automatique\/#primaryimage"},"image":{"@id":"https:\/\/delorenzoglobal.com\/fr\/produit\/banc-didactique-de-suspension-pneumatique-automatique\/#primaryimage"},"thumbnailUrl":"https:\/\/delorenzoglobal.com\/wp-content\/uploads\/2024\/04\/DL-DM94.png","datePublished":"2024-04-17T13:25:08+00:00","dateModified":"2025-12-03T15:09:53+00:00","breadcrumb":{"@id":"https:\/\/delorenzoglobal.com\/fr\/produit\/banc-didactique-de-suspension-pneumatique-automatique\/#breadcrumb"},"inLanguage":"fr-FR","potentialAction":[{"@type":"ReadAction","target":["https:\/\/delorenzoglobal.com\/fr\/produit\/banc-didactique-de-suspension-pneumatique-automatique\/"]}]},{"@type":"ImageObject","inLanguage":"fr-FR","@id":"https:\/\/delorenzoglobal.com\/fr\/produit\/banc-didactique-de-suspension-pneumatique-automatique\/#primaryimage","url":"https:\/\/delorenzoglobal.com\/wp-content\/uploads\/2024\/04\/DL-DM94.png","contentUrl":"https:\/\/delorenzoglobal.com\/wp-content\/uploads\/2024\/04\/DL-DM94.png","width":320,"height":403},{"@type":"BreadcrumbList","@id":"https:\/\/delorenzoglobal.com\/fr\/produit\/banc-didactique-de-suspension-pneumatique-automatique\/#breadcrumb","itemListElement":[{"@type":"ListItem","position":1,"name":"Home","item":"https:\/\/delorenzoglobal.com\/fr\/"},{"@type":"ListItem","position":2,"name":"Boutique","item":"https:\/\/delorenzoglobal.com\/fr\/boutique\/"},{"@type":"ListItem","position":3,"name":"BANC DIDACTIQUE DE SUSPENSION PNEUMATIQUE AUTOMATIQUE"}]},{"@type":"WebSite","@id":"https:\/\/delorenzoglobal.com\/fr\/#website","url":"https:\/\/delorenzoglobal.com\/fr\/","name":"De Lorenzo Training &amp; Didactical Equipment","description":"","potentialAction":[{"@type":"SearchAction","target":{"@type":"EntryPoint","urlTemplate":"https:\/\/delorenzoglobal.com\/fr\/?s={search_term_string}"},"query-input":{"@type":"PropertyValueSpecification","valueRequired":true,"valueName":"search_term_string"}}],"inLanguage":"fr-FR"}]}},"_links":{"self":[{"href":"https:\/\/delorenzoglobal.com\/fr\/wp-json\/wp\/v2\/product\/9565","targetHints":{"allow":["GET"]}}],"collection":[{"href":"https:\/\/delorenzoglobal.com\/fr\/wp-json\/wp\/v2\/product"}],"about":[{"href":"https:\/\/delorenzoglobal.com\/fr\/wp-json\/wp\/v2\/types\/product"}],"wp:featuredmedia":[{"embeddable":true,"href":"https:\/\/delorenzoglobal.com\/fr\/wp-json\/wp\/v2\/media\/9557"}],"wp:attachment":[{"href":"https:\/\/delorenzoglobal.com\/fr\/wp-json\/wp\/v2\/media?parent=9565"}],"wp:term":[{"taxonomy":"product_brand","embeddable":true,"href":"https:\/\/delorenzoglobal.com\/fr\/wp-json\/wp\/v2\/product_brand?post=9565"},{"taxonomy":"product_cat","embeddable":true,"href":"https:\/\/delorenzoglobal.com\/fr\/wp-json\/wp\/v2\/product_cat?post=9565"},{"taxonomy":"product_tag","embeddable":true,"href":"https:\/\/delorenzoglobal.com\/fr\/wp-json\/wp\/v2\/product_tag?post=9565"}],"curies":[{"name":"wp","href":"https:\/\/api.w.org\/{rel}","templated":true}]}}