{"id":9488,"date":"2024-04-17T14:58:40","date_gmt":"2024-04-17T12:58:40","guid":{"rendered":"https:\/\/delorenzoglobal.com\/?post_type=product&#038;p=9488"},"modified":"2025-01-29T14:00:28","modified_gmt":"2025-01-29T13:00:28","slug":"module-pour-le-controle-des-emissions","status":"publish","type":"product","link":"https:\/\/delorenzoglobal.com\/fr\/produit\/module-pour-le-controle-des-emissions\/","title":{"rendered":"MODULE POUR LE CONTR\u00d4LE DES EMISSIONS"},"content":{"rendered":"<p>Ce panneau de simulation traite des \u00e9tudes sur les dispositifs et les syst\u00e8mes utilis\u00e9s pour contr\u00f4ler et r\u00e9duire les \u00e9missions des moteurs \u00e0 essence.<\/p>\n<p>En fait, la combustion du carburant dans les cylindres d&rsquo;un moteur est incompl\u00e8te.<\/p>\n<p>Plus elle est incompl\u00e8te, plus l&rsquo;\u00e9mission de composants nocifs pr\u00e9sents dans les gaz d&rsquo;\u00e9chappement du moteur.<\/p>\n<p>L&rsquo;entra\u00eeneur est muni d&rsquo;un moteur \u00e9lectrique, avec la roue phonique et capteur magn\u00e9tique pour la position et la vitesse de rotation.<\/p>\n<p>Le moteur \u00e9lectrique \u00ab simule \u00bb le fonctionnement du moteur r\u00e9el (toutes les op\u00e9rations sont effectu\u00e9es \u00e0 une vitesse 10 fois plus faible que la vraie du moteur: entre 80 et 600 tours par minute).<\/p>\n<p>Cela permet de visualiser sur LED le fonctionnement des diff\u00e9rents dispositifs: bougies, injecteurs, etc.<\/p>\n<p>Sur l&rsquo;\u00e9cran LCD les vitesses r\u00e9elles sont visualis\u00e9es (rpm 800-6000).<\/p>\n<p>Tous les signaux (\u00e0 LED et les bornes) sont synchronis\u00e9s avec la rotation de la roue phonique, ce qui rend \u00ab r\u00e9el \u00bb du fonctionnement de l&rsquo;entra\u00eeneur.<\/p>\n","protected":false},"excerpt":{"rendered":"<p>Ce panneau de simulation traite des \u00e9tudes sur les dispositifs et les syst\u00e8mes utilis\u00e9s pour contr\u00f4ler et r\u00e9duire les \u00e9missions des moteurs \u00e0 essence. En fait, la combustion du carburant dans les cylindres d&rsquo;un moteur est incompl\u00e8te. Plus elle est incompl\u00e8te, plus l&rsquo;\u00e9mission de composants nocifs pr\u00e9sents dans les gaz d&rsquo;\u00e9chappement du moteur. L&rsquo;entra\u00eeneur est [&hellip;]<\/p>\n","protected":false},"featured_media":19552,"template":"","meta":{"_acf_changed":false},"product_brand":[],"product_cat":[374],"product_tag":[],"class_list":{"0":"post-9488","1":"product","2":"type-product","3":"status-publish","4":"has-post-thumbnail","6":"product_cat-controle-des-emissions","8":"first","9":"instock","10":"shipping-taxable","11":"product-type-simple"},"acf":[],"yoast_head":"<!-- This site is optimized with the Yoast SEO plugin v27.4 - https:\/\/yoast.com\/product\/yoast-seo-wordpress\/ -->\n<title>MODULE POUR LE CONTR\u00d4LE DES EMISSIONS - De Lorenzo Training &amp; Didactical Equipment<\/title>\n<meta name=\"robots\" content=\"index, follow, max-snippet:-1, max-image-preview:large, max-video-preview:-1\" \/>\n<link rel=\"canonical\" href=\"https:\/\/delorenzoglobal.com\/fr\/produit\/module-pour-le-controle-des-emissions\/\" \/>\n<meta property=\"og:locale\" content=\"fr_FR\" \/>\n<meta property=\"og:type\" content=\"article\" \/>\n<meta property=\"og:title\" content=\"MODULE POUR LE CONTR\u00d4LE DES EMISSIONS - De Lorenzo Training &amp; Didactical Equipment\" \/>\n<meta property=\"og:description\" content=\"Ce panneau de simulation traite des \u00e9tudes sur les dispositifs et les syst\u00e8mes utilis\u00e9s pour contr\u00f4ler et r\u00e9duire les \u00e9missions des moteurs \u00e0 essence. En fait, la combustion du carburant dans les cylindres d&rsquo;un moteur est incompl\u00e8te. Plus elle est incompl\u00e8te, plus l&rsquo;\u00e9mission de composants nocifs pr\u00e9sents dans les gaz d&rsquo;\u00e9chappement du moteur. L&rsquo;entra\u00eeneur est [&hellip;]\" \/>\n<meta property=\"og:url\" content=\"https:\/\/delorenzoglobal.com\/fr\/produit\/module-pour-le-controle-des-emissions\/\" \/>\n<meta property=\"og:site_name\" content=\"De Lorenzo Training &amp; Didactical Equipment\" \/>\n<meta property=\"article:modified_time\" content=\"2025-01-29T13:00:28+00:00\" \/>\n<meta property=\"og:image\" content=\"https:\/\/delorenzoglobal.com\/wp-content\/uploads\/2024\/04\/DL-MINICAR-05-xs-scaled.jpg\" \/>\n\t<meta property=\"og:image:width\" content=\"2560\" \/>\n\t<meta property=\"og:image:height\" content=\"1958\" \/>\n\t<meta property=\"og:image:type\" content=\"image\/jpeg\" \/>\n<meta name=\"twitter:card\" content=\"summary_large_image\" \/>\n<meta name=\"twitter:label1\" content=\"Dur\u00e9e de lecture estim\u00e9e\" \/>\n\t<meta name=\"twitter:data1\" content=\"2 minutes\" \/>\n<script type=\"application\/ld+json\" class=\"yoast-schema-graph\">{\"@context\":\"https:\\\/\\\/schema.org\",\"@graph\":[{\"@type\":\"WebPage\",\"@id\":\"https:\\\/\\\/delorenzoglobal.com\\\/fr\\\/produit\\\/module-pour-le-controle-des-emissions\\\/\",\"url\":\"https:\\\/\\\/delorenzoglobal.com\\\/fr\\\/produit\\\/module-pour-le-controle-des-emissions\\\/\",\"name\":\"MODULE POUR LE CONTR\u00d4LE DES EMISSIONS - De Lorenzo Training &amp; Didactical Equipment\",\"isPartOf\":{\"@id\":\"https:\\\/\\\/delorenzoglobal.com\\\/fr\\\/#website\"},\"primaryImageOfPage\":{\"@id\":\"https:\\\/\\\/delorenzoglobal.com\\\/fr\\\/produit\\\/module-pour-le-controle-des-emissions\\\/#primaryimage\"},\"image\":{\"@id\":\"https:\\\/\\\/delorenzoglobal.com\\\/fr\\\/produit\\\/module-pour-le-controle-des-emissions\\\/#primaryimage\"},\"thumbnailUrl\":\"https:\\\/\\\/delorenzoglobal.com\\\/wp-content\\\/uploads\\\/2024\\\/04\\\/DL-MINICAR-05-xs-scaled.jpg\",\"datePublished\":\"2024-04-17T12:58:40+00:00\",\"dateModified\":\"2025-01-29T13:00:28+00:00\",\"breadcrumb\":{\"@id\":\"https:\\\/\\\/delorenzoglobal.com\\\/fr\\\/produit\\\/module-pour-le-controle-des-emissions\\\/#breadcrumb\"},\"inLanguage\":\"fr-FR\",\"potentialAction\":[{\"@type\":\"ReadAction\",\"target\":[\"https:\\\/\\\/delorenzoglobal.com\\\/fr\\\/produit\\\/module-pour-le-controle-des-emissions\\\/\"]}]},{\"@type\":\"ImageObject\",\"inLanguage\":\"fr-FR\",\"@id\":\"https:\\\/\\\/delorenzoglobal.com\\\/fr\\\/produit\\\/module-pour-le-controle-des-emissions\\\/#primaryimage\",\"url\":\"https:\\\/\\\/delorenzoglobal.com\\\/wp-content\\\/uploads\\\/2024\\\/04\\\/DL-MINICAR-05-xs-scaled.jpg\",\"contentUrl\":\"https:\\\/\\\/delorenzoglobal.com\\\/wp-content\\\/uploads\\\/2024\\\/04\\\/DL-MINICAR-05-xs-scaled.jpg\",\"width\":2560,\"height\":1958},{\"@type\":\"BreadcrumbList\",\"@id\":\"https:\\\/\\\/delorenzoglobal.com\\\/fr\\\/produit\\\/module-pour-le-controle-des-emissions\\\/#breadcrumb\",\"itemListElement\":[{\"@type\":\"ListItem\",\"position\":1,\"name\":\"Home\",\"item\":\"https:\\\/\\\/delorenzoglobal.com\\\/fr\\\/\"},{\"@type\":\"ListItem\",\"position\":2,\"name\":\"Boutique\",\"item\":\"https:\\\/\\\/delorenzoglobal.com\\\/fr\\\/boutique\\\/\"},{\"@type\":\"ListItem\",\"position\":3,\"name\":\"MODULE POUR LE CONTR\u00d4LE DES EMISSIONS\"}]},{\"@type\":\"WebSite\",\"@id\":\"https:\\\/\\\/delorenzoglobal.com\\\/fr\\\/#website\",\"url\":\"https:\\\/\\\/delorenzoglobal.com\\\/fr\\\/\",\"name\":\"De Lorenzo Training &amp; Didactical Equipment\",\"description\":\"\",\"potentialAction\":[{\"@type\":\"SearchAction\",\"target\":{\"@type\":\"EntryPoint\",\"urlTemplate\":\"https:\\\/\\\/delorenzoglobal.com\\\/fr\\\/?s={search_term_string}\"},\"query-input\":{\"@type\":\"PropertyValueSpecification\",\"valueRequired\":true,\"valueName\":\"search_term_string\"}}],\"inLanguage\":\"fr-FR\"}]}<\/script>\n<!-- \/ Yoast SEO plugin. -->","yoast_head_json":{"title":"MODULE POUR LE CONTR\u00d4LE DES EMISSIONS - De Lorenzo Training &amp; Didactical Equipment","robots":{"index":"index","follow":"follow","max-snippet":"max-snippet:-1","max-image-preview":"max-image-preview:large","max-video-preview":"max-video-preview:-1"},"canonical":"https:\/\/delorenzoglobal.com\/fr\/produit\/module-pour-le-controle-des-emissions\/","og_locale":"fr_FR","og_type":"article","og_title":"MODULE POUR LE CONTR\u00d4LE DES EMISSIONS - De Lorenzo Training &amp; Didactical Equipment","og_description":"Ce panneau de simulation traite des \u00e9tudes sur les dispositifs et les syst\u00e8mes utilis\u00e9s pour contr\u00f4ler et r\u00e9duire les \u00e9missions des moteurs \u00e0 essence. En fait, la combustion du carburant dans les cylindres d&rsquo;un moteur est incompl\u00e8te. Plus elle est incompl\u00e8te, plus l&rsquo;\u00e9mission de composants nocifs pr\u00e9sents dans les gaz d&rsquo;\u00e9chappement du moteur. L&rsquo;entra\u00eeneur est [&hellip;]","og_url":"https:\/\/delorenzoglobal.com\/fr\/produit\/module-pour-le-controle-des-emissions\/","og_site_name":"De Lorenzo Training &amp; Didactical Equipment","article_modified_time":"2025-01-29T13:00:28+00:00","og_image":[{"width":2560,"height":1958,"url":"https:\/\/delorenzoglobal.com\/wp-content\/uploads\/2024\/04\/DL-MINICAR-05-xs-scaled.jpg","type":"image\/jpeg"}],"twitter_card":"summary_large_image","twitter_misc":{"Dur\u00e9e de lecture estim\u00e9e":"2 minutes"},"schema":{"@context":"https:\/\/schema.org","@graph":[{"@type":"WebPage","@id":"https:\/\/delorenzoglobal.com\/fr\/produit\/module-pour-le-controle-des-emissions\/","url":"https:\/\/delorenzoglobal.com\/fr\/produit\/module-pour-le-controle-des-emissions\/","name":"MODULE POUR LE CONTR\u00d4LE DES EMISSIONS - De Lorenzo Training &amp; Didactical Equipment","isPartOf":{"@id":"https:\/\/delorenzoglobal.com\/fr\/#website"},"primaryImageOfPage":{"@id":"https:\/\/delorenzoglobal.com\/fr\/produit\/module-pour-le-controle-des-emissions\/#primaryimage"},"image":{"@id":"https:\/\/delorenzoglobal.com\/fr\/produit\/module-pour-le-controle-des-emissions\/#primaryimage"},"thumbnailUrl":"https:\/\/delorenzoglobal.com\/wp-content\/uploads\/2024\/04\/DL-MINICAR-05-xs-scaled.jpg","datePublished":"2024-04-17T12:58:40+00:00","dateModified":"2025-01-29T13:00:28+00:00","breadcrumb":{"@id":"https:\/\/delorenzoglobal.com\/fr\/produit\/module-pour-le-controle-des-emissions\/#breadcrumb"},"inLanguage":"fr-FR","potentialAction":[{"@type":"ReadAction","target":["https:\/\/delorenzoglobal.com\/fr\/produit\/module-pour-le-controle-des-emissions\/"]}]},{"@type":"ImageObject","inLanguage":"fr-FR","@id":"https:\/\/delorenzoglobal.com\/fr\/produit\/module-pour-le-controle-des-emissions\/#primaryimage","url":"https:\/\/delorenzoglobal.com\/wp-content\/uploads\/2024\/04\/DL-MINICAR-05-xs-scaled.jpg","contentUrl":"https:\/\/delorenzoglobal.com\/wp-content\/uploads\/2024\/04\/DL-MINICAR-05-xs-scaled.jpg","width":2560,"height":1958},{"@type":"BreadcrumbList","@id":"https:\/\/delorenzoglobal.com\/fr\/produit\/module-pour-le-controle-des-emissions\/#breadcrumb","itemListElement":[{"@type":"ListItem","position":1,"name":"Home","item":"https:\/\/delorenzoglobal.com\/fr\/"},{"@type":"ListItem","position":2,"name":"Boutique","item":"https:\/\/delorenzoglobal.com\/fr\/boutique\/"},{"@type":"ListItem","position":3,"name":"MODULE POUR LE CONTR\u00d4LE DES EMISSIONS"}]},{"@type":"WebSite","@id":"https:\/\/delorenzoglobal.com\/fr\/#website","url":"https:\/\/delorenzoglobal.com\/fr\/","name":"De Lorenzo Training &amp; Didactical Equipment","description":"","potentialAction":[{"@type":"SearchAction","target":{"@type":"EntryPoint","urlTemplate":"https:\/\/delorenzoglobal.com\/fr\/?s={search_term_string}"},"query-input":{"@type":"PropertyValueSpecification","valueRequired":true,"valueName":"search_term_string"}}],"inLanguage":"fr-FR"}]}},"_links":{"self":[{"href":"https:\/\/delorenzoglobal.com\/fr\/wp-json\/wp\/v2\/product\/9488","targetHints":{"allow":["GET"]}}],"collection":[{"href":"https:\/\/delorenzoglobal.com\/fr\/wp-json\/wp\/v2\/product"}],"about":[{"href":"https:\/\/delorenzoglobal.com\/fr\/wp-json\/wp\/v2\/types\/product"}],"wp:featuredmedia":[{"embeddable":true,"href":"https:\/\/delorenzoglobal.com\/fr\/wp-json\/wp\/v2\/media\/19552"}],"wp:attachment":[{"href":"https:\/\/delorenzoglobal.com\/fr\/wp-json\/wp\/v2\/media?parent=9488"}],"wp:term":[{"taxonomy":"product_brand","embeddable":true,"href":"https:\/\/delorenzoglobal.com\/fr\/wp-json\/wp\/v2\/product_brand?post=9488"},{"taxonomy":"product_cat","embeddable":true,"href":"https:\/\/delorenzoglobal.com\/fr\/wp-json\/wp\/v2\/product_cat?post=9488"},{"taxonomy":"product_tag","embeddable":true,"href":"https:\/\/delorenzoglobal.com\/fr\/wp-json\/wp\/v2\/product_tag?post=9488"}],"curies":[{"name":"wp","href":"https:\/\/api.w.org\/{rel}","templated":true}]}}