{"id":9436,"date":"2024-04-17T14:46:23","date_gmt":"2024-04-17T12:46:23","guid":{"rendered":"https:\/\/delorenzoglobal.com\/?post_type=product&#038;p=9436"},"modified":"2025-04-22T09:57:13","modified_gmt":"2025-04-22T07:57:13","slug":"banc-de-formation-systeme-de-freinage-antiblocage","status":"publish","type":"product","link":"https:\/\/delorenzoglobal.com\/fr\/produit\/banc-de-formation-systeme-de-freinage-antiblocage\/","title":{"rendered":"BANC DE FORMATION SYST\u00c8ME DE FREINAGE ANTIBLOCAGE"},"content":{"rendered":"<p>Ce banc de d\u00e9monstration est bas\u00e9 sur un syst\u00e8me Volkswagen Passat ABS \/ EBD \/ ASR avec un sch\u00e9ma de s\u00e9rigraphie d\u00e9di\u00e9 pour afficher le fonctionnement du syst\u00e8me.<\/p>\n<p>Le dispositif s&rsquo;applique \u00e0 l&rsquo;enseignement th\u00e9orique et \u00e0 la formation \u00e0 la maintenance de la construction de ch\u00e2ssis de voitures pour les \u00e9coles professionnelles secondaires.<\/p>\n<p>Il peut \u00eatre utilis\u00e9 pour pr\u00e9senter la structure et le fonctionnement du syst\u00e8me ABS\/EBD\/ASR.<\/p>\n","protected":false},"excerpt":{"rendered":"<p>Ce banc de d\u00e9monstration est bas\u00e9 sur un syst\u00e8me Volkswagen Passat ABS \/ EBD \/ ASR avec un sch\u00e9ma de s\u00e9rigraphie d\u00e9di\u00e9 pour afficher le fonctionnement du syst\u00e8me. Le dispositif s&rsquo;applique \u00e0 l&rsquo;enseignement th\u00e9orique et \u00e0 la formation \u00e0 la maintenance de la construction de ch\u00e2ssis de voitures pour les \u00e9coles professionnelles secondaires. Il peut [&hellip;]<\/p>\n","protected":false},"featured_media":9429,"template":"","meta":{"_acf_changed":false},"product_brand":[],"product_cat":[371],"product_tag":[],"class_list":{"0":"post-9436","1":"product","2":"type-product","3":"status-publish","4":"has-post-thumbnail","6":"product_cat-freinage","8":"first","9":"instock","10":"shipping-taxable","11":"product-type-simple"},"acf":[],"yoast_head":"<!-- This site is optimized with the Yoast SEO plugin v27.0 - https:\/\/yoast.com\/product\/yoast-seo-wordpress\/ -->\n<title>BANC DE FORMATION SYST\u00c8ME DE FREINAGE ANTIBLOCAGE - De Lorenzo Training &amp; Didactical Equipment<\/title>\n<meta name=\"robots\" content=\"index, follow, max-snippet:-1, max-image-preview:large, max-video-preview:-1\" \/>\n<link rel=\"canonical\" href=\"https:\/\/delorenzoglobal.com\/fr\/produit\/banc-de-formation-systeme-de-freinage-antiblocage\/\" \/>\n<meta property=\"og:locale\" content=\"fr_FR\" \/>\n<meta property=\"og:type\" content=\"article\" \/>\n<meta property=\"og:title\" content=\"BANC DE FORMATION SYST\u00c8ME DE FREINAGE ANTIBLOCAGE - De Lorenzo Training &amp; Didactical Equipment\" \/>\n<meta property=\"og:description\" content=\"Ce banc de d\u00e9monstration est bas\u00e9 sur un syst\u00e8me Volkswagen Passat ABS \/ EBD \/ ASR avec un sch\u00e9ma de s\u00e9rigraphie d\u00e9di\u00e9 pour afficher le fonctionnement du syst\u00e8me. Le dispositif s&rsquo;applique \u00e0 l&rsquo;enseignement th\u00e9orique et \u00e0 la formation \u00e0 la maintenance de la construction de ch\u00e2ssis de voitures pour les \u00e9coles professionnelles secondaires. Il peut [&hellip;]\" \/>\n<meta property=\"og:url\" content=\"https:\/\/delorenzoglobal.com\/fr\/produit\/banc-de-formation-systeme-de-freinage-antiblocage\/\" \/>\n<meta property=\"og:site_name\" content=\"De Lorenzo Training &amp; Didactical Equipment\" \/>\n<meta property=\"article:modified_time\" content=\"2025-04-22T07:57:13+00:00\" \/>\n<meta property=\"og:image\" content=\"https:\/\/delorenzoglobal.com\/wp-content\/uploads\/2024\/04\/DL-DM93.png\" \/>\n\t<meta property=\"og:image:width\" content=\"556\" \/>\n\t<meta property=\"og:image:height\" content=\"672\" \/>\n\t<meta property=\"og:image:type\" content=\"image\/png\" \/>\n<meta name=\"twitter:card\" content=\"summary_large_image\" \/>\n<meta name=\"twitter:label1\" content=\"Dur\u00e9e de lecture estim\u00e9e\" \/>\n\t<meta name=\"twitter:data1\" content=\"1 minute\" \/>\n<script type=\"application\/ld+json\" class=\"yoast-schema-graph\">{\"@context\":\"https:\/\/schema.org\",\"@graph\":[{\"@type\":\"WebPage\",\"@id\":\"https:\/\/delorenzoglobal.com\/fr\/produit\/banc-de-formation-systeme-de-freinage-antiblocage\/\",\"url\":\"https:\/\/delorenzoglobal.com\/fr\/produit\/banc-de-formation-systeme-de-freinage-antiblocage\/\",\"name\":\"BANC DE FORMATION SYST\u00c8ME DE FREINAGE ANTIBLOCAGE - De Lorenzo Training &amp; Didactical Equipment\",\"isPartOf\":{\"@id\":\"https:\/\/delorenzoglobal.com\/fr\/#website\"},\"primaryImageOfPage\":{\"@id\":\"https:\/\/delorenzoglobal.com\/fr\/produit\/banc-de-formation-systeme-de-freinage-antiblocage\/#primaryimage\"},\"image\":{\"@id\":\"https:\/\/delorenzoglobal.com\/fr\/produit\/banc-de-formation-systeme-de-freinage-antiblocage\/#primaryimage\"},\"thumbnailUrl\":\"https:\/\/delorenzoglobal.com\/wp-content\/uploads\/2024\/04\/DL-DM93.png\",\"datePublished\":\"2024-04-17T12:46:23+00:00\",\"dateModified\":\"2025-04-22T07:57:13+00:00\",\"breadcrumb\":{\"@id\":\"https:\/\/delorenzoglobal.com\/fr\/produit\/banc-de-formation-systeme-de-freinage-antiblocage\/#breadcrumb\"},\"inLanguage\":\"fr-FR\",\"potentialAction\":[{\"@type\":\"ReadAction\",\"target\":[\"https:\/\/delorenzoglobal.com\/fr\/produit\/banc-de-formation-systeme-de-freinage-antiblocage\/\"]}]},{\"@type\":\"ImageObject\",\"inLanguage\":\"fr-FR\",\"@id\":\"https:\/\/delorenzoglobal.com\/fr\/produit\/banc-de-formation-systeme-de-freinage-antiblocage\/#primaryimage\",\"url\":\"https:\/\/delorenzoglobal.com\/wp-content\/uploads\/2024\/04\/DL-DM93.png\",\"contentUrl\":\"https:\/\/delorenzoglobal.com\/wp-content\/uploads\/2024\/04\/DL-DM93.png\",\"width\":556,\"height\":672},{\"@type\":\"BreadcrumbList\",\"@id\":\"https:\/\/delorenzoglobal.com\/fr\/produit\/banc-de-formation-systeme-de-freinage-antiblocage\/#breadcrumb\",\"itemListElement\":[{\"@type\":\"ListItem\",\"position\":1,\"name\":\"Home\",\"item\":\"https:\/\/delorenzoglobal.com\/fr\/\"},{\"@type\":\"ListItem\",\"position\":2,\"name\":\"Boutique\",\"item\":\"https:\/\/delorenzoglobal.com\/fr\/boutique\/\"},{\"@type\":\"ListItem\",\"position\":3,\"name\":\"BANC DE FORMATION SYST\u00c8ME DE FREINAGE ANTIBLOCAGE\"}]},{\"@type\":\"WebSite\",\"@id\":\"https:\/\/delorenzoglobal.com\/fr\/#website\",\"url\":\"https:\/\/delorenzoglobal.com\/fr\/\",\"name\":\"De Lorenzo Training &amp; Didactical Equipment\",\"description\":\"\",\"potentialAction\":[{\"@type\":\"SearchAction\",\"target\":{\"@type\":\"EntryPoint\",\"urlTemplate\":\"https:\/\/delorenzoglobal.com\/fr\/?s={search_term_string}\"},\"query-input\":{\"@type\":\"PropertyValueSpecification\",\"valueRequired\":true,\"valueName\":\"search_term_string\"}}],\"inLanguage\":\"fr-FR\"}]}<\/script>\n<!-- \/ Yoast SEO plugin. -->","yoast_head_json":{"title":"BANC DE FORMATION SYST\u00c8ME DE FREINAGE ANTIBLOCAGE - De Lorenzo Training &amp; Didactical Equipment","robots":{"index":"index","follow":"follow","max-snippet":"max-snippet:-1","max-image-preview":"max-image-preview:large","max-video-preview":"max-video-preview:-1"},"canonical":"https:\/\/delorenzoglobal.com\/fr\/produit\/banc-de-formation-systeme-de-freinage-antiblocage\/","og_locale":"fr_FR","og_type":"article","og_title":"BANC DE FORMATION SYST\u00c8ME DE FREINAGE ANTIBLOCAGE - De Lorenzo Training &amp; Didactical Equipment","og_description":"Ce banc de d\u00e9monstration est bas\u00e9 sur un syst\u00e8me Volkswagen Passat ABS \/ EBD \/ ASR avec un sch\u00e9ma de s\u00e9rigraphie d\u00e9di\u00e9 pour afficher le fonctionnement du syst\u00e8me. Le dispositif s&rsquo;applique \u00e0 l&rsquo;enseignement th\u00e9orique et \u00e0 la formation \u00e0 la maintenance de la construction de ch\u00e2ssis de voitures pour les \u00e9coles professionnelles secondaires. Il peut [&hellip;]","og_url":"https:\/\/delorenzoglobal.com\/fr\/produit\/banc-de-formation-systeme-de-freinage-antiblocage\/","og_site_name":"De Lorenzo Training &amp; Didactical Equipment","article_modified_time":"2025-04-22T07:57:13+00:00","og_image":[{"width":556,"height":672,"url":"https:\/\/delorenzoglobal.com\/wp-content\/uploads\/2024\/04\/DL-DM93.png","type":"image\/png"}],"twitter_card":"summary_large_image","twitter_misc":{"Dur\u00e9e de lecture estim\u00e9e":"1 minute"},"schema":{"@context":"https:\/\/schema.org","@graph":[{"@type":"WebPage","@id":"https:\/\/delorenzoglobal.com\/fr\/produit\/banc-de-formation-systeme-de-freinage-antiblocage\/","url":"https:\/\/delorenzoglobal.com\/fr\/produit\/banc-de-formation-systeme-de-freinage-antiblocage\/","name":"BANC DE FORMATION SYST\u00c8ME DE FREINAGE ANTIBLOCAGE - De Lorenzo Training &amp; Didactical Equipment","isPartOf":{"@id":"https:\/\/delorenzoglobal.com\/fr\/#website"},"primaryImageOfPage":{"@id":"https:\/\/delorenzoglobal.com\/fr\/produit\/banc-de-formation-systeme-de-freinage-antiblocage\/#primaryimage"},"image":{"@id":"https:\/\/delorenzoglobal.com\/fr\/produit\/banc-de-formation-systeme-de-freinage-antiblocage\/#primaryimage"},"thumbnailUrl":"https:\/\/delorenzoglobal.com\/wp-content\/uploads\/2024\/04\/DL-DM93.png","datePublished":"2024-04-17T12:46:23+00:00","dateModified":"2025-04-22T07:57:13+00:00","breadcrumb":{"@id":"https:\/\/delorenzoglobal.com\/fr\/produit\/banc-de-formation-systeme-de-freinage-antiblocage\/#breadcrumb"},"inLanguage":"fr-FR","potentialAction":[{"@type":"ReadAction","target":["https:\/\/delorenzoglobal.com\/fr\/produit\/banc-de-formation-systeme-de-freinage-antiblocage\/"]}]},{"@type":"ImageObject","inLanguage":"fr-FR","@id":"https:\/\/delorenzoglobal.com\/fr\/produit\/banc-de-formation-systeme-de-freinage-antiblocage\/#primaryimage","url":"https:\/\/delorenzoglobal.com\/wp-content\/uploads\/2024\/04\/DL-DM93.png","contentUrl":"https:\/\/delorenzoglobal.com\/wp-content\/uploads\/2024\/04\/DL-DM93.png","width":556,"height":672},{"@type":"BreadcrumbList","@id":"https:\/\/delorenzoglobal.com\/fr\/produit\/banc-de-formation-systeme-de-freinage-antiblocage\/#breadcrumb","itemListElement":[{"@type":"ListItem","position":1,"name":"Home","item":"https:\/\/delorenzoglobal.com\/fr\/"},{"@type":"ListItem","position":2,"name":"Boutique","item":"https:\/\/delorenzoglobal.com\/fr\/boutique\/"},{"@type":"ListItem","position":3,"name":"BANC DE FORMATION SYST\u00c8ME DE FREINAGE ANTIBLOCAGE"}]},{"@type":"WebSite","@id":"https:\/\/delorenzoglobal.com\/fr\/#website","url":"https:\/\/delorenzoglobal.com\/fr\/","name":"De Lorenzo Training &amp; Didactical Equipment","description":"","potentialAction":[{"@type":"SearchAction","target":{"@type":"EntryPoint","urlTemplate":"https:\/\/delorenzoglobal.com\/fr\/?s={search_term_string}"},"query-input":{"@type":"PropertyValueSpecification","valueRequired":true,"valueName":"search_term_string"}}],"inLanguage":"fr-FR"}]}},"_links":{"self":[{"href":"https:\/\/delorenzoglobal.com\/fr\/wp-json\/wp\/v2\/product\/9436","targetHints":{"allow":["GET"]}}],"collection":[{"href":"https:\/\/delorenzoglobal.com\/fr\/wp-json\/wp\/v2\/product"}],"about":[{"href":"https:\/\/delorenzoglobal.com\/fr\/wp-json\/wp\/v2\/types\/product"}],"wp:featuredmedia":[{"embeddable":true,"href":"https:\/\/delorenzoglobal.com\/fr\/wp-json\/wp\/v2\/media\/9429"}],"wp:attachment":[{"href":"https:\/\/delorenzoglobal.com\/fr\/wp-json\/wp\/v2\/media?parent=9436"}],"wp:term":[{"taxonomy":"product_brand","embeddable":true,"href":"https:\/\/delorenzoglobal.com\/fr\/wp-json\/wp\/v2\/product_brand?post=9436"},{"taxonomy":"product_cat","embeddable":true,"href":"https:\/\/delorenzoglobal.com\/fr\/wp-json\/wp\/v2\/product_cat?post=9436"},{"taxonomy":"product_tag","embeddable":true,"href":"https:\/\/delorenzoglobal.com\/fr\/wp-json\/wp\/v2\/product_tag?post=9436"}],"curies":[{"name":"wp","href":"https:\/\/api.w.org\/{rel}","templated":true}]}}