{"id":9411,"date":"2024-04-17T14:37:12","date_gmt":"2024-04-17T12:37:12","guid":{"rendered":"https:\/\/delorenzoglobal.com\/?post_type=product&#038;p=9411"},"modified":"2025-10-24T11:47:46","modified_gmt":"2025-10-24T09:47:46","slug":"formation-systeme-de-commande-de-lalimentation-abs-asr","status":"publish","type":"product","link":"https:\/\/delorenzoglobal.com\/fr\/produit\/formation-systeme-de-commande-de-lalimentation-abs-asr\/","title":{"rendered":"FORMATION SYST\u00c8ME DE COMMANDE DE L\u2019ALIMENTATION ABS\/ASR"},"content":{"rendered":"<p>Ce panneau de d\u00e9monstration pr\u00e9sente le fonctionnement du syst\u00e8me d&rsquo;alimentation automatique DU frein ABS et le syst\u00e8me de r\u00e9gulation anti-patinage ASR dans les v\u00e9hicules \u00e0 moteur \u00e0 l&rsquo;aide d&rsquo;un microprocesseur.<\/p>\n<p>Il est fabriqu\u00e9 pour permettre des pratiques de laboratoire visant \u00e0 mesurer la tension et la s\u00e9quence de signaux d&rsquo;entr\u00e9e et les r\u00e9ponses du programmeur \u00e0 l&rsquo;\u00e9volution dynamique des signaux d&rsquo;entr\u00e9e mentionn\u00e9s ci-dessus ainsi que le contr\u00f4le des variations de pression sur les circuits hydraulique.<\/p>\n","protected":false},"excerpt":{"rendered":"<p>Ce panneau de d\u00e9monstration pr\u00e9sente le fonctionnement du syst\u00e8me d&rsquo;alimentation automatique DU frein ABS et le syst\u00e8me de r\u00e9gulation anti-patinage ASR dans les v\u00e9hicules \u00e0 moteur \u00e0 l&rsquo;aide d&rsquo;un microprocesseur. Il est fabriqu\u00e9 pour permettre des pratiques de laboratoire visant \u00e0 mesurer la tension et la s\u00e9quence de signaux d&rsquo;entr\u00e9e et les r\u00e9ponses du programmeur [&hellip;]<\/p>\n","protected":false},"featured_media":65139,"template":"","meta":{"_acf_changed":false},"product_brand":[],"product_cat":[371],"product_tag":[],"class_list":{"0":"post-9411","1":"product","2":"type-product","3":"status-publish","4":"has-post-thumbnail","6":"product_cat-freinage","8":"first","9":"instock","10":"shipping-taxable","11":"product-type-simple"},"acf":[],"yoast_head":"<!-- This site is optimized with the Yoast SEO plugin v27.0 - https:\/\/yoast.com\/product\/yoast-seo-wordpress\/ -->\n<title>FORMATION SYST\u00c8ME DE COMMANDE DE L\u2019ALIMENTATION ABS\/ASR - De Lorenzo Training &amp; Didactical Equipment<\/title>\n<meta name=\"robots\" content=\"index, follow, max-snippet:-1, max-image-preview:large, max-video-preview:-1\" \/>\n<link rel=\"canonical\" href=\"https:\/\/delorenzoglobal.com\/fr\/produit\/formation-systeme-de-commande-de-lalimentation-abs-asr\/\" \/>\n<meta property=\"og:locale\" content=\"fr_FR\" \/>\n<meta property=\"og:type\" content=\"article\" \/>\n<meta property=\"og:title\" content=\"FORMATION SYST\u00c8ME DE COMMANDE DE L\u2019ALIMENTATION ABS\/ASR - De Lorenzo Training &amp; Didactical Equipment\" \/>\n<meta property=\"og:description\" content=\"Ce panneau de d\u00e9monstration pr\u00e9sente le fonctionnement du syst\u00e8me d&rsquo;alimentation automatique DU frein ABS et le syst\u00e8me de r\u00e9gulation anti-patinage ASR dans les v\u00e9hicules \u00e0 moteur \u00e0 l&rsquo;aide d&rsquo;un microprocesseur. Il est fabriqu\u00e9 pour permettre des pratiques de laboratoire visant \u00e0 mesurer la tension et la s\u00e9quence de signaux d&rsquo;entr\u00e9e et les r\u00e9ponses du programmeur [&hellip;]\" \/>\n<meta property=\"og:url\" content=\"https:\/\/delorenzoglobal.com\/fr\/produit\/formation-systeme-de-commande-de-lalimentation-abs-asr\/\" \/>\n<meta property=\"og:site_name\" content=\"De Lorenzo Training &amp; Didactical Equipment\" \/>\n<meta property=\"article:modified_time\" content=\"2025-10-24T09:47:46+00:00\" \/>\n<meta property=\"og:image\" content=\"https:\/\/delorenzoglobal.com\/wp-content\/uploads\/2024\/04\/DL-DM28-scaled.jpg\" \/>\n\t<meta property=\"og:image:width\" content=\"1897\" \/>\n\t<meta property=\"og:image:height\" content=\"2560\" \/>\n\t<meta property=\"og:image:type\" content=\"image\/jpeg\" \/>\n<meta name=\"twitter:card\" content=\"summary_large_image\" \/>\n<meta name=\"twitter:label1\" content=\"Dur\u00e9e de lecture estim\u00e9e\" \/>\n\t<meta name=\"twitter:data1\" content=\"1 minute\" \/>\n<script type=\"application\/ld+json\" class=\"yoast-schema-graph\">{\"@context\":\"https:\/\/schema.org\",\"@graph\":[{\"@type\":\"WebPage\",\"@id\":\"https:\/\/delorenzoglobal.com\/fr\/produit\/formation-systeme-de-commande-de-lalimentation-abs-asr\/\",\"url\":\"https:\/\/delorenzoglobal.com\/fr\/produit\/formation-systeme-de-commande-de-lalimentation-abs-asr\/\",\"name\":\"FORMATION SYST\u00c8ME DE COMMANDE DE L\u2019ALIMENTATION ABS\/ASR - De Lorenzo Training &amp; Didactical Equipment\",\"isPartOf\":{\"@id\":\"https:\/\/delorenzoglobal.com\/fr\/#website\"},\"primaryImageOfPage\":{\"@id\":\"https:\/\/delorenzoglobal.com\/fr\/produit\/formation-systeme-de-commande-de-lalimentation-abs-asr\/#primaryimage\"},\"image\":{\"@id\":\"https:\/\/delorenzoglobal.com\/fr\/produit\/formation-systeme-de-commande-de-lalimentation-abs-asr\/#primaryimage\"},\"thumbnailUrl\":\"https:\/\/delorenzoglobal.com\/wp-content\/uploads\/2024\/04\/DL-DM28-SISTEMA-DI-CONTROLLO-ABS-ASR.jpg\",\"datePublished\":\"2024-04-17T12:37:12+00:00\",\"dateModified\":\"2025-10-24T09:47:46+00:00\",\"breadcrumb\":{\"@id\":\"https:\/\/delorenzoglobal.com\/fr\/produit\/formation-systeme-de-commande-de-lalimentation-abs-asr\/#breadcrumb\"},\"inLanguage\":\"fr-FR\",\"potentialAction\":[{\"@type\":\"ReadAction\",\"target\":[\"https:\/\/delorenzoglobal.com\/fr\/produit\/formation-systeme-de-commande-de-lalimentation-abs-asr\/\"]}]},{\"@type\":\"ImageObject\",\"inLanguage\":\"fr-FR\",\"@id\":\"https:\/\/delorenzoglobal.com\/fr\/produit\/formation-systeme-de-commande-de-lalimentation-abs-asr\/#primaryimage\",\"url\":\"https:\/\/delorenzoglobal.com\/wp-content\/uploads\/2024\/04\/DL-DM28-SISTEMA-DI-CONTROLLO-ABS-ASR.jpg\",\"contentUrl\":\"https:\/\/delorenzoglobal.com\/wp-content\/uploads\/2024\/04\/DL-DM28-SISTEMA-DI-CONTROLLO-ABS-ASR.jpg\",\"width\":1328,\"height\":1497},{\"@type\":\"BreadcrumbList\",\"@id\":\"https:\/\/delorenzoglobal.com\/fr\/produit\/formation-systeme-de-commande-de-lalimentation-abs-asr\/#breadcrumb\",\"itemListElement\":[{\"@type\":\"ListItem\",\"position\":1,\"name\":\"Home\",\"item\":\"https:\/\/delorenzoglobal.com\/fr\/\"},{\"@type\":\"ListItem\",\"position\":2,\"name\":\"Boutique\",\"item\":\"https:\/\/delorenzoglobal.com\/fr\/boutique\/\"},{\"@type\":\"ListItem\",\"position\":3,\"name\":\"FORMATION SYST\u00c8ME DE COMMANDE DE L\u2019ALIMENTATION ABS\/ASR\"}]},{\"@type\":\"WebSite\",\"@id\":\"https:\/\/delorenzoglobal.com\/fr\/#website\",\"url\":\"https:\/\/delorenzoglobal.com\/fr\/\",\"name\":\"De Lorenzo Training &amp; Didactical Equipment\",\"description\":\"\",\"potentialAction\":[{\"@type\":\"SearchAction\",\"target\":{\"@type\":\"EntryPoint\",\"urlTemplate\":\"https:\/\/delorenzoglobal.com\/fr\/?s={search_term_string}\"},\"query-input\":{\"@type\":\"PropertyValueSpecification\",\"valueRequired\":true,\"valueName\":\"search_term_string\"}}],\"inLanguage\":\"fr-FR\"}]}<\/script>\n<!-- \/ Yoast SEO plugin. -->","yoast_head_json":{"title":"FORMATION SYST\u00c8ME DE COMMANDE DE L\u2019ALIMENTATION ABS\/ASR - De Lorenzo Training &amp; Didactical Equipment","robots":{"index":"index","follow":"follow","max-snippet":"max-snippet:-1","max-image-preview":"max-image-preview:large","max-video-preview":"max-video-preview:-1"},"canonical":"https:\/\/delorenzoglobal.com\/fr\/produit\/formation-systeme-de-commande-de-lalimentation-abs-asr\/","og_locale":"fr_FR","og_type":"article","og_title":"FORMATION SYST\u00c8ME DE COMMANDE DE L\u2019ALIMENTATION ABS\/ASR - De Lorenzo Training &amp; Didactical Equipment","og_description":"Ce panneau de d\u00e9monstration pr\u00e9sente le fonctionnement du syst\u00e8me d&rsquo;alimentation automatique DU frein ABS et le syst\u00e8me de r\u00e9gulation anti-patinage ASR dans les v\u00e9hicules \u00e0 moteur \u00e0 l&rsquo;aide d&rsquo;un microprocesseur. Il est fabriqu\u00e9 pour permettre des pratiques de laboratoire visant \u00e0 mesurer la tension et la s\u00e9quence de signaux d&rsquo;entr\u00e9e et les r\u00e9ponses du programmeur [&hellip;]","og_url":"https:\/\/delorenzoglobal.com\/fr\/produit\/formation-systeme-de-commande-de-lalimentation-abs-asr\/","og_site_name":"De Lorenzo Training &amp; Didactical Equipment","article_modified_time":"2025-10-24T09:47:46+00:00","og_image":[{"width":1897,"height":2560,"url":"https:\/\/delorenzoglobal.com\/wp-content\/uploads\/2024\/04\/DL-DM28-scaled.jpg","type":"image\/jpeg"}],"twitter_card":"summary_large_image","twitter_misc":{"Dur\u00e9e de lecture estim\u00e9e":"1 minute"},"schema":{"@context":"https:\/\/schema.org","@graph":[{"@type":"WebPage","@id":"https:\/\/delorenzoglobal.com\/fr\/produit\/formation-systeme-de-commande-de-lalimentation-abs-asr\/","url":"https:\/\/delorenzoglobal.com\/fr\/produit\/formation-systeme-de-commande-de-lalimentation-abs-asr\/","name":"FORMATION SYST\u00c8ME DE COMMANDE DE L\u2019ALIMENTATION ABS\/ASR - De Lorenzo Training &amp; Didactical Equipment","isPartOf":{"@id":"https:\/\/delorenzoglobal.com\/fr\/#website"},"primaryImageOfPage":{"@id":"https:\/\/delorenzoglobal.com\/fr\/produit\/formation-systeme-de-commande-de-lalimentation-abs-asr\/#primaryimage"},"image":{"@id":"https:\/\/delorenzoglobal.com\/fr\/produit\/formation-systeme-de-commande-de-lalimentation-abs-asr\/#primaryimage"},"thumbnailUrl":"https:\/\/delorenzoglobal.com\/wp-content\/uploads\/2024\/04\/DL-DM28-SISTEMA-DI-CONTROLLO-ABS-ASR.jpg","datePublished":"2024-04-17T12:37:12+00:00","dateModified":"2025-10-24T09:47:46+00:00","breadcrumb":{"@id":"https:\/\/delorenzoglobal.com\/fr\/produit\/formation-systeme-de-commande-de-lalimentation-abs-asr\/#breadcrumb"},"inLanguage":"fr-FR","potentialAction":[{"@type":"ReadAction","target":["https:\/\/delorenzoglobal.com\/fr\/produit\/formation-systeme-de-commande-de-lalimentation-abs-asr\/"]}]},{"@type":"ImageObject","inLanguage":"fr-FR","@id":"https:\/\/delorenzoglobal.com\/fr\/produit\/formation-systeme-de-commande-de-lalimentation-abs-asr\/#primaryimage","url":"https:\/\/delorenzoglobal.com\/wp-content\/uploads\/2024\/04\/DL-DM28-SISTEMA-DI-CONTROLLO-ABS-ASR.jpg","contentUrl":"https:\/\/delorenzoglobal.com\/wp-content\/uploads\/2024\/04\/DL-DM28-SISTEMA-DI-CONTROLLO-ABS-ASR.jpg","width":1328,"height":1497},{"@type":"BreadcrumbList","@id":"https:\/\/delorenzoglobal.com\/fr\/produit\/formation-systeme-de-commande-de-lalimentation-abs-asr\/#breadcrumb","itemListElement":[{"@type":"ListItem","position":1,"name":"Home","item":"https:\/\/delorenzoglobal.com\/fr\/"},{"@type":"ListItem","position":2,"name":"Boutique","item":"https:\/\/delorenzoglobal.com\/fr\/boutique\/"},{"@type":"ListItem","position":3,"name":"FORMATION SYST\u00c8ME DE COMMANDE DE L\u2019ALIMENTATION ABS\/ASR"}]},{"@type":"WebSite","@id":"https:\/\/delorenzoglobal.com\/fr\/#website","url":"https:\/\/delorenzoglobal.com\/fr\/","name":"De Lorenzo Training &amp; Didactical Equipment","description":"","potentialAction":[{"@type":"SearchAction","target":{"@type":"EntryPoint","urlTemplate":"https:\/\/delorenzoglobal.com\/fr\/?s={search_term_string}"},"query-input":{"@type":"PropertyValueSpecification","valueRequired":true,"valueName":"search_term_string"}}],"inLanguage":"fr-FR"}]}},"_links":{"self":[{"href":"https:\/\/delorenzoglobal.com\/fr\/wp-json\/wp\/v2\/product\/9411","targetHints":{"allow":["GET"]}}],"collection":[{"href":"https:\/\/delorenzoglobal.com\/fr\/wp-json\/wp\/v2\/product"}],"about":[{"href":"https:\/\/delorenzoglobal.com\/fr\/wp-json\/wp\/v2\/types\/product"}],"wp:featuredmedia":[{"embeddable":true,"href":"https:\/\/delorenzoglobal.com\/fr\/wp-json\/wp\/v2\/media\/65139"}],"wp:attachment":[{"href":"https:\/\/delorenzoglobal.com\/fr\/wp-json\/wp\/v2\/media?parent=9411"}],"wp:term":[{"taxonomy":"product_brand","embeddable":true,"href":"https:\/\/delorenzoglobal.com\/fr\/wp-json\/wp\/v2\/product_brand?post=9411"},{"taxonomy":"product_cat","embeddable":true,"href":"https:\/\/delorenzoglobal.com\/fr\/wp-json\/wp\/v2\/product_cat?post=9411"},{"taxonomy":"product_tag","embeddable":true,"href":"https:\/\/delorenzoglobal.com\/fr\/wp-json\/wp\/v2\/product_tag?post=9411"}],"curies":[{"name":"wp","href":"https:\/\/api.w.org\/{rel}","templated":true}]}}