{"id":9360,"date":"2024-04-17T14:17:35","date_gmt":"2024-04-17T12:17:35","guid":{"rendered":"https:\/\/delorenzoglobal.com\/?post_type=product&#038;p=9360"},"modified":"2025-01-29T12:58:22","modified_gmt":"2025-01-29T11:58:22","slug":"freins-hydrauliques","status":"publish","type":"product","link":"https:\/\/delorenzoglobal.com\/fr\/produit\/freins-hydrauliques\/","title":{"rendered":"FREINS HYDRAULIQUES"},"content":{"rendered":"<p>Ce panneau de simulation a \u00e9t\u00e9 sp\u00e9cialement con\u00e7u et r\u00e9alis\u00e9 pour permettre un apprentissage complet et facile des techniques et des dispositifs \u00e9lectrom\u00e9caniques utilis\u00e9s dans les syst\u00e8mes de freinage hydrauliques dans les voitures.<\/p>\n<p>Ce panneau de d\u00e9monstration comprend un frein \u00e0 disque de la roue avant et un frein \u00e0 tambour dans la roue d&rsquo;entra\u00eenement.<\/p>\n<p>Il est possible de simuler les syst\u00e8mes de freinage suivantes:<\/p>\n<ul>\n<li>Syst\u00e8me de freinage de service en fente, avec la division sur l&rsquo;essieu avant et l&rsquo;essieu arri\u00e8re<\/li>\n<li>Type de levier du syst\u00e8me de freinage de stationnement, sur l&rsquo;essieu arri\u00e8re<\/li>\n<\/ul>\n<p>Il est possible de faire tourner lentement les deux roues.<\/p>\n<p>En activant le frein, les deux roues arr\u00eatent de tourner. Le cylindre peut \u00eatre d\u00e9plac\u00e9 de fa\u00e7on hydraulique.<\/p>\n","protected":false},"excerpt":{"rendered":"<p>Ce panneau de simulation a \u00e9t\u00e9 sp\u00e9cialement con\u00e7u et r\u00e9alis\u00e9 pour permettre un apprentissage complet et facile des techniques et des dispositifs \u00e9lectrom\u00e9caniques utilis\u00e9s dans les syst\u00e8mes de freinage hydrauliques dans les voitures. Ce panneau de d\u00e9monstration comprend un frein \u00e0 disque de la roue avant et un frein \u00e0 tambour dans la roue d&rsquo;entra\u00eenement. [&hellip;]<\/p>\n","protected":false},"featured_media":16582,"template":"","meta":{"_acf_changed":false},"product_brand":[],"product_cat":[371],"product_tag":[],"class_list":{"0":"post-9360","1":"product","2":"type-product","3":"status-publish","4":"has-post-thumbnail","6":"product_cat-freinage","8":"first","9":"instock","10":"shipping-taxable","11":"product-type-simple"},"acf":[],"yoast_head":"<!-- This site is optimized with the Yoast SEO plugin v27.0 - https:\/\/yoast.com\/product\/yoast-seo-wordpress\/ -->\n<title>FREINS HYDRAULIQUES - De Lorenzo Training &amp; Didactical Equipment<\/title>\n<meta name=\"robots\" content=\"index, follow, max-snippet:-1, max-image-preview:large, max-video-preview:-1\" \/>\n<link rel=\"canonical\" href=\"https:\/\/delorenzoglobal.com\/fr\/produit\/freins-hydrauliques\/\" \/>\n<meta property=\"og:locale\" content=\"fr_FR\" \/>\n<meta property=\"og:type\" content=\"article\" \/>\n<meta property=\"og:title\" content=\"FREINS HYDRAULIQUES - De Lorenzo Training &amp; Didactical Equipment\" \/>\n<meta property=\"og:description\" content=\"Ce panneau de simulation a \u00e9t\u00e9 sp\u00e9cialement con\u00e7u et r\u00e9alis\u00e9 pour permettre un apprentissage complet et facile des techniques et des dispositifs \u00e9lectrom\u00e9caniques utilis\u00e9s dans les syst\u00e8mes de freinage hydrauliques dans les voitures. Ce panneau de d\u00e9monstration comprend un frein \u00e0 disque de la roue avant et un frein \u00e0 tambour dans la roue d&rsquo;entra\u00eenement. [&hellip;]\" \/>\n<meta property=\"og:url\" content=\"https:\/\/delorenzoglobal.com\/fr\/produit\/freins-hydrauliques\/\" \/>\n<meta property=\"og:site_name\" content=\"De Lorenzo Training &amp; Didactical Equipment\" \/>\n<meta property=\"article:modified_time\" content=\"2025-01-29T11:58:22+00:00\" \/>\n<meta property=\"og:image\" content=\"https:\/\/delorenzoglobal.com\/wp-content\/uploads\/2024\/04\/DL-AM11-xs-scaled.jpg\" \/>\n\t<meta property=\"og:image:width\" content=\"2560\" \/>\n\t<meta property=\"og:image:height\" content=\"1646\" \/>\n\t<meta property=\"og:image:type\" content=\"image\/jpeg\" \/>\n<meta name=\"twitter:card\" content=\"summary_large_image\" \/>\n<meta name=\"twitter:label1\" content=\"Dur\u00e9e de lecture estim\u00e9e\" \/>\n\t<meta name=\"twitter:data1\" content=\"1 minute\" \/>\n<script type=\"application\/ld+json\" class=\"yoast-schema-graph\">{\"@context\":\"https:\/\/schema.org\",\"@graph\":[{\"@type\":\"WebPage\",\"@id\":\"https:\/\/delorenzoglobal.com\/fr\/produit\/freins-hydrauliques\/\",\"url\":\"https:\/\/delorenzoglobal.com\/fr\/produit\/freins-hydrauliques\/\",\"name\":\"FREINS HYDRAULIQUES - De Lorenzo Training &amp; Didactical Equipment\",\"isPartOf\":{\"@id\":\"https:\/\/delorenzoglobal.com\/fr\/#website\"},\"primaryImageOfPage\":{\"@id\":\"https:\/\/delorenzoglobal.com\/fr\/produit\/freins-hydrauliques\/#primaryimage\"},\"image\":{\"@id\":\"https:\/\/delorenzoglobal.com\/fr\/produit\/freins-hydrauliques\/#primaryimage\"},\"thumbnailUrl\":\"https:\/\/delorenzoglobal.com\/wp-content\/uploads\/2024\/04\/DL-AM11-xs-scaled.jpg\",\"datePublished\":\"2024-04-17T12:17:35+00:00\",\"dateModified\":\"2025-01-29T11:58:22+00:00\",\"breadcrumb\":{\"@id\":\"https:\/\/delorenzoglobal.com\/fr\/produit\/freins-hydrauliques\/#breadcrumb\"},\"inLanguage\":\"fr-FR\",\"potentialAction\":[{\"@type\":\"ReadAction\",\"target\":[\"https:\/\/delorenzoglobal.com\/fr\/produit\/freins-hydrauliques\/\"]}]},{\"@type\":\"ImageObject\",\"inLanguage\":\"fr-FR\",\"@id\":\"https:\/\/delorenzoglobal.com\/fr\/produit\/freins-hydrauliques\/#primaryimage\",\"url\":\"https:\/\/delorenzoglobal.com\/wp-content\/uploads\/2024\/04\/DL-AM11-xs-scaled.jpg\",\"contentUrl\":\"https:\/\/delorenzoglobal.com\/wp-content\/uploads\/2024\/04\/DL-AM11-xs-scaled.jpg\",\"width\":2560,\"height\":1646},{\"@type\":\"BreadcrumbList\",\"@id\":\"https:\/\/delorenzoglobal.com\/fr\/produit\/freins-hydrauliques\/#breadcrumb\",\"itemListElement\":[{\"@type\":\"ListItem\",\"position\":1,\"name\":\"Home\",\"item\":\"https:\/\/delorenzoglobal.com\/fr\/\"},{\"@type\":\"ListItem\",\"position\":2,\"name\":\"Boutique\",\"item\":\"https:\/\/delorenzoglobal.com\/fr\/boutique\/\"},{\"@type\":\"ListItem\",\"position\":3,\"name\":\"FREINS HYDRAULIQUES\"}]},{\"@type\":\"WebSite\",\"@id\":\"https:\/\/delorenzoglobal.com\/fr\/#website\",\"url\":\"https:\/\/delorenzoglobal.com\/fr\/\",\"name\":\"De Lorenzo Training &amp; Didactical Equipment\",\"description\":\"\",\"potentialAction\":[{\"@type\":\"SearchAction\",\"target\":{\"@type\":\"EntryPoint\",\"urlTemplate\":\"https:\/\/delorenzoglobal.com\/fr\/?s={search_term_string}\"},\"query-input\":{\"@type\":\"PropertyValueSpecification\",\"valueRequired\":true,\"valueName\":\"search_term_string\"}}],\"inLanguage\":\"fr-FR\"}]}<\/script>\n<!-- \/ Yoast SEO plugin. -->","yoast_head_json":{"title":"FREINS HYDRAULIQUES - De Lorenzo Training &amp; Didactical Equipment","robots":{"index":"index","follow":"follow","max-snippet":"max-snippet:-1","max-image-preview":"max-image-preview:large","max-video-preview":"max-video-preview:-1"},"canonical":"https:\/\/delorenzoglobal.com\/fr\/produit\/freins-hydrauliques\/","og_locale":"fr_FR","og_type":"article","og_title":"FREINS HYDRAULIQUES - De Lorenzo Training &amp; Didactical Equipment","og_description":"Ce panneau de simulation a \u00e9t\u00e9 sp\u00e9cialement con\u00e7u et r\u00e9alis\u00e9 pour permettre un apprentissage complet et facile des techniques et des dispositifs \u00e9lectrom\u00e9caniques utilis\u00e9s dans les syst\u00e8mes de freinage hydrauliques dans les voitures. Ce panneau de d\u00e9monstration comprend un frein \u00e0 disque de la roue avant et un frein \u00e0 tambour dans la roue d&rsquo;entra\u00eenement. [&hellip;]","og_url":"https:\/\/delorenzoglobal.com\/fr\/produit\/freins-hydrauliques\/","og_site_name":"De Lorenzo Training &amp; Didactical Equipment","article_modified_time":"2025-01-29T11:58:22+00:00","og_image":[{"width":2560,"height":1646,"url":"https:\/\/delorenzoglobal.com\/wp-content\/uploads\/2024\/04\/DL-AM11-xs-scaled.jpg","type":"image\/jpeg"}],"twitter_card":"summary_large_image","twitter_misc":{"Dur\u00e9e de lecture estim\u00e9e":"1 minute"},"schema":{"@context":"https:\/\/schema.org","@graph":[{"@type":"WebPage","@id":"https:\/\/delorenzoglobal.com\/fr\/produit\/freins-hydrauliques\/","url":"https:\/\/delorenzoglobal.com\/fr\/produit\/freins-hydrauliques\/","name":"FREINS HYDRAULIQUES - De Lorenzo Training &amp; Didactical Equipment","isPartOf":{"@id":"https:\/\/delorenzoglobal.com\/fr\/#website"},"primaryImageOfPage":{"@id":"https:\/\/delorenzoglobal.com\/fr\/produit\/freins-hydrauliques\/#primaryimage"},"image":{"@id":"https:\/\/delorenzoglobal.com\/fr\/produit\/freins-hydrauliques\/#primaryimage"},"thumbnailUrl":"https:\/\/delorenzoglobal.com\/wp-content\/uploads\/2024\/04\/DL-AM11-xs-scaled.jpg","datePublished":"2024-04-17T12:17:35+00:00","dateModified":"2025-01-29T11:58:22+00:00","breadcrumb":{"@id":"https:\/\/delorenzoglobal.com\/fr\/produit\/freins-hydrauliques\/#breadcrumb"},"inLanguage":"fr-FR","potentialAction":[{"@type":"ReadAction","target":["https:\/\/delorenzoglobal.com\/fr\/produit\/freins-hydrauliques\/"]}]},{"@type":"ImageObject","inLanguage":"fr-FR","@id":"https:\/\/delorenzoglobal.com\/fr\/produit\/freins-hydrauliques\/#primaryimage","url":"https:\/\/delorenzoglobal.com\/wp-content\/uploads\/2024\/04\/DL-AM11-xs-scaled.jpg","contentUrl":"https:\/\/delorenzoglobal.com\/wp-content\/uploads\/2024\/04\/DL-AM11-xs-scaled.jpg","width":2560,"height":1646},{"@type":"BreadcrumbList","@id":"https:\/\/delorenzoglobal.com\/fr\/produit\/freins-hydrauliques\/#breadcrumb","itemListElement":[{"@type":"ListItem","position":1,"name":"Home","item":"https:\/\/delorenzoglobal.com\/fr\/"},{"@type":"ListItem","position":2,"name":"Boutique","item":"https:\/\/delorenzoglobal.com\/fr\/boutique\/"},{"@type":"ListItem","position":3,"name":"FREINS HYDRAULIQUES"}]},{"@type":"WebSite","@id":"https:\/\/delorenzoglobal.com\/fr\/#website","url":"https:\/\/delorenzoglobal.com\/fr\/","name":"De Lorenzo Training &amp; Didactical Equipment","description":"","potentialAction":[{"@type":"SearchAction","target":{"@type":"EntryPoint","urlTemplate":"https:\/\/delorenzoglobal.com\/fr\/?s={search_term_string}"},"query-input":{"@type":"PropertyValueSpecification","valueRequired":true,"valueName":"search_term_string"}}],"inLanguage":"fr-FR"}]}},"_links":{"self":[{"href":"https:\/\/delorenzoglobal.com\/fr\/wp-json\/wp\/v2\/product\/9360","targetHints":{"allow":["GET"]}}],"collection":[{"href":"https:\/\/delorenzoglobal.com\/fr\/wp-json\/wp\/v2\/product"}],"about":[{"href":"https:\/\/delorenzoglobal.com\/fr\/wp-json\/wp\/v2\/types\/product"}],"wp:featuredmedia":[{"embeddable":true,"href":"https:\/\/delorenzoglobal.com\/fr\/wp-json\/wp\/v2\/media\/16582"}],"wp:attachment":[{"href":"https:\/\/delorenzoglobal.com\/fr\/wp-json\/wp\/v2\/media?parent=9360"}],"wp:term":[{"taxonomy":"product_brand","embeddable":true,"href":"https:\/\/delorenzoglobal.com\/fr\/wp-json\/wp\/v2\/product_brand?post=9360"},{"taxonomy":"product_cat","embeddable":true,"href":"https:\/\/delorenzoglobal.com\/fr\/wp-json\/wp\/v2\/product_cat?post=9360"},{"taxonomy":"product_tag","embeddable":true,"href":"https:\/\/delorenzoglobal.com\/fr\/wp-json\/wp\/v2\/product_tag?post=9360"}],"curies":[{"name":"wp","href":"https:\/\/api.w.org\/{rel}","templated":true}]}}