{"id":9319,"date":"2024-04-17T13:59:10","date_gmt":"2024-04-17T11:59:10","guid":{"rendered":"https:\/\/delorenzoglobal.com\/?post_type=product&#038;p=9319"},"modified":"2025-01-29T12:31:51","modified_gmt":"2025-01-29T11:31:51","slug":"panneau-didactique-systeme-dinjection-de-carburant-motronic","status":"publish","type":"product","link":"https:\/\/delorenzoglobal.com\/fr\/produit\/panneau-didactique-systeme-dinjection-de-carburant-motronic\/","title":{"rendered":"PANNEAU DIDACTIQUE SYSTEME D\u2019INJECTION DE CARBURANT MOTRONIC"},"content":{"rendered":"<p>Ce d\u00e9monstrateur repr\u00e9sente les composants r\u00e9els d&rsquo;un mod\u00e8le de voiture Volkswagen \u00e9quip\u00e9 d&rsquo;un syst\u00e8me d&rsquo;injection de carburant Motronic.<\/p>\n<p>Ces appareils sont essentiels pour pr\u00e9senter la structure du syst\u00e8me et son processus de travail.<\/p>\n<p>Le dispositif s\u2019applique \u00e0 l\u2019enseignement th\u00e9orique et \u00e0 la formation \u00e0 la maintenance de l\u2019\u00e9quipement \u00e9lectrique automobile pour les \u00e9coles secondaires d\u2019enseignement professionnel.<\/p>\n","protected":false},"excerpt":{"rendered":"<p>Ce d\u00e9monstrateur repr\u00e9sente les composants r\u00e9els d&rsquo;un mod\u00e8le de voiture Volkswagen \u00e9quip\u00e9 d&rsquo;un syst\u00e8me d&rsquo;injection de carburant Motronic. Ces appareils sont essentiels pour pr\u00e9senter la structure du syst\u00e8me et son processus de travail. Le dispositif s\u2019applique \u00e0 l\u2019enseignement th\u00e9orique et \u00e0 la formation \u00e0 la maintenance de l\u2019\u00e9quipement \u00e9lectrique automobile pour les \u00e9coles secondaires d\u2019enseignement [&hellip;]<\/p>\n","protected":false},"featured_media":9312,"template":"","meta":{"_acf_changed":false},"product_brand":[],"product_cat":[368],"product_tag":[],"class_list":{"0":"post-9319","1":"product","2":"type-product","3":"status-publish","4":"has-post-thumbnail","6":"product_cat-fonctionnement-du-moteur","8":"first","9":"instock","10":"shipping-taxable","11":"product-type-simple"},"acf":[],"yoast_head":"<!-- This site is optimized with the Yoast SEO plugin v27.0 - https:\/\/yoast.com\/product\/yoast-seo-wordpress\/ -->\n<title>PANNEAU DIDACTIQUE SYSTEME D\u2019INJECTION DE CARBURANT MOTRONIC - De Lorenzo Training &amp; Didactical Equipment<\/title>\n<meta name=\"robots\" content=\"index, follow, max-snippet:-1, max-image-preview:large, max-video-preview:-1\" \/>\n<link rel=\"canonical\" href=\"https:\/\/delorenzoglobal.com\/fr\/produit\/panneau-didactique-systeme-dinjection-de-carburant-motronic\/\" \/>\n<meta property=\"og:locale\" content=\"fr_FR\" \/>\n<meta property=\"og:type\" content=\"article\" \/>\n<meta property=\"og:title\" content=\"PANNEAU DIDACTIQUE SYSTEME D\u2019INJECTION DE CARBURANT MOTRONIC - De Lorenzo Training &amp; Didactical Equipment\" \/>\n<meta property=\"og:description\" content=\"Ce d\u00e9monstrateur repr\u00e9sente les composants r\u00e9els d&rsquo;un mod\u00e8le de voiture Volkswagen \u00e9quip\u00e9 d&rsquo;un syst\u00e8me d&rsquo;injection de carburant Motronic. Ces appareils sont essentiels pour pr\u00e9senter la structure du syst\u00e8me et son processus de travail. Le dispositif s\u2019applique \u00e0 l\u2019enseignement th\u00e9orique et \u00e0 la formation \u00e0 la maintenance de l\u2019\u00e9quipement \u00e9lectrique automobile pour les \u00e9coles secondaires d\u2019enseignement [&hellip;]\" \/>\n<meta property=\"og:url\" content=\"https:\/\/delorenzoglobal.com\/fr\/produit\/panneau-didactique-systeme-dinjection-de-carburant-motronic\/\" \/>\n<meta property=\"og:site_name\" content=\"De Lorenzo Training &amp; Didactical Equipment\" \/>\n<meta property=\"article:modified_time\" content=\"2025-01-29T11:31:51+00:00\" \/>\n<meta property=\"og:image\" content=\"https:\/\/delorenzoglobal.com\/wp-content\/uploads\/2024\/04\/DL-DM97.png\" \/>\n\t<meta property=\"og:image:width\" content=\"530\" \/>\n\t<meta property=\"og:image:height\" content=\"564\" \/>\n\t<meta property=\"og:image:type\" content=\"image\/png\" \/>\n<meta name=\"twitter:card\" content=\"summary_large_image\" \/>\n<meta name=\"twitter:label1\" content=\"Dur\u00e9e de lecture estim\u00e9e\" \/>\n\t<meta name=\"twitter:data1\" content=\"1 minute\" \/>\n<script type=\"application\/ld+json\" class=\"yoast-schema-graph\">{\"@context\":\"https:\/\/schema.org\",\"@graph\":[{\"@type\":\"WebPage\",\"@id\":\"https:\/\/delorenzoglobal.com\/fr\/produit\/panneau-didactique-systeme-dinjection-de-carburant-motronic\/\",\"url\":\"https:\/\/delorenzoglobal.com\/fr\/produit\/panneau-didactique-systeme-dinjection-de-carburant-motronic\/\",\"name\":\"PANNEAU DIDACTIQUE SYSTEME D\u2019INJECTION DE CARBURANT MOTRONIC - De Lorenzo Training &amp; Didactical Equipment\",\"isPartOf\":{\"@id\":\"https:\/\/delorenzoglobal.com\/fr\/#website\"},\"primaryImageOfPage\":{\"@id\":\"https:\/\/delorenzoglobal.com\/fr\/produit\/panneau-didactique-systeme-dinjection-de-carburant-motronic\/#primaryimage\"},\"image\":{\"@id\":\"https:\/\/delorenzoglobal.com\/fr\/produit\/panneau-didactique-systeme-dinjection-de-carburant-motronic\/#primaryimage\"},\"thumbnailUrl\":\"https:\/\/delorenzoglobal.com\/wp-content\/uploads\/2024\/04\/DL-DM97.png\",\"datePublished\":\"2024-04-17T11:59:10+00:00\",\"dateModified\":\"2025-01-29T11:31:51+00:00\",\"breadcrumb\":{\"@id\":\"https:\/\/delorenzoglobal.com\/fr\/produit\/panneau-didactique-systeme-dinjection-de-carburant-motronic\/#breadcrumb\"},\"inLanguage\":\"fr-FR\",\"potentialAction\":[{\"@type\":\"ReadAction\",\"target\":[\"https:\/\/delorenzoglobal.com\/fr\/produit\/panneau-didactique-systeme-dinjection-de-carburant-motronic\/\"]}]},{\"@type\":\"ImageObject\",\"inLanguage\":\"fr-FR\",\"@id\":\"https:\/\/delorenzoglobal.com\/fr\/produit\/panneau-didactique-systeme-dinjection-de-carburant-motronic\/#primaryimage\",\"url\":\"https:\/\/delorenzoglobal.com\/wp-content\/uploads\/2024\/04\/DL-DM97.png\",\"contentUrl\":\"https:\/\/delorenzoglobal.com\/wp-content\/uploads\/2024\/04\/DL-DM97.png\",\"width\":530,\"height\":564},{\"@type\":\"BreadcrumbList\",\"@id\":\"https:\/\/delorenzoglobal.com\/fr\/produit\/panneau-didactique-systeme-dinjection-de-carburant-motronic\/#breadcrumb\",\"itemListElement\":[{\"@type\":\"ListItem\",\"position\":1,\"name\":\"Home\",\"item\":\"https:\/\/delorenzoglobal.com\/fr\/\"},{\"@type\":\"ListItem\",\"position\":2,\"name\":\"Boutique\",\"item\":\"https:\/\/delorenzoglobal.com\/fr\/boutique\/\"},{\"@type\":\"ListItem\",\"position\":3,\"name\":\"PANNEAU DIDACTIQUE SYSTEME D\u2019INJECTION DE CARBURANT MOTRONIC\"}]},{\"@type\":\"WebSite\",\"@id\":\"https:\/\/delorenzoglobal.com\/fr\/#website\",\"url\":\"https:\/\/delorenzoglobal.com\/fr\/\",\"name\":\"De Lorenzo Training &amp; Didactical Equipment\",\"description\":\"\",\"potentialAction\":[{\"@type\":\"SearchAction\",\"target\":{\"@type\":\"EntryPoint\",\"urlTemplate\":\"https:\/\/delorenzoglobal.com\/fr\/?s={search_term_string}\"},\"query-input\":{\"@type\":\"PropertyValueSpecification\",\"valueRequired\":true,\"valueName\":\"search_term_string\"}}],\"inLanguage\":\"fr-FR\"}]}<\/script>\n<!-- \/ Yoast SEO plugin. -->","yoast_head_json":{"title":"PANNEAU DIDACTIQUE SYSTEME D\u2019INJECTION DE CARBURANT MOTRONIC - De Lorenzo Training &amp; Didactical Equipment","robots":{"index":"index","follow":"follow","max-snippet":"max-snippet:-1","max-image-preview":"max-image-preview:large","max-video-preview":"max-video-preview:-1"},"canonical":"https:\/\/delorenzoglobal.com\/fr\/produit\/panneau-didactique-systeme-dinjection-de-carburant-motronic\/","og_locale":"fr_FR","og_type":"article","og_title":"PANNEAU DIDACTIQUE SYSTEME D\u2019INJECTION DE CARBURANT MOTRONIC - De Lorenzo Training &amp; Didactical Equipment","og_description":"Ce d\u00e9monstrateur repr\u00e9sente les composants r\u00e9els d&rsquo;un mod\u00e8le de voiture Volkswagen \u00e9quip\u00e9 d&rsquo;un syst\u00e8me d&rsquo;injection de carburant Motronic. Ces appareils sont essentiels pour pr\u00e9senter la structure du syst\u00e8me et son processus de travail. Le dispositif s\u2019applique \u00e0 l\u2019enseignement th\u00e9orique et \u00e0 la formation \u00e0 la maintenance de l\u2019\u00e9quipement \u00e9lectrique automobile pour les \u00e9coles secondaires d\u2019enseignement [&hellip;]","og_url":"https:\/\/delorenzoglobal.com\/fr\/produit\/panneau-didactique-systeme-dinjection-de-carburant-motronic\/","og_site_name":"De Lorenzo Training &amp; Didactical Equipment","article_modified_time":"2025-01-29T11:31:51+00:00","og_image":[{"width":530,"height":564,"url":"https:\/\/delorenzoglobal.com\/wp-content\/uploads\/2024\/04\/DL-DM97.png","type":"image\/png"}],"twitter_card":"summary_large_image","twitter_misc":{"Dur\u00e9e de lecture estim\u00e9e":"1 minute"},"schema":{"@context":"https:\/\/schema.org","@graph":[{"@type":"WebPage","@id":"https:\/\/delorenzoglobal.com\/fr\/produit\/panneau-didactique-systeme-dinjection-de-carburant-motronic\/","url":"https:\/\/delorenzoglobal.com\/fr\/produit\/panneau-didactique-systeme-dinjection-de-carburant-motronic\/","name":"PANNEAU DIDACTIQUE SYSTEME D\u2019INJECTION DE CARBURANT MOTRONIC - De Lorenzo Training &amp; Didactical Equipment","isPartOf":{"@id":"https:\/\/delorenzoglobal.com\/fr\/#website"},"primaryImageOfPage":{"@id":"https:\/\/delorenzoglobal.com\/fr\/produit\/panneau-didactique-systeme-dinjection-de-carburant-motronic\/#primaryimage"},"image":{"@id":"https:\/\/delorenzoglobal.com\/fr\/produit\/panneau-didactique-systeme-dinjection-de-carburant-motronic\/#primaryimage"},"thumbnailUrl":"https:\/\/delorenzoglobal.com\/wp-content\/uploads\/2024\/04\/DL-DM97.png","datePublished":"2024-04-17T11:59:10+00:00","dateModified":"2025-01-29T11:31:51+00:00","breadcrumb":{"@id":"https:\/\/delorenzoglobal.com\/fr\/produit\/panneau-didactique-systeme-dinjection-de-carburant-motronic\/#breadcrumb"},"inLanguage":"fr-FR","potentialAction":[{"@type":"ReadAction","target":["https:\/\/delorenzoglobal.com\/fr\/produit\/panneau-didactique-systeme-dinjection-de-carburant-motronic\/"]}]},{"@type":"ImageObject","inLanguage":"fr-FR","@id":"https:\/\/delorenzoglobal.com\/fr\/produit\/panneau-didactique-systeme-dinjection-de-carburant-motronic\/#primaryimage","url":"https:\/\/delorenzoglobal.com\/wp-content\/uploads\/2024\/04\/DL-DM97.png","contentUrl":"https:\/\/delorenzoglobal.com\/wp-content\/uploads\/2024\/04\/DL-DM97.png","width":530,"height":564},{"@type":"BreadcrumbList","@id":"https:\/\/delorenzoglobal.com\/fr\/produit\/panneau-didactique-systeme-dinjection-de-carburant-motronic\/#breadcrumb","itemListElement":[{"@type":"ListItem","position":1,"name":"Home","item":"https:\/\/delorenzoglobal.com\/fr\/"},{"@type":"ListItem","position":2,"name":"Boutique","item":"https:\/\/delorenzoglobal.com\/fr\/boutique\/"},{"@type":"ListItem","position":3,"name":"PANNEAU DIDACTIQUE SYSTEME D\u2019INJECTION DE CARBURANT MOTRONIC"}]},{"@type":"WebSite","@id":"https:\/\/delorenzoglobal.com\/fr\/#website","url":"https:\/\/delorenzoglobal.com\/fr\/","name":"De Lorenzo Training &amp; Didactical Equipment","description":"","potentialAction":[{"@type":"SearchAction","target":{"@type":"EntryPoint","urlTemplate":"https:\/\/delorenzoglobal.com\/fr\/?s={search_term_string}"},"query-input":{"@type":"PropertyValueSpecification","valueRequired":true,"valueName":"search_term_string"}}],"inLanguage":"fr-FR"}]}},"_links":{"self":[{"href":"https:\/\/delorenzoglobal.com\/fr\/wp-json\/wp\/v2\/product\/9319","targetHints":{"allow":["GET"]}}],"collection":[{"href":"https:\/\/delorenzoglobal.com\/fr\/wp-json\/wp\/v2\/product"}],"about":[{"href":"https:\/\/delorenzoglobal.com\/fr\/wp-json\/wp\/v2\/types\/product"}],"wp:featuredmedia":[{"embeddable":true,"href":"https:\/\/delorenzoglobal.com\/fr\/wp-json\/wp\/v2\/media\/9312"}],"wp:attachment":[{"href":"https:\/\/delorenzoglobal.com\/fr\/wp-json\/wp\/v2\/media?parent=9319"}],"wp:term":[{"taxonomy":"product_brand","embeddable":true,"href":"https:\/\/delorenzoglobal.com\/fr\/wp-json\/wp\/v2\/product_brand?post=9319"},{"taxonomy":"product_cat","embeddable":true,"href":"https:\/\/delorenzoglobal.com\/fr\/wp-json\/wp\/v2\/product_cat?post=9319"},{"taxonomy":"product_tag","embeddable":true,"href":"https:\/\/delorenzoglobal.com\/fr\/wp-json\/wp\/v2\/product_tag?post=9319"}],"curies":[{"name":"wp","href":"https:\/\/api.w.org\/{rel}","templated":true}]}}