{"id":9293,"date":"2024-04-17T13:51:18","date_gmt":"2024-04-17T11:51:18","guid":{"rendered":"https:\/\/delorenzoglobal.com\/?post_type=product&#038;p=9293"},"modified":"2025-01-29T12:31:44","modified_gmt":"2025-01-29T11:31:44","slug":"modele-de-moteur-educatif-avec-systeme-dalimentation-en-carburant-cr-edc-15-moteur-en-reel","status":"publish","type":"product","link":"https:\/\/delorenzoglobal.com\/fr\/produit\/modele-de-moteur-educatif-avec-systeme-dalimentation-en-carburant-cr-edc-15-moteur-en-reel\/","title":{"rendered":"MODELE DE MOTEUR EDUCATIF AVEC SYSTEME D&rsquo;ALIMENTATION EN CARBURANT CR EDC &#8211; 15 &#8211; MOTEUR EN REEL"},"content":{"rendered":"<p>Ce moteur de formation est sp\u00e9cialement con\u00e7u pour pr\u00e9senter le syst\u00e8me d&rsquo;injection diesel Rampe Commune ainsi que sa structure op\u00e9rationnelle.<\/p>\n<p>Autonome et enti\u00e8rement op\u00e9rationnel, le moteur de mod\u00e8le diesel est install\u00e9 dans un ch\u00e2ssis mobile.<\/p>\n<p>Le moteur de formation p\u00e9dagogique est bas\u00e9e sur des composants d&rsquo;origine (remis \u00e0 neuf) du v\u00e9hicule Renault avec le syst\u00e8me de commande de moteur Bosch EDC 16C fonctionnel.<\/p>\n<p>Ce moteur d&rsquo;entra\u00eenement est un excellent outil p\u00e9dagogique qui permet aux \u00e9l\u00e8ves d&rsquo;apprendre la structure du moteur et de ses composants, le syst\u00e8me d&rsquo;alimentation, le syst\u00e8me de refroidissement et syst\u00e8me de commande du moteur.<\/p>\n","protected":false},"excerpt":{"rendered":"<p>Ce moteur de formation est sp\u00e9cialement con\u00e7u pour pr\u00e9senter le syst\u00e8me d&rsquo;injection diesel Rampe Commune ainsi que sa structure op\u00e9rationnelle. Autonome et enti\u00e8rement op\u00e9rationnel, le moteur de mod\u00e8le diesel est install\u00e9 dans un ch\u00e2ssis mobile. Le moteur de formation p\u00e9dagogique est bas\u00e9e sur des composants d&rsquo;origine (remis \u00e0 neuf) du v\u00e9hicule Renault avec le syst\u00e8me [&hellip;]<\/p>\n","protected":false},"featured_media":19548,"template":"","meta":{"_acf_changed":false},"product_brand":[],"product_cat":[368],"product_tag":[],"class_list":{"0":"post-9293","1":"product","2":"type-product","3":"status-publish","4":"has-post-thumbnail","6":"product_cat-fonctionnement-du-moteur","8":"first","9":"instock","10":"shipping-taxable","11":"product-type-simple"},"acf":[],"yoast_head":"<!-- This site is optimized with the Yoast SEO plugin v27.0 - https:\/\/yoast.com\/product\/yoast-seo-wordpress\/ -->\n<title>MODELE DE MOTEUR EDUCATIF AVEC SYSTEME D&#039;ALIMENTATION EN CARBURANT CR EDC - 15 - MOTEUR EN REEL - De Lorenzo Training &amp; Didactical Equipment<\/title>\n<meta name=\"robots\" content=\"index, follow, max-snippet:-1, max-image-preview:large, max-video-preview:-1\" \/>\n<link rel=\"canonical\" href=\"https:\/\/delorenzoglobal.com\/fr\/produit\/modele-de-moteur-educatif-avec-systeme-dalimentation-en-carburant-cr-edc-15-moteur-en-reel\/\" \/>\n<meta property=\"og:locale\" content=\"fr_FR\" \/>\n<meta property=\"og:type\" content=\"article\" \/>\n<meta property=\"og:title\" content=\"MODELE DE MOTEUR EDUCATIF AVEC SYSTEME D&#039;ALIMENTATION EN CARBURANT CR EDC - 15 - MOTEUR EN REEL - De Lorenzo Training &amp; Didactical Equipment\" \/>\n<meta property=\"og:description\" content=\"Ce moteur de formation est sp\u00e9cialement con\u00e7u pour pr\u00e9senter le syst\u00e8me d&rsquo;injection diesel Rampe Commune ainsi que sa structure op\u00e9rationnelle. Autonome et enti\u00e8rement op\u00e9rationnel, le moteur de mod\u00e8le diesel est install\u00e9 dans un ch\u00e2ssis mobile. Le moteur de formation p\u00e9dagogique est bas\u00e9e sur des composants d&rsquo;origine (remis \u00e0 neuf) du v\u00e9hicule Renault avec le syst\u00e8me [&hellip;]\" \/>\n<meta property=\"og:url\" content=\"https:\/\/delorenzoglobal.com\/fr\/produit\/modele-de-moteur-educatif-avec-systeme-dalimentation-en-carburant-cr-edc-15-moteur-en-reel\/\" \/>\n<meta property=\"og:site_name\" content=\"De Lorenzo Training &amp; Didactical Equipment\" \/>\n<meta property=\"article:modified_time\" content=\"2025-01-29T11:31:44+00:00\" \/>\n<meta property=\"og:image\" content=\"https:\/\/delorenzoglobal.com\/wp-content\/uploads\/2024\/04\/DL-DM41-xs-scaled.jpg\" \/>\n\t<meta property=\"og:image:width\" content=\"2244\" \/>\n\t<meta property=\"og:image:height\" content=\"2560\" \/>\n\t<meta property=\"og:image:type\" content=\"image\/jpeg\" \/>\n<meta name=\"twitter:card\" content=\"summary_large_image\" \/>\n<meta name=\"twitter:label1\" content=\"Dur\u00e9e de lecture estim\u00e9e\" \/>\n\t<meta name=\"twitter:data1\" content=\"1 minute\" \/>\n<script type=\"application\/ld+json\" class=\"yoast-schema-graph\">{\"@context\":\"https:\/\/schema.org\",\"@graph\":[{\"@type\":\"WebPage\",\"@id\":\"https:\/\/delorenzoglobal.com\/fr\/produit\/modele-de-moteur-educatif-avec-systeme-dalimentation-en-carburant-cr-edc-15-moteur-en-reel\/\",\"url\":\"https:\/\/delorenzoglobal.com\/fr\/produit\/modele-de-moteur-educatif-avec-systeme-dalimentation-en-carburant-cr-edc-15-moteur-en-reel\/\",\"name\":\"MODELE DE MOTEUR EDUCATIF AVEC SYSTEME D'ALIMENTATION EN CARBURANT CR EDC - 15 - MOTEUR EN REEL - De Lorenzo Training &amp; Didactical Equipment\",\"isPartOf\":{\"@id\":\"https:\/\/delorenzoglobal.com\/fr\/#website\"},\"primaryImageOfPage\":{\"@id\":\"https:\/\/delorenzoglobal.com\/fr\/produit\/modele-de-moteur-educatif-avec-systeme-dalimentation-en-carburant-cr-edc-15-moteur-en-reel\/#primaryimage\"},\"image\":{\"@id\":\"https:\/\/delorenzoglobal.com\/fr\/produit\/modele-de-moteur-educatif-avec-systeme-dalimentation-en-carburant-cr-edc-15-moteur-en-reel\/#primaryimage\"},\"thumbnailUrl\":\"https:\/\/delorenzoglobal.com\/wp-content\/uploads\/2024\/04\/DL-DM41-xs-scaled.jpg\",\"datePublished\":\"2024-04-17T11:51:18+00:00\",\"dateModified\":\"2025-01-29T11:31:44+00:00\",\"breadcrumb\":{\"@id\":\"https:\/\/delorenzoglobal.com\/fr\/produit\/modele-de-moteur-educatif-avec-systeme-dalimentation-en-carburant-cr-edc-15-moteur-en-reel\/#breadcrumb\"},\"inLanguage\":\"fr-FR\",\"potentialAction\":[{\"@type\":\"ReadAction\",\"target\":[\"https:\/\/delorenzoglobal.com\/fr\/produit\/modele-de-moteur-educatif-avec-systeme-dalimentation-en-carburant-cr-edc-15-moteur-en-reel\/\"]}]},{\"@type\":\"ImageObject\",\"inLanguage\":\"fr-FR\",\"@id\":\"https:\/\/delorenzoglobal.com\/fr\/produit\/modele-de-moteur-educatif-avec-systeme-dalimentation-en-carburant-cr-edc-15-moteur-en-reel\/#primaryimage\",\"url\":\"https:\/\/delorenzoglobal.com\/wp-content\/uploads\/2024\/04\/DL-DM41-xs-scaled.jpg\",\"contentUrl\":\"https:\/\/delorenzoglobal.com\/wp-content\/uploads\/2024\/04\/DL-DM41-xs-scaled.jpg\",\"width\":2244,\"height\":2560},{\"@type\":\"BreadcrumbList\",\"@id\":\"https:\/\/delorenzoglobal.com\/fr\/produit\/modele-de-moteur-educatif-avec-systeme-dalimentation-en-carburant-cr-edc-15-moteur-en-reel\/#breadcrumb\",\"itemListElement\":[{\"@type\":\"ListItem\",\"position\":1,\"name\":\"Home\",\"item\":\"https:\/\/delorenzoglobal.com\/fr\/\"},{\"@type\":\"ListItem\",\"position\":2,\"name\":\"Boutique\",\"item\":\"https:\/\/delorenzoglobal.com\/fr\/boutique\/\"},{\"@type\":\"ListItem\",\"position\":3,\"name\":\"MODELE DE MOTEUR EDUCATIF AVEC SYSTEME D&#8217;ALIMENTATION EN CARBURANT CR EDC &#8211; 15 &#8211; MOTEUR EN REEL\"}]},{\"@type\":\"WebSite\",\"@id\":\"https:\/\/delorenzoglobal.com\/fr\/#website\",\"url\":\"https:\/\/delorenzoglobal.com\/fr\/\",\"name\":\"De Lorenzo Training &amp; Didactical Equipment\",\"description\":\"\",\"potentialAction\":[{\"@type\":\"SearchAction\",\"target\":{\"@type\":\"EntryPoint\",\"urlTemplate\":\"https:\/\/delorenzoglobal.com\/fr\/?s={search_term_string}\"},\"query-input\":{\"@type\":\"PropertyValueSpecification\",\"valueRequired\":true,\"valueName\":\"search_term_string\"}}],\"inLanguage\":\"fr-FR\"}]}<\/script>\n<!-- \/ Yoast SEO plugin. -->","yoast_head_json":{"title":"MODELE DE MOTEUR EDUCATIF AVEC SYSTEME D'ALIMENTATION EN CARBURANT CR EDC - 15 - MOTEUR EN REEL - De Lorenzo Training &amp; Didactical Equipment","robots":{"index":"index","follow":"follow","max-snippet":"max-snippet:-1","max-image-preview":"max-image-preview:large","max-video-preview":"max-video-preview:-1"},"canonical":"https:\/\/delorenzoglobal.com\/fr\/produit\/modele-de-moteur-educatif-avec-systeme-dalimentation-en-carburant-cr-edc-15-moteur-en-reel\/","og_locale":"fr_FR","og_type":"article","og_title":"MODELE DE MOTEUR EDUCATIF AVEC SYSTEME D'ALIMENTATION EN CARBURANT CR EDC - 15 - MOTEUR EN REEL - De Lorenzo Training &amp; Didactical Equipment","og_description":"Ce moteur de formation est sp\u00e9cialement con\u00e7u pour pr\u00e9senter le syst\u00e8me d&rsquo;injection diesel Rampe Commune ainsi que sa structure op\u00e9rationnelle. Autonome et enti\u00e8rement op\u00e9rationnel, le moteur de mod\u00e8le diesel est install\u00e9 dans un ch\u00e2ssis mobile. Le moteur de formation p\u00e9dagogique est bas\u00e9e sur des composants d&rsquo;origine (remis \u00e0 neuf) du v\u00e9hicule Renault avec le syst\u00e8me [&hellip;]","og_url":"https:\/\/delorenzoglobal.com\/fr\/produit\/modele-de-moteur-educatif-avec-systeme-dalimentation-en-carburant-cr-edc-15-moteur-en-reel\/","og_site_name":"De Lorenzo Training &amp; Didactical Equipment","article_modified_time":"2025-01-29T11:31:44+00:00","og_image":[{"width":2244,"height":2560,"url":"https:\/\/delorenzoglobal.com\/wp-content\/uploads\/2024\/04\/DL-DM41-xs-scaled.jpg","type":"image\/jpeg"}],"twitter_card":"summary_large_image","twitter_misc":{"Dur\u00e9e de lecture estim\u00e9e":"1 minute"},"schema":{"@context":"https:\/\/schema.org","@graph":[{"@type":"WebPage","@id":"https:\/\/delorenzoglobal.com\/fr\/produit\/modele-de-moteur-educatif-avec-systeme-dalimentation-en-carburant-cr-edc-15-moteur-en-reel\/","url":"https:\/\/delorenzoglobal.com\/fr\/produit\/modele-de-moteur-educatif-avec-systeme-dalimentation-en-carburant-cr-edc-15-moteur-en-reel\/","name":"MODELE DE MOTEUR EDUCATIF AVEC SYSTEME D'ALIMENTATION EN CARBURANT CR EDC - 15 - MOTEUR EN REEL - De Lorenzo Training &amp; Didactical Equipment","isPartOf":{"@id":"https:\/\/delorenzoglobal.com\/fr\/#website"},"primaryImageOfPage":{"@id":"https:\/\/delorenzoglobal.com\/fr\/produit\/modele-de-moteur-educatif-avec-systeme-dalimentation-en-carburant-cr-edc-15-moteur-en-reel\/#primaryimage"},"image":{"@id":"https:\/\/delorenzoglobal.com\/fr\/produit\/modele-de-moteur-educatif-avec-systeme-dalimentation-en-carburant-cr-edc-15-moteur-en-reel\/#primaryimage"},"thumbnailUrl":"https:\/\/delorenzoglobal.com\/wp-content\/uploads\/2024\/04\/DL-DM41-xs-scaled.jpg","datePublished":"2024-04-17T11:51:18+00:00","dateModified":"2025-01-29T11:31:44+00:00","breadcrumb":{"@id":"https:\/\/delorenzoglobal.com\/fr\/produit\/modele-de-moteur-educatif-avec-systeme-dalimentation-en-carburant-cr-edc-15-moteur-en-reel\/#breadcrumb"},"inLanguage":"fr-FR","potentialAction":[{"@type":"ReadAction","target":["https:\/\/delorenzoglobal.com\/fr\/produit\/modele-de-moteur-educatif-avec-systeme-dalimentation-en-carburant-cr-edc-15-moteur-en-reel\/"]}]},{"@type":"ImageObject","inLanguage":"fr-FR","@id":"https:\/\/delorenzoglobal.com\/fr\/produit\/modele-de-moteur-educatif-avec-systeme-dalimentation-en-carburant-cr-edc-15-moteur-en-reel\/#primaryimage","url":"https:\/\/delorenzoglobal.com\/wp-content\/uploads\/2024\/04\/DL-DM41-xs-scaled.jpg","contentUrl":"https:\/\/delorenzoglobal.com\/wp-content\/uploads\/2024\/04\/DL-DM41-xs-scaled.jpg","width":2244,"height":2560},{"@type":"BreadcrumbList","@id":"https:\/\/delorenzoglobal.com\/fr\/produit\/modele-de-moteur-educatif-avec-systeme-dalimentation-en-carburant-cr-edc-15-moteur-en-reel\/#breadcrumb","itemListElement":[{"@type":"ListItem","position":1,"name":"Home","item":"https:\/\/delorenzoglobal.com\/fr\/"},{"@type":"ListItem","position":2,"name":"Boutique","item":"https:\/\/delorenzoglobal.com\/fr\/boutique\/"},{"@type":"ListItem","position":3,"name":"MODELE DE MOTEUR EDUCATIF AVEC SYSTEME D&#8217;ALIMENTATION EN CARBURANT CR EDC &#8211; 15 &#8211; MOTEUR EN REEL"}]},{"@type":"WebSite","@id":"https:\/\/delorenzoglobal.com\/fr\/#website","url":"https:\/\/delorenzoglobal.com\/fr\/","name":"De Lorenzo Training &amp; Didactical Equipment","description":"","potentialAction":[{"@type":"SearchAction","target":{"@type":"EntryPoint","urlTemplate":"https:\/\/delorenzoglobal.com\/fr\/?s={search_term_string}"},"query-input":{"@type":"PropertyValueSpecification","valueRequired":true,"valueName":"search_term_string"}}],"inLanguage":"fr-FR"}]}},"_links":{"self":[{"href":"https:\/\/delorenzoglobal.com\/fr\/wp-json\/wp\/v2\/product\/9293","targetHints":{"allow":["GET"]}}],"collection":[{"href":"https:\/\/delorenzoglobal.com\/fr\/wp-json\/wp\/v2\/product"}],"about":[{"href":"https:\/\/delorenzoglobal.com\/fr\/wp-json\/wp\/v2\/types\/product"}],"wp:featuredmedia":[{"embeddable":true,"href":"https:\/\/delorenzoglobal.com\/fr\/wp-json\/wp\/v2\/media\/19548"}],"wp:attachment":[{"href":"https:\/\/delorenzoglobal.com\/fr\/wp-json\/wp\/v2\/media?parent=9293"}],"wp:term":[{"taxonomy":"product_brand","embeddable":true,"href":"https:\/\/delorenzoglobal.com\/fr\/wp-json\/wp\/v2\/product_brand?post=9293"},{"taxonomy":"product_cat","embeddable":true,"href":"https:\/\/delorenzoglobal.com\/fr\/wp-json\/wp\/v2\/product_cat?post=9293"},{"taxonomy":"product_tag","embeddable":true,"href":"https:\/\/delorenzoglobal.com\/fr\/wp-json\/wp\/v2\/product_tag?post=9293"}],"curies":[{"name":"wp","href":"https:\/\/api.w.org\/{rel}","templated":true}]}}