{"id":9207,"date":"2024-04-17T12:37:34","date_gmt":"2024-04-17T10:37:34","guid":{"rendered":"https:\/\/delorenzoglobal.com\/?post_type=product&#038;p=9207"},"modified":"2025-01-29T12:31:19","modified_gmt":"2025-01-29T11:31:19","slug":"systeme-de-commande-de-moteur-m-3-8-x-motronic-formation","status":"publish","type":"product","link":"https:\/\/delorenzoglobal.com\/fr\/produit\/systeme-de-commande-de-moteur-m-3-8-x-motronic-formation\/","title":{"rendered":"SYST\u00c8ME DE COMMANDE DE MOTEUR M 3.8.x MOTRONIC FORMATION"},"content":{"rendered":"<p>Ce panneau de d\u00e9monstration repr\u00e9sente le syst\u00e8me d&rsquo;injection d&rsquo;essence multipoint (MPI) MOTRONIC M 3.8.X.<\/p>\n<p>Ce Syst\u00e8me de contr\u00f4le int\u00e9gr\u00e9 de moteur montre diff\u00e9rents modes de fonctionnement du syst\u00e8me d&rsquo;injection et d&rsquo;allumage de carburant.<\/p>\n<p>La formation est bas\u00e9 sur des composants OEM d&rsquo;Audi \/ VW.<\/p>\n","protected":false},"excerpt":{"rendered":"<p>Ce panneau de d\u00e9monstration repr\u00e9sente le syst\u00e8me d&rsquo;injection d&rsquo;essence multipoint (MPI) MOTRONIC M 3.8.X. Ce Syst\u00e8me de contr\u00f4le int\u00e9gr\u00e9 de moteur montre diff\u00e9rents modes de fonctionnement du syst\u00e8me d&rsquo;injection et d&rsquo;allumage de carburant. La formation est bas\u00e9 sur des composants OEM d&rsquo;Audi \/ VW.<\/p>\n","protected":false},"featured_media":9252,"template":"","meta":{"_acf_changed":false},"product_brand":[],"product_cat":[368],"product_tag":[],"class_list":{"0":"post-9207","1":"product","2":"type-product","3":"status-publish","4":"has-post-thumbnail","6":"product_cat-fonctionnement-du-moteur","8":"first","9":"instock","10":"shipping-taxable","11":"product-type-simple"},"acf":[],"yoast_head":"<!-- This site is optimized with the Yoast SEO plugin v27.0 - https:\/\/yoast.com\/product\/yoast-seo-wordpress\/ -->\n<title>SYST\u00c8ME DE COMMANDE DE MOTEUR M 3.8.x MOTRONIC FORMATION - De Lorenzo Training &amp; Didactical Equipment<\/title>\n<meta name=\"robots\" content=\"index, follow, max-snippet:-1, max-image-preview:large, max-video-preview:-1\" \/>\n<link rel=\"canonical\" href=\"https:\/\/delorenzoglobal.com\/fr\/produit\/systeme-de-commande-de-moteur-m-3-8-x-motronic-formation\/\" \/>\n<meta property=\"og:locale\" content=\"fr_FR\" \/>\n<meta property=\"og:type\" content=\"article\" \/>\n<meta property=\"og:title\" content=\"SYST\u00c8ME DE COMMANDE DE MOTEUR M 3.8.x MOTRONIC FORMATION - De Lorenzo Training &amp; Didactical Equipment\" \/>\n<meta property=\"og:description\" content=\"Ce panneau de d\u00e9monstration repr\u00e9sente le syst\u00e8me d&rsquo;injection d&rsquo;essence multipoint (MPI) MOTRONIC M 3.8.X. Ce Syst\u00e8me de contr\u00f4le int\u00e9gr\u00e9 de moteur montre diff\u00e9rents modes de fonctionnement du syst\u00e8me d&rsquo;injection et d&rsquo;allumage de carburant. La formation est bas\u00e9 sur des composants OEM d&rsquo;Audi \/ VW.\" \/>\n<meta property=\"og:url\" content=\"https:\/\/delorenzoglobal.com\/fr\/produit\/systeme-de-commande-de-moteur-m-3-8-x-motronic-formation\/\" \/>\n<meta property=\"og:site_name\" content=\"De Lorenzo Training &amp; Didactical Equipment\" \/>\n<meta property=\"article:modified_time\" content=\"2025-01-29T11:31:19+00:00\" \/>\n<meta property=\"og:image\" content=\"https:\/\/delorenzoglobal.com\/wp-content\/uploads\/2024\/04\/DL-DM35.png\" \/>\n\t<meta property=\"og:image:width\" content=\"366\" \/>\n\t<meta property=\"og:image:height\" content=\"484\" \/>\n\t<meta property=\"og:image:type\" content=\"image\/png\" \/>\n<meta name=\"twitter:card\" content=\"summary_large_image\" \/>\n<meta name=\"twitter:label1\" content=\"Dur\u00e9e de lecture estim\u00e9e\" \/>\n\t<meta name=\"twitter:data1\" content=\"1 minute\" \/>\n<script type=\"application\/ld+json\" class=\"yoast-schema-graph\">{\"@context\":\"https:\/\/schema.org\",\"@graph\":[{\"@type\":\"WebPage\",\"@id\":\"https:\/\/delorenzoglobal.com\/fr\/produit\/systeme-de-commande-de-moteur-m-3-8-x-motronic-formation\/\",\"url\":\"https:\/\/delorenzoglobal.com\/fr\/produit\/systeme-de-commande-de-moteur-m-3-8-x-motronic-formation\/\",\"name\":\"SYST\u00c8ME DE COMMANDE DE MOTEUR M 3.8.x MOTRONIC FORMATION - De Lorenzo Training &amp; Didactical Equipment\",\"isPartOf\":{\"@id\":\"https:\/\/delorenzoglobal.com\/fr\/#website\"},\"primaryImageOfPage\":{\"@id\":\"https:\/\/delorenzoglobal.com\/fr\/produit\/systeme-de-commande-de-moteur-m-3-8-x-motronic-formation\/#primaryimage\"},\"image\":{\"@id\":\"https:\/\/delorenzoglobal.com\/fr\/produit\/systeme-de-commande-de-moteur-m-3-8-x-motronic-formation\/#primaryimage\"},\"thumbnailUrl\":\"https:\/\/delorenzoglobal.com\/wp-content\/uploads\/2024\/04\/DL-DM35.png\",\"datePublished\":\"2024-04-17T10:37:34+00:00\",\"dateModified\":\"2025-01-29T11:31:19+00:00\",\"breadcrumb\":{\"@id\":\"https:\/\/delorenzoglobal.com\/fr\/produit\/systeme-de-commande-de-moteur-m-3-8-x-motronic-formation\/#breadcrumb\"},\"inLanguage\":\"fr-FR\",\"potentialAction\":[{\"@type\":\"ReadAction\",\"target\":[\"https:\/\/delorenzoglobal.com\/fr\/produit\/systeme-de-commande-de-moteur-m-3-8-x-motronic-formation\/\"]}]},{\"@type\":\"ImageObject\",\"inLanguage\":\"fr-FR\",\"@id\":\"https:\/\/delorenzoglobal.com\/fr\/produit\/systeme-de-commande-de-moteur-m-3-8-x-motronic-formation\/#primaryimage\",\"url\":\"https:\/\/delorenzoglobal.com\/wp-content\/uploads\/2024\/04\/DL-DM35.png\",\"contentUrl\":\"https:\/\/delorenzoglobal.com\/wp-content\/uploads\/2024\/04\/DL-DM35.png\",\"width\":366,\"height\":484},{\"@type\":\"BreadcrumbList\",\"@id\":\"https:\/\/delorenzoglobal.com\/fr\/produit\/systeme-de-commande-de-moteur-m-3-8-x-motronic-formation\/#breadcrumb\",\"itemListElement\":[{\"@type\":\"ListItem\",\"position\":1,\"name\":\"Home\",\"item\":\"https:\/\/delorenzoglobal.com\/fr\/\"},{\"@type\":\"ListItem\",\"position\":2,\"name\":\"Boutique\",\"item\":\"https:\/\/delorenzoglobal.com\/fr\/boutique\/\"},{\"@type\":\"ListItem\",\"position\":3,\"name\":\"SYST\u00c8ME DE COMMANDE DE MOTEUR M 3.8.x MOTRONIC FORMATION\"}]},{\"@type\":\"WebSite\",\"@id\":\"https:\/\/delorenzoglobal.com\/fr\/#website\",\"url\":\"https:\/\/delorenzoglobal.com\/fr\/\",\"name\":\"De Lorenzo Training &amp; Didactical Equipment\",\"description\":\"\",\"potentialAction\":[{\"@type\":\"SearchAction\",\"target\":{\"@type\":\"EntryPoint\",\"urlTemplate\":\"https:\/\/delorenzoglobal.com\/fr\/?s={search_term_string}\"},\"query-input\":{\"@type\":\"PropertyValueSpecification\",\"valueRequired\":true,\"valueName\":\"search_term_string\"}}],\"inLanguage\":\"fr-FR\"}]}<\/script>\n<!-- \/ Yoast SEO plugin. -->","yoast_head_json":{"title":"SYST\u00c8ME DE COMMANDE DE MOTEUR M 3.8.x MOTRONIC FORMATION - De Lorenzo Training &amp; Didactical Equipment","robots":{"index":"index","follow":"follow","max-snippet":"max-snippet:-1","max-image-preview":"max-image-preview:large","max-video-preview":"max-video-preview:-1"},"canonical":"https:\/\/delorenzoglobal.com\/fr\/produit\/systeme-de-commande-de-moteur-m-3-8-x-motronic-formation\/","og_locale":"fr_FR","og_type":"article","og_title":"SYST\u00c8ME DE COMMANDE DE MOTEUR M 3.8.x MOTRONIC FORMATION - De Lorenzo Training &amp; Didactical Equipment","og_description":"Ce panneau de d\u00e9monstration repr\u00e9sente le syst\u00e8me d&rsquo;injection d&rsquo;essence multipoint (MPI) MOTRONIC M 3.8.X. Ce Syst\u00e8me de contr\u00f4le int\u00e9gr\u00e9 de moteur montre diff\u00e9rents modes de fonctionnement du syst\u00e8me d&rsquo;injection et d&rsquo;allumage de carburant. La formation est bas\u00e9 sur des composants OEM d&rsquo;Audi \/ VW.","og_url":"https:\/\/delorenzoglobal.com\/fr\/produit\/systeme-de-commande-de-moteur-m-3-8-x-motronic-formation\/","og_site_name":"De Lorenzo Training &amp; Didactical Equipment","article_modified_time":"2025-01-29T11:31:19+00:00","og_image":[{"width":366,"height":484,"url":"https:\/\/delorenzoglobal.com\/wp-content\/uploads\/2024\/04\/DL-DM35.png","type":"image\/png"}],"twitter_card":"summary_large_image","twitter_misc":{"Dur\u00e9e de lecture estim\u00e9e":"1 minute"},"schema":{"@context":"https:\/\/schema.org","@graph":[{"@type":"WebPage","@id":"https:\/\/delorenzoglobal.com\/fr\/produit\/systeme-de-commande-de-moteur-m-3-8-x-motronic-formation\/","url":"https:\/\/delorenzoglobal.com\/fr\/produit\/systeme-de-commande-de-moteur-m-3-8-x-motronic-formation\/","name":"SYST\u00c8ME DE COMMANDE DE MOTEUR M 3.8.x MOTRONIC FORMATION - De Lorenzo Training &amp; Didactical Equipment","isPartOf":{"@id":"https:\/\/delorenzoglobal.com\/fr\/#website"},"primaryImageOfPage":{"@id":"https:\/\/delorenzoglobal.com\/fr\/produit\/systeme-de-commande-de-moteur-m-3-8-x-motronic-formation\/#primaryimage"},"image":{"@id":"https:\/\/delorenzoglobal.com\/fr\/produit\/systeme-de-commande-de-moteur-m-3-8-x-motronic-formation\/#primaryimage"},"thumbnailUrl":"https:\/\/delorenzoglobal.com\/wp-content\/uploads\/2024\/04\/DL-DM35.png","datePublished":"2024-04-17T10:37:34+00:00","dateModified":"2025-01-29T11:31:19+00:00","breadcrumb":{"@id":"https:\/\/delorenzoglobal.com\/fr\/produit\/systeme-de-commande-de-moteur-m-3-8-x-motronic-formation\/#breadcrumb"},"inLanguage":"fr-FR","potentialAction":[{"@type":"ReadAction","target":["https:\/\/delorenzoglobal.com\/fr\/produit\/systeme-de-commande-de-moteur-m-3-8-x-motronic-formation\/"]}]},{"@type":"ImageObject","inLanguage":"fr-FR","@id":"https:\/\/delorenzoglobal.com\/fr\/produit\/systeme-de-commande-de-moteur-m-3-8-x-motronic-formation\/#primaryimage","url":"https:\/\/delorenzoglobal.com\/wp-content\/uploads\/2024\/04\/DL-DM35.png","contentUrl":"https:\/\/delorenzoglobal.com\/wp-content\/uploads\/2024\/04\/DL-DM35.png","width":366,"height":484},{"@type":"BreadcrumbList","@id":"https:\/\/delorenzoglobal.com\/fr\/produit\/systeme-de-commande-de-moteur-m-3-8-x-motronic-formation\/#breadcrumb","itemListElement":[{"@type":"ListItem","position":1,"name":"Home","item":"https:\/\/delorenzoglobal.com\/fr\/"},{"@type":"ListItem","position":2,"name":"Boutique","item":"https:\/\/delorenzoglobal.com\/fr\/boutique\/"},{"@type":"ListItem","position":3,"name":"SYST\u00c8ME DE COMMANDE DE MOTEUR M 3.8.x MOTRONIC FORMATION"}]},{"@type":"WebSite","@id":"https:\/\/delorenzoglobal.com\/fr\/#website","url":"https:\/\/delorenzoglobal.com\/fr\/","name":"De Lorenzo Training &amp; Didactical Equipment","description":"","potentialAction":[{"@type":"SearchAction","target":{"@type":"EntryPoint","urlTemplate":"https:\/\/delorenzoglobal.com\/fr\/?s={search_term_string}"},"query-input":{"@type":"PropertyValueSpecification","valueRequired":true,"valueName":"search_term_string"}}],"inLanguage":"fr-FR"}]}},"_links":{"self":[{"href":"https:\/\/delorenzoglobal.com\/fr\/wp-json\/wp\/v2\/product\/9207","targetHints":{"allow":["GET"]}}],"collection":[{"href":"https:\/\/delorenzoglobal.com\/fr\/wp-json\/wp\/v2\/product"}],"about":[{"href":"https:\/\/delorenzoglobal.com\/fr\/wp-json\/wp\/v2\/types\/product"}],"wp:featuredmedia":[{"embeddable":true,"href":"https:\/\/delorenzoglobal.com\/fr\/wp-json\/wp\/v2\/media\/9252"}],"wp:attachment":[{"href":"https:\/\/delorenzoglobal.com\/fr\/wp-json\/wp\/v2\/media?parent=9207"}],"wp:term":[{"taxonomy":"product_brand","embeddable":true,"href":"https:\/\/delorenzoglobal.com\/fr\/wp-json\/wp\/v2\/product_brand?post=9207"},{"taxonomy":"product_cat","embeddable":true,"href":"https:\/\/delorenzoglobal.com\/fr\/wp-json\/wp\/v2\/product_cat?post=9207"},{"taxonomy":"product_tag","embeddable":true,"href":"https:\/\/delorenzoglobal.com\/fr\/wp-json\/wp\/v2\/product_tag?post=9207"}],"curies":[{"name":"wp","href":"https:\/\/api.w.org\/{rel}","templated":true}]}}