{"id":920,"date":"2024-04-08T16:14:54","date_gmt":"2024-04-08T14:14:54","guid":{"rendered":"https:\/\/delorenzoglobal.com\/?post_type=product&#038;p=920"},"modified":"2026-04-01T12:07:14","modified_gmt":"2026-04-01T10:07:14","slug":"simulateur-dentrees-sorties-numeriques","status":"publish","type":"product","link":"https:\/\/delorenzoglobal.com\/fr\/produit\/simulateur-dentrees-sorties-numeriques\/","title":{"rendered":"SIMULATEUR D\u2019ENTREES \/SORTIES NUMERIQUES"},"content":{"rendered":"<p>Il comprend 8 commutateurs pour entr\u00e9e d&rsquo;automate programmable et 8 LED pour sortie de l&rsquo;automate.<\/p>\n<p>La connexion \u00e0 l&rsquo;automate peut \u00eatre effectu\u00e9e au moyen de bornes.<\/p>\n<p>Alimentation: monophas\u00e9e de r\u00e9seau.<\/p>\n<p>Livr\u00e9 avec manuel didactique et logiciel.<\/p>\n<p>NOTE: Il peut \u00eatre connect\u00e9 \u00e0 un PLC tel que le DL 2110AH.<\/p>\n","protected":false},"excerpt":{"rendered":"<p>Il comprend 8 commutateurs pour entr\u00e9e d&rsquo;automate programmable et 8 LED pour sortie de l&rsquo;automate. La connexion \u00e0 l&rsquo;automate peut \u00eatre effectu\u00e9e au moyen de bornes. Alimentation: monophas\u00e9e de r\u00e9seau. Livr\u00e9 avec manuel didactique et logiciel. NOTE: Il peut \u00eatre connect\u00e9 \u00e0 un PLC tel que le DL 2110AH.<\/p>\n","protected":false},"featured_media":70077,"template":"","meta":{"_acf_changed":false},"product_brand":[],"product_cat":[168],"product_tag":[],"class_list":{"0":"post-920","1":"product","2":"type-product","3":"status-publish","4":"has-post-thumbnail","6":"product_cat-simulateurs-systemes","8":"first","9":"instock","10":"shipping-taxable","11":"product-type-simple"},"acf":[],"yoast_head":"<!-- This site is optimized with the Yoast SEO plugin v27.0 - https:\/\/yoast.com\/product\/yoast-seo-wordpress\/ -->\n<title>SIMULATEUR D\u2019ENTREES \/SORTIES NUMERIQUES - De Lorenzo Training &amp; Didactical Equipment<\/title>\n<meta name=\"description\" content=\"Il comprend 8 commutateurs pour entr\u00e9e d&#039;automate programmable et 8 LED pour sortie de l&#039;automate.La connexion \u00e0 l&#039;automate peut \u00eatre effectu\u00e9e au moyen de bornes.\" \/>\n<meta name=\"robots\" content=\"index, follow, max-snippet:-1, max-image-preview:large, max-video-preview:-1\" \/>\n<link rel=\"canonical\" href=\"https:\/\/delorenzoglobal.com\/fr\/produit\/simulateur-dentrees-sorties-numeriques\/\" \/>\n<meta property=\"og:locale\" content=\"fr_FR\" \/>\n<meta property=\"og:type\" content=\"article\" \/>\n<meta property=\"og:title\" content=\"SIMULATEUR D\u2019ENTREES \/SORTIES NUMERIQUES - De Lorenzo Training &amp; Didactical Equipment\" \/>\n<meta property=\"og:description\" content=\"Il comprend 8 commutateurs pour entr\u00e9e d&#039;automate programmable et 8 LED pour sortie de l&#039;automate.La connexion \u00e0 l&#039;automate peut \u00eatre effectu\u00e9e au moyen de bornes.\" \/>\n<meta property=\"og:url\" content=\"https:\/\/delorenzoglobal.com\/fr\/produit\/simulateur-dentrees-sorties-numeriques\/\" \/>\n<meta property=\"og:site_name\" content=\"De Lorenzo Training &amp; Didactical Equipment\" \/>\n<meta property=\"article:modified_time\" content=\"2026-04-01T10:07:14+00:00\" \/>\n<meta property=\"og:image\" content=\"https:\/\/delorenzoglobal.com\/wp-content\/uploads\/2024\/04\/DL-2113RM-1.jpg\" \/>\n\t<meta property=\"og:image:width\" content=\"507\" \/>\n\t<meta property=\"og:image:height\" content=\"561\" \/>\n\t<meta property=\"og:image:type\" content=\"image\/jpeg\" \/>\n<meta name=\"twitter:card\" content=\"summary_large_image\" \/>\n<meta name=\"twitter:label1\" content=\"Dur\u00e9e de lecture estim\u00e9e\" \/>\n\t<meta name=\"twitter:data1\" content=\"1 minute\" \/>\n<script type=\"application\/ld+json\" class=\"yoast-schema-graph\">{\"@context\":\"https:\/\/schema.org\",\"@graph\":[{\"@type\":\"WebPage\",\"@id\":\"https:\/\/delorenzoglobal.com\/fr\/produit\/simulateur-dentrees-sorties-numeriques\/\",\"url\":\"https:\/\/delorenzoglobal.com\/fr\/produit\/simulateur-dentrees-sorties-numeriques\/\",\"name\":\"SIMULATEUR D\u2019ENTREES \/SORTIES NUMERIQUES - De Lorenzo Training &amp; Didactical Equipment\",\"isPartOf\":{\"@id\":\"https:\/\/delorenzoglobal.com\/fr\/#website\"},\"primaryImageOfPage\":{\"@id\":\"https:\/\/delorenzoglobal.com\/fr\/produit\/simulateur-dentrees-sorties-numeriques\/#primaryimage\"},\"image\":{\"@id\":\"https:\/\/delorenzoglobal.com\/fr\/produit\/simulateur-dentrees-sorties-numeriques\/#primaryimage\"},\"thumbnailUrl\":\"https:\/\/delorenzoglobal.com\/wp-content\/uploads\/2024\/04\/DL-2113RM-1.jpg\",\"datePublished\":\"2024-04-08T14:14:54+00:00\",\"dateModified\":\"2026-04-01T10:07:14+00:00\",\"description\":\"Il comprend 8 commutateurs pour entr\u00e9e d'automate programmable et 8 LED pour sortie de l'automate.La connexion \u00e0 l'automate peut \u00eatre effectu\u00e9e au moyen de bornes.\",\"breadcrumb\":{\"@id\":\"https:\/\/delorenzoglobal.com\/fr\/produit\/simulateur-dentrees-sorties-numeriques\/#breadcrumb\"},\"inLanguage\":\"fr-FR\",\"potentialAction\":[{\"@type\":\"ReadAction\",\"target\":[\"https:\/\/delorenzoglobal.com\/fr\/produit\/simulateur-dentrees-sorties-numeriques\/\"]}]},{\"@type\":\"ImageObject\",\"inLanguage\":\"fr-FR\",\"@id\":\"https:\/\/delorenzoglobal.com\/fr\/produit\/simulateur-dentrees-sorties-numeriques\/#primaryimage\",\"url\":\"https:\/\/delorenzoglobal.com\/wp-content\/uploads\/2024\/04\/DL-2113RM-1.jpg\",\"contentUrl\":\"https:\/\/delorenzoglobal.com\/wp-content\/uploads\/2024\/04\/DL-2113RM-1.jpg\",\"width\":507,\"height\":561},{\"@type\":\"BreadcrumbList\",\"@id\":\"https:\/\/delorenzoglobal.com\/fr\/produit\/simulateur-dentrees-sorties-numeriques\/#breadcrumb\",\"itemListElement\":[{\"@type\":\"ListItem\",\"position\":1,\"name\":\"Home\",\"item\":\"https:\/\/delorenzoglobal.com\/fr\/\"},{\"@type\":\"ListItem\",\"position\":2,\"name\":\"Boutique\",\"item\":\"https:\/\/delorenzoglobal.com\/fr\/boutique\/\"},{\"@type\":\"ListItem\",\"position\":3,\"name\":\"SIMULATEUR D\u2019ENTREES \/SORTIES NUMERIQUES\"}]},{\"@type\":\"WebSite\",\"@id\":\"https:\/\/delorenzoglobal.com\/fr\/#website\",\"url\":\"https:\/\/delorenzoglobal.com\/fr\/\",\"name\":\"De Lorenzo Training &amp; Didactical Equipment\",\"description\":\"\",\"potentialAction\":[{\"@type\":\"SearchAction\",\"target\":{\"@type\":\"EntryPoint\",\"urlTemplate\":\"https:\/\/delorenzoglobal.com\/fr\/?s={search_term_string}\"},\"query-input\":{\"@type\":\"PropertyValueSpecification\",\"valueRequired\":true,\"valueName\":\"search_term_string\"}}],\"inLanguage\":\"fr-FR\"}]}<\/script>\n<!-- \/ Yoast SEO plugin. -->","yoast_head_json":{"title":"SIMULATEUR D\u2019ENTREES \/SORTIES NUMERIQUES - De Lorenzo Training &amp; Didactical Equipment","description":"Il comprend 8 commutateurs pour entr\u00e9e d'automate programmable et 8 LED pour sortie de l'automate.La connexion \u00e0 l'automate peut \u00eatre effectu\u00e9e au moyen de bornes.","robots":{"index":"index","follow":"follow","max-snippet":"max-snippet:-1","max-image-preview":"max-image-preview:large","max-video-preview":"max-video-preview:-1"},"canonical":"https:\/\/delorenzoglobal.com\/fr\/produit\/simulateur-dentrees-sorties-numeriques\/","og_locale":"fr_FR","og_type":"article","og_title":"SIMULATEUR D\u2019ENTREES \/SORTIES NUMERIQUES - De Lorenzo Training &amp; Didactical Equipment","og_description":"Il comprend 8 commutateurs pour entr\u00e9e d'automate programmable et 8 LED pour sortie de l'automate.La connexion \u00e0 l'automate peut \u00eatre effectu\u00e9e au moyen de bornes.","og_url":"https:\/\/delorenzoglobal.com\/fr\/produit\/simulateur-dentrees-sorties-numeriques\/","og_site_name":"De Lorenzo Training &amp; Didactical Equipment","article_modified_time":"2026-04-01T10:07:14+00:00","og_image":[{"width":507,"height":561,"url":"https:\/\/delorenzoglobal.com\/wp-content\/uploads\/2024\/04\/DL-2113RM-1.jpg","type":"image\/jpeg"}],"twitter_card":"summary_large_image","twitter_misc":{"Dur\u00e9e de lecture estim\u00e9e":"1 minute"},"schema":{"@context":"https:\/\/schema.org","@graph":[{"@type":"WebPage","@id":"https:\/\/delorenzoglobal.com\/fr\/produit\/simulateur-dentrees-sorties-numeriques\/","url":"https:\/\/delorenzoglobal.com\/fr\/produit\/simulateur-dentrees-sorties-numeriques\/","name":"SIMULATEUR D\u2019ENTREES \/SORTIES NUMERIQUES - De Lorenzo Training &amp; Didactical Equipment","isPartOf":{"@id":"https:\/\/delorenzoglobal.com\/fr\/#website"},"primaryImageOfPage":{"@id":"https:\/\/delorenzoglobal.com\/fr\/produit\/simulateur-dentrees-sorties-numeriques\/#primaryimage"},"image":{"@id":"https:\/\/delorenzoglobal.com\/fr\/produit\/simulateur-dentrees-sorties-numeriques\/#primaryimage"},"thumbnailUrl":"https:\/\/delorenzoglobal.com\/wp-content\/uploads\/2024\/04\/DL-2113RM-1.jpg","datePublished":"2024-04-08T14:14:54+00:00","dateModified":"2026-04-01T10:07:14+00:00","description":"Il comprend 8 commutateurs pour entr\u00e9e d'automate programmable et 8 LED pour sortie de l'automate.La connexion \u00e0 l'automate peut \u00eatre effectu\u00e9e au moyen de bornes.","breadcrumb":{"@id":"https:\/\/delorenzoglobal.com\/fr\/produit\/simulateur-dentrees-sorties-numeriques\/#breadcrumb"},"inLanguage":"fr-FR","potentialAction":[{"@type":"ReadAction","target":["https:\/\/delorenzoglobal.com\/fr\/produit\/simulateur-dentrees-sorties-numeriques\/"]}]},{"@type":"ImageObject","inLanguage":"fr-FR","@id":"https:\/\/delorenzoglobal.com\/fr\/produit\/simulateur-dentrees-sorties-numeriques\/#primaryimage","url":"https:\/\/delorenzoglobal.com\/wp-content\/uploads\/2024\/04\/DL-2113RM-1.jpg","contentUrl":"https:\/\/delorenzoglobal.com\/wp-content\/uploads\/2024\/04\/DL-2113RM-1.jpg","width":507,"height":561},{"@type":"BreadcrumbList","@id":"https:\/\/delorenzoglobal.com\/fr\/produit\/simulateur-dentrees-sorties-numeriques\/#breadcrumb","itemListElement":[{"@type":"ListItem","position":1,"name":"Home","item":"https:\/\/delorenzoglobal.com\/fr\/"},{"@type":"ListItem","position":2,"name":"Boutique","item":"https:\/\/delorenzoglobal.com\/fr\/boutique\/"},{"@type":"ListItem","position":3,"name":"SIMULATEUR D\u2019ENTREES \/SORTIES NUMERIQUES"}]},{"@type":"WebSite","@id":"https:\/\/delorenzoglobal.com\/fr\/#website","url":"https:\/\/delorenzoglobal.com\/fr\/","name":"De Lorenzo Training &amp; Didactical Equipment","description":"","potentialAction":[{"@type":"SearchAction","target":{"@type":"EntryPoint","urlTemplate":"https:\/\/delorenzoglobal.com\/fr\/?s={search_term_string}"},"query-input":{"@type":"PropertyValueSpecification","valueRequired":true,"valueName":"search_term_string"}}],"inLanguage":"fr-FR"}]}},"_links":{"self":[{"href":"https:\/\/delorenzoglobal.com\/fr\/wp-json\/wp\/v2\/product\/920","targetHints":{"allow":["GET"]}}],"collection":[{"href":"https:\/\/delorenzoglobal.com\/fr\/wp-json\/wp\/v2\/product"}],"about":[{"href":"https:\/\/delorenzoglobal.com\/fr\/wp-json\/wp\/v2\/types\/product"}],"wp:featuredmedia":[{"embeddable":true,"href":"https:\/\/delorenzoglobal.com\/fr\/wp-json\/wp\/v2\/media\/70077"}],"wp:attachment":[{"href":"https:\/\/delorenzoglobal.com\/fr\/wp-json\/wp\/v2\/media?parent=920"}],"wp:term":[{"taxonomy":"product_brand","embeddable":true,"href":"https:\/\/delorenzoglobal.com\/fr\/wp-json\/wp\/v2\/product_brand?post=920"},{"taxonomy":"product_cat","embeddable":true,"href":"https:\/\/delorenzoglobal.com\/fr\/wp-json\/wp\/v2\/product_cat?post=920"},{"taxonomy":"product_tag","embeddable":true,"href":"https:\/\/delorenzoglobal.com\/fr\/wp-json\/wp\/v2\/product_tag?post=920"}],"curies":[{"name":"wp","href":"https:\/\/api.w.org\/{rel}","templated":true}]}}