{"id":9187,"date":"2024-04-17T12:30:50","date_gmt":"2024-04-17T10:30:50","guid":{"rendered":"https:\/\/delorenzoglobal.com\/?post_type=product&#038;p=9187"},"modified":"2026-01-13T12:53:52","modified_gmt":"2026-01-13T11:53:52","slug":"formation-compact-d-jetronic","status":"publish","type":"product","link":"https:\/\/delorenzoglobal.com\/fr\/produit\/formation-compact-d-jetronic\/","title":{"rendered":"FORMATION COMPACT D-JETRONIC"},"content":{"rendered":"<p>Ce banc d&rsquo;essai est con\u00e7u pour reproduire les performances du syst\u00e8me de moteur \u00e0 injection mono-point D-Jetronic et la d\u00e9termination \u00e9lectronique MULTEC de l&rsquo;angle d&rsquo;avance, ainsi que la repr\u00e9sentation de la commande du syst\u00e8me de moteur avec des changements de la dose de carburant et de l&rsquo;angle d&rsquo;avance, en ce que la temp\u00e9rature, la vitesse de rotation, la charge et de nombreux autres param\u00e8tres li\u00e9s.<\/p>\n","protected":false},"excerpt":{"rendered":"<p>Ce banc d&rsquo;essai est con\u00e7u pour reproduire les performances du syst\u00e8me de moteur \u00e0 injection mono-point D-Jetronic et la d\u00e9termination \u00e9lectronique MULTEC de l&rsquo;angle d&rsquo;avance, ainsi que la repr\u00e9sentation de la commande du syst\u00e8me de moteur avec des changements de la dose de carburant et de l&rsquo;angle d&rsquo;avance, en ce que la temp\u00e9rature, la vitesse [&hellip;]<\/p>\n","protected":false},"featured_media":67405,"template":"","meta":{"_acf_changed":false},"product_brand":[],"product_cat":[368],"product_tag":[],"class_list":{"0":"post-9187","1":"product","2":"type-product","3":"status-publish","4":"has-post-thumbnail","6":"product_cat-fonctionnement-du-moteur","8":"first","9":"instock","10":"shipping-taxable","11":"product-type-simple"},"acf":[],"yoast_head":"<!-- This site is optimized with the Yoast SEO plugin v27.0 - https:\/\/yoast.com\/product\/yoast-seo-wordpress\/ -->\n<title>FORMATION COMPACT D-JETRONIC - De Lorenzo Training &amp; Didactical Equipment<\/title>\n<meta name=\"description\" content=\"Banc d\u2019essai p\u00e9dagogique pour l\u2019\u00e9tude du syst\u00e8me d\u2019injection D-Jetronic et de la gestion \u00e9lectronique MULTEC, avec simulation de l\u2019avance, du carburant, de la temp\u00e9rature, de la charge et du r\u00e9gime moteur.\" \/>\n<meta name=\"robots\" content=\"index, follow, max-snippet:-1, max-image-preview:large, max-video-preview:-1\" \/>\n<link rel=\"canonical\" href=\"https:\/\/delorenzoglobal.com\/fr\/produit\/formation-compact-d-jetronic\/\" \/>\n<meta property=\"og:locale\" content=\"fr_FR\" \/>\n<meta property=\"og:type\" content=\"article\" \/>\n<meta property=\"og:title\" content=\"FORMATION COMPACT D-JETRONIC - De Lorenzo Training &amp; Didactical Equipment\" \/>\n<meta property=\"og:description\" content=\"Banc d\u2019essai p\u00e9dagogique pour l\u2019\u00e9tude du syst\u00e8me d\u2019injection D-Jetronic et de la gestion \u00e9lectronique MULTEC, avec simulation de l\u2019avance, du carburant, de la temp\u00e9rature, de la charge et du r\u00e9gime moteur.\" \/>\n<meta property=\"og:url\" content=\"https:\/\/delorenzoglobal.com\/fr\/produit\/formation-compact-d-jetronic\/\" \/>\n<meta property=\"og:site_name\" content=\"De Lorenzo Training &amp; Didactical Equipment\" \/>\n<meta property=\"article:modified_time\" content=\"2026-01-13T11:53:52+00:00\" \/>\n<meta property=\"og:image\" content=\"https:\/\/delorenzoglobal.com\/wp-content\/uploads\/2024\/04\/DL-DM24-1.jpg\" \/>\n\t<meta property=\"og:image:width\" content=\"446\" \/>\n\t<meta property=\"og:image:height\" content=\"568\" \/>\n\t<meta property=\"og:image:type\" content=\"image\/jpeg\" \/>\n<meta name=\"twitter:card\" content=\"summary_large_image\" \/>\n<meta name=\"twitter:label1\" content=\"Dur\u00e9e de lecture estim\u00e9e\" \/>\n\t<meta name=\"twitter:data1\" content=\"1 minute\" \/>\n<script type=\"application\/ld+json\" class=\"yoast-schema-graph\">{\"@context\":\"https:\/\/schema.org\",\"@graph\":[{\"@type\":\"WebPage\",\"@id\":\"https:\/\/delorenzoglobal.com\/fr\/produit\/formation-compact-d-jetronic\/\",\"url\":\"https:\/\/delorenzoglobal.com\/fr\/produit\/formation-compact-d-jetronic\/\",\"name\":\"FORMATION COMPACT D-JETRONIC - De Lorenzo Training &amp; Didactical Equipment\",\"isPartOf\":{\"@id\":\"https:\/\/delorenzoglobal.com\/fr\/#website\"},\"primaryImageOfPage\":{\"@id\":\"https:\/\/delorenzoglobal.com\/fr\/produit\/formation-compact-d-jetronic\/#primaryimage\"},\"image\":{\"@id\":\"https:\/\/delorenzoglobal.com\/fr\/produit\/formation-compact-d-jetronic\/#primaryimage\"},\"thumbnailUrl\":\"https:\/\/delorenzoglobal.com\/wp-content\/uploads\/2024\/04\/DL-DM24-1.jpg\",\"datePublished\":\"2024-04-17T10:30:50+00:00\",\"dateModified\":\"2026-01-13T11:53:52+00:00\",\"description\":\"Banc d\u2019essai p\u00e9dagogique pour l\u2019\u00e9tude du syst\u00e8me d\u2019injection D-Jetronic et de la gestion \u00e9lectronique MULTEC, avec simulation de l\u2019avance, du carburant, de la temp\u00e9rature, de la charge et du r\u00e9gime moteur.\",\"breadcrumb\":{\"@id\":\"https:\/\/delorenzoglobal.com\/fr\/produit\/formation-compact-d-jetronic\/#breadcrumb\"},\"inLanguage\":\"fr-FR\",\"potentialAction\":[{\"@type\":\"ReadAction\",\"target\":[\"https:\/\/delorenzoglobal.com\/fr\/produit\/formation-compact-d-jetronic\/\"]}]},{\"@type\":\"ImageObject\",\"inLanguage\":\"fr-FR\",\"@id\":\"https:\/\/delorenzoglobal.com\/fr\/produit\/formation-compact-d-jetronic\/#primaryimage\",\"url\":\"https:\/\/delorenzoglobal.com\/wp-content\/uploads\/2024\/04\/DL-DM24-1.jpg\",\"contentUrl\":\"https:\/\/delorenzoglobal.com\/wp-content\/uploads\/2024\/04\/DL-DM24-1.jpg\",\"width\":446,\"height\":568},{\"@type\":\"BreadcrumbList\",\"@id\":\"https:\/\/delorenzoglobal.com\/fr\/produit\/formation-compact-d-jetronic\/#breadcrumb\",\"itemListElement\":[{\"@type\":\"ListItem\",\"position\":1,\"name\":\"Home\",\"item\":\"https:\/\/delorenzoglobal.com\/fr\/\"},{\"@type\":\"ListItem\",\"position\":2,\"name\":\"Boutique\",\"item\":\"https:\/\/delorenzoglobal.com\/fr\/boutique\/\"},{\"@type\":\"ListItem\",\"position\":3,\"name\":\"FORMATION COMPACT D-JETRONIC\"}]},{\"@type\":\"WebSite\",\"@id\":\"https:\/\/delorenzoglobal.com\/fr\/#website\",\"url\":\"https:\/\/delorenzoglobal.com\/fr\/\",\"name\":\"De Lorenzo Training &amp; Didactical Equipment\",\"description\":\"\",\"potentialAction\":[{\"@type\":\"SearchAction\",\"target\":{\"@type\":\"EntryPoint\",\"urlTemplate\":\"https:\/\/delorenzoglobal.com\/fr\/?s={search_term_string}\"},\"query-input\":{\"@type\":\"PropertyValueSpecification\",\"valueRequired\":true,\"valueName\":\"search_term_string\"}}],\"inLanguage\":\"fr-FR\"}]}<\/script>\n<!-- \/ Yoast SEO plugin. -->","yoast_head_json":{"title":"FORMATION COMPACT D-JETRONIC - De Lorenzo Training &amp; Didactical Equipment","description":"Banc d\u2019essai p\u00e9dagogique pour l\u2019\u00e9tude du syst\u00e8me d\u2019injection D-Jetronic et de la gestion \u00e9lectronique MULTEC, avec simulation de l\u2019avance, du carburant, de la temp\u00e9rature, de la charge et du r\u00e9gime moteur.","robots":{"index":"index","follow":"follow","max-snippet":"max-snippet:-1","max-image-preview":"max-image-preview:large","max-video-preview":"max-video-preview:-1"},"canonical":"https:\/\/delorenzoglobal.com\/fr\/produit\/formation-compact-d-jetronic\/","og_locale":"fr_FR","og_type":"article","og_title":"FORMATION COMPACT D-JETRONIC - De Lorenzo Training &amp; Didactical Equipment","og_description":"Banc d\u2019essai p\u00e9dagogique pour l\u2019\u00e9tude du syst\u00e8me d\u2019injection D-Jetronic et de la gestion \u00e9lectronique MULTEC, avec simulation de l\u2019avance, du carburant, de la temp\u00e9rature, de la charge et du r\u00e9gime moteur.","og_url":"https:\/\/delorenzoglobal.com\/fr\/produit\/formation-compact-d-jetronic\/","og_site_name":"De Lorenzo Training &amp; Didactical Equipment","article_modified_time":"2026-01-13T11:53:52+00:00","og_image":[{"width":446,"height":568,"url":"https:\/\/delorenzoglobal.com\/wp-content\/uploads\/2024\/04\/DL-DM24-1.jpg","type":"image\/jpeg"}],"twitter_card":"summary_large_image","twitter_misc":{"Dur\u00e9e de lecture estim\u00e9e":"1 minute"},"schema":{"@context":"https:\/\/schema.org","@graph":[{"@type":"WebPage","@id":"https:\/\/delorenzoglobal.com\/fr\/produit\/formation-compact-d-jetronic\/","url":"https:\/\/delorenzoglobal.com\/fr\/produit\/formation-compact-d-jetronic\/","name":"FORMATION COMPACT D-JETRONIC - De Lorenzo Training &amp; Didactical Equipment","isPartOf":{"@id":"https:\/\/delorenzoglobal.com\/fr\/#website"},"primaryImageOfPage":{"@id":"https:\/\/delorenzoglobal.com\/fr\/produit\/formation-compact-d-jetronic\/#primaryimage"},"image":{"@id":"https:\/\/delorenzoglobal.com\/fr\/produit\/formation-compact-d-jetronic\/#primaryimage"},"thumbnailUrl":"https:\/\/delorenzoglobal.com\/wp-content\/uploads\/2024\/04\/DL-DM24-1.jpg","datePublished":"2024-04-17T10:30:50+00:00","dateModified":"2026-01-13T11:53:52+00:00","description":"Banc d\u2019essai p\u00e9dagogique pour l\u2019\u00e9tude du syst\u00e8me d\u2019injection D-Jetronic et de la gestion \u00e9lectronique MULTEC, avec simulation de l\u2019avance, du carburant, de la temp\u00e9rature, de la charge et du r\u00e9gime moteur.","breadcrumb":{"@id":"https:\/\/delorenzoglobal.com\/fr\/produit\/formation-compact-d-jetronic\/#breadcrumb"},"inLanguage":"fr-FR","potentialAction":[{"@type":"ReadAction","target":["https:\/\/delorenzoglobal.com\/fr\/produit\/formation-compact-d-jetronic\/"]}]},{"@type":"ImageObject","inLanguage":"fr-FR","@id":"https:\/\/delorenzoglobal.com\/fr\/produit\/formation-compact-d-jetronic\/#primaryimage","url":"https:\/\/delorenzoglobal.com\/wp-content\/uploads\/2024\/04\/DL-DM24-1.jpg","contentUrl":"https:\/\/delorenzoglobal.com\/wp-content\/uploads\/2024\/04\/DL-DM24-1.jpg","width":446,"height":568},{"@type":"BreadcrumbList","@id":"https:\/\/delorenzoglobal.com\/fr\/produit\/formation-compact-d-jetronic\/#breadcrumb","itemListElement":[{"@type":"ListItem","position":1,"name":"Home","item":"https:\/\/delorenzoglobal.com\/fr\/"},{"@type":"ListItem","position":2,"name":"Boutique","item":"https:\/\/delorenzoglobal.com\/fr\/boutique\/"},{"@type":"ListItem","position":3,"name":"FORMATION COMPACT D-JETRONIC"}]},{"@type":"WebSite","@id":"https:\/\/delorenzoglobal.com\/fr\/#website","url":"https:\/\/delorenzoglobal.com\/fr\/","name":"De Lorenzo Training &amp; Didactical Equipment","description":"","potentialAction":[{"@type":"SearchAction","target":{"@type":"EntryPoint","urlTemplate":"https:\/\/delorenzoglobal.com\/fr\/?s={search_term_string}"},"query-input":{"@type":"PropertyValueSpecification","valueRequired":true,"valueName":"search_term_string"}}],"inLanguage":"fr-FR"}]}},"_links":{"self":[{"href":"https:\/\/delorenzoglobal.com\/fr\/wp-json\/wp\/v2\/product\/9187","targetHints":{"allow":["GET"]}}],"collection":[{"href":"https:\/\/delorenzoglobal.com\/fr\/wp-json\/wp\/v2\/product"}],"about":[{"href":"https:\/\/delorenzoglobal.com\/fr\/wp-json\/wp\/v2\/types\/product"}],"wp:featuredmedia":[{"embeddable":true,"href":"https:\/\/delorenzoglobal.com\/fr\/wp-json\/wp\/v2\/media\/67405"}],"wp:attachment":[{"href":"https:\/\/delorenzoglobal.com\/fr\/wp-json\/wp\/v2\/media?parent=9187"}],"wp:term":[{"taxonomy":"product_brand","embeddable":true,"href":"https:\/\/delorenzoglobal.com\/fr\/wp-json\/wp\/v2\/product_brand?post=9187"},{"taxonomy":"product_cat","embeddable":true,"href":"https:\/\/delorenzoglobal.com\/fr\/wp-json\/wp\/v2\/product_cat?post=9187"},{"taxonomy":"product_tag","embeddable":true,"href":"https:\/\/delorenzoglobal.com\/fr\/wp-json\/wp\/v2\/product_tag?post=9187"}],"curies":[{"name":"wp","href":"https:\/\/api.w.org\/{rel}","templated":true}]}}