{"id":9085,"date":"2024-04-17T12:04:04","date_gmt":"2024-04-17T10:04:04","guid":{"rendered":"https:\/\/delorenzoglobal.com\/?post_type=product&#038;p=9085"},"modified":"2025-04-22T10:26:48","modified_gmt":"2025-04-22T08:26:48","slug":"systemes-hybride-et-electrique","status":"publish","type":"product","link":"https:\/\/delorenzoglobal.com\/fr\/produit\/systemes-hybride-et-electrique\/","title":{"rendered":"SYST\u00c8ME D&rsquo;INJECTION D&rsquo;ESSENCE"},"content":{"rendered":"<p>Ce panneau de simulation permet d&rsquo;\u00e9tudier le fonctionnement du moteur, capteurs de moteur et leurs commandes ainsi que l&rsquo;injection \u00e9lectronique de carburant.<\/p>\n<p>Le simulateur prend en consid\u00e9ration tous ces aspects en effectuant les fonctions suivantes:<\/p>\n<ul>\n<li>\u00a0Phase d&rsquo;allumage<\/li>\n<li>\u00a0Phase de chauffage<\/li>\n<li>\u00a0R\u00e9gulation lambda<\/li>\n<li>\u00a0Acc\u00e9l\u00e9ration rapide \/ Phases de d\u00e9c\u00e9l\u00e9ration<\/li>\n<li>\u00a0phase de coupure<\/li>\n<li>\u00a0R\u00e9gulation du temps d&rsquo;injection<\/li>\n<li>\u00a0R\u00e9gulation de l&rsquo;angle d&rsquo;avance<\/li>\n<li>\u00a0R\u00e9gulation du r\u00e9gime minimal<\/li>\n<li>\u00a0R\u00e9gulation des cliquetis<\/li>\n<li>\u00a0Limitation de la vitesse de rotation<\/li>\n<\/ul>\n<p>En particulier, on analyse aussi les composants suivants:<\/p>\n<ul>\n<li>\u00a0Capteur de point de r\u00e9gime (Rpm) \/ Capteur de point de r\u00e9f\u00e9rence<\/li>\n<li>\u00a0Capteur de niveau<\/li>\n<li>\u00a0capteur inertiel<\/li>\n<li>\u00a0Electropompe<\/li>\n<li>\u00a0L&rsquo;actionneur de ralenti<\/li>\n<li>\u00a0Electro-injecteurs et les bobines.<\/li>\n<\/ul>\n","protected":false},"excerpt":{"rendered":"<p>Ce panneau de simulation permet d&rsquo;\u00e9tudier le fonctionnement du moteur, capteurs de moteur et leurs commandes ainsi que l&rsquo;injection \u00e9lectronique de carburant. Le simulateur prend en consid\u00e9ration tous ces aspects en effectuant les fonctions suivantes: \u00a0Phase d&rsquo;allumage \u00a0Phase de chauffage \u00a0R\u00e9gulation lambda \u00a0Acc\u00e9l\u00e9ration rapide \/ Phases de d\u00e9c\u00e9l\u00e9ration \u00a0phase de coupure \u00a0R\u00e9gulation du temps d&rsquo;injection [&hellip;]<\/p>\n","protected":false},"featured_media":16189,"template":"","meta":{"_acf_changed":false},"product_brand":[],"product_cat":[368],"product_tag":[],"class_list":{"0":"post-9085","1":"product","2":"type-product","3":"status-publish","4":"has-post-thumbnail","6":"product_cat-fonctionnement-du-moteur","8":"first","9":"instock","10":"shipping-taxable","11":"product-type-simple"},"acf":[],"yoast_head":"<!-- This site is optimized with the Yoast SEO plugin v27.0 - https:\/\/yoast.com\/product\/yoast-seo-wordpress\/ -->\n<title>SYST\u00c8ME D&#039;INJECTION D&#039;ESSENCE - De Lorenzo Training &amp; Didactical Equipment<\/title>\n<meta name=\"robots\" content=\"index, follow, max-snippet:-1, max-image-preview:large, max-video-preview:-1\" \/>\n<link rel=\"canonical\" href=\"https:\/\/delorenzoglobal.com\/fr\/produit\/systemes-hybride-et-electrique\/\" \/>\n<meta property=\"og:locale\" content=\"fr_FR\" \/>\n<meta property=\"og:type\" content=\"article\" \/>\n<meta property=\"og:title\" content=\"SYST\u00c8ME D&#039;INJECTION D&#039;ESSENCE - De Lorenzo Training &amp; Didactical Equipment\" \/>\n<meta property=\"og:description\" content=\"Ce panneau de simulation permet d&rsquo;\u00e9tudier le fonctionnement du moteur, capteurs de moteur et leurs commandes ainsi que l&rsquo;injection \u00e9lectronique de carburant. Le simulateur prend en consid\u00e9ration tous ces aspects en effectuant les fonctions suivantes: \u00a0Phase d&rsquo;allumage \u00a0Phase de chauffage \u00a0R\u00e9gulation lambda \u00a0Acc\u00e9l\u00e9ration rapide \/ Phases de d\u00e9c\u00e9l\u00e9ration \u00a0phase de coupure \u00a0R\u00e9gulation du temps d&rsquo;injection [&hellip;]\" \/>\n<meta property=\"og:url\" content=\"https:\/\/delorenzoglobal.com\/fr\/produit\/systemes-hybride-et-electrique\/\" \/>\n<meta property=\"og:site_name\" content=\"De Lorenzo Training &amp; Didactical Equipment\" \/>\n<meta property=\"article:modified_time\" content=\"2025-04-22T08:26:48+00:00\" \/>\n<meta property=\"og:image\" content=\"https:\/\/delorenzoglobal.com\/wp-content\/uploads\/2024\/04\/DL-AM31-xs-scaled.jpg\" \/>\n\t<meta property=\"og:image:width\" content=\"2560\" \/>\n\t<meta property=\"og:image:height\" content=\"1681\" \/>\n\t<meta property=\"og:image:type\" content=\"image\/jpeg\" \/>\n<meta name=\"twitter:card\" content=\"summary_large_image\" \/>\n<meta name=\"twitter:label1\" content=\"Dur\u00e9e de lecture estim\u00e9e\" \/>\n\t<meta name=\"twitter:data1\" content=\"1 minute\" \/>\n<script type=\"application\/ld+json\" class=\"yoast-schema-graph\">{\"@context\":\"https:\/\/schema.org\",\"@graph\":[{\"@type\":\"WebPage\",\"@id\":\"https:\/\/delorenzoglobal.com\/fr\/produit\/systemes-hybride-et-electrique\/\",\"url\":\"https:\/\/delorenzoglobal.com\/fr\/produit\/systemes-hybride-et-electrique\/\",\"name\":\"SYST\u00c8ME D'INJECTION D'ESSENCE - De Lorenzo Training &amp; Didactical Equipment\",\"isPartOf\":{\"@id\":\"https:\/\/delorenzoglobal.com\/fr\/#website\"},\"primaryImageOfPage\":{\"@id\":\"https:\/\/delorenzoglobal.com\/fr\/produit\/systemes-hybride-et-electrique\/#primaryimage\"},\"image\":{\"@id\":\"https:\/\/delorenzoglobal.com\/fr\/produit\/systemes-hybride-et-electrique\/#primaryimage\"},\"thumbnailUrl\":\"https:\/\/delorenzoglobal.com\/wp-content\/uploads\/2024\/04\/DL-AM31-xs-scaled.jpg\",\"datePublished\":\"2024-04-17T10:04:04+00:00\",\"dateModified\":\"2025-04-22T08:26:48+00:00\",\"breadcrumb\":{\"@id\":\"https:\/\/delorenzoglobal.com\/fr\/produit\/systemes-hybride-et-electrique\/#breadcrumb\"},\"inLanguage\":\"fr-FR\",\"potentialAction\":[{\"@type\":\"ReadAction\",\"target\":[\"https:\/\/delorenzoglobal.com\/fr\/produit\/systemes-hybride-et-electrique\/\"]}]},{\"@type\":\"ImageObject\",\"inLanguage\":\"fr-FR\",\"@id\":\"https:\/\/delorenzoglobal.com\/fr\/produit\/systemes-hybride-et-electrique\/#primaryimage\",\"url\":\"https:\/\/delorenzoglobal.com\/wp-content\/uploads\/2024\/04\/DL-AM31-xs-scaled.jpg\",\"contentUrl\":\"https:\/\/delorenzoglobal.com\/wp-content\/uploads\/2024\/04\/DL-AM31-xs-scaled.jpg\",\"width\":2560,\"height\":1681},{\"@type\":\"BreadcrumbList\",\"@id\":\"https:\/\/delorenzoglobal.com\/fr\/produit\/systemes-hybride-et-electrique\/#breadcrumb\",\"itemListElement\":[{\"@type\":\"ListItem\",\"position\":1,\"name\":\"Home\",\"item\":\"https:\/\/delorenzoglobal.com\/fr\/\"},{\"@type\":\"ListItem\",\"position\":2,\"name\":\"Boutique\",\"item\":\"https:\/\/delorenzoglobal.com\/fr\/boutique\/\"},{\"@type\":\"ListItem\",\"position\":3,\"name\":\"SYST\u00c8ME D&#8217;INJECTION D&#8217;ESSENCE\"}]},{\"@type\":\"WebSite\",\"@id\":\"https:\/\/delorenzoglobal.com\/fr\/#website\",\"url\":\"https:\/\/delorenzoglobal.com\/fr\/\",\"name\":\"De Lorenzo Training &amp; Didactical Equipment\",\"description\":\"\",\"potentialAction\":[{\"@type\":\"SearchAction\",\"target\":{\"@type\":\"EntryPoint\",\"urlTemplate\":\"https:\/\/delorenzoglobal.com\/fr\/?s={search_term_string}\"},\"query-input\":{\"@type\":\"PropertyValueSpecification\",\"valueRequired\":true,\"valueName\":\"search_term_string\"}}],\"inLanguage\":\"fr-FR\"}]}<\/script>\n<!-- \/ Yoast SEO plugin. -->","yoast_head_json":{"title":"SYST\u00c8ME D'INJECTION D'ESSENCE - De Lorenzo Training &amp; Didactical Equipment","robots":{"index":"index","follow":"follow","max-snippet":"max-snippet:-1","max-image-preview":"max-image-preview:large","max-video-preview":"max-video-preview:-1"},"canonical":"https:\/\/delorenzoglobal.com\/fr\/produit\/systemes-hybride-et-electrique\/","og_locale":"fr_FR","og_type":"article","og_title":"SYST\u00c8ME D'INJECTION D'ESSENCE - De Lorenzo Training &amp; Didactical Equipment","og_description":"Ce panneau de simulation permet d&rsquo;\u00e9tudier le fonctionnement du moteur, capteurs de moteur et leurs commandes ainsi que l&rsquo;injection \u00e9lectronique de carburant. Le simulateur prend en consid\u00e9ration tous ces aspects en effectuant les fonctions suivantes: \u00a0Phase d&rsquo;allumage \u00a0Phase de chauffage \u00a0R\u00e9gulation lambda \u00a0Acc\u00e9l\u00e9ration rapide \/ Phases de d\u00e9c\u00e9l\u00e9ration \u00a0phase de coupure \u00a0R\u00e9gulation du temps d&rsquo;injection [&hellip;]","og_url":"https:\/\/delorenzoglobal.com\/fr\/produit\/systemes-hybride-et-electrique\/","og_site_name":"De Lorenzo Training &amp; Didactical Equipment","article_modified_time":"2025-04-22T08:26:48+00:00","og_image":[{"width":2560,"height":1681,"url":"https:\/\/delorenzoglobal.com\/wp-content\/uploads\/2024\/04\/DL-AM31-xs-scaled.jpg","type":"image\/jpeg"}],"twitter_card":"summary_large_image","twitter_misc":{"Dur\u00e9e de lecture estim\u00e9e":"1 minute"},"schema":{"@context":"https:\/\/schema.org","@graph":[{"@type":"WebPage","@id":"https:\/\/delorenzoglobal.com\/fr\/produit\/systemes-hybride-et-electrique\/","url":"https:\/\/delorenzoglobal.com\/fr\/produit\/systemes-hybride-et-electrique\/","name":"SYST\u00c8ME D'INJECTION D'ESSENCE - De Lorenzo Training &amp; Didactical Equipment","isPartOf":{"@id":"https:\/\/delorenzoglobal.com\/fr\/#website"},"primaryImageOfPage":{"@id":"https:\/\/delorenzoglobal.com\/fr\/produit\/systemes-hybride-et-electrique\/#primaryimage"},"image":{"@id":"https:\/\/delorenzoglobal.com\/fr\/produit\/systemes-hybride-et-electrique\/#primaryimage"},"thumbnailUrl":"https:\/\/delorenzoglobal.com\/wp-content\/uploads\/2024\/04\/DL-AM31-xs-scaled.jpg","datePublished":"2024-04-17T10:04:04+00:00","dateModified":"2025-04-22T08:26:48+00:00","breadcrumb":{"@id":"https:\/\/delorenzoglobal.com\/fr\/produit\/systemes-hybride-et-electrique\/#breadcrumb"},"inLanguage":"fr-FR","potentialAction":[{"@type":"ReadAction","target":["https:\/\/delorenzoglobal.com\/fr\/produit\/systemes-hybride-et-electrique\/"]}]},{"@type":"ImageObject","inLanguage":"fr-FR","@id":"https:\/\/delorenzoglobal.com\/fr\/produit\/systemes-hybride-et-electrique\/#primaryimage","url":"https:\/\/delorenzoglobal.com\/wp-content\/uploads\/2024\/04\/DL-AM31-xs-scaled.jpg","contentUrl":"https:\/\/delorenzoglobal.com\/wp-content\/uploads\/2024\/04\/DL-AM31-xs-scaled.jpg","width":2560,"height":1681},{"@type":"BreadcrumbList","@id":"https:\/\/delorenzoglobal.com\/fr\/produit\/systemes-hybride-et-electrique\/#breadcrumb","itemListElement":[{"@type":"ListItem","position":1,"name":"Home","item":"https:\/\/delorenzoglobal.com\/fr\/"},{"@type":"ListItem","position":2,"name":"Boutique","item":"https:\/\/delorenzoglobal.com\/fr\/boutique\/"},{"@type":"ListItem","position":3,"name":"SYST\u00c8ME D&#8217;INJECTION D&#8217;ESSENCE"}]},{"@type":"WebSite","@id":"https:\/\/delorenzoglobal.com\/fr\/#website","url":"https:\/\/delorenzoglobal.com\/fr\/","name":"De Lorenzo Training &amp; Didactical Equipment","description":"","potentialAction":[{"@type":"SearchAction","target":{"@type":"EntryPoint","urlTemplate":"https:\/\/delorenzoglobal.com\/fr\/?s={search_term_string}"},"query-input":{"@type":"PropertyValueSpecification","valueRequired":true,"valueName":"search_term_string"}}],"inLanguage":"fr-FR"}]}},"_links":{"self":[{"href":"https:\/\/delorenzoglobal.com\/fr\/wp-json\/wp\/v2\/product\/9085","targetHints":{"allow":["GET"]}}],"collection":[{"href":"https:\/\/delorenzoglobal.com\/fr\/wp-json\/wp\/v2\/product"}],"about":[{"href":"https:\/\/delorenzoglobal.com\/fr\/wp-json\/wp\/v2\/types\/product"}],"wp:featuredmedia":[{"embeddable":true,"href":"https:\/\/delorenzoglobal.com\/fr\/wp-json\/wp\/v2\/media\/16189"}],"wp:attachment":[{"href":"https:\/\/delorenzoglobal.com\/fr\/wp-json\/wp\/v2\/media?parent=9085"}],"wp:term":[{"taxonomy":"product_brand","embeddable":true,"href":"https:\/\/delorenzoglobal.com\/fr\/wp-json\/wp\/v2\/product_brand?post=9085"},{"taxonomy":"product_cat","embeddable":true,"href":"https:\/\/delorenzoglobal.com\/fr\/wp-json\/wp\/v2\/product_cat?post=9085"},{"taxonomy":"product_tag","embeddable":true,"href":"https:\/\/delorenzoglobal.com\/fr\/wp-json\/wp\/v2\/product_tag?post=9085"}],"curies":[{"name":"wp","href":"https:\/\/api.w.org\/{rel}","templated":true}]}}