{"id":9060,"date":"2024-04-17T11:58:05","date_gmt":"2024-04-17T09:58:05","guid":{"rendered":"https:\/\/delorenzoglobal.com\/?post_type=product&#038;p=9060"},"modified":"2025-01-29T12:30:53","modified_gmt":"2025-01-29T11:30:53","slug":"systeme-de-commande-dinjection","status":"publish","type":"product","link":"https:\/\/delorenzoglobal.com\/fr\/produit\/systeme-de-commande-dinjection\/","title":{"rendered":"SYST\u00c8ME DE COMMANDE D&rsquo;INJECTION"},"content":{"rendered":"<p>Ce panneau de simulation a \u00e9t\u00e9 sp\u00e9cialement con\u00e7u et r\u00e9alis\u00e9 pour \u00e9tudier le contr\u00f4le (gestion du moteur diesel) et l\u2019injection directe des moteurs diesel (injections directe \u00e0 rampe commune) Dans les d\u00e9tails, il reproduit un syst\u00e8me d&rsquo;injection turbo-diesel avec commande \u00e9lectronique de la pompe d&rsquo;injection en ligne pour les v\u00e9hicules lourds (tels que les camions, les autobus, les machines agricoles) et un syst\u00e8me d&rsquo;injection turbo-diesel avec commande \u00e9lectronique de rampe commune pour l&rsquo;automobile.<\/p>\n","protected":false},"excerpt":{"rendered":"<p>Ce panneau de simulation a \u00e9t\u00e9 sp\u00e9cialement con\u00e7u et r\u00e9alis\u00e9 pour \u00e9tudier le contr\u00f4le (gestion du moteur diesel) et l\u2019injection directe des moteurs diesel (injections directe \u00e0 rampe commune) Dans les d\u00e9tails, il reproduit un syst\u00e8me d&rsquo;injection turbo-diesel avec commande \u00e9lectronique de la pompe d&rsquo;injection en ligne pour les v\u00e9hicules lourds (tels que les camions, [&hellip;]<\/p>\n","protected":false},"featured_media":16213,"template":"","meta":{"_acf_changed":false},"product_brand":[],"product_cat":[368],"product_tag":[],"class_list":{"0":"post-9060","1":"product","2":"type-product","3":"status-publish","4":"has-post-thumbnail","6":"product_cat-fonctionnement-du-moteur","8":"first","9":"instock","10":"shipping-taxable","11":"product-type-simple"},"acf":[],"yoast_head":"<!-- This site is optimized with the Yoast SEO plugin v27.0 - https:\/\/yoast.com\/product\/yoast-seo-wordpress\/ -->\n<title>SYST\u00c8ME DE COMMANDE D&#039;INJECTION - De Lorenzo Training &amp; Didactical Equipment<\/title>\n<meta name=\"robots\" content=\"index, follow, max-snippet:-1, max-image-preview:large, max-video-preview:-1\" \/>\n<link rel=\"canonical\" href=\"https:\/\/delorenzoglobal.com\/fr\/produit\/systeme-de-commande-dinjection\/\" \/>\n<meta property=\"og:locale\" content=\"fr_FR\" \/>\n<meta property=\"og:type\" content=\"article\" \/>\n<meta property=\"og:title\" content=\"SYST\u00c8ME DE COMMANDE D&#039;INJECTION - De Lorenzo Training &amp; Didactical Equipment\" \/>\n<meta property=\"og:description\" content=\"Ce panneau de simulation a \u00e9t\u00e9 sp\u00e9cialement con\u00e7u et r\u00e9alis\u00e9 pour \u00e9tudier le contr\u00f4le (gestion du moteur diesel) et l\u2019injection directe des moteurs diesel (injections directe \u00e0 rampe commune) Dans les d\u00e9tails, il reproduit un syst\u00e8me d&rsquo;injection turbo-diesel avec commande \u00e9lectronique de la pompe d&rsquo;injection en ligne pour les v\u00e9hicules lourds (tels que les camions, [&hellip;]\" \/>\n<meta property=\"og:url\" content=\"https:\/\/delorenzoglobal.com\/fr\/produit\/systeme-de-commande-dinjection\/\" \/>\n<meta property=\"og:site_name\" content=\"De Lorenzo Training &amp; Didactical Equipment\" \/>\n<meta property=\"article:modified_time\" content=\"2025-01-29T11:30:53+00:00\" \/>\n<meta property=\"og:image\" content=\"https:\/\/delorenzoglobal.com\/wp-content\/uploads\/2024\/04\/DL-AM32-xs-scaled.jpg\" \/>\n\t<meta property=\"og:image:width\" content=\"2560\" \/>\n\t<meta property=\"og:image:height\" content=\"1702\" \/>\n\t<meta property=\"og:image:type\" content=\"image\/jpeg\" \/>\n<meta name=\"twitter:card\" content=\"summary_large_image\" \/>\n<meta name=\"twitter:label1\" content=\"Dur\u00e9e de lecture estim\u00e9e\" \/>\n\t<meta name=\"twitter:data1\" content=\"1 minute\" \/>\n<script type=\"application\/ld+json\" class=\"yoast-schema-graph\">{\"@context\":\"https:\/\/schema.org\",\"@graph\":[{\"@type\":\"WebPage\",\"@id\":\"https:\/\/delorenzoglobal.com\/fr\/produit\/systeme-de-commande-dinjection\/\",\"url\":\"https:\/\/delorenzoglobal.com\/fr\/produit\/systeme-de-commande-dinjection\/\",\"name\":\"SYST\u00c8ME DE COMMANDE D'INJECTION - De Lorenzo Training &amp; Didactical Equipment\",\"isPartOf\":{\"@id\":\"https:\/\/delorenzoglobal.com\/fr\/#website\"},\"primaryImageOfPage\":{\"@id\":\"https:\/\/delorenzoglobal.com\/fr\/produit\/systeme-de-commande-dinjection\/#primaryimage\"},\"image\":{\"@id\":\"https:\/\/delorenzoglobal.com\/fr\/produit\/systeme-de-commande-dinjection\/#primaryimage\"},\"thumbnailUrl\":\"https:\/\/delorenzoglobal.com\/wp-content\/uploads\/2024\/04\/DL-AM32-xs-scaled.jpg\",\"datePublished\":\"2024-04-17T09:58:05+00:00\",\"dateModified\":\"2025-01-29T11:30:53+00:00\",\"breadcrumb\":{\"@id\":\"https:\/\/delorenzoglobal.com\/fr\/produit\/systeme-de-commande-dinjection\/#breadcrumb\"},\"inLanguage\":\"fr-FR\",\"potentialAction\":[{\"@type\":\"ReadAction\",\"target\":[\"https:\/\/delorenzoglobal.com\/fr\/produit\/systeme-de-commande-dinjection\/\"]}]},{\"@type\":\"ImageObject\",\"inLanguage\":\"fr-FR\",\"@id\":\"https:\/\/delorenzoglobal.com\/fr\/produit\/systeme-de-commande-dinjection\/#primaryimage\",\"url\":\"https:\/\/delorenzoglobal.com\/wp-content\/uploads\/2024\/04\/DL-AM32-xs-scaled.jpg\",\"contentUrl\":\"https:\/\/delorenzoglobal.com\/wp-content\/uploads\/2024\/04\/DL-AM32-xs-scaled.jpg\",\"width\":2560,\"height\":1702},{\"@type\":\"BreadcrumbList\",\"@id\":\"https:\/\/delorenzoglobal.com\/fr\/produit\/systeme-de-commande-dinjection\/#breadcrumb\",\"itemListElement\":[{\"@type\":\"ListItem\",\"position\":1,\"name\":\"Home\",\"item\":\"https:\/\/delorenzoglobal.com\/fr\/\"},{\"@type\":\"ListItem\",\"position\":2,\"name\":\"Boutique\",\"item\":\"https:\/\/delorenzoglobal.com\/fr\/boutique\/\"},{\"@type\":\"ListItem\",\"position\":3,\"name\":\"SYST\u00c8ME DE COMMANDE D&#8217;INJECTION\"}]},{\"@type\":\"WebSite\",\"@id\":\"https:\/\/delorenzoglobal.com\/fr\/#website\",\"url\":\"https:\/\/delorenzoglobal.com\/fr\/\",\"name\":\"De Lorenzo Training &amp; Didactical Equipment\",\"description\":\"\",\"potentialAction\":[{\"@type\":\"SearchAction\",\"target\":{\"@type\":\"EntryPoint\",\"urlTemplate\":\"https:\/\/delorenzoglobal.com\/fr\/?s={search_term_string}\"},\"query-input\":{\"@type\":\"PropertyValueSpecification\",\"valueRequired\":true,\"valueName\":\"search_term_string\"}}],\"inLanguage\":\"fr-FR\"}]}<\/script>\n<!-- \/ Yoast SEO plugin. -->","yoast_head_json":{"title":"SYST\u00c8ME DE COMMANDE D'INJECTION - De Lorenzo Training &amp; Didactical Equipment","robots":{"index":"index","follow":"follow","max-snippet":"max-snippet:-1","max-image-preview":"max-image-preview:large","max-video-preview":"max-video-preview:-1"},"canonical":"https:\/\/delorenzoglobal.com\/fr\/produit\/systeme-de-commande-dinjection\/","og_locale":"fr_FR","og_type":"article","og_title":"SYST\u00c8ME DE COMMANDE D'INJECTION - De Lorenzo Training &amp; Didactical Equipment","og_description":"Ce panneau de simulation a \u00e9t\u00e9 sp\u00e9cialement con\u00e7u et r\u00e9alis\u00e9 pour \u00e9tudier le contr\u00f4le (gestion du moteur diesel) et l\u2019injection directe des moteurs diesel (injections directe \u00e0 rampe commune) Dans les d\u00e9tails, il reproduit un syst\u00e8me d&rsquo;injection turbo-diesel avec commande \u00e9lectronique de la pompe d&rsquo;injection en ligne pour les v\u00e9hicules lourds (tels que les camions, [&hellip;]","og_url":"https:\/\/delorenzoglobal.com\/fr\/produit\/systeme-de-commande-dinjection\/","og_site_name":"De Lorenzo Training &amp; Didactical Equipment","article_modified_time":"2025-01-29T11:30:53+00:00","og_image":[{"width":2560,"height":1702,"url":"https:\/\/delorenzoglobal.com\/wp-content\/uploads\/2024\/04\/DL-AM32-xs-scaled.jpg","type":"image\/jpeg"}],"twitter_card":"summary_large_image","twitter_misc":{"Dur\u00e9e de lecture estim\u00e9e":"1 minute"},"schema":{"@context":"https:\/\/schema.org","@graph":[{"@type":"WebPage","@id":"https:\/\/delorenzoglobal.com\/fr\/produit\/systeme-de-commande-dinjection\/","url":"https:\/\/delorenzoglobal.com\/fr\/produit\/systeme-de-commande-dinjection\/","name":"SYST\u00c8ME DE COMMANDE D'INJECTION - De Lorenzo Training &amp; Didactical Equipment","isPartOf":{"@id":"https:\/\/delorenzoglobal.com\/fr\/#website"},"primaryImageOfPage":{"@id":"https:\/\/delorenzoglobal.com\/fr\/produit\/systeme-de-commande-dinjection\/#primaryimage"},"image":{"@id":"https:\/\/delorenzoglobal.com\/fr\/produit\/systeme-de-commande-dinjection\/#primaryimage"},"thumbnailUrl":"https:\/\/delorenzoglobal.com\/wp-content\/uploads\/2024\/04\/DL-AM32-xs-scaled.jpg","datePublished":"2024-04-17T09:58:05+00:00","dateModified":"2025-01-29T11:30:53+00:00","breadcrumb":{"@id":"https:\/\/delorenzoglobal.com\/fr\/produit\/systeme-de-commande-dinjection\/#breadcrumb"},"inLanguage":"fr-FR","potentialAction":[{"@type":"ReadAction","target":["https:\/\/delorenzoglobal.com\/fr\/produit\/systeme-de-commande-dinjection\/"]}]},{"@type":"ImageObject","inLanguage":"fr-FR","@id":"https:\/\/delorenzoglobal.com\/fr\/produit\/systeme-de-commande-dinjection\/#primaryimage","url":"https:\/\/delorenzoglobal.com\/wp-content\/uploads\/2024\/04\/DL-AM32-xs-scaled.jpg","contentUrl":"https:\/\/delorenzoglobal.com\/wp-content\/uploads\/2024\/04\/DL-AM32-xs-scaled.jpg","width":2560,"height":1702},{"@type":"BreadcrumbList","@id":"https:\/\/delorenzoglobal.com\/fr\/produit\/systeme-de-commande-dinjection\/#breadcrumb","itemListElement":[{"@type":"ListItem","position":1,"name":"Home","item":"https:\/\/delorenzoglobal.com\/fr\/"},{"@type":"ListItem","position":2,"name":"Boutique","item":"https:\/\/delorenzoglobal.com\/fr\/boutique\/"},{"@type":"ListItem","position":3,"name":"SYST\u00c8ME DE COMMANDE D&#8217;INJECTION"}]},{"@type":"WebSite","@id":"https:\/\/delorenzoglobal.com\/fr\/#website","url":"https:\/\/delorenzoglobal.com\/fr\/","name":"De Lorenzo Training &amp; Didactical Equipment","description":"","potentialAction":[{"@type":"SearchAction","target":{"@type":"EntryPoint","urlTemplate":"https:\/\/delorenzoglobal.com\/fr\/?s={search_term_string}"},"query-input":{"@type":"PropertyValueSpecification","valueRequired":true,"valueName":"search_term_string"}}],"inLanguage":"fr-FR"}]}},"_links":{"self":[{"href":"https:\/\/delorenzoglobal.com\/fr\/wp-json\/wp\/v2\/product\/9060","targetHints":{"allow":["GET"]}}],"collection":[{"href":"https:\/\/delorenzoglobal.com\/fr\/wp-json\/wp\/v2\/product"}],"about":[{"href":"https:\/\/delorenzoglobal.com\/fr\/wp-json\/wp\/v2\/types\/product"}],"wp:featuredmedia":[{"embeddable":true,"href":"https:\/\/delorenzoglobal.com\/fr\/wp-json\/wp\/v2\/media\/16213"}],"wp:attachment":[{"href":"https:\/\/delorenzoglobal.com\/fr\/wp-json\/wp\/v2\/media?parent=9060"}],"wp:term":[{"taxonomy":"product_brand","embeddable":true,"href":"https:\/\/delorenzoglobal.com\/fr\/wp-json\/wp\/v2\/product_brand?post=9060"},{"taxonomy":"product_cat","embeddable":true,"href":"https:\/\/delorenzoglobal.com\/fr\/wp-json\/wp\/v2\/product_cat?post=9060"},{"taxonomy":"product_tag","embeddable":true,"href":"https:\/\/delorenzoglobal.com\/fr\/wp-json\/wp\/v2\/product_tag?post=9060"}],"curies":[{"name":"wp","href":"https:\/\/api.w.org\/{rel}","templated":true}]}}