{"id":873,"date":"2024-04-08T16:01:35","date_gmt":"2024-04-08T14:01:35","guid":{"rendered":"https:\/\/delorenzoglobal.com\/?post_type=product&#038;p=873"},"modified":"2026-04-01T11:19:37","modified_gmt":"2026-04-01T09:19:37","slug":"simulateur-dentree-numerique","status":"publish","type":"product","link":"https:\/\/delorenzoglobal.com\/fr\/produit\/simulateur-dentree-numerique\/","title":{"rendered":"SIMULATEUR D&rsquo;ENTREE NUMERIQUE"},"content":{"rendered":"<p>Le module DL 2113 est un simulateur d&rsquo;entr\u00e9es num\u00e9riques indispensable \u00e0 l&rsquo;utilisation et \u00e0 la compr\u00e9hension du fonctionnement d&rsquo;un API.<\/p>\n<p>Il est con\u00e7u pour la g\u00e9n\u00e9ration de signaux num\u00e9riques ON\/OFF 24Vdc, g\u00e9n\u00e9ralement utilis\u00e9s par n&rsquo;importe quel API du secteur industriel.<\/p>\n<p>Flexibilit\u00e9, fiabilit\u00e9 et s\u00e9curit\u00e9 sont ses principaux avantages.<\/p>\n<p>Avec ce module, les \u00e9tudiants ont la possibilit\u00e9 de v\u00e9rifier le logiciel d&rsquo;application et de simuler des processus impliquant des capteurs num\u00e9riques couramment utilis\u00e9s dans le domaine de l&rsquo;automatisation industrielle.<\/p>\n<p>Toutes les sections (alimentation, entr\u00e9es num\u00e9riques avec commutateurs\/LED et bornes) sont identifi\u00e9es par des blocs clairs.<\/p>\n","protected":false},"excerpt":{"rendered":"<p>Le module DL 2113 est un simulateur d&rsquo;entr\u00e9es num\u00e9riques indispensable \u00e0 l&rsquo;utilisation et \u00e0 la compr\u00e9hension du fonctionnement d&rsquo;un API. Il est con\u00e7u pour la g\u00e9n\u00e9ration de signaux num\u00e9riques ON\/OFF 24Vdc, g\u00e9n\u00e9ralement utilis\u00e9s par n&rsquo;importe quel API du secteur industriel. Flexibilit\u00e9, fiabilit\u00e9 et s\u00e9curit\u00e9 sont ses principaux avantages. Avec ce module, les \u00e9tudiants ont la [&hellip;]<\/p>\n","protected":false},"featured_media":864,"template":"","meta":{"_acf_changed":false},"product_brand":[],"product_cat":[168],"product_tag":[],"class_list":{"0":"post-873","1":"product","2":"type-product","3":"status-publish","4":"has-post-thumbnail","6":"product_cat-simulateurs-systemes","8":"first","9":"instock","10":"shipping-taxable","11":"product-type-simple"},"acf":[],"yoast_head":"<!-- This site is optimized with the Yoast SEO plugin v27.0 - https:\/\/yoast.com\/product\/yoast-seo-wordpress\/ -->\n<title>SIMULATEUR D&#039;ENTREE NUMERIQUE - De Lorenzo Training &amp; Didactical Equipment<\/title>\n<meta name=\"description\" content=\"Le module DL 2113 est un simulateur d&#039;entr\u00e9es num\u00e9riques indispensable \u00e0 l&#039;utilisation et \u00e0 la compr\u00e9hension du fonctionnement d&#039;un API.\" \/>\n<meta name=\"robots\" content=\"index, follow, max-snippet:-1, max-image-preview:large, max-video-preview:-1\" \/>\n<link rel=\"canonical\" href=\"https:\/\/delorenzoglobal.com\/fr\/produit\/simulateur-dentree-numerique\/\" \/>\n<meta property=\"og:locale\" content=\"fr_FR\" \/>\n<meta property=\"og:type\" content=\"article\" \/>\n<meta property=\"og:title\" content=\"SIMULATEUR D&#039;ENTREE NUMERIQUE - De Lorenzo Training &amp; Didactical Equipment\" \/>\n<meta property=\"og:description\" content=\"Le module DL 2113 est un simulateur d&#039;entr\u00e9es num\u00e9riques indispensable \u00e0 l&#039;utilisation et \u00e0 la compr\u00e9hension du fonctionnement d&#039;un API.\" \/>\n<meta property=\"og:url\" content=\"https:\/\/delorenzoglobal.com\/fr\/produit\/simulateur-dentree-numerique\/\" \/>\n<meta property=\"og:site_name\" content=\"De Lorenzo Training &amp; Didactical Equipment\" \/>\n<meta property=\"article:modified_time\" content=\"2026-04-01T09:19:37+00:00\" \/>\n<meta property=\"og:image\" content=\"https:\/\/delorenzoglobal.com\/wp-content\/uploads\/2024\/04\/2113-1024x885.png\" \/>\n\t<meta property=\"og:image:width\" content=\"1024\" \/>\n\t<meta property=\"og:image:height\" content=\"885\" \/>\n\t<meta property=\"og:image:type\" content=\"image\/png\" \/>\n<meta name=\"twitter:card\" content=\"summary_large_image\" \/>\n<meta name=\"twitter:label1\" content=\"Dur\u00e9e de lecture estim\u00e9e\" \/>\n\t<meta name=\"twitter:data1\" content=\"1 minute\" \/>\n<script type=\"application\/ld+json\" class=\"yoast-schema-graph\">{\"@context\":\"https:\/\/schema.org\",\"@graph\":[{\"@type\":\"WebPage\",\"@id\":\"https:\/\/delorenzoglobal.com\/fr\/produit\/simulateur-dentree-numerique\/\",\"url\":\"https:\/\/delorenzoglobal.com\/fr\/produit\/simulateur-dentree-numerique\/\",\"name\":\"SIMULATEUR D'ENTREE NUMERIQUE - De Lorenzo Training &amp; Didactical Equipment\",\"isPartOf\":{\"@id\":\"https:\/\/delorenzoglobal.com\/fr\/#website\"},\"primaryImageOfPage\":{\"@id\":\"https:\/\/delorenzoglobal.com\/fr\/produit\/simulateur-dentree-numerique\/#primaryimage\"},\"image\":{\"@id\":\"https:\/\/delorenzoglobal.com\/fr\/produit\/simulateur-dentree-numerique\/#primaryimage\"},\"thumbnailUrl\":\"https:\/\/delorenzoglobal.com\/wp-content\/uploads\/2024\/04\/2113.png\",\"datePublished\":\"2024-04-08T14:01:35+00:00\",\"dateModified\":\"2026-04-01T09:19:37+00:00\",\"description\":\"Le module DL 2113 est un simulateur d'entr\u00e9es num\u00e9riques indispensable \u00e0 l'utilisation et \u00e0 la compr\u00e9hension du fonctionnement d'un API.\",\"breadcrumb\":{\"@id\":\"https:\/\/delorenzoglobal.com\/fr\/produit\/simulateur-dentree-numerique\/#breadcrumb\"},\"inLanguage\":\"fr-FR\",\"potentialAction\":[{\"@type\":\"ReadAction\",\"target\":[\"https:\/\/delorenzoglobal.com\/fr\/produit\/simulateur-dentree-numerique\/\"]}]},{\"@type\":\"ImageObject\",\"inLanguage\":\"fr-FR\",\"@id\":\"https:\/\/delorenzoglobal.com\/fr\/produit\/simulateur-dentree-numerique\/#primaryimage\",\"url\":\"https:\/\/delorenzoglobal.com\/wp-content\/uploads\/2024\/04\/2113.png\",\"contentUrl\":\"https:\/\/delorenzoglobal.com\/wp-content\/uploads\/2024\/04\/2113.png\",\"width\":1940,\"height\":1676},{\"@type\":\"BreadcrumbList\",\"@id\":\"https:\/\/delorenzoglobal.com\/fr\/produit\/simulateur-dentree-numerique\/#breadcrumb\",\"itemListElement\":[{\"@type\":\"ListItem\",\"position\":1,\"name\":\"Home\",\"item\":\"https:\/\/delorenzoglobal.com\/fr\/\"},{\"@type\":\"ListItem\",\"position\":2,\"name\":\"Boutique\",\"item\":\"https:\/\/delorenzoglobal.com\/fr\/boutique\/\"},{\"@type\":\"ListItem\",\"position\":3,\"name\":\"SIMULATEUR D&#8217;ENTREE NUMERIQUE\"}]},{\"@type\":\"WebSite\",\"@id\":\"https:\/\/delorenzoglobal.com\/fr\/#website\",\"url\":\"https:\/\/delorenzoglobal.com\/fr\/\",\"name\":\"De Lorenzo Training &amp; Didactical Equipment\",\"description\":\"\",\"potentialAction\":[{\"@type\":\"SearchAction\",\"target\":{\"@type\":\"EntryPoint\",\"urlTemplate\":\"https:\/\/delorenzoglobal.com\/fr\/?s={search_term_string}\"},\"query-input\":{\"@type\":\"PropertyValueSpecification\",\"valueRequired\":true,\"valueName\":\"search_term_string\"}}],\"inLanguage\":\"fr-FR\"}]}<\/script>\n<!-- \/ Yoast SEO plugin. -->","yoast_head_json":{"title":"SIMULATEUR D'ENTREE NUMERIQUE - De Lorenzo Training &amp; Didactical Equipment","description":"Le module DL 2113 est un simulateur d'entr\u00e9es num\u00e9riques indispensable \u00e0 l'utilisation et \u00e0 la compr\u00e9hension du fonctionnement d'un API.","robots":{"index":"index","follow":"follow","max-snippet":"max-snippet:-1","max-image-preview":"max-image-preview:large","max-video-preview":"max-video-preview:-1"},"canonical":"https:\/\/delorenzoglobal.com\/fr\/produit\/simulateur-dentree-numerique\/","og_locale":"fr_FR","og_type":"article","og_title":"SIMULATEUR D'ENTREE NUMERIQUE - De Lorenzo Training &amp; Didactical Equipment","og_description":"Le module DL 2113 est un simulateur d'entr\u00e9es num\u00e9riques indispensable \u00e0 l'utilisation et \u00e0 la compr\u00e9hension du fonctionnement d'un API.","og_url":"https:\/\/delorenzoglobal.com\/fr\/produit\/simulateur-dentree-numerique\/","og_site_name":"De Lorenzo Training &amp; Didactical Equipment","article_modified_time":"2026-04-01T09:19:37+00:00","og_image":[{"width":1024,"height":885,"url":"https:\/\/delorenzoglobal.com\/wp-content\/uploads\/2024\/04\/2113-1024x885.png","type":"image\/png"}],"twitter_card":"summary_large_image","twitter_misc":{"Dur\u00e9e de lecture estim\u00e9e":"1 minute"},"schema":{"@context":"https:\/\/schema.org","@graph":[{"@type":"WebPage","@id":"https:\/\/delorenzoglobal.com\/fr\/produit\/simulateur-dentree-numerique\/","url":"https:\/\/delorenzoglobal.com\/fr\/produit\/simulateur-dentree-numerique\/","name":"SIMULATEUR D'ENTREE NUMERIQUE - De Lorenzo Training &amp; Didactical Equipment","isPartOf":{"@id":"https:\/\/delorenzoglobal.com\/fr\/#website"},"primaryImageOfPage":{"@id":"https:\/\/delorenzoglobal.com\/fr\/produit\/simulateur-dentree-numerique\/#primaryimage"},"image":{"@id":"https:\/\/delorenzoglobal.com\/fr\/produit\/simulateur-dentree-numerique\/#primaryimage"},"thumbnailUrl":"https:\/\/delorenzoglobal.com\/wp-content\/uploads\/2024\/04\/2113.png","datePublished":"2024-04-08T14:01:35+00:00","dateModified":"2026-04-01T09:19:37+00:00","description":"Le module DL 2113 est un simulateur d'entr\u00e9es num\u00e9riques indispensable \u00e0 l'utilisation et \u00e0 la compr\u00e9hension du fonctionnement d'un API.","breadcrumb":{"@id":"https:\/\/delorenzoglobal.com\/fr\/produit\/simulateur-dentree-numerique\/#breadcrumb"},"inLanguage":"fr-FR","potentialAction":[{"@type":"ReadAction","target":["https:\/\/delorenzoglobal.com\/fr\/produit\/simulateur-dentree-numerique\/"]}]},{"@type":"ImageObject","inLanguage":"fr-FR","@id":"https:\/\/delorenzoglobal.com\/fr\/produit\/simulateur-dentree-numerique\/#primaryimage","url":"https:\/\/delorenzoglobal.com\/wp-content\/uploads\/2024\/04\/2113.png","contentUrl":"https:\/\/delorenzoglobal.com\/wp-content\/uploads\/2024\/04\/2113.png","width":1940,"height":1676},{"@type":"BreadcrumbList","@id":"https:\/\/delorenzoglobal.com\/fr\/produit\/simulateur-dentree-numerique\/#breadcrumb","itemListElement":[{"@type":"ListItem","position":1,"name":"Home","item":"https:\/\/delorenzoglobal.com\/fr\/"},{"@type":"ListItem","position":2,"name":"Boutique","item":"https:\/\/delorenzoglobal.com\/fr\/boutique\/"},{"@type":"ListItem","position":3,"name":"SIMULATEUR D&#8217;ENTREE NUMERIQUE"}]},{"@type":"WebSite","@id":"https:\/\/delorenzoglobal.com\/fr\/#website","url":"https:\/\/delorenzoglobal.com\/fr\/","name":"De Lorenzo Training &amp; Didactical Equipment","description":"","potentialAction":[{"@type":"SearchAction","target":{"@type":"EntryPoint","urlTemplate":"https:\/\/delorenzoglobal.com\/fr\/?s={search_term_string}"},"query-input":{"@type":"PropertyValueSpecification","valueRequired":true,"valueName":"search_term_string"}}],"inLanguage":"fr-FR"}]}},"_links":{"self":[{"href":"https:\/\/delorenzoglobal.com\/fr\/wp-json\/wp\/v2\/product\/873","targetHints":{"allow":["GET"]}}],"collection":[{"href":"https:\/\/delorenzoglobal.com\/fr\/wp-json\/wp\/v2\/product"}],"about":[{"href":"https:\/\/delorenzoglobal.com\/fr\/wp-json\/wp\/v2\/types\/product"}],"wp:featuredmedia":[{"embeddable":true,"href":"https:\/\/delorenzoglobal.com\/fr\/wp-json\/wp\/v2\/media\/864"}],"wp:attachment":[{"href":"https:\/\/delorenzoglobal.com\/fr\/wp-json\/wp\/v2\/media?parent=873"}],"wp:term":[{"taxonomy":"product_brand","embeddable":true,"href":"https:\/\/delorenzoglobal.com\/fr\/wp-json\/wp\/v2\/product_brand?post=873"},{"taxonomy":"product_cat","embeddable":true,"href":"https:\/\/delorenzoglobal.com\/fr\/wp-json\/wp\/v2\/product_cat?post=873"},{"taxonomy":"product_tag","embeddable":true,"href":"https:\/\/delorenzoglobal.com\/fr\/wp-json\/wp\/v2\/product_tag?post=873"}],"curies":[{"name":"wp","href":"https:\/\/api.w.org\/{rel}","templated":true}]}}