{"id":8612,"date":"2024-04-17T10:34:57","date_gmt":"2024-04-17T08:34:57","guid":{"rendered":"https:\/\/delorenzoglobal.com\/?post_type=product&#038;p=8612"},"modified":"2025-01-28T11:01:07","modified_gmt":"2025-01-28T10:01:07","slug":"kit-pour-le-montage-de-4-moteurs-asynchrones","status":"publish","type":"product","link":"https:\/\/delorenzoglobal.com\/fr\/produit\/kit-pour-le-montage-de-4-moteurs-asynchrones\/","title":{"rendered":"KIT POUR LE MONTAGE DE 4 MOTEURS ASYNCHRONES"},"content":{"rendered":"<p>Le kit est compl\u00e9t\u00e9 par un paquet magn\u00e9tique, rotor et parties m\u00e9caniques, cuivre exclu, pour la constructions de 4 moteurs asynchrones:<\/p>\n<p>\u2022 triphas\u00e9 \u00e0 cage, 2 p\u00f4les, 1000W<\/p>\n<p>\u2022 triphas\u00e9 \u00e0 cage, 4 p\u00f4les, 800 W<\/p>\n<p>\u2022 triphas\u00e9 \u00e0 cage, 6 p\u00f4les, 600 W<\/p>\n<p>\u2022 asynchrone monophas\u00e9 avec condensateurs, 2-4 p\u00f4les, 300 W<\/p>\n","protected":false},"excerpt":{"rendered":"<p>Le kit est compl\u00e9t\u00e9 par un paquet magn\u00e9tique, rotor et parties m\u00e9caniques, cuivre exclu, pour la constructions de 4 moteurs asynchrones: \u2022 triphas\u00e9 \u00e0 cage, 2 p\u00f4les, 1000W \u2022 triphas\u00e9 \u00e0 cage, 4 p\u00f4les, 800 W \u2022 triphas\u00e9 \u00e0 cage, 6 p\u00f4les, 600 W \u2022 asynchrone monophas\u00e9 avec condensateurs, 2-4 p\u00f4les, 300 W<\/p>\n","protected":false},"featured_media":8596,"template":"","meta":{"_acf_changed":false},"product_brand":[],"product_cat":[313],"product_tag":[],"class_list":{"0":"post-8612","1":"product","2":"type-product","3":"status-publish","4":"has-post-thumbnail","6":"product_cat-constructions-electromecaniques","8":"first","9":"instock","10":"shipping-taxable","11":"product-type-simple"},"acf":[],"yoast_head":"<!-- This site is optimized with the Yoast SEO plugin v27.0 - https:\/\/yoast.com\/product\/yoast-seo-wordpress\/ -->\n<title>KIT POUR LE MONTAGE DE 4 MOTEURS ASYNCHRONES - De Lorenzo Training &amp; Didactical Equipment<\/title>\n<meta name=\"robots\" content=\"index, follow, max-snippet:-1, max-image-preview:large, max-video-preview:-1\" \/>\n<link rel=\"canonical\" href=\"https:\/\/delorenzoglobal.com\/fr\/produit\/kit-pour-le-montage-de-4-moteurs-asynchrones\/\" \/>\n<meta property=\"og:locale\" content=\"fr_FR\" \/>\n<meta property=\"og:type\" content=\"article\" \/>\n<meta property=\"og:title\" content=\"KIT POUR LE MONTAGE DE 4 MOTEURS ASYNCHRONES - De Lorenzo Training &amp; Didactical Equipment\" \/>\n<meta property=\"og:description\" content=\"Le kit est compl\u00e9t\u00e9 par un paquet magn\u00e9tique, rotor et parties m\u00e9caniques, cuivre exclu, pour la constructions de 4 moteurs asynchrones: \u2022 triphas\u00e9 \u00e0 cage, 2 p\u00f4les, 1000W \u2022 triphas\u00e9 \u00e0 cage, 4 p\u00f4les, 800 W \u2022 triphas\u00e9 \u00e0 cage, 6 p\u00f4les, 600 W \u2022 asynchrone monophas\u00e9 avec condensateurs, 2-4 p\u00f4les, 300 W\" \/>\n<meta property=\"og:url\" content=\"https:\/\/delorenzoglobal.com\/fr\/produit\/kit-pour-le-montage-de-4-moteurs-asynchrones\/\" \/>\n<meta property=\"og:site_name\" content=\"De Lorenzo Training &amp; Didactical Equipment\" \/>\n<meta property=\"article:modified_time\" content=\"2025-01-28T10:01:07+00:00\" \/>\n<meta property=\"og:image\" content=\"https:\/\/delorenzoglobal.com\/wp-content\/uploads\/2024\/04\/DL-2107.png\" \/>\n\t<meta property=\"og:image:width\" content=\"992\" \/>\n\t<meta property=\"og:image:height\" content=\"330\" \/>\n\t<meta property=\"og:image:type\" content=\"image\/png\" \/>\n<meta name=\"twitter:card\" content=\"summary_large_image\" \/>\n<meta name=\"twitter:label1\" content=\"Dur\u00e9e de lecture estim\u00e9e\" \/>\n\t<meta name=\"twitter:data1\" content=\"1 minute\" \/>\n<script type=\"application\/ld+json\" class=\"yoast-schema-graph\">{\"@context\":\"https:\/\/schema.org\",\"@graph\":[{\"@type\":\"WebPage\",\"@id\":\"https:\/\/delorenzoglobal.com\/fr\/produit\/kit-pour-le-montage-de-4-moteurs-asynchrones\/\",\"url\":\"https:\/\/delorenzoglobal.com\/fr\/produit\/kit-pour-le-montage-de-4-moteurs-asynchrones\/\",\"name\":\"KIT POUR LE MONTAGE DE 4 MOTEURS ASYNCHRONES - De Lorenzo Training &amp; Didactical Equipment\",\"isPartOf\":{\"@id\":\"https:\/\/delorenzoglobal.com\/fr\/#website\"},\"primaryImageOfPage\":{\"@id\":\"https:\/\/delorenzoglobal.com\/fr\/produit\/kit-pour-le-montage-de-4-moteurs-asynchrones\/#primaryimage\"},\"image\":{\"@id\":\"https:\/\/delorenzoglobal.com\/fr\/produit\/kit-pour-le-montage-de-4-moteurs-asynchrones\/#primaryimage\"},\"thumbnailUrl\":\"https:\/\/delorenzoglobal.com\/wp-content\/uploads\/2024\/04\/DL-2107.png\",\"datePublished\":\"2024-04-17T08:34:57+00:00\",\"dateModified\":\"2025-01-28T10:01:07+00:00\",\"breadcrumb\":{\"@id\":\"https:\/\/delorenzoglobal.com\/fr\/produit\/kit-pour-le-montage-de-4-moteurs-asynchrones\/#breadcrumb\"},\"inLanguage\":\"fr-FR\",\"potentialAction\":[{\"@type\":\"ReadAction\",\"target\":[\"https:\/\/delorenzoglobal.com\/fr\/produit\/kit-pour-le-montage-de-4-moteurs-asynchrones\/\"]}]},{\"@type\":\"ImageObject\",\"inLanguage\":\"fr-FR\",\"@id\":\"https:\/\/delorenzoglobal.com\/fr\/produit\/kit-pour-le-montage-de-4-moteurs-asynchrones\/#primaryimage\",\"url\":\"https:\/\/delorenzoglobal.com\/wp-content\/uploads\/2024\/04\/DL-2107.png\",\"contentUrl\":\"https:\/\/delorenzoglobal.com\/wp-content\/uploads\/2024\/04\/DL-2107.png\",\"width\":992,\"height\":330},{\"@type\":\"BreadcrumbList\",\"@id\":\"https:\/\/delorenzoglobal.com\/fr\/produit\/kit-pour-le-montage-de-4-moteurs-asynchrones\/#breadcrumb\",\"itemListElement\":[{\"@type\":\"ListItem\",\"position\":1,\"name\":\"Home\",\"item\":\"https:\/\/delorenzoglobal.com\/fr\/\"},{\"@type\":\"ListItem\",\"position\":2,\"name\":\"Boutique\",\"item\":\"https:\/\/delorenzoglobal.com\/fr\/boutique\/\"},{\"@type\":\"ListItem\",\"position\":3,\"name\":\"KIT POUR LE MONTAGE DE 4 MOTEURS ASYNCHRONES\"}]},{\"@type\":\"WebSite\",\"@id\":\"https:\/\/delorenzoglobal.com\/fr\/#website\",\"url\":\"https:\/\/delorenzoglobal.com\/fr\/\",\"name\":\"De Lorenzo Training &amp; Didactical Equipment\",\"description\":\"\",\"potentialAction\":[{\"@type\":\"SearchAction\",\"target\":{\"@type\":\"EntryPoint\",\"urlTemplate\":\"https:\/\/delorenzoglobal.com\/fr\/?s={search_term_string}\"},\"query-input\":{\"@type\":\"PropertyValueSpecification\",\"valueRequired\":true,\"valueName\":\"search_term_string\"}}],\"inLanguage\":\"fr-FR\"}]}<\/script>\n<!-- \/ Yoast SEO plugin. -->","yoast_head_json":{"title":"KIT POUR LE MONTAGE DE 4 MOTEURS ASYNCHRONES - De Lorenzo Training &amp; Didactical Equipment","robots":{"index":"index","follow":"follow","max-snippet":"max-snippet:-1","max-image-preview":"max-image-preview:large","max-video-preview":"max-video-preview:-1"},"canonical":"https:\/\/delorenzoglobal.com\/fr\/produit\/kit-pour-le-montage-de-4-moteurs-asynchrones\/","og_locale":"fr_FR","og_type":"article","og_title":"KIT POUR LE MONTAGE DE 4 MOTEURS ASYNCHRONES - De Lorenzo Training &amp; Didactical Equipment","og_description":"Le kit est compl\u00e9t\u00e9 par un paquet magn\u00e9tique, rotor et parties m\u00e9caniques, cuivre exclu, pour la constructions de 4 moteurs asynchrones: \u2022 triphas\u00e9 \u00e0 cage, 2 p\u00f4les, 1000W \u2022 triphas\u00e9 \u00e0 cage, 4 p\u00f4les, 800 W \u2022 triphas\u00e9 \u00e0 cage, 6 p\u00f4les, 600 W \u2022 asynchrone monophas\u00e9 avec condensateurs, 2-4 p\u00f4les, 300 W","og_url":"https:\/\/delorenzoglobal.com\/fr\/produit\/kit-pour-le-montage-de-4-moteurs-asynchrones\/","og_site_name":"De Lorenzo Training &amp; Didactical Equipment","article_modified_time":"2025-01-28T10:01:07+00:00","og_image":[{"width":992,"height":330,"url":"https:\/\/delorenzoglobal.com\/wp-content\/uploads\/2024\/04\/DL-2107.png","type":"image\/png"}],"twitter_card":"summary_large_image","twitter_misc":{"Dur\u00e9e de lecture estim\u00e9e":"1 minute"},"schema":{"@context":"https:\/\/schema.org","@graph":[{"@type":"WebPage","@id":"https:\/\/delorenzoglobal.com\/fr\/produit\/kit-pour-le-montage-de-4-moteurs-asynchrones\/","url":"https:\/\/delorenzoglobal.com\/fr\/produit\/kit-pour-le-montage-de-4-moteurs-asynchrones\/","name":"KIT POUR LE MONTAGE DE 4 MOTEURS ASYNCHRONES - De Lorenzo Training &amp; Didactical Equipment","isPartOf":{"@id":"https:\/\/delorenzoglobal.com\/fr\/#website"},"primaryImageOfPage":{"@id":"https:\/\/delorenzoglobal.com\/fr\/produit\/kit-pour-le-montage-de-4-moteurs-asynchrones\/#primaryimage"},"image":{"@id":"https:\/\/delorenzoglobal.com\/fr\/produit\/kit-pour-le-montage-de-4-moteurs-asynchrones\/#primaryimage"},"thumbnailUrl":"https:\/\/delorenzoglobal.com\/wp-content\/uploads\/2024\/04\/DL-2107.png","datePublished":"2024-04-17T08:34:57+00:00","dateModified":"2025-01-28T10:01:07+00:00","breadcrumb":{"@id":"https:\/\/delorenzoglobal.com\/fr\/produit\/kit-pour-le-montage-de-4-moteurs-asynchrones\/#breadcrumb"},"inLanguage":"fr-FR","potentialAction":[{"@type":"ReadAction","target":["https:\/\/delorenzoglobal.com\/fr\/produit\/kit-pour-le-montage-de-4-moteurs-asynchrones\/"]}]},{"@type":"ImageObject","inLanguage":"fr-FR","@id":"https:\/\/delorenzoglobal.com\/fr\/produit\/kit-pour-le-montage-de-4-moteurs-asynchrones\/#primaryimage","url":"https:\/\/delorenzoglobal.com\/wp-content\/uploads\/2024\/04\/DL-2107.png","contentUrl":"https:\/\/delorenzoglobal.com\/wp-content\/uploads\/2024\/04\/DL-2107.png","width":992,"height":330},{"@type":"BreadcrumbList","@id":"https:\/\/delorenzoglobal.com\/fr\/produit\/kit-pour-le-montage-de-4-moteurs-asynchrones\/#breadcrumb","itemListElement":[{"@type":"ListItem","position":1,"name":"Home","item":"https:\/\/delorenzoglobal.com\/fr\/"},{"@type":"ListItem","position":2,"name":"Boutique","item":"https:\/\/delorenzoglobal.com\/fr\/boutique\/"},{"@type":"ListItem","position":3,"name":"KIT POUR LE MONTAGE DE 4 MOTEURS ASYNCHRONES"}]},{"@type":"WebSite","@id":"https:\/\/delorenzoglobal.com\/fr\/#website","url":"https:\/\/delorenzoglobal.com\/fr\/","name":"De Lorenzo Training &amp; Didactical Equipment","description":"","potentialAction":[{"@type":"SearchAction","target":{"@type":"EntryPoint","urlTemplate":"https:\/\/delorenzoglobal.com\/fr\/?s={search_term_string}"},"query-input":{"@type":"PropertyValueSpecification","valueRequired":true,"valueName":"search_term_string"}}],"inLanguage":"fr-FR"}]}},"_links":{"self":[{"href":"https:\/\/delorenzoglobal.com\/fr\/wp-json\/wp\/v2\/product\/8612","targetHints":{"allow":["GET"]}}],"collection":[{"href":"https:\/\/delorenzoglobal.com\/fr\/wp-json\/wp\/v2\/product"}],"about":[{"href":"https:\/\/delorenzoglobal.com\/fr\/wp-json\/wp\/v2\/types\/product"}],"wp:featuredmedia":[{"embeddable":true,"href":"https:\/\/delorenzoglobal.com\/fr\/wp-json\/wp\/v2\/media\/8596"}],"wp:attachment":[{"href":"https:\/\/delorenzoglobal.com\/fr\/wp-json\/wp\/v2\/media?parent=8612"}],"wp:term":[{"taxonomy":"product_brand","embeddable":true,"href":"https:\/\/delorenzoglobal.com\/fr\/wp-json\/wp\/v2\/product_brand?post=8612"},{"taxonomy":"product_cat","embeddable":true,"href":"https:\/\/delorenzoglobal.com\/fr\/wp-json\/wp\/v2\/product_cat?post=8612"},{"taxonomy":"product_tag","embeddable":true,"href":"https:\/\/delorenzoglobal.com\/fr\/wp-json\/wp\/v2\/product_tag?post=8612"}],"curies":[{"name":"wp","href":"https:\/\/api.w.org\/{rel}","templated":true}]}}