{"id":8315,"date":"2024-04-17T09:40:36","date_gmt":"2024-04-17T07:40:36","guid":{"rendered":"https:\/\/delorenzoglobal.com\/?post_type=product&#038;p=8315"},"modified":"2026-03-04T09:16:10","modified_gmt":"2026-03-04T08:16:10","slug":"bobineuse-pour-moteurs-et-transformateurs","status":"publish","type":"product","link":"https:\/\/delorenzoglobal.com\/fr\/produit\/bobineuse-pour-moteurs-et-transformateurs\/","title":{"rendered":"BOBINEUSE POUR MOTEURS ET TRANSFORMATEURS"},"content":{"rendered":"<p><strong>Enroulements\u00a0:<\/strong><\/p>\n<ul>\n<li>bobines pour moteurs<\/li>\n<li>bobines pour transformateurs<\/li>\n<\/ul>\n<p><strong>Fils:<\/strong><\/p>\n<ul>\n<li>Diam\u00e8tre minimum : 0,1 mm.<\/li>\n<li>Diam\u00e8tre maximum : 2 mm.<\/li>\n<\/ul>\n<p><strong>Bobines :<\/strong><\/p>\n<ul>\n<li>Diam\u00e8tre maximum des bobines : 180 mm.<\/li>\n<li>Largeur maximale des bobines : 200 mm.<\/li>\n<\/ul>\n<p><strong>Moteur:<\/strong><\/p>\n<ul>\n<li>Moteur triphas\u00e9 avec frein, 0,75 kW<\/li>\n<\/ul>\n<p><strong>Modes d&rsquo;enroulement\u00a0:<\/strong><\/p>\n<p>Modes de remontage automatique et manuel.<\/p>\n<p>Guide-fil \u00e0 d\u00e9placement automatique.<\/p>\n<p>Dimensions : 700 x 700 x 1700 (h) mm<\/p>\n","protected":false},"excerpt":{"rendered":"<p>Enroulements\u00a0: bobines pour moteurs bobines pour transformateurs Fils: Diam\u00e8tre minimum : 0,1 mm. Diam\u00e8tre maximum : 2 mm. Bobines : Diam\u00e8tre maximum des bobines : 180 mm. Largeur maximale des bobines : 200 mm. Moteur: Moteur triphas\u00e9 avec frein, 0,75 kW Modes d&rsquo;enroulement\u00a0: Modes de remontage automatique et manuel. Guide-fil \u00e0 d\u00e9placement automatique. Dimensions : [&hellip;]<\/p>\n","protected":false},"featured_media":68869,"template":"","meta":{"_acf_changed":false},"product_brand":[],"product_cat":[313],"product_tag":[],"class_list":{"0":"post-8315","1":"product","2":"type-product","3":"status-publish","4":"has-post-thumbnail","6":"product_cat-constructions-electromecaniques","8":"first","9":"instock","10":"shipping-taxable","11":"product-type-simple"},"acf":[],"yoast_head":"<!-- This site is optimized with the Yoast SEO plugin v27.0 - https:\/\/yoast.com\/product\/yoast-seo-wordpress\/ -->\n<title>BOBINEUSE POUR MOTEURS ET TRANSFORMATEURS - De Lorenzo Training &amp; Didactical Equipment<\/title>\n<meta name=\"robots\" content=\"index, follow, max-snippet:-1, max-image-preview:large, max-video-preview:-1\" \/>\n<link rel=\"canonical\" href=\"https:\/\/delorenzoglobal.com\/fr\/produit\/bobineuse-pour-moteurs-et-transformateurs\/\" \/>\n<meta property=\"og:locale\" content=\"fr_FR\" \/>\n<meta property=\"og:type\" content=\"article\" \/>\n<meta property=\"og:title\" content=\"BOBINEUSE POUR MOTEURS ET TRANSFORMATEURS - De Lorenzo Training &amp; Didactical Equipment\" \/>\n<meta property=\"og:description\" content=\"Enroulements\u00a0: bobines pour moteurs bobines pour transformateurs Fils: Diam\u00e8tre minimum : 0,1 mm. Diam\u00e8tre maximum : 2 mm. Bobines : Diam\u00e8tre maximum des bobines : 180 mm. Largeur maximale des bobines : 200 mm. Moteur: Moteur triphas\u00e9 avec frein, 0,75 kW Modes d&rsquo;enroulement\u00a0: Modes de remontage automatique et manuel. Guide-fil \u00e0 d\u00e9placement automatique. Dimensions : [&hellip;]\" \/>\n<meta property=\"og:url\" content=\"https:\/\/delorenzoglobal.com\/fr\/produit\/bobineuse-pour-moteurs-et-transformateurs\/\" \/>\n<meta property=\"og:site_name\" content=\"De Lorenzo Training &amp; Didactical Equipment\" \/>\n<meta property=\"article:modified_time\" content=\"2026-03-04T08:16:10+00:00\" \/>\n<meta property=\"og:image\" content=\"https:\/\/delorenzoglobal.com\/wp-content\/uploads\/2024\/04\/DL-1012E-5-scaled.jpg\" \/>\n\t<meta property=\"og:image:width\" content=\"2209\" \/>\n\t<meta property=\"og:image:height\" content=\"2560\" \/>\n\t<meta property=\"og:image:type\" content=\"image\/jpeg\" \/>\n<meta name=\"twitter:card\" content=\"summary_large_image\" \/>\n<meta name=\"twitter:label1\" content=\"Dur\u00e9e de lecture estim\u00e9e\" \/>\n\t<meta name=\"twitter:data1\" content=\"1 minute\" \/>\n<script type=\"application\/ld+json\" class=\"yoast-schema-graph\">{\"@context\":\"https:\/\/schema.org\",\"@graph\":[{\"@type\":\"WebPage\",\"@id\":\"https:\/\/delorenzoglobal.com\/fr\/produit\/bobineuse-pour-moteurs-et-transformateurs\/\",\"url\":\"https:\/\/delorenzoglobal.com\/fr\/produit\/bobineuse-pour-moteurs-et-transformateurs\/\",\"name\":\"BOBINEUSE POUR MOTEURS ET TRANSFORMATEURS - De Lorenzo Training &amp; Didactical Equipment\",\"isPartOf\":{\"@id\":\"https:\/\/delorenzoglobal.com\/fr\/#website\"},\"primaryImageOfPage\":{\"@id\":\"https:\/\/delorenzoglobal.com\/fr\/produit\/bobineuse-pour-moteurs-et-transformateurs\/#primaryimage\"},\"image\":{\"@id\":\"https:\/\/delorenzoglobal.com\/fr\/produit\/bobineuse-pour-moteurs-et-transformateurs\/#primaryimage\"},\"thumbnailUrl\":\"https:\/\/delorenzoglobal.com\/wp-content\/uploads\/2024\/04\/DL-1012E-5-scaled.jpg\",\"datePublished\":\"2024-04-17T07:40:36+00:00\",\"dateModified\":\"2026-03-04T08:16:10+00:00\",\"breadcrumb\":{\"@id\":\"https:\/\/delorenzoglobal.com\/fr\/produit\/bobineuse-pour-moteurs-et-transformateurs\/#breadcrumb\"},\"inLanguage\":\"fr-FR\",\"potentialAction\":[{\"@type\":\"ReadAction\",\"target\":[\"https:\/\/delorenzoglobal.com\/fr\/produit\/bobineuse-pour-moteurs-et-transformateurs\/\"]}]},{\"@type\":\"ImageObject\",\"inLanguage\":\"fr-FR\",\"@id\":\"https:\/\/delorenzoglobal.com\/fr\/produit\/bobineuse-pour-moteurs-et-transformateurs\/#primaryimage\",\"url\":\"https:\/\/delorenzoglobal.com\/wp-content\/uploads\/2024\/04\/DL-1012E-5-scaled.jpg\",\"contentUrl\":\"https:\/\/delorenzoglobal.com\/wp-content\/uploads\/2024\/04\/DL-1012E-5-scaled.jpg\",\"width\":2209,\"height\":2560},{\"@type\":\"BreadcrumbList\",\"@id\":\"https:\/\/delorenzoglobal.com\/fr\/produit\/bobineuse-pour-moteurs-et-transformateurs\/#breadcrumb\",\"itemListElement\":[{\"@type\":\"ListItem\",\"position\":1,\"name\":\"Home\",\"item\":\"https:\/\/delorenzoglobal.com\/fr\/\"},{\"@type\":\"ListItem\",\"position\":2,\"name\":\"Boutique\",\"item\":\"https:\/\/delorenzoglobal.com\/fr\/boutique\/\"},{\"@type\":\"ListItem\",\"position\":3,\"name\":\"BOBINEUSE POUR MOTEURS ET TRANSFORMATEURS\"}]},{\"@type\":\"WebSite\",\"@id\":\"https:\/\/delorenzoglobal.com\/fr\/#website\",\"url\":\"https:\/\/delorenzoglobal.com\/fr\/\",\"name\":\"De Lorenzo Training &amp; Didactical Equipment\",\"description\":\"\",\"potentialAction\":[{\"@type\":\"SearchAction\",\"target\":{\"@type\":\"EntryPoint\",\"urlTemplate\":\"https:\/\/delorenzoglobal.com\/fr\/?s={search_term_string}\"},\"query-input\":{\"@type\":\"PropertyValueSpecification\",\"valueRequired\":true,\"valueName\":\"search_term_string\"}}],\"inLanguage\":\"fr-FR\"}]}<\/script>\n<!-- \/ Yoast SEO plugin. -->","yoast_head_json":{"title":"BOBINEUSE POUR MOTEURS ET TRANSFORMATEURS - De Lorenzo Training &amp; Didactical Equipment","robots":{"index":"index","follow":"follow","max-snippet":"max-snippet:-1","max-image-preview":"max-image-preview:large","max-video-preview":"max-video-preview:-1"},"canonical":"https:\/\/delorenzoglobal.com\/fr\/produit\/bobineuse-pour-moteurs-et-transformateurs\/","og_locale":"fr_FR","og_type":"article","og_title":"BOBINEUSE POUR MOTEURS ET TRANSFORMATEURS - De Lorenzo Training &amp; Didactical Equipment","og_description":"Enroulements\u00a0: bobines pour moteurs bobines pour transformateurs Fils: Diam\u00e8tre minimum : 0,1 mm. Diam\u00e8tre maximum : 2 mm. Bobines : Diam\u00e8tre maximum des bobines : 180 mm. Largeur maximale des bobines : 200 mm. Moteur: Moteur triphas\u00e9 avec frein, 0,75 kW Modes d&rsquo;enroulement\u00a0: Modes de remontage automatique et manuel. Guide-fil \u00e0 d\u00e9placement automatique. Dimensions : [&hellip;]","og_url":"https:\/\/delorenzoglobal.com\/fr\/produit\/bobineuse-pour-moteurs-et-transformateurs\/","og_site_name":"De Lorenzo Training &amp; Didactical Equipment","article_modified_time":"2026-03-04T08:16:10+00:00","og_image":[{"width":2209,"height":2560,"url":"https:\/\/delorenzoglobal.com\/wp-content\/uploads\/2024\/04\/DL-1012E-5-scaled.jpg","type":"image\/jpeg"}],"twitter_card":"summary_large_image","twitter_misc":{"Dur\u00e9e de lecture estim\u00e9e":"1 minute"},"schema":{"@context":"https:\/\/schema.org","@graph":[{"@type":"WebPage","@id":"https:\/\/delorenzoglobal.com\/fr\/produit\/bobineuse-pour-moteurs-et-transformateurs\/","url":"https:\/\/delorenzoglobal.com\/fr\/produit\/bobineuse-pour-moteurs-et-transformateurs\/","name":"BOBINEUSE POUR MOTEURS ET TRANSFORMATEURS - De Lorenzo Training &amp; Didactical Equipment","isPartOf":{"@id":"https:\/\/delorenzoglobal.com\/fr\/#website"},"primaryImageOfPage":{"@id":"https:\/\/delorenzoglobal.com\/fr\/produit\/bobineuse-pour-moteurs-et-transformateurs\/#primaryimage"},"image":{"@id":"https:\/\/delorenzoglobal.com\/fr\/produit\/bobineuse-pour-moteurs-et-transformateurs\/#primaryimage"},"thumbnailUrl":"https:\/\/delorenzoglobal.com\/wp-content\/uploads\/2024\/04\/DL-1012E-5-scaled.jpg","datePublished":"2024-04-17T07:40:36+00:00","dateModified":"2026-03-04T08:16:10+00:00","breadcrumb":{"@id":"https:\/\/delorenzoglobal.com\/fr\/produit\/bobineuse-pour-moteurs-et-transformateurs\/#breadcrumb"},"inLanguage":"fr-FR","potentialAction":[{"@type":"ReadAction","target":["https:\/\/delorenzoglobal.com\/fr\/produit\/bobineuse-pour-moteurs-et-transformateurs\/"]}]},{"@type":"ImageObject","inLanguage":"fr-FR","@id":"https:\/\/delorenzoglobal.com\/fr\/produit\/bobineuse-pour-moteurs-et-transformateurs\/#primaryimage","url":"https:\/\/delorenzoglobal.com\/wp-content\/uploads\/2024\/04\/DL-1012E-5-scaled.jpg","contentUrl":"https:\/\/delorenzoglobal.com\/wp-content\/uploads\/2024\/04\/DL-1012E-5-scaled.jpg","width":2209,"height":2560},{"@type":"BreadcrumbList","@id":"https:\/\/delorenzoglobal.com\/fr\/produit\/bobineuse-pour-moteurs-et-transformateurs\/#breadcrumb","itemListElement":[{"@type":"ListItem","position":1,"name":"Home","item":"https:\/\/delorenzoglobal.com\/fr\/"},{"@type":"ListItem","position":2,"name":"Boutique","item":"https:\/\/delorenzoglobal.com\/fr\/boutique\/"},{"@type":"ListItem","position":3,"name":"BOBINEUSE POUR MOTEURS ET TRANSFORMATEURS"}]},{"@type":"WebSite","@id":"https:\/\/delorenzoglobal.com\/fr\/#website","url":"https:\/\/delorenzoglobal.com\/fr\/","name":"De Lorenzo Training &amp; Didactical Equipment","description":"","potentialAction":[{"@type":"SearchAction","target":{"@type":"EntryPoint","urlTemplate":"https:\/\/delorenzoglobal.com\/fr\/?s={search_term_string}"},"query-input":{"@type":"PropertyValueSpecification","valueRequired":true,"valueName":"search_term_string"}}],"inLanguage":"fr-FR"}]}},"_links":{"self":[{"href":"https:\/\/delorenzoglobal.com\/fr\/wp-json\/wp\/v2\/product\/8315","targetHints":{"allow":["GET"]}}],"collection":[{"href":"https:\/\/delorenzoglobal.com\/fr\/wp-json\/wp\/v2\/product"}],"about":[{"href":"https:\/\/delorenzoglobal.com\/fr\/wp-json\/wp\/v2\/types\/product"}],"wp:featuredmedia":[{"embeddable":true,"href":"https:\/\/delorenzoglobal.com\/fr\/wp-json\/wp\/v2\/media\/68869"}],"wp:attachment":[{"href":"https:\/\/delorenzoglobal.com\/fr\/wp-json\/wp\/v2\/media?parent=8315"}],"wp:term":[{"taxonomy":"product_brand","embeddable":true,"href":"https:\/\/delorenzoglobal.com\/fr\/wp-json\/wp\/v2\/product_brand?post=8315"},{"taxonomy":"product_cat","embeddable":true,"href":"https:\/\/delorenzoglobal.com\/fr\/wp-json\/wp\/v2\/product_cat?post=8315"},{"taxonomy":"product_tag","embeddable":true,"href":"https:\/\/delorenzoglobal.com\/fr\/wp-json\/wp\/v2\/product_tag?post=8315"}],"curies":[{"name":"wp","href":"https:\/\/api.w.org\/{rel}","templated":true}]}}