{"id":8229,"date":"2024-04-17T09:22:58","date_gmt":"2024-04-17T07:22:58","guid":{"rendered":"https:\/\/delorenzoglobal.com\/?post_type=product&#038;p=8229"},"modified":"2025-05-09T09:44:12","modified_gmt":"2025-05-09T07:44:12","slug":"colonne-porte-bobines-avec-tendeur-de-fil","status":"publish","type":"product","link":"https:\/\/delorenzoglobal.com\/fr\/produit\/colonne-porte-bobines-avec-tendeur-de-fil\/","title":{"rendered":"COLONNE PORTE-BOBINES AVEC TENDEUR DE FIL"},"content":{"rendered":"<p>Colonne \u00e0 fixer au banc, compl\u00e8te de porte-bobines avec tendeur de fil et deux ressorts de r\u00e9glage.<\/p>\n<p>Particuli\u00e8rement indiqu\u00e9e pour fils de 0.2 \u00e0 1.5 mm. de diam\u00e8tre.<\/p>\n<p>On conseille l\u2019emploi de cet accessoire avec la bobineuse DL 1010B.<\/p>\n","protected":false},"excerpt":{"rendered":"<p>Colonne \u00e0 fixer au banc, compl\u00e8te de porte-bobines avec tendeur de fil et deux ressorts de r\u00e9glage. Particuli\u00e8rement indiqu\u00e9e pour fils de 0.2 \u00e0 1.5 mm. de diam\u00e8tre. On conseille l\u2019emploi de cet accessoire avec la bobineuse DL 1010B.<\/p>\n","protected":false},"featured_media":60323,"template":"","meta":{"_acf_changed":false},"product_brand":[],"product_cat":[313],"product_tag":[],"class_list":{"0":"post-8229","1":"product","2":"type-product","3":"status-publish","4":"has-post-thumbnail","6":"product_cat-constructions-electromecaniques","8":"first","9":"instock","10":"shipping-taxable","11":"product-type-simple"},"acf":[],"yoast_head":"<!-- This site is optimized with the Yoast SEO plugin v27.0 - https:\/\/yoast.com\/product\/yoast-seo-wordpress\/ -->\n<title>COLONNE PORTE-BOBINES AVEC TENDEUR DE FIL - De Lorenzo Training &amp; Didactical Equipment<\/title>\n<meta name=\"robots\" content=\"index, follow, max-snippet:-1, max-image-preview:large, max-video-preview:-1\" \/>\n<link rel=\"canonical\" href=\"https:\/\/delorenzoglobal.com\/fr\/produit\/colonne-porte-bobines-avec-tendeur-de-fil\/\" \/>\n<meta property=\"og:locale\" content=\"fr_FR\" \/>\n<meta property=\"og:type\" content=\"article\" \/>\n<meta property=\"og:title\" content=\"COLONNE PORTE-BOBINES AVEC TENDEUR DE FIL - De Lorenzo Training &amp; Didactical Equipment\" \/>\n<meta property=\"og:description\" content=\"Colonne \u00e0 fixer au banc, compl\u00e8te de porte-bobines avec tendeur de fil et deux ressorts de r\u00e9glage. Particuli\u00e8rement indiqu\u00e9e pour fils de 0.2 \u00e0 1.5 mm. de diam\u00e8tre. On conseille l\u2019emploi de cet accessoire avec la bobineuse DL 1010B.\" \/>\n<meta property=\"og:url\" content=\"https:\/\/delorenzoglobal.com\/fr\/produit\/colonne-porte-bobines-avec-tendeur-de-fil\/\" \/>\n<meta property=\"og:site_name\" content=\"De Lorenzo Training &amp; Didactical Equipment\" \/>\n<meta property=\"article:modified_time\" content=\"2025-05-09T07:44:12+00:00\" \/>\n<meta property=\"og:image\" content=\"https:\/\/delorenzoglobal.com\/wp-content\/uploads\/2024\/04\/DL-1010D.jpg\" \/>\n\t<meta property=\"og:image:width\" content=\"449\" \/>\n\t<meta property=\"og:image:height\" content=\"410\" \/>\n\t<meta property=\"og:image:type\" content=\"image\/jpeg\" \/>\n<meta name=\"twitter:card\" content=\"summary_large_image\" \/>\n<meta name=\"twitter:label1\" content=\"Dur\u00e9e de lecture estim\u00e9e\" \/>\n\t<meta name=\"twitter:data1\" content=\"1 minute\" \/>\n<script type=\"application\/ld+json\" class=\"yoast-schema-graph\">{\"@context\":\"https:\/\/schema.org\",\"@graph\":[{\"@type\":\"WebPage\",\"@id\":\"https:\/\/delorenzoglobal.com\/fr\/produit\/colonne-porte-bobines-avec-tendeur-de-fil\/\",\"url\":\"https:\/\/delorenzoglobal.com\/fr\/produit\/colonne-porte-bobines-avec-tendeur-de-fil\/\",\"name\":\"COLONNE PORTE-BOBINES AVEC TENDEUR DE FIL - De Lorenzo Training &amp; Didactical Equipment\",\"isPartOf\":{\"@id\":\"https:\/\/delorenzoglobal.com\/fr\/#website\"},\"primaryImageOfPage\":{\"@id\":\"https:\/\/delorenzoglobal.com\/fr\/produit\/colonne-porte-bobines-avec-tendeur-de-fil\/#primaryimage\"},\"image\":{\"@id\":\"https:\/\/delorenzoglobal.com\/fr\/produit\/colonne-porte-bobines-avec-tendeur-de-fil\/#primaryimage\"},\"thumbnailUrl\":\"https:\/\/delorenzoglobal.com\/wp-content\/uploads\/2024\/04\/DL-1010D.jpg\",\"datePublished\":\"2024-04-17T07:22:58+00:00\",\"dateModified\":\"2025-05-09T07:44:12+00:00\",\"breadcrumb\":{\"@id\":\"https:\/\/delorenzoglobal.com\/fr\/produit\/colonne-porte-bobines-avec-tendeur-de-fil\/#breadcrumb\"},\"inLanguage\":\"fr-FR\",\"potentialAction\":[{\"@type\":\"ReadAction\",\"target\":[\"https:\/\/delorenzoglobal.com\/fr\/produit\/colonne-porte-bobines-avec-tendeur-de-fil\/\"]}]},{\"@type\":\"ImageObject\",\"inLanguage\":\"fr-FR\",\"@id\":\"https:\/\/delorenzoglobal.com\/fr\/produit\/colonne-porte-bobines-avec-tendeur-de-fil\/#primaryimage\",\"url\":\"https:\/\/delorenzoglobal.com\/wp-content\/uploads\/2024\/04\/DL-1010D.jpg\",\"contentUrl\":\"https:\/\/delorenzoglobal.com\/wp-content\/uploads\/2024\/04\/DL-1010D.jpg\",\"width\":449,\"height\":410},{\"@type\":\"BreadcrumbList\",\"@id\":\"https:\/\/delorenzoglobal.com\/fr\/produit\/colonne-porte-bobines-avec-tendeur-de-fil\/#breadcrumb\",\"itemListElement\":[{\"@type\":\"ListItem\",\"position\":1,\"name\":\"Home\",\"item\":\"https:\/\/delorenzoglobal.com\/fr\/\"},{\"@type\":\"ListItem\",\"position\":2,\"name\":\"Boutique\",\"item\":\"https:\/\/delorenzoglobal.com\/fr\/boutique\/\"},{\"@type\":\"ListItem\",\"position\":3,\"name\":\"COLONNE PORTE-BOBINES AVEC TENDEUR DE FIL\"}]},{\"@type\":\"WebSite\",\"@id\":\"https:\/\/delorenzoglobal.com\/fr\/#website\",\"url\":\"https:\/\/delorenzoglobal.com\/fr\/\",\"name\":\"De Lorenzo Training &amp; Didactical Equipment\",\"description\":\"\",\"potentialAction\":[{\"@type\":\"SearchAction\",\"target\":{\"@type\":\"EntryPoint\",\"urlTemplate\":\"https:\/\/delorenzoglobal.com\/fr\/?s={search_term_string}\"},\"query-input\":{\"@type\":\"PropertyValueSpecification\",\"valueRequired\":true,\"valueName\":\"search_term_string\"}}],\"inLanguage\":\"fr-FR\"}]}<\/script>\n<!-- \/ Yoast SEO plugin. -->","yoast_head_json":{"title":"COLONNE PORTE-BOBINES AVEC TENDEUR DE FIL - De Lorenzo Training &amp; Didactical Equipment","robots":{"index":"index","follow":"follow","max-snippet":"max-snippet:-1","max-image-preview":"max-image-preview:large","max-video-preview":"max-video-preview:-1"},"canonical":"https:\/\/delorenzoglobal.com\/fr\/produit\/colonne-porte-bobines-avec-tendeur-de-fil\/","og_locale":"fr_FR","og_type":"article","og_title":"COLONNE PORTE-BOBINES AVEC TENDEUR DE FIL - De Lorenzo Training &amp; Didactical Equipment","og_description":"Colonne \u00e0 fixer au banc, compl\u00e8te de porte-bobines avec tendeur de fil et deux ressorts de r\u00e9glage. Particuli\u00e8rement indiqu\u00e9e pour fils de 0.2 \u00e0 1.5 mm. de diam\u00e8tre. On conseille l\u2019emploi de cet accessoire avec la bobineuse DL 1010B.","og_url":"https:\/\/delorenzoglobal.com\/fr\/produit\/colonne-porte-bobines-avec-tendeur-de-fil\/","og_site_name":"De Lorenzo Training &amp; Didactical Equipment","article_modified_time":"2025-05-09T07:44:12+00:00","og_image":[{"width":449,"height":410,"url":"https:\/\/delorenzoglobal.com\/wp-content\/uploads\/2024\/04\/DL-1010D.jpg","type":"image\/jpeg"}],"twitter_card":"summary_large_image","twitter_misc":{"Dur\u00e9e de lecture estim\u00e9e":"1 minute"},"schema":{"@context":"https:\/\/schema.org","@graph":[{"@type":"WebPage","@id":"https:\/\/delorenzoglobal.com\/fr\/produit\/colonne-porte-bobines-avec-tendeur-de-fil\/","url":"https:\/\/delorenzoglobal.com\/fr\/produit\/colonne-porte-bobines-avec-tendeur-de-fil\/","name":"COLONNE PORTE-BOBINES AVEC TENDEUR DE FIL - De Lorenzo Training &amp; Didactical Equipment","isPartOf":{"@id":"https:\/\/delorenzoglobal.com\/fr\/#website"},"primaryImageOfPage":{"@id":"https:\/\/delorenzoglobal.com\/fr\/produit\/colonne-porte-bobines-avec-tendeur-de-fil\/#primaryimage"},"image":{"@id":"https:\/\/delorenzoglobal.com\/fr\/produit\/colonne-porte-bobines-avec-tendeur-de-fil\/#primaryimage"},"thumbnailUrl":"https:\/\/delorenzoglobal.com\/wp-content\/uploads\/2024\/04\/DL-1010D.jpg","datePublished":"2024-04-17T07:22:58+00:00","dateModified":"2025-05-09T07:44:12+00:00","breadcrumb":{"@id":"https:\/\/delorenzoglobal.com\/fr\/produit\/colonne-porte-bobines-avec-tendeur-de-fil\/#breadcrumb"},"inLanguage":"fr-FR","potentialAction":[{"@type":"ReadAction","target":["https:\/\/delorenzoglobal.com\/fr\/produit\/colonne-porte-bobines-avec-tendeur-de-fil\/"]}]},{"@type":"ImageObject","inLanguage":"fr-FR","@id":"https:\/\/delorenzoglobal.com\/fr\/produit\/colonne-porte-bobines-avec-tendeur-de-fil\/#primaryimage","url":"https:\/\/delorenzoglobal.com\/wp-content\/uploads\/2024\/04\/DL-1010D.jpg","contentUrl":"https:\/\/delorenzoglobal.com\/wp-content\/uploads\/2024\/04\/DL-1010D.jpg","width":449,"height":410},{"@type":"BreadcrumbList","@id":"https:\/\/delorenzoglobal.com\/fr\/produit\/colonne-porte-bobines-avec-tendeur-de-fil\/#breadcrumb","itemListElement":[{"@type":"ListItem","position":1,"name":"Home","item":"https:\/\/delorenzoglobal.com\/fr\/"},{"@type":"ListItem","position":2,"name":"Boutique","item":"https:\/\/delorenzoglobal.com\/fr\/boutique\/"},{"@type":"ListItem","position":3,"name":"COLONNE PORTE-BOBINES AVEC TENDEUR DE FIL"}]},{"@type":"WebSite","@id":"https:\/\/delorenzoglobal.com\/fr\/#website","url":"https:\/\/delorenzoglobal.com\/fr\/","name":"De Lorenzo Training &amp; Didactical Equipment","description":"","potentialAction":[{"@type":"SearchAction","target":{"@type":"EntryPoint","urlTemplate":"https:\/\/delorenzoglobal.com\/fr\/?s={search_term_string}"},"query-input":{"@type":"PropertyValueSpecification","valueRequired":true,"valueName":"search_term_string"}}],"inLanguage":"fr-FR"}]}},"_links":{"self":[{"href":"https:\/\/delorenzoglobal.com\/fr\/wp-json\/wp\/v2\/product\/8229","targetHints":{"allow":["GET"]}}],"collection":[{"href":"https:\/\/delorenzoglobal.com\/fr\/wp-json\/wp\/v2\/product"}],"about":[{"href":"https:\/\/delorenzoglobal.com\/fr\/wp-json\/wp\/v2\/types\/product"}],"wp:featuredmedia":[{"embeddable":true,"href":"https:\/\/delorenzoglobal.com\/fr\/wp-json\/wp\/v2\/media\/60323"}],"wp:attachment":[{"href":"https:\/\/delorenzoglobal.com\/fr\/wp-json\/wp\/v2\/media?parent=8229"}],"wp:term":[{"taxonomy":"product_brand","embeddable":true,"href":"https:\/\/delorenzoglobal.com\/fr\/wp-json\/wp\/v2\/product_brand?post=8229"},{"taxonomy":"product_cat","embeddable":true,"href":"https:\/\/delorenzoglobal.com\/fr\/wp-json\/wp\/v2\/product_cat?post=8229"},{"taxonomy":"product_tag","embeddable":true,"href":"https:\/\/delorenzoglobal.com\/fr\/wp-json\/wp\/v2\/product_tag?post=8229"}],"curies":[{"name":"wp","href":"https:\/\/api.w.org\/{rel}","templated":true}]}}