{"id":8173,"date":"2024-04-17T09:06:56","date_gmt":"2024-04-17T07:06:56","guid":{"rendered":"https:\/\/delorenzoglobal.com\/?post_type=product&#038;p=8173"},"modified":"2025-01-29T10:13:53","modified_gmt":"2025-01-29T09:13:53","slug":"demarrage-de-grands-vehicules","status":"publish","type":"product","link":"https:\/\/delorenzoglobal.com\/fr\/produit\/demarrage-de-grands-vehicules\/","title":{"rendered":"DEMARRAGE DE GRANDS V\u00c9HICULES"},"content":{"rendered":"<p>Ce panneau de simulation a \u00e9t\u00e9 sp\u00e9cialement con\u00e7u et r\u00e9alis\u00e9 pour permettre un apprentissage complet et facile des techniques et des dispositifs utilis\u00e9s dans les syst\u00e8mes de d\u00e9marrage des v\u00e9hicules industriels.<\/p>\n<p>Le terme \u00ab v\u00e9hicule industriel \u00bb est normalement utilis\u00e9 pour les v\u00e9hicules, qui sont faits pour le transport de plus de 9 personnes, pour le transport de marchandises et \/ ou pour le transport de remorques.<\/p>\n<p>Cette cat\u00e9gorie comprend les autobus, les camions de diff\u00e9rentes dimensions, poids lourds sp\u00e9ciaux, des tombereaux.<\/p>\n<p>Selon la grande vari\u00e9t\u00e9 de v\u00e9hicules industriels, les syst\u00e8mes de d\u00e9marrage sont toujours adapt\u00e9s \u00e0 la structure et au type de moteur du v\u00e9hicule sur lequel ils sont mis.<\/p>\n","protected":false},"excerpt":{"rendered":"<p>Ce panneau de simulation a \u00e9t\u00e9 sp\u00e9cialement con\u00e7u et r\u00e9alis\u00e9 pour permettre un apprentissage complet et facile des techniques et des dispositifs utilis\u00e9s dans les syst\u00e8mes de d\u00e9marrage des v\u00e9hicules industriels. Le terme \u00ab v\u00e9hicule industriel \u00bb est normalement utilis\u00e9 pour les v\u00e9hicules, qui sont faits pour le transport de plus de 9 personnes, pour [&hellip;]<\/p>\n","protected":false},"featured_media":8162,"template":"","meta":{"_acf_changed":false},"product_brand":[],"product_cat":[362],"product_tag":[],"class_list":{"0":"post-8173","1":"product","2":"type-product","3":"status-publish","4":"has-post-thumbnail","6":"product_cat-allumage","8":"first","9":"instock","10":"shipping-taxable","11":"product-type-simple"},"acf":[],"yoast_head":"<!-- This site is optimized with the Yoast SEO plugin v27.4 - https:\/\/yoast.com\/product\/yoast-seo-wordpress\/ -->\n<title>DEMARRAGE DE GRANDS V\u00c9HICULES - De Lorenzo Training &amp; Didactical Equipment<\/title>\n<meta name=\"robots\" content=\"index, follow, max-snippet:-1, max-image-preview:large, max-video-preview:-1\" \/>\n<link rel=\"canonical\" href=\"https:\/\/delorenzoglobal.com\/fr\/produit\/demarrage-de-grands-vehicules\/\" \/>\n<meta property=\"og:locale\" content=\"fr_FR\" \/>\n<meta property=\"og:type\" content=\"article\" \/>\n<meta property=\"og:title\" content=\"DEMARRAGE DE GRANDS V\u00c9HICULES - De Lorenzo Training &amp; Didactical Equipment\" \/>\n<meta property=\"og:description\" content=\"Ce panneau de simulation a \u00e9t\u00e9 sp\u00e9cialement con\u00e7u et r\u00e9alis\u00e9 pour permettre un apprentissage complet et facile des techniques et des dispositifs utilis\u00e9s dans les syst\u00e8mes de d\u00e9marrage des v\u00e9hicules industriels. Le terme \u00ab v\u00e9hicule industriel \u00bb est normalement utilis\u00e9 pour les v\u00e9hicules, qui sont faits pour le transport de plus de 9 personnes, pour [&hellip;]\" \/>\n<meta property=\"og:url\" content=\"https:\/\/delorenzoglobal.com\/fr\/produit\/demarrage-de-grands-vehicules\/\" \/>\n<meta property=\"og:site_name\" content=\"De Lorenzo Training &amp; Didactical Equipment\" \/>\n<meta property=\"article:modified_time\" content=\"2025-01-29T09:13:53+00:00\" \/>\n<meta property=\"og:image\" content=\"https:\/\/delorenzoglobal.com\/wp-content\/uploads\/2024\/04\/DL-AM10.jpg\" \/>\n\t<meta property=\"og:image:width\" content=\"2405\" \/>\n\t<meta property=\"og:image:height\" content=\"1840\" \/>\n\t<meta property=\"og:image:type\" content=\"image\/jpeg\" \/>\n<meta name=\"twitter:card\" content=\"summary_large_image\" \/>\n<meta name=\"twitter:label1\" content=\"Dur\u00e9e de lecture estim\u00e9e\" \/>\n\t<meta name=\"twitter:data1\" content=\"1 minute\" \/>\n<script type=\"application\/ld+json\" class=\"yoast-schema-graph\">{\"@context\":\"https:\\\/\\\/schema.org\",\"@graph\":[{\"@type\":\"WebPage\",\"@id\":\"https:\\\/\\\/delorenzoglobal.com\\\/fr\\\/produit\\\/demarrage-de-grands-vehicules\\\/\",\"url\":\"https:\\\/\\\/delorenzoglobal.com\\\/fr\\\/produit\\\/demarrage-de-grands-vehicules\\\/\",\"name\":\"DEMARRAGE DE GRANDS V\u00c9HICULES - De Lorenzo Training &amp; Didactical Equipment\",\"isPartOf\":{\"@id\":\"https:\\\/\\\/delorenzoglobal.com\\\/fr\\\/#website\"},\"primaryImageOfPage\":{\"@id\":\"https:\\\/\\\/delorenzoglobal.com\\\/fr\\\/produit\\\/demarrage-de-grands-vehicules\\\/#primaryimage\"},\"image\":{\"@id\":\"https:\\\/\\\/delorenzoglobal.com\\\/fr\\\/produit\\\/demarrage-de-grands-vehicules\\\/#primaryimage\"},\"thumbnailUrl\":\"https:\\\/\\\/delorenzoglobal.com\\\/wp-content\\\/uploads\\\/2024\\\/04\\\/DL-AM10.jpg\",\"datePublished\":\"2024-04-17T07:06:56+00:00\",\"dateModified\":\"2025-01-29T09:13:53+00:00\",\"breadcrumb\":{\"@id\":\"https:\\\/\\\/delorenzoglobal.com\\\/fr\\\/produit\\\/demarrage-de-grands-vehicules\\\/#breadcrumb\"},\"inLanguage\":\"fr-FR\",\"potentialAction\":[{\"@type\":\"ReadAction\",\"target\":[\"https:\\\/\\\/delorenzoglobal.com\\\/fr\\\/produit\\\/demarrage-de-grands-vehicules\\\/\"]}]},{\"@type\":\"ImageObject\",\"inLanguage\":\"fr-FR\",\"@id\":\"https:\\\/\\\/delorenzoglobal.com\\\/fr\\\/produit\\\/demarrage-de-grands-vehicules\\\/#primaryimage\",\"url\":\"https:\\\/\\\/delorenzoglobal.com\\\/wp-content\\\/uploads\\\/2024\\\/04\\\/DL-AM10.jpg\",\"contentUrl\":\"https:\\\/\\\/delorenzoglobal.com\\\/wp-content\\\/uploads\\\/2024\\\/04\\\/DL-AM10.jpg\",\"width\":2405,\"height\":1840},{\"@type\":\"BreadcrumbList\",\"@id\":\"https:\\\/\\\/delorenzoglobal.com\\\/fr\\\/produit\\\/demarrage-de-grands-vehicules\\\/#breadcrumb\",\"itemListElement\":[{\"@type\":\"ListItem\",\"position\":1,\"name\":\"Home\",\"item\":\"https:\\\/\\\/delorenzoglobal.com\\\/fr\\\/\"},{\"@type\":\"ListItem\",\"position\":2,\"name\":\"Boutique\",\"item\":\"https:\\\/\\\/delorenzoglobal.com\\\/fr\\\/boutique\\\/\"},{\"@type\":\"ListItem\",\"position\":3,\"name\":\"DEMARRAGE DE GRANDS V\u00c9HICULES\"}]},{\"@type\":\"WebSite\",\"@id\":\"https:\\\/\\\/delorenzoglobal.com\\\/fr\\\/#website\",\"url\":\"https:\\\/\\\/delorenzoglobal.com\\\/fr\\\/\",\"name\":\"De Lorenzo Training &amp; Didactical Equipment\",\"description\":\"\",\"potentialAction\":[{\"@type\":\"SearchAction\",\"target\":{\"@type\":\"EntryPoint\",\"urlTemplate\":\"https:\\\/\\\/delorenzoglobal.com\\\/fr\\\/?s={search_term_string}\"},\"query-input\":{\"@type\":\"PropertyValueSpecification\",\"valueRequired\":true,\"valueName\":\"search_term_string\"}}],\"inLanguage\":\"fr-FR\"}]}<\/script>\n<!-- \/ Yoast SEO plugin. -->","yoast_head_json":{"title":"DEMARRAGE DE GRANDS V\u00c9HICULES - De Lorenzo Training &amp; Didactical Equipment","robots":{"index":"index","follow":"follow","max-snippet":"max-snippet:-1","max-image-preview":"max-image-preview:large","max-video-preview":"max-video-preview:-1"},"canonical":"https:\/\/delorenzoglobal.com\/fr\/produit\/demarrage-de-grands-vehicules\/","og_locale":"fr_FR","og_type":"article","og_title":"DEMARRAGE DE GRANDS V\u00c9HICULES - De Lorenzo Training &amp; Didactical Equipment","og_description":"Ce panneau de simulation a \u00e9t\u00e9 sp\u00e9cialement con\u00e7u et r\u00e9alis\u00e9 pour permettre un apprentissage complet et facile des techniques et des dispositifs utilis\u00e9s dans les syst\u00e8mes de d\u00e9marrage des v\u00e9hicules industriels. Le terme \u00ab v\u00e9hicule industriel \u00bb est normalement utilis\u00e9 pour les v\u00e9hicules, qui sont faits pour le transport de plus de 9 personnes, pour [&hellip;]","og_url":"https:\/\/delorenzoglobal.com\/fr\/produit\/demarrage-de-grands-vehicules\/","og_site_name":"De Lorenzo Training &amp; Didactical Equipment","article_modified_time":"2025-01-29T09:13:53+00:00","og_image":[{"width":2405,"height":1840,"url":"https:\/\/delorenzoglobal.com\/wp-content\/uploads\/2024\/04\/DL-AM10.jpg","type":"image\/jpeg"}],"twitter_card":"summary_large_image","twitter_misc":{"Dur\u00e9e de lecture estim\u00e9e":"1 minute"},"schema":{"@context":"https:\/\/schema.org","@graph":[{"@type":"WebPage","@id":"https:\/\/delorenzoglobal.com\/fr\/produit\/demarrage-de-grands-vehicules\/","url":"https:\/\/delorenzoglobal.com\/fr\/produit\/demarrage-de-grands-vehicules\/","name":"DEMARRAGE DE GRANDS V\u00c9HICULES - De Lorenzo Training &amp; Didactical Equipment","isPartOf":{"@id":"https:\/\/delorenzoglobal.com\/fr\/#website"},"primaryImageOfPage":{"@id":"https:\/\/delorenzoglobal.com\/fr\/produit\/demarrage-de-grands-vehicules\/#primaryimage"},"image":{"@id":"https:\/\/delorenzoglobal.com\/fr\/produit\/demarrage-de-grands-vehicules\/#primaryimage"},"thumbnailUrl":"https:\/\/delorenzoglobal.com\/wp-content\/uploads\/2024\/04\/DL-AM10.jpg","datePublished":"2024-04-17T07:06:56+00:00","dateModified":"2025-01-29T09:13:53+00:00","breadcrumb":{"@id":"https:\/\/delorenzoglobal.com\/fr\/produit\/demarrage-de-grands-vehicules\/#breadcrumb"},"inLanguage":"fr-FR","potentialAction":[{"@type":"ReadAction","target":["https:\/\/delorenzoglobal.com\/fr\/produit\/demarrage-de-grands-vehicules\/"]}]},{"@type":"ImageObject","inLanguage":"fr-FR","@id":"https:\/\/delorenzoglobal.com\/fr\/produit\/demarrage-de-grands-vehicules\/#primaryimage","url":"https:\/\/delorenzoglobal.com\/wp-content\/uploads\/2024\/04\/DL-AM10.jpg","contentUrl":"https:\/\/delorenzoglobal.com\/wp-content\/uploads\/2024\/04\/DL-AM10.jpg","width":2405,"height":1840},{"@type":"BreadcrumbList","@id":"https:\/\/delorenzoglobal.com\/fr\/produit\/demarrage-de-grands-vehicules\/#breadcrumb","itemListElement":[{"@type":"ListItem","position":1,"name":"Home","item":"https:\/\/delorenzoglobal.com\/fr\/"},{"@type":"ListItem","position":2,"name":"Boutique","item":"https:\/\/delorenzoglobal.com\/fr\/boutique\/"},{"@type":"ListItem","position":3,"name":"DEMARRAGE DE GRANDS V\u00c9HICULES"}]},{"@type":"WebSite","@id":"https:\/\/delorenzoglobal.com\/fr\/#website","url":"https:\/\/delorenzoglobal.com\/fr\/","name":"De Lorenzo Training &amp; Didactical Equipment","description":"","potentialAction":[{"@type":"SearchAction","target":{"@type":"EntryPoint","urlTemplate":"https:\/\/delorenzoglobal.com\/fr\/?s={search_term_string}"},"query-input":{"@type":"PropertyValueSpecification","valueRequired":true,"valueName":"search_term_string"}}],"inLanguage":"fr-FR"}]}},"_links":{"self":[{"href":"https:\/\/delorenzoglobal.com\/fr\/wp-json\/wp\/v2\/product\/8173","targetHints":{"allow":["GET"]}}],"collection":[{"href":"https:\/\/delorenzoglobal.com\/fr\/wp-json\/wp\/v2\/product"}],"about":[{"href":"https:\/\/delorenzoglobal.com\/fr\/wp-json\/wp\/v2\/types\/product"}],"wp:featuredmedia":[{"embeddable":true,"href":"https:\/\/delorenzoglobal.com\/fr\/wp-json\/wp\/v2\/media\/8162"}],"wp:attachment":[{"href":"https:\/\/delorenzoglobal.com\/fr\/wp-json\/wp\/v2\/media?parent=8173"}],"wp:term":[{"taxonomy":"product_brand","embeddable":true,"href":"https:\/\/delorenzoglobal.com\/fr\/wp-json\/wp\/v2\/product_brand?post=8173"},{"taxonomy":"product_cat","embeddable":true,"href":"https:\/\/delorenzoglobal.com\/fr\/wp-json\/wp\/v2\/product_cat?post=8173"},{"taxonomy":"product_tag","embeddable":true,"href":"https:\/\/delorenzoglobal.com\/fr\/wp-json\/wp\/v2\/product_tag?post=8173"}],"curies":[{"name":"wp","href":"https:\/\/api.w.org\/{rel}","templated":true}]}}