{"id":8134,"date":"2024-04-17T08:58:56","date_gmt":"2024-04-17T06:58:56","guid":{"rendered":"https:\/\/delorenzoglobal.com\/?post_type=product&#038;p=8134"},"modified":"2025-01-29T10:13:43","modified_gmt":"2025-01-29T09:13:43","slug":"sous-systeme-electrique","status":"publish","type":"product","link":"https:\/\/delorenzoglobal.com\/fr\/produit\/sous-systeme-electrique\/","title":{"rendered":"SOUS-SYSTEME ELECTRIQUE"},"content":{"rendered":"<p>Ce panneau de simulation traite en d\u00e9tail toutes les diff\u00e9rentes phases relatives aux transistors d\u2019allumage, les conditions du fonctionnement normal, la recharge et les situations ou la variation des charges \u00e9lectriques.<\/p>\n<p>Le moteur \u00e0 combustion doit \u00eatre d\u00e9marr\u00e9 avec un dispositif sp\u00e9cial car, \u00e0 la diff\u00e9rence des moteurs \u00e9lectriques ou les moteurs \u00e0 vapeur, il ne peut pas s\u2019auto-d\u00e9marrer.<\/p>\n<p>Le simulateur prend en consid\u00e9ration tous les dispositifs, circuits et syst\u00e8mes pour le d\u00e9marrage et la recharge.<\/p>\n","protected":false},"excerpt":{"rendered":"<p>Ce panneau de simulation traite en d\u00e9tail toutes les diff\u00e9rentes phases relatives aux transistors d\u2019allumage, les conditions du fonctionnement normal, la recharge et les situations ou la variation des charges \u00e9lectriques. Le moteur \u00e0 combustion doit \u00eatre d\u00e9marr\u00e9 avec un dispositif sp\u00e9cial car, \u00e0 la diff\u00e9rence des moteurs \u00e9lectriques ou les moteurs \u00e0 vapeur, il [&hellip;]<\/p>\n","protected":false},"featured_media":19478,"template":"","meta":{"_acf_changed":false},"product_brand":[],"product_cat":[362],"product_tag":[],"class_list":{"0":"post-8134","1":"product","2":"type-product","3":"status-publish","4":"has-post-thumbnail","6":"product_cat-allumage","8":"first","9":"instock","10":"shipping-taxable","11":"product-type-simple"},"acf":[],"yoast_head":"<!-- This site is optimized with the Yoast SEO plugin v27.4 - https:\/\/yoast.com\/product\/yoast-seo-wordpress\/ -->\n<title>SOUS-SYSTEME ELECTRIQUE - De Lorenzo Training &amp; Didactical Equipment<\/title>\n<meta name=\"robots\" content=\"index, follow, max-snippet:-1, max-image-preview:large, max-video-preview:-1\" \/>\n<link rel=\"canonical\" href=\"https:\/\/delorenzoglobal.com\/fr\/produit\/sous-systeme-electrique\/\" \/>\n<meta property=\"og:locale\" content=\"fr_FR\" \/>\n<meta property=\"og:type\" content=\"article\" \/>\n<meta property=\"og:title\" content=\"SOUS-SYSTEME ELECTRIQUE - De Lorenzo Training &amp; Didactical Equipment\" \/>\n<meta property=\"og:description\" content=\"Ce panneau de simulation traite en d\u00e9tail toutes les diff\u00e9rentes phases relatives aux transistors d\u2019allumage, les conditions du fonctionnement normal, la recharge et les situations ou la variation des charges \u00e9lectriques. Le moteur \u00e0 combustion doit \u00eatre d\u00e9marr\u00e9 avec un dispositif sp\u00e9cial car, \u00e0 la diff\u00e9rence des moteurs \u00e9lectriques ou les moteurs \u00e0 vapeur, il [&hellip;]\" \/>\n<meta property=\"og:url\" content=\"https:\/\/delorenzoglobal.com\/fr\/produit\/sous-systeme-electrique\/\" \/>\n<meta property=\"og:site_name\" content=\"De Lorenzo Training &amp; Didactical Equipment\" \/>\n<meta property=\"article:modified_time\" content=\"2025-01-29T09:13:43+00:00\" \/>\n<meta property=\"og:image\" content=\"https:\/\/delorenzoglobal.com\/wp-content\/uploads\/2024\/04\/DL-AM07-xs-scaled.jpg\" \/>\n\t<meta property=\"og:image:width\" content=\"2560\" \/>\n\t<meta property=\"og:image:height\" content=\"1654\" \/>\n\t<meta property=\"og:image:type\" content=\"image\/jpeg\" \/>\n<meta name=\"twitter:card\" content=\"summary_large_image\" \/>\n<meta name=\"twitter:label1\" content=\"Dur\u00e9e de lecture estim\u00e9e\" \/>\n\t<meta name=\"twitter:data1\" content=\"1 minute\" \/>\n<script type=\"application\/ld+json\" class=\"yoast-schema-graph\">{\"@context\":\"https:\\\/\\\/schema.org\",\"@graph\":[{\"@type\":\"WebPage\",\"@id\":\"https:\\\/\\\/delorenzoglobal.com\\\/fr\\\/produit\\\/sous-systeme-electrique\\\/\",\"url\":\"https:\\\/\\\/delorenzoglobal.com\\\/fr\\\/produit\\\/sous-systeme-electrique\\\/\",\"name\":\"SOUS-SYSTEME ELECTRIQUE - De Lorenzo Training &amp; Didactical Equipment\",\"isPartOf\":{\"@id\":\"https:\\\/\\\/delorenzoglobal.com\\\/fr\\\/#website\"},\"primaryImageOfPage\":{\"@id\":\"https:\\\/\\\/delorenzoglobal.com\\\/fr\\\/produit\\\/sous-systeme-electrique\\\/#primaryimage\"},\"image\":{\"@id\":\"https:\\\/\\\/delorenzoglobal.com\\\/fr\\\/produit\\\/sous-systeme-electrique\\\/#primaryimage\"},\"thumbnailUrl\":\"https:\\\/\\\/delorenzoglobal.com\\\/wp-content\\\/uploads\\\/2024\\\/04\\\/DL-AM07-xs-scaled.jpg\",\"datePublished\":\"2024-04-17T06:58:56+00:00\",\"dateModified\":\"2025-01-29T09:13:43+00:00\",\"breadcrumb\":{\"@id\":\"https:\\\/\\\/delorenzoglobal.com\\\/fr\\\/produit\\\/sous-systeme-electrique\\\/#breadcrumb\"},\"inLanguage\":\"fr-FR\",\"potentialAction\":[{\"@type\":\"ReadAction\",\"target\":[\"https:\\\/\\\/delorenzoglobal.com\\\/fr\\\/produit\\\/sous-systeme-electrique\\\/\"]}]},{\"@type\":\"ImageObject\",\"inLanguage\":\"fr-FR\",\"@id\":\"https:\\\/\\\/delorenzoglobal.com\\\/fr\\\/produit\\\/sous-systeme-electrique\\\/#primaryimage\",\"url\":\"https:\\\/\\\/delorenzoglobal.com\\\/wp-content\\\/uploads\\\/2024\\\/04\\\/DL-AM07-xs-scaled.jpg\",\"contentUrl\":\"https:\\\/\\\/delorenzoglobal.com\\\/wp-content\\\/uploads\\\/2024\\\/04\\\/DL-AM07-xs-scaled.jpg\",\"width\":2560,\"height\":1654},{\"@type\":\"BreadcrumbList\",\"@id\":\"https:\\\/\\\/delorenzoglobal.com\\\/fr\\\/produit\\\/sous-systeme-electrique\\\/#breadcrumb\",\"itemListElement\":[{\"@type\":\"ListItem\",\"position\":1,\"name\":\"Home\",\"item\":\"https:\\\/\\\/delorenzoglobal.com\\\/fr\\\/\"},{\"@type\":\"ListItem\",\"position\":2,\"name\":\"Boutique\",\"item\":\"https:\\\/\\\/delorenzoglobal.com\\\/fr\\\/boutique\\\/\"},{\"@type\":\"ListItem\",\"position\":3,\"name\":\"SOUS-SYSTEME ELECTRIQUE\"}]},{\"@type\":\"WebSite\",\"@id\":\"https:\\\/\\\/delorenzoglobal.com\\\/fr\\\/#website\",\"url\":\"https:\\\/\\\/delorenzoglobal.com\\\/fr\\\/\",\"name\":\"De Lorenzo Training &amp; Didactical Equipment\",\"description\":\"\",\"potentialAction\":[{\"@type\":\"SearchAction\",\"target\":{\"@type\":\"EntryPoint\",\"urlTemplate\":\"https:\\\/\\\/delorenzoglobal.com\\\/fr\\\/?s={search_term_string}\"},\"query-input\":{\"@type\":\"PropertyValueSpecification\",\"valueRequired\":true,\"valueName\":\"search_term_string\"}}],\"inLanguage\":\"fr-FR\"}]}<\/script>\n<!-- \/ Yoast SEO plugin. -->","yoast_head_json":{"title":"SOUS-SYSTEME ELECTRIQUE - De Lorenzo Training &amp; Didactical Equipment","robots":{"index":"index","follow":"follow","max-snippet":"max-snippet:-1","max-image-preview":"max-image-preview:large","max-video-preview":"max-video-preview:-1"},"canonical":"https:\/\/delorenzoglobal.com\/fr\/produit\/sous-systeme-electrique\/","og_locale":"fr_FR","og_type":"article","og_title":"SOUS-SYSTEME ELECTRIQUE - De Lorenzo Training &amp; Didactical Equipment","og_description":"Ce panneau de simulation traite en d\u00e9tail toutes les diff\u00e9rentes phases relatives aux transistors d\u2019allumage, les conditions du fonctionnement normal, la recharge et les situations ou la variation des charges \u00e9lectriques. Le moteur \u00e0 combustion doit \u00eatre d\u00e9marr\u00e9 avec un dispositif sp\u00e9cial car, \u00e0 la diff\u00e9rence des moteurs \u00e9lectriques ou les moteurs \u00e0 vapeur, il [&hellip;]","og_url":"https:\/\/delorenzoglobal.com\/fr\/produit\/sous-systeme-electrique\/","og_site_name":"De Lorenzo Training &amp; Didactical Equipment","article_modified_time":"2025-01-29T09:13:43+00:00","og_image":[{"width":2560,"height":1654,"url":"https:\/\/delorenzoglobal.com\/wp-content\/uploads\/2024\/04\/DL-AM07-xs-scaled.jpg","type":"image\/jpeg"}],"twitter_card":"summary_large_image","twitter_misc":{"Dur\u00e9e de lecture estim\u00e9e":"1 minute"},"schema":{"@context":"https:\/\/schema.org","@graph":[{"@type":"WebPage","@id":"https:\/\/delorenzoglobal.com\/fr\/produit\/sous-systeme-electrique\/","url":"https:\/\/delorenzoglobal.com\/fr\/produit\/sous-systeme-electrique\/","name":"SOUS-SYSTEME ELECTRIQUE - De Lorenzo Training &amp; Didactical Equipment","isPartOf":{"@id":"https:\/\/delorenzoglobal.com\/fr\/#website"},"primaryImageOfPage":{"@id":"https:\/\/delorenzoglobal.com\/fr\/produit\/sous-systeme-electrique\/#primaryimage"},"image":{"@id":"https:\/\/delorenzoglobal.com\/fr\/produit\/sous-systeme-electrique\/#primaryimage"},"thumbnailUrl":"https:\/\/delorenzoglobal.com\/wp-content\/uploads\/2024\/04\/DL-AM07-xs-scaled.jpg","datePublished":"2024-04-17T06:58:56+00:00","dateModified":"2025-01-29T09:13:43+00:00","breadcrumb":{"@id":"https:\/\/delorenzoglobal.com\/fr\/produit\/sous-systeme-electrique\/#breadcrumb"},"inLanguage":"fr-FR","potentialAction":[{"@type":"ReadAction","target":["https:\/\/delorenzoglobal.com\/fr\/produit\/sous-systeme-electrique\/"]}]},{"@type":"ImageObject","inLanguage":"fr-FR","@id":"https:\/\/delorenzoglobal.com\/fr\/produit\/sous-systeme-electrique\/#primaryimage","url":"https:\/\/delorenzoglobal.com\/wp-content\/uploads\/2024\/04\/DL-AM07-xs-scaled.jpg","contentUrl":"https:\/\/delorenzoglobal.com\/wp-content\/uploads\/2024\/04\/DL-AM07-xs-scaled.jpg","width":2560,"height":1654},{"@type":"BreadcrumbList","@id":"https:\/\/delorenzoglobal.com\/fr\/produit\/sous-systeme-electrique\/#breadcrumb","itemListElement":[{"@type":"ListItem","position":1,"name":"Home","item":"https:\/\/delorenzoglobal.com\/fr\/"},{"@type":"ListItem","position":2,"name":"Boutique","item":"https:\/\/delorenzoglobal.com\/fr\/boutique\/"},{"@type":"ListItem","position":3,"name":"SOUS-SYSTEME ELECTRIQUE"}]},{"@type":"WebSite","@id":"https:\/\/delorenzoglobal.com\/fr\/#website","url":"https:\/\/delorenzoglobal.com\/fr\/","name":"De Lorenzo Training &amp; Didactical Equipment","description":"","potentialAction":[{"@type":"SearchAction","target":{"@type":"EntryPoint","urlTemplate":"https:\/\/delorenzoglobal.com\/fr\/?s={search_term_string}"},"query-input":{"@type":"PropertyValueSpecification","valueRequired":true,"valueName":"search_term_string"}}],"inLanguage":"fr-FR"}]}},"_links":{"self":[{"href":"https:\/\/delorenzoglobal.com\/fr\/wp-json\/wp\/v2\/product\/8134","targetHints":{"allow":["GET"]}}],"collection":[{"href":"https:\/\/delorenzoglobal.com\/fr\/wp-json\/wp\/v2\/product"}],"about":[{"href":"https:\/\/delorenzoglobal.com\/fr\/wp-json\/wp\/v2\/types\/product"}],"wp:featuredmedia":[{"embeddable":true,"href":"https:\/\/delorenzoglobal.com\/fr\/wp-json\/wp\/v2\/media\/19478"}],"wp:attachment":[{"href":"https:\/\/delorenzoglobal.com\/fr\/wp-json\/wp\/v2\/media?parent=8134"}],"wp:term":[{"taxonomy":"product_brand","embeddable":true,"href":"https:\/\/delorenzoglobal.com\/fr\/wp-json\/wp\/v2\/product_brand?post=8134"},{"taxonomy":"product_cat","embeddable":true,"href":"https:\/\/delorenzoglobal.com\/fr\/wp-json\/wp\/v2\/product_cat?post=8134"},{"taxonomy":"product_tag","embeddable":true,"href":"https:\/\/delorenzoglobal.com\/fr\/wp-json\/wp\/v2\/product_tag?post=8134"}],"curies":[{"name":"wp","href":"https:\/\/api.w.org\/{rel}","templated":true}]}}