{"id":8108,"date":"2024-04-17T08:47:20","date_gmt":"2024-04-17T06:47:20","guid":{"rendered":"https:\/\/delorenzoglobal.com\/?post_type=product&#038;p=8108"},"modified":"2025-04-22T12:14:56","modified_gmt":"2025-04-22T10:14:56","slug":"demarrage-demoteur","status":"publish","type":"product","link":"https:\/\/delorenzoglobal.com\/fr\/produit\/demarrage-demoteur\/","title":{"rendered":"D\u00c9MARRAGE DE MOTEUR"},"content":{"rendered":"<p>Ce panneau de simulation traite de l&rsquo;\u00e9tude des techniques de d\u00e9part utilis\u00e9es dans les moteurs \u00e0 cycle Otto.<\/p>\n<p>Les principaux types de d\u00e9marrages sont analys\u00e9s ici: conventionnel avec la bobine, avec des transistors et d\u00e9marrage \u00e9lectronique.<\/p>\n<p>Dans un premier syst\u00e8me de d\u00e9marrage, le simulateur analyse le d\u00e9marrage classique \u00e0 la bobine, dans lequel le syst\u00e8me est command\u00e9 par les contacts.<\/p>\n<p>Cela signifie que le courant qui circule \u00e0 travers la bobine d&rsquo;amor\u00e7age est inject\u00e9 ou extrait de fa\u00e7on m\u00e9caniquement par l&rsquo;interm\u00e9diaire d&rsquo;un contact dans le r\u00e9partiteur de d\u00e9marrage.<\/p>\n<p>Ensuite, le simulateur analyse le syst\u00e8me de d\u00e9marrage \u00e0 transistors, o\u00f9 le contact du disjoncteur de d\u00e9marrage n&rsquo;a plus \u00e0 contr\u00f4ler le courant du primaire, mais seulement le courant de commande d&rsquo;un transistor qui prend en charge la commutation du courant du primaire.<\/p>\n<p>En outre, pour le syst\u00e8me \u00e0 transistors et de contr\u00f4le par contacts, les versions de syst\u00e8me de d\u00e9marrage \u00e0 transistor avec syst\u00e8me d&rsquo;amor\u00e7age \u00e0 travers le transducteur \u00e0 effet Hall ou par capteur inductif sont ici analys\u00e9es en d\u00e9tail.<\/p>\n<p>Enfin, le panneau de simulation \u00e9tudie aussi le d\u00e9marrage \u00e9lectronique dans lequel le r\u00e9gulateur m\u00e9canique de l&rsquo;avance \u00e0 l&rsquo;allumage est \u00e9limin\u00e9 et la m\u00eame avance \u00e0 l&rsquo;allumage est calcul\u00e9e par le panneau de commande \u00e9lectronique.<\/p>\n","protected":false},"excerpt":{"rendered":"<p>Ce panneau de simulation traite de l&rsquo;\u00e9tude des techniques de d\u00e9part utilis\u00e9es dans les moteurs \u00e0 cycle Otto. Les principaux types de d\u00e9marrages sont analys\u00e9s ici: conventionnel avec la bobine, avec des transistors et d\u00e9marrage \u00e9lectronique. Dans un premier syst\u00e8me de d\u00e9marrage, le simulateur analyse le d\u00e9marrage classique \u00e0 la bobine, dans lequel le syst\u00e8me [&hellip;]<\/p>\n","protected":false},"featured_media":8101,"template":"","meta":{"_acf_changed":false},"product_brand":[],"product_cat":[362],"product_tag":[],"class_list":{"0":"post-8108","1":"product","2":"type-product","3":"status-publish","4":"has-post-thumbnail","6":"product_cat-allumage","8":"first","9":"instock","10":"shipping-taxable","11":"product-type-simple"},"acf":[],"yoast_head":"<!-- This site is optimized with the Yoast SEO plugin v27.4 - https:\/\/yoast.com\/product\/yoast-seo-wordpress\/ -->\n<title>D\u00c9MARRAGE DE MOTEUR - De Lorenzo Training &amp; Didactical Equipment<\/title>\n<meta name=\"robots\" content=\"index, follow, max-snippet:-1, max-image-preview:large, max-video-preview:-1\" \/>\n<link rel=\"canonical\" href=\"https:\/\/delorenzoglobal.com\/fr\/produit\/demarrage-demoteur\/\" \/>\n<meta property=\"og:locale\" content=\"fr_FR\" \/>\n<meta property=\"og:type\" content=\"article\" \/>\n<meta property=\"og:title\" content=\"D\u00c9MARRAGE DE MOTEUR - De Lorenzo Training &amp; Didactical Equipment\" \/>\n<meta property=\"og:description\" content=\"Ce panneau de simulation traite de l&rsquo;\u00e9tude des techniques de d\u00e9part utilis\u00e9es dans les moteurs \u00e0 cycle Otto. Les principaux types de d\u00e9marrages sont analys\u00e9s ici: conventionnel avec la bobine, avec des transistors et d\u00e9marrage \u00e9lectronique. Dans un premier syst\u00e8me de d\u00e9marrage, le simulateur analyse le d\u00e9marrage classique \u00e0 la bobine, dans lequel le syst\u00e8me [&hellip;]\" \/>\n<meta property=\"og:url\" content=\"https:\/\/delorenzoglobal.com\/fr\/produit\/demarrage-demoteur\/\" \/>\n<meta property=\"og:site_name\" content=\"De Lorenzo Training &amp; Didactical Equipment\" \/>\n<meta property=\"article:modified_time\" content=\"2025-04-22T10:14:56+00:00\" \/>\n<meta property=\"og:image\" content=\"https:\/\/delorenzoglobal.com\/wp-content\/uploads\/2024\/04\/DL-AM02.jpg\" \/>\n\t<meta property=\"og:image:width\" content=\"2405\" \/>\n\t<meta property=\"og:image:height\" content=\"1840\" \/>\n\t<meta property=\"og:image:type\" content=\"image\/jpeg\" \/>\n<meta name=\"twitter:card\" content=\"summary_large_image\" \/>\n<meta name=\"twitter:label1\" content=\"Dur\u00e9e de lecture estim\u00e9e\" \/>\n\t<meta name=\"twitter:data1\" content=\"2 minutes\" \/>\n<script type=\"application\/ld+json\" class=\"yoast-schema-graph\">{\"@context\":\"https:\\\/\\\/schema.org\",\"@graph\":[{\"@type\":\"WebPage\",\"@id\":\"https:\\\/\\\/delorenzoglobal.com\\\/fr\\\/produit\\\/demarrage-demoteur\\\/\",\"url\":\"https:\\\/\\\/delorenzoglobal.com\\\/fr\\\/produit\\\/demarrage-demoteur\\\/\",\"name\":\"D\u00c9MARRAGE DE MOTEUR - De Lorenzo Training &amp; Didactical Equipment\",\"isPartOf\":{\"@id\":\"https:\\\/\\\/delorenzoglobal.com\\\/fr\\\/#website\"},\"primaryImageOfPage\":{\"@id\":\"https:\\\/\\\/delorenzoglobal.com\\\/fr\\\/produit\\\/demarrage-demoteur\\\/#primaryimage\"},\"image\":{\"@id\":\"https:\\\/\\\/delorenzoglobal.com\\\/fr\\\/produit\\\/demarrage-demoteur\\\/#primaryimage\"},\"thumbnailUrl\":\"https:\\\/\\\/delorenzoglobal.com\\\/wp-content\\\/uploads\\\/2024\\\/04\\\/DL-AM02.jpg\",\"datePublished\":\"2024-04-17T06:47:20+00:00\",\"dateModified\":\"2025-04-22T10:14:56+00:00\",\"breadcrumb\":{\"@id\":\"https:\\\/\\\/delorenzoglobal.com\\\/fr\\\/produit\\\/demarrage-demoteur\\\/#breadcrumb\"},\"inLanguage\":\"fr-FR\",\"potentialAction\":[{\"@type\":\"ReadAction\",\"target\":[\"https:\\\/\\\/delorenzoglobal.com\\\/fr\\\/produit\\\/demarrage-demoteur\\\/\"]}]},{\"@type\":\"ImageObject\",\"inLanguage\":\"fr-FR\",\"@id\":\"https:\\\/\\\/delorenzoglobal.com\\\/fr\\\/produit\\\/demarrage-demoteur\\\/#primaryimage\",\"url\":\"https:\\\/\\\/delorenzoglobal.com\\\/wp-content\\\/uploads\\\/2024\\\/04\\\/DL-AM02.jpg\",\"contentUrl\":\"https:\\\/\\\/delorenzoglobal.com\\\/wp-content\\\/uploads\\\/2024\\\/04\\\/DL-AM02.jpg\",\"width\":2405,\"height\":1840},{\"@type\":\"BreadcrumbList\",\"@id\":\"https:\\\/\\\/delorenzoglobal.com\\\/fr\\\/produit\\\/demarrage-demoteur\\\/#breadcrumb\",\"itemListElement\":[{\"@type\":\"ListItem\",\"position\":1,\"name\":\"Home\",\"item\":\"https:\\\/\\\/delorenzoglobal.com\\\/fr\\\/\"},{\"@type\":\"ListItem\",\"position\":2,\"name\":\"Boutique\",\"item\":\"https:\\\/\\\/delorenzoglobal.com\\\/fr\\\/boutique\\\/\"},{\"@type\":\"ListItem\",\"position\":3,\"name\":\"D\u00c9MARRAGE DE MOTEUR\"}]},{\"@type\":\"WebSite\",\"@id\":\"https:\\\/\\\/delorenzoglobal.com\\\/fr\\\/#website\",\"url\":\"https:\\\/\\\/delorenzoglobal.com\\\/fr\\\/\",\"name\":\"De Lorenzo Training &amp; Didactical Equipment\",\"description\":\"\",\"potentialAction\":[{\"@type\":\"SearchAction\",\"target\":{\"@type\":\"EntryPoint\",\"urlTemplate\":\"https:\\\/\\\/delorenzoglobal.com\\\/fr\\\/?s={search_term_string}\"},\"query-input\":{\"@type\":\"PropertyValueSpecification\",\"valueRequired\":true,\"valueName\":\"search_term_string\"}}],\"inLanguage\":\"fr-FR\"}]}<\/script>\n<!-- \/ Yoast SEO plugin. -->","yoast_head_json":{"title":"D\u00c9MARRAGE DE MOTEUR - De Lorenzo Training &amp; Didactical Equipment","robots":{"index":"index","follow":"follow","max-snippet":"max-snippet:-1","max-image-preview":"max-image-preview:large","max-video-preview":"max-video-preview:-1"},"canonical":"https:\/\/delorenzoglobal.com\/fr\/produit\/demarrage-demoteur\/","og_locale":"fr_FR","og_type":"article","og_title":"D\u00c9MARRAGE DE MOTEUR - De Lorenzo Training &amp; Didactical Equipment","og_description":"Ce panneau de simulation traite de l&rsquo;\u00e9tude des techniques de d\u00e9part utilis\u00e9es dans les moteurs \u00e0 cycle Otto. Les principaux types de d\u00e9marrages sont analys\u00e9s ici: conventionnel avec la bobine, avec des transistors et d\u00e9marrage \u00e9lectronique. Dans un premier syst\u00e8me de d\u00e9marrage, le simulateur analyse le d\u00e9marrage classique \u00e0 la bobine, dans lequel le syst\u00e8me [&hellip;]","og_url":"https:\/\/delorenzoglobal.com\/fr\/produit\/demarrage-demoteur\/","og_site_name":"De Lorenzo Training &amp; Didactical Equipment","article_modified_time":"2025-04-22T10:14:56+00:00","og_image":[{"width":2405,"height":1840,"url":"https:\/\/delorenzoglobal.com\/wp-content\/uploads\/2024\/04\/DL-AM02.jpg","type":"image\/jpeg"}],"twitter_card":"summary_large_image","twitter_misc":{"Dur\u00e9e de lecture estim\u00e9e":"2 minutes"},"schema":{"@context":"https:\/\/schema.org","@graph":[{"@type":"WebPage","@id":"https:\/\/delorenzoglobal.com\/fr\/produit\/demarrage-demoteur\/","url":"https:\/\/delorenzoglobal.com\/fr\/produit\/demarrage-demoteur\/","name":"D\u00c9MARRAGE DE MOTEUR - De Lorenzo Training &amp; Didactical Equipment","isPartOf":{"@id":"https:\/\/delorenzoglobal.com\/fr\/#website"},"primaryImageOfPage":{"@id":"https:\/\/delorenzoglobal.com\/fr\/produit\/demarrage-demoteur\/#primaryimage"},"image":{"@id":"https:\/\/delorenzoglobal.com\/fr\/produit\/demarrage-demoteur\/#primaryimage"},"thumbnailUrl":"https:\/\/delorenzoglobal.com\/wp-content\/uploads\/2024\/04\/DL-AM02.jpg","datePublished":"2024-04-17T06:47:20+00:00","dateModified":"2025-04-22T10:14:56+00:00","breadcrumb":{"@id":"https:\/\/delorenzoglobal.com\/fr\/produit\/demarrage-demoteur\/#breadcrumb"},"inLanguage":"fr-FR","potentialAction":[{"@type":"ReadAction","target":["https:\/\/delorenzoglobal.com\/fr\/produit\/demarrage-demoteur\/"]}]},{"@type":"ImageObject","inLanguage":"fr-FR","@id":"https:\/\/delorenzoglobal.com\/fr\/produit\/demarrage-demoteur\/#primaryimage","url":"https:\/\/delorenzoglobal.com\/wp-content\/uploads\/2024\/04\/DL-AM02.jpg","contentUrl":"https:\/\/delorenzoglobal.com\/wp-content\/uploads\/2024\/04\/DL-AM02.jpg","width":2405,"height":1840},{"@type":"BreadcrumbList","@id":"https:\/\/delorenzoglobal.com\/fr\/produit\/demarrage-demoteur\/#breadcrumb","itemListElement":[{"@type":"ListItem","position":1,"name":"Home","item":"https:\/\/delorenzoglobal.com\/fr\/"},{"@type":"ListItem","position":2,"name":"Boutique","item":"https:\/\/delorenzoglobal.com\/fr\/boutique\/"},{"@type":"ListItem","position":3,"name":"D\u00c9MARRAGE DE MOTEUR"}]},{"@type":"WebSite","@id":"https:\/\/delorenzoglobal.com\/fr\/#website","url":"https:\/\/delorenzoglobal.com\/fr\/","name":"De Lorenzo Training &amp; Didactical Equipment","description":"","potentialAction":[{"@type":"SearchAction","target":{"@type":"EntryPoint","urlTemplate":"https:\/\/delorenzoglobal.com\/fr\/?s={search_term_string}"},"query-input":{"@type":"PropertyValueSpecification","valueRequired":true,"valueName":"search_term_string"}}],"inLanguage":"fr-FR"}]}},"_links":{"self":[{"href":"https:\/\/delorenzoglobal.com\/fr\/wp-json\/wp\/v2\/product\/8108","targetHints":{"allow":["GET"]}}],"collection":[{"href":"https:\/\/delorenzoglobal.com\/fr\/wp-json\/wp\/v2\/product"}],"about":[{"href":"https:\/\/delorenzoglobal.com\/fr\/wp-json\/wp\/v2\/types\/product"}],"wp:featuredmedia":[{"embeddable":true,"href":"https:\/\/delorenzoglobal.com\/fr\/wp-json\/wp\/v2\/media\/8101"}],"wp:attachment":[{"href":"https:\/\/delorenzoglobal.com\/fr\/wp-json\/wp\/v2\/media?parent=8108"}],"wp:term":[{"taxonomy":"product_brand","embeddable":true,"href":"https:\/\/delorenzoglobal.com\/fr\/wp-json\/wp\/v2\/product_brand?post=8108"},{"taxonomy":"product_cat","embeddable":true,"href":"https:\/\/delorenzoglobal.com\/fr\/wp-json\/wp\/v2\/product_cat?post=8108"},{"taxonomy":"product_tag","embeddable":true,"href":"https:\/\/delorenzoglobal.com\/fr\/wp-json\/wp\/v2\/product_tag?post=8108"}],"curies":[{"name":"wp","href":"https:\/\/api.w.org\/{rel}","templated":true}]}}