{"id":787,"date":"2024-04-08T15:40:38","date_gmt":"2024-04-08T13:40:38","guid":{"rendered":"https:\/\/delorenzoglobal.com\/?post_type=product&#038;p=787"},"modified":"2026-03-31T12:01:29","modified_gmt":"2026-03-31T10:01:29","slug":"simulateur-dentrees-sorties-analogiques","status":"publish","type":"product","link":"https:\/\/delorenzoglobal.com\/fr\/produit\/simulateur-dentrees-sorties-analogiques\/","title":{"rendered":"SIMULATEUR D&rsquo;ENTREES\/SORTIES ANALOGIQUES"},"content":{"rendered":"<p>Le module DL 2112 est un simulateur d&rsquo;entr\u00e9es et sorties analogiques indispensable \u00e0 l&rsquo;utilisation et \u00e0 la compr\u00e9hension du fonctionnement des modules analogiques dans un automate.<\/p>\n<p>Il est con\u00e7u pour la g\u00e9n\u00e9ration et la lecture de signaux analogiques de tension et de courant g\u00e9n\u00e9ralement utilis\u00e9s par les automates programmables industriels.<\/p>\n<p>La flexibilit\u00e9, la fiabilit\u00e9, la s\u00e9curit\u00e9 et la capacit\u00e9 de traiter les signaux analogiques sont ses principaux avantages.<\/p>\n<p>Avec ce module, les \u00e9tudiants ont la possibilit\u00e9 de v\u00e9rifier les exp\u00e9rimentations r\u00e9alis\u00e9es et mises en \u0153uvre dans les automates, couramment utilis\u00e9s dans le domaine de l&rsquo;automatisation industrielle.<\/p>\n<p>Toutes les sections (alimentation, E\/S analogiques et bornes) sont identifi\u00e9es par des blocs clairs.<\/p>\n","protected":false},"excerpt":{"rendered":"<p>Le module DL 2112 est un simulateur d&rsquo;entr\u00e9es et sorties analogiques indispensable \u00e0 l&rsquo;utilisation et \u00e0 la compr\u00e9hension du fonctionnement des modules analogiques dans un automate. Il est con\u00e7u pour la g\u00e9n\u00e9ration et la lecture de signaux analogiques de tension et de courant g\u00e9n\u00e9ralement utilis\u00e9s par les automates programmables industriels. La flexibilit\u00e9, la fiabilit\u00e9, la [&hellip;]<\/p>\n","protected":false},"featured_media":774,"template":"","meta":{"_acf_changed":false},"product_brand":[],"product_cat":[168],"product_tag":[],"class_list":{"0":"post-787","1":"product","2":"type-product","3":"status-publish","4":"has-post-thumbnail","6":"product_cat-simulateurs-systemes","8":"first","9":"instock","10":"shipping-taxable","11":"product-type-simple"},"acf":[],"yoast_head":"<!-- This site is optimized with the Yoast SEO plugin v27.0 - https:\/\/yoast.com\/product\/yoast-seo-wordpress\/ -->\n<title>SIMULATEUR D&#039;ENTREES\/SORTIES ANALOGIQUES - De Lorenzo Training &amp; Didactical Equipment<\/title>\n<meta name=\"description\" content=\"Simulateur analogique DL 2112 pour PLC: g\u00e9n\u00e8re et lit des signaux en tension et en courant, id\u00e9al pour les tests, la formation et l\u2019optimisation des syst\u00e8mes industriels.\" \/>\n<meta name=\"robots\" content=\"index, follow, max-snippet:-1, max-image-preview:large, max-video-preview:-1\" \/>\n<link rel=\"canonical\" href=\"https:\/\/delorenzoglobal.com\/fr\/produit\/simulateur-dentrees-sorties-analogiques\/\" \/>\n<meta property=\"og:locale\" content=\"fr_FR\" \/>\n<meta property=\"og:type\" content=\"article\" \/>\n<meta property=\"og:title\" content=\"SIMULATEUR D&#039;ENTREES\/SORTIES ANALOGIQUES - De Lorenzo Training &amp; Didactical Equipment\" \/>\n<meta property=\"og:description\" content=\"Simulateur analogique DL 2112 pour PLC: g\u00e9n\u00e8re et lit des signaux en tension et en courant, id\u00e9al pour les tests, la formation et l\u2019optimisation des syst\u00e8mes industriels.\" \/>\n<meta property=\"og:url\" content=\"https:\/\/delorenzoglobal.com\/fr\/produit\/simulateur-dentrees-sorties-analogiques\/\" \/>\n<meta property=\"og:site_name\" content=\"De Lorenzo Training &amp; Didactical Equipment\" \/>\n<meta property=\"article:modified_time\" content=\"2026-03-31T10:01:29+00:00\" \/>\n<meta property=\"og:image\" content=\"https:\/\/delorenzoglobal.com\/wp-content\/uploads\/2024\/04\/2112-1024x885.png\" \/>\n\t<meta property=\"og:image:width\" content=\"1024\" \/>\n\t<meta property=\"og:image:height\" content=\"885\" \/>\n\t<meta property=\"og:image:type\" content=\"image\/png\" \/>\n<meta name=\"twitter:card\" content=\"summary_large_image\" \/>\n<meta name=\"twitter:label1\" content=\"Dur\u00e9e de lecture estim\u00e9e\" \/>\n\t<meta name=\"twitter:data1\" content=\"1 minute\" \/>\n<script type=\"application\/ld+json\" class=\"yoast-schema-graph\">{\"@context\":\"https:\/\/schema.org\",\"@graph\":[{\"@type\":\"WebPage\",\"@id\":\"https:\/\/delorenzoglobal.com\/fr\/produit\/simulateur-dentrees-sorties-analogiques\/\",\"url\":\"https:\/\/delorenzoglobal.com\/fr\/produit\/simulateur-dentrees-sorties-analogiques\/\",\"name\":\"SIMULATEUR D'ENTREES\/SORTIES ANALOGIQUES - De Lorenzo Training &amp; Didactical Equipment\",\"isPartOf\":{\"@id\":\"https:\/\/delorenzoglobal.com\/fr\/#website\"},\"primaryImageOfPage\":{\"@id\":\"https:\/\/delorenzoglobal.com\/fr\/produit\/simulateur-dentrees-sorties-analogiques\/#primaryimage\"},\"image\":{\"@id\":\"https:\/\/delorenzoglobal.com\/fr\/produit\/simulateur-dentrees-sorties-analogiques\/#primaryimage\"},\"thumbnailUrl\":\"https:\/\/delorenzoglobal.com\/wp-content\/uploads\/2024\/04\/2112.png\",\"datePublished\":\"2024-04-08T13:40:38+00:00\",\"dateModified\":\"2026-03-31T10:01:29+00:00\",\"description\":\"Simulateur analogique DL 2112 pour PLC: g\u00e9n\u00e8re et lit des signaux en tension et en courant, id\u00e9al pour les tests, la formation et l\u2019optimisation des syst\u00e8mes industriels.\",\"breadcrumb\":{\"@id\":\"https:\/\/delorenzoglobal.com\/fr\/produit\/simulateur-dentrees-sorties-analogiques\/#breadcrumb\"},\"inLanguage\":\"fr-FR\",\"potentialAction\":[{\"@type\":\"ReadAction\",\"target\":[\"https:\/\/delorenzoglobal.com\/fr\/produit\/simulateur-dentrees-sorties-analogiques\/\"]}]},{\"@type\":\"ImageObject\",\"inLanguage\":\"fr-FR\",\"@id\":\"https:\/\/delorenzoglobal.com\/fr\/produit\/simulateur-dentrees-sorties-analogiques\/#primaryimage\",\"url\":\"https:\/\/delorenzoglobal.com\/wp-content\/uploads\/2024\/04\/2112.png\",\"contentUrl\":\"https:\/\/delorenzoglobal.com\/wp-content\/uploads\/2024\/04\/2112.png\",\"width\":1940,\"height\":1676},{\"@type\":\"BreadcrumbList\",\"@id\":\"https:\/\/delorenzoglobal.com\/fr\/produit\/simulateur-dentrees-sorties-analogiques\/#breadcrumb\",\"itemListElement\":[{\"@type\":\"ListItem\",\"position\":1,\"name\":\"Home\",\"item\":\"https:\/\/delorenzoglobal.com\/fr\/\"},{\"@type\":\"ListItem\",\"position\":2,\"name\":\"Boutique\",\"item\":\"https:\/\/delorenzoglobal.com\/fr\/boutique\/\"},{\"@type\":\"ListItem\",\"position\":3,\"name\":\"SIMULATEUR D&#8217;ENTREES\/SORTIES ANALOGIQUES\"}]},{\"@type\":\"WebSite\",\"@id\":\"https:\/\/delorenzoglobal.com\/fr\/#website\",\"url\":\"https:\/\/delorenzoglobal.com\/fr\/\",\"name\":\"De Lorenzo Training &amp; Didactical Equipment\",\"description\":\"\",\"potentialAction\":[{\"@type\":\"SearchAction\",\"target\":{\"@type\":\"EntryPoint\",\"urlTemplate\":\"https:\/\/delorenzoglobal.com\/fr\/?s={search_term_string}\"},\"query-input\":{\"@type\":\"PropertyValueSpecification\",\"valueRequired\":true,\"valueName\":\"search_term_string\"}}],\"inLanguage\":\"fr-FR\"}]}<\/script>\n<!-- \/ Yoast SEO plugin. -->","yoast_head_json":{"title":"SIMULATEUR D'ENTREES\/SORTIES ANALOGIQUES - De Lorenzo Training &amp; Didactical Equipment","description":"Simulateur analogique DL 2112 pour PLC: g\u00e9n\u00e8re et lit des signaux en tension et en courant, id\u00e9al pour les tests, la formation et l\u2019optimisation des syst\u00e8mes industriels.","robots":{"index":"index","follow":"follow","max-snippet":"max-snippet:-1","max-image-preview":"max-image-preview:large","max-video-preview":"max-video-preview:-1"},"canonical":"https:\/\/delorenzoglobal.com\/fr\/produit\/simulateur-dentrees-sorties-analogiques\/","og_locale":"fr_FR","og_type":"article","og_title":"SIMULATEUR D'ENTREES\/SORTIES ANALOGIQUES - De Lorenzo Training &amp; Didactical Equipment","og_description":"Simulateur analogique DL 2112 pour PLC: g\u00e9n\u00e8re et lit des signaux en tension et en courant, id\u00e9al pour les tests, la formation et l\u2019optimisation des syst\u00e8mes industriels.","og_url":"https:\/\/delorenzoglobal.com\/fr\/produit\/simulateur-dentrees-sorties-analogiques\/","og_site_name":"De Lorenzo Training &amp; Didactical Equipment","article_modified_time":"2026-03-31T10:01:29+00:00","og_image":[{"width":1024,"height":885,"url":"https:\/\/delorenzoglobal.com\/wp-content\/uploads\/2024\/04\/2112-1024x885.png","type":"image\/png"}],"twitter_card":"summary_large_image","twitter_misc":{"Dur\u00e9e de lecture estim\u00e9e":"1 minute"},"schema":{"@context":"https:\/\/schema.org","@graph":[{"@type":"WebPage","@id":"https:\/\/delorenzoglobal.com\/fr\/produit\/simulateur-dentrees-sorties-analogiques\/","url":"https:\/\/delorenzoglobal.com\/fr\/produit\/simulateur-dentrees-sorties-analogiques\/","name":"SIMULATEUR D'ENTREES\/SORTIES ANALOGIQUES - De Lorenzo Training &amp; Didactical Equipment","isPartOf":{"@id":"https:\/\/delorenzoglobal.com\/fr\/#website"},"primaryImageOfPage":{"@id":"https:\/\/delorenzoglobal.com\/fr\/produit\/simulateur-dentrees-sorties-analogiques\/#primaryimage"},"image":{"@id":"https:\/\/delorenzoglobal.com\/fr\/produit\/simulateur-dentrees-sorties-analogiques\/#primaryimage"},"thumbnailUrl":"https:\/\/delorenzoglobal.com\/wp-content\/uploads\/2024\/04\/2112.png","datePublished":"2024-04-08T13:40:38+00:00","dateModified":"2026-03-31T10:01:29+00:00","description":"Simulateur analogique DL 2112 pour PLC: g\u00e9n\u00e8re et lit des signaux en tension et en courant, id\u00e9al pour les tests, la formation et l\u2019optimisation des syst\u00e8mes industriels.","breadcrumb":{"@id":"https:\/\/delorenzoglobal.com\/fr\/produit\/simulateur-dentrees-sorties-analogiques\/#breadcrumb"},"inLanguage":"fr-FR","potentialAction":[{"@type":"ReadAction","target":["https:\/\/delorenzoglobal.com\/fr\/produit\/simulateur-dentrees-sorties-analogiques\/"]}]},{"@type":"ImageObject","inLanguage":"fr-FR","@id":"https:\/\/delorenzoglobal.com\/fr\/produit\/simulateur-dentrees-sorties-analogiques\/#primaryimage","url":"https:\/\/delorenzoglobal.com\/wp-content\/uploads\/2024\/04\/2112.png","contentUrl":"https:\/\/delorenzoglobal.com\/wp-content\/uploads\/2024\/04\/2112.png","width":1940,"height":1676},{"@type":"BreadcrumbList","@id":"https:\/\/delorenzoglobal.com\/fr\/produit\/simulateur-dentrees-sorties-analogiques\/#breadcrumb","itemListElement":[{"@type":"ListItem","position":1,"name":"Home","item":"https:\/\/delorenzoglobal.com\/fr\/"},{"@type":"ListItem","position":2,"name":"Boutique","item":"https:\/\/delorenzoglobal.com\/fr\/boutique\/"},{"@type":"ListItem","position":3,"name":"SIMULATEUR D&#8217;ENTREES\/SORTIES ANALOGIQUES"}]},{"@type":"WebSite","@id":"https:\/\/delorenzoglobal.com\/fr\/#website","url":"https:\/\/delorenzoglobal.com\/fr\/","name":"De Lorenzo Training &amp; Didactical Equipment","description":"","potentialAction":[{"@type":"SearchAction","target":{"@type":"EntryPoint","urlTemplate":"https:\/\/delorenzoglobal.com\/fr\/?s={search_term_string}"},"query-input":{"@type":"PropertyValueSpecification","valueRequired":true,"valueName":"search_term_string"}}],"inLanguage":"fr-FR"}]}},"_links":{"self":[{"href":"https:\/\/delorenzoglobal.com\/fr\/wp-json\/wp\/v2\/product\/787","targetHints":{"allow":["GET"]}}],"collection":[{"href":"https:\/\/delorenzoglobal.com\/fr\/wp-json\/wp\/v2\/product"}],"about":[{"href":"https:\/\/delorenzoglobal.com\/fr\/wp-json\/wp\/v2\/types\/product"}],"wp:featuredmedia":[{"embeddable":true,"href":"https:\/\/delorenzoglobal.com\/fr\/wp-json\/wp\/v2\/media\/774"}],"wp:attachment":[{"href":"https:\/\/delorenzoglobal.com\/fr\/wp-json\/wp\/v2\/media?parent=787"}],"wp:term":[{"taxonomy":"product_brand","embeddable":true,"href":"https:\/\/delorenzoglobal.com\/fr\/wp-json\/wp\/v2\/product_brand?post=787"},{"taxonomy":"product_cat","embeddable":true,"href":"https:\/\/delorenzoglobal.com\/fr\/wp-json\/wp\/v2\/product_cat?post=787"},{"taxonomy":"product_tag","embeddable":true,"href":"https:\/\/delorenzoglobal.com\/fr\/wp-json\/wp\/v2\/product_tag?post=787"}],"curies":[{"name":"wp","href":"https:\/\/api.w.org\/{rel}","templated":true}]}}