{"id":7809,"date":"2024-04-16T14:18:46","date_gmt":"2024-04-16T12:18:46","guid":{"rendered":"https:\/\/delorenzoglobal.com\/?post_type=product&#038;p=7809"},"modified":"2026-03-20T09:26:22","modified_gmt":"2026-03-20T08:26:22","slug":"relais-de-protection","status":"publish","type":"product","link":"https:\/\/delorenzoglobal.com\/fr\/produit\/relais-de-protection\/","title":{"rendered":"RELAIS DE PROTECTION"},"content":{"rendered":"<p>Des relais de protection d\u00e9di\u00e9s sont utilis\u00e9s pour monitorer chaque section du syst\u00e8me de puissance (les g\u00e9n\u00e9rateurs, les transformateurs et les lignes de transmission), afin de reconnaitre un component du syst\u00e8me endommag\u00e9 \u00e0 cause d\u2019une d\u00e9faillance\/\u00e9v\u00e9nement de d\u00e9faut et de le d\u00e9connecter rapidement et en mani\u00e8re faible, en prot\u00e9geant les personnes et les autres partes saines du syst\u00e8me et, en m\u00eame temps, en maintenant la distribution de puissance.<\/p>\n<p>La liste des exp\u00e9riences et des capacit\u00e9s du syst\u00e8me peut \u00eatre expans\u00e9e en ajoutant des modules optionnels \u00e0 la configuration du GTU 103.2-S.<\/p>\n<p>DL GTU103.A-S:Generation protection<\/p>\n<p>DL GTU103.B-S: Protection de la ligne HV<\/p>\n<p>DL 2108T22: Protection de distance<\/p>\n<p>DL GTU103.C-S: Protection du transformateur<\/p>\n","protected":false},"excerpt":{"rendered":"<p>Des relais de protection d\u00e9di\u00e9s sont utilis\u00e9s pour monitorer chaque section du syst\u00e8me de puissance (les g\u00e9n\u00e9rateurs, les transformateurs et les lignes de transmission), afin de reconnaitre un component du syst\u00e8me endommag\u00e9 \u00e0 cause d\u2019une d\u00e9faillance\/\u00e9v\u00e9nement de d\u00e9faut et de le d\u00e9connecter rapidement et en mani\u00e8re faible, en prot\u00e9geant les personnes et les autres partes [&hellip;]<\/p>\n","protected":false},"featured_media":7802,"template":"","meta":{"_acf_changed":false},"product_brand":[],"product_cat":[340],"product_tag":[],"class_list":{"0":"post-7809","1":"product","2":"type-product","3":"status-publish","4":"has-post-thumbnail","6":"product_cat-production-distribution-transport","8":"first","9":"instock","10":"shipping-taxable","11":"product-type-simple"},"acf":[],"yoast_head":"<!-- This site is optimized with the Yoast SEO plugin v27.4 - https:\/\/yoast.com\/product\/yoast-seo-wordpress\/ -->\n<title>RELAIS DE PROTECTION - De Lorenzo Training &amp; Didactical Equipment<\/title>\n<meta name=\"robots\" content=\"index, follow, max-snippet:-1, max-image-preview:large, max-video-preview:-1\" \/>\n<link rel=\"canonical\" href=\"https:\/\/delorenzoglobal.com\/fr\/produit\/relais-de-protection\/\" \/>\n<meta property=\"og:locale\" content=\"fr_FR\" \/>\n<meta property=\"og:type\" content=\"article\" \/>\n<meta property=\"og:title\" content=\"RELAIS DE PROTECTION - De Lorenzo Training &amp; Didactical Equipment\" \/>\n<meta property=\"og:description\" content=\"Des relais de protection d\u00e9di\u00e9s sont utilis\u00e9s pour monitorer chaque section du syst\u00e8me de puissance (les g\u00e9n\u00e9rateurs, les transformateurs et les lignes de transmission), afin de reconnaitre un component du syst\u00e8me endommag\u00e9 \u00e0 cause d\u2019une d\u00e9faillance\/\u00e9v\u00e9nement de d\u00e9faut et de le d\u00e9connecter rapidement et en mani\u00e8re faible, en prot\u00e9geant les personnes et les autres partes [&hellip;]\" \/>\n<meta property=\"og:url\" content=\"https:\/\/delorenzoglobal.com\/fr\/produit\/relais-de-protection\/\" \/>\n<meta property=\"og:site_name\" content=\"De Lorenzo Training &amp; Didactical Equipment\" \/>\n<meta property=\"article:modified_time\" content=\"2026-03-20T08:26:22+00:00\" \/>\n<meta property=\"og:image\" content=\"https:\/\/delorenzoglobal.com\/wp-content\/uploads\/2024\/04\/DL-GTU103.2-S.jpg\" \/>\n\t<meta property=\"og:image:width\" content=\"2000\" \/>\n\t<meta property=\"og:image:height\" content=\"1416\" \/>\n\t<meta property=\"og:image:type\" content=\"image\/jpeg\" \/>\n<meta name=\"twitter:card\" content=\"summary_large_image\" \/>\n<meta name=\"twitter:label1\" content=\"Dur\u00e9e de lecture estim\u00e9e\" \/>\n\t<meta name=\"twitter:data1\" content=\"1 minute\" \/>\n<script type=\"application\/ld+json\" class=\"yoast-schema-graph\">{\"@context\":\"https:\\\/\\\/schema.org\",\"@graph\":[{\"@type\":\"WebPage\",\"@id\":\"https:\\\/\\\/delorenzoglobal.com\\\/fr\\\/produit\\\/relais-de-protection\\\/\",\"url\":\"https:\\\/\\\/delorenzoglobal.com\\\/fr\\\/produit\\\/relais-de-protection\\\/\",\"name\":\"RELAIS DE PROTECTION - De Lorenzo Training &amp; Didactical Equipment\",\"isPartOf\":{\"@id\":\"https:\\\/\\\/delorenzoglobal.com\\\/fr\\\/#website\"},\"primaryImageOfPage\":{\"@id\":\"https:\\\/\\\/delorenzoglobal.com\\\/fr\\\/produit\\\/relais-de-protection\\\/#primaryimage\"},\"image\":{\"@id\":\"https:\\\/\\\/delorenzoglobal.com\\\/fr\\\/produit\\\/relais-de-protection\\\/#primaryimage\"},\"thumbnailUrl\":\"https:\\\/\\\/delorenzoglobal.com\\\/wp-content\\\/uploads\\\/2024\\\/04\\\/DL-GTU103.2-S.jpg\",\"datePublished\":\"2024-04-16T12:18:46+00:00\",\"dateModified\":\"2026-03-20T08:26:22+00:00\",\"breadcrumb\":{\"@id\":\"https:\\\/\\\/delorenzoglobal.com\\\/fr\\\/produit\\\/relais-de-protection\\\/#breadcrumb\"},\"inLanguage\":\"fr-FR\",\"potentialAction\":[{\"@type\":\"ReadAction\",\"target\":[\"https:\\\/\\\/delorenzoglobal.com\\\/fr\\\/produit\\\/relais-de-protection\\\/\"]}]},{\"@type\":\"ImageObject\",\"inLanguage\":\"fr-FR\",\"@id\":\"https:\\\/\\\/delorenzoglobal.com\\\/fr\\\/produit\\\/relais-de-protection\\\/#primaryimage\",\"url\":\"https:\\\/\\\/delorenzoglobal.com\\\/wp-content\\\/uploads\\\/2024\\\/04\\\/DL-GTU103.2-S.jpg\",\"contentUrl\":\"https:\\\/\\\/delorenzoglobal.com\\\/wp-content\\\/uploads\\\/2024\\\/04\\\/DL-GTU103.2-S.jpg\",\"width\":2000,\"height\":1416},{\"@type\":\"BreadcrumbList\",\"@id\":\"https:\\\/\\\/delorenzoglobal.com\\\/fr\\\/produit\\\/relais-de-protection\\\/#breadcrumb\",\"itemListElement\":[{\"@type\":\"ListItem\",\"position\":1,\"name\":\"Home\",\"item\":\"https:\\\/\\\/delorenzoglobal.com\\\/fr\\\/\"},{\"@type\":\"ListItem\",\"position\":2,\"name\":\"Boutique\",\"item\":\"https:\\\/\\\/delorenzoglobal.com\\\/fr\\\/boutique\\\/\"},{\"@type\":\"ListItem\",\"position\":3,\"name\":\"RELAIS DE PROTECTION\"}]},{\"@type\":\"WebSite\",\"@id\":\"https:\\\/\\\/delorenzoglobal.com\\\/fr\\\/#website\",\"url\":\"https:\\\/\\\/delorenzoglobal.com\\\/fr\\\/\",\"name\":\"De Lorenzo Training &amp; Didactical Equipment\",\"description\":\"\",\"potentialAction\":[{\"@type\":\"SearchAction\",\"target\":{\"@type\":\"EntryPoint\",\"urlTemplate\":\"https:\\\/\\\/delorenzoglobal.com\\\/fr\\\/?s={search_term_string}\"},\"query-input\":{\"@type\":\"PropertyValueSpecification\",\"valueRequired\":true,\"valueName\":\"search_term_string\"}}],\"inLanguage\":\"fr-FR\"}]}<\/script>\n<!-- \/ Yoast SEO plugin. -->","yoast_head_json":{"title":"RELAIS DE PROTECTION - De Lorenzo Training &amp; Didactical Equipment","robots":{"index":"index","follow":"follow","max-snippet":"max-snippet:-1","max-image-preview":"max-image-preview:large","max-video-preview":"max-video-preview:-1"},"canonical":"https:\/\/delorenzoglobal.com\/fr\/produit\/relais-de-protection\/","og_locale":"fr_FR","og_type":"article","og_title":"RELAIS DE PROTECTION - De Lorenzo Training &amp; Didactical Equipment","og_description":"Des relais de protection d\u00e9di\u00e9s sont utilis\u00e9s pour monitorer chaque section du syst\u00e8me de puissance (les g\u00e9n\u00e9rateurs, les transformateurs et les lignes de transmission), afin de reconnaitre un component du syst\u00e8me endommag\u00e9 \u00e0 cause d\u2019une d\u00e9faillance\/\u00e9v\u00e9nement de d\u00e9faut et de le d\u00e9connecter rapidement et en mani\u00e8re faible, en prot\u00e9geant les personnes et les autres partes [&hellip;]","og_url":"https:\/\/delorenzoglobal.com\/fr\/produit\/relais-de-protection\/","og_site_name":"De Lorenzo Training &amp; Didactical Equipment","article_modified_time":"2026-03-20T08:26:22+00:00","og_image":[{"width":2000,"height":1416,"url":"https:\/\/delorenzoglobal.com\/wp-content\/uploads\/2024\/04\/DL-GTU103.2-S.jpg","type":"image\/jpeg"}],"twitter_card":"summary_large_image","twitter_misc":{"Dur\u00e9e de lecture estim\u00e9e":"1 minute"},"schema":{"@context":"https:\/\/schema.org","@graph":[{"@type":"WebPage","@id":"https:\/\/delorenzoglobal.com\/fr\/produit\/relais-de-protection\/","url":"https:\/\/delorenzoglobal.com\/fr\/produit\/relais-de-protection\/","name":"RELAIS DE PROTECTION - De Lorenzo Training &amp; Didactical Equipment","isPartOf":{"@id":"https:\/\/delorenzoglobal.com\/fr\/#website"},"primaryImageOfPage":{"@id":"https:\/\/delorenzoglobal.com\/fr\/produit\/relais-de-protection\/#primaryimage"},"image":{"@id":"https:\/\/delorenzoglobal.com\/fr\/produit\/relais-de-protection\/#primaryimage"},"thumbnailUrl":"https:\/\/delorenzoglobal.com\/wp-content\/uploads\/2024\/04\/DL-GTU103.2-S.jpg","datePublished":"2024-04-16T12:18:46+00:00","dateModified":"2026-03-20T08:26:22+00:00","breadcrumb":{"@id":"https:\/\/delorenzoglobal.com\/fr\/produit\/relais-de-protection\/#breadcrumb"},"inLanguage":"fr-FR","potentialAction":[{"@type":"ReadAction","target":["https:\/\/delorenzoglobal.com\/fr\/produit\/relais-de-protection\/"]}]},{"@type":"ImageObject","inLanguage":"fr-FR","@id":"https:\/\/delorenzoglobal.com\/fr\/produit\/relais-de-protection\/#primaryimage","url":"https:\/\/delorenzoglobal.com\/wp-content\/uploads\/2024\/04\/DL-GTU103.2-S.jpg","contentUrl":"https:\/\/delorenzoglobal.com\/wp-content\/uploads\/2024\/04\/DL-GTU103.2-S.jpg","width":2000,"height":1416},{"@type":"BreadcrumbList","@id":"https:\/\/delorenzoglobal.com\/fr\/produit\/relais-de-protection\/#breadcrumb","itemListElement":[{"@type":"ListItem","position":1,"name":"Home","item":"https:\/\/delorenzoglobal.com\/fr\/"},{"@type":"ListItem","position":2,"name":"Boutique","item":"https:\/\/delorenzoglobal.com\/fr\/boutique\/"},{"@type":"ListItem","position":3,"name":"RELAIS DE PROTECTION"}]},{"@type":"WebSite","@id":"https:\/\/delorenzoglobal.com\/fr\/#website","url":"https:\/\/delorenzoglobal.com\/fr\/","name":"De Lorenzo Training &amp; Didactical Equipment","description":"","potentialAction":[{"@type":"SearchAction","target":{"@type":"EntryPoint","urlTemplate":"https:\/\/delorenzoglobal.com\/fr\/?s={search_term_string}"},"query-input":{"@type":"PropertyValueSpecification","valueRequired":true,"valueName":"search_term_string"}}],"inLanguage":"fr-FR"}]}},"_links":{"self":[{"href":"https:\/\/delorenzoglobal.com\/fr\/wp-json\/wp\/v2\/product\/7809","targetHints":{"allow":["GET"]}}],"collection":[{"href":"https:\/\/delorenzoglobal.com\/fr\/wp-json\/wp\/v2\/product"}],"about":[{"href":"https:\/\/delorenzoglobal.com\/fr\/wp-json\/wp\/v2\/types\/product"}],"wp:featuredmedia":[{"embeddable":true,"href":"https:\/\/delorenzoglobal.com\/fr\/wp-json\/wp\/v2\/media\/7802"}],"wp:attachment":[{"href":"https:\/\/delorenzoglobal.com\/fr\/wp-json\/wp\/v2\/media?parent=7809"}],"wp:term":[{"taxonomy":"product_brand","embeddable":true,"href":"https:\/\/delorenzoglobal.com\/fr\/wp-json\/wp\/v2\/product_brand?post=7809"},{"taxonomy":"product_cat","embeddable":true,"href":"https:\/\/delorenzoglobal.com\/fr\/wp-json\/wp\/v2\/product_cat?post=7809"},{"taxonomy":"product_tag","embeddable":true,"href":"https:\/\/delorenzoglobal.com\/fr\/wp-json\/wp\/v2\/product_tag?post=7809"}],"curies":[{"name":"wp","href":"https:\/\/api.w.org\/{rel}","templated":true}]}}