{"id":7758,"date":"2024-04-16T13:33:58","date_gmt":"2024-04-16T11:33:58","guid":{"rendered":"https:\/\/delorenzoglobal.com\/?post_type=product&#038;p=7758"},"modified":"2025-06-05T10:49:27","modified_gmt":"2025-06-05T08:49:27","slug":"protection-du-trasformateur","status":"publish","type":"product","link":"https:\/\/delorenzoglobal.com\/fr\/produit\/protection-du-trasformateur\/","title":{"rendered":"PROTECTION DU TRASFORMATEUR"},"content":{"rendered":"<p>Aujourd\u2019hui, la puissance \u00e9lectrique publique est fournie presque exclusivement en utilisant un syst\u00e8me triphas\u00e9 avec une fr\u00e9quence de 50 ou de 60 Hz, en d\u00e9pendant du pays.<\/p>\n<p>L\u2019avantage principal du syst\u00e8me de puissance CA triphas\u00e9e par rapport au syst\u00e8me CD est que la puissance \u00e9lectrique est g\u00e9n\u00e9r\u00e9e \u00e9conomiquement dans des grandes centrales \u00e9lectriques relativement loin des utilisateurs finaux, transport\u00e9e \u00e0 haute tension pour de longues distances avec de faibles pertes de puissance et, enfin\/finalement, mise \u00e0 la disposition des consommateurs en leur fournissant deux niveaux diff\u00e9rents de tension en d\u00e9pendant de l\u2019application n\u00e9cessaire.<\/p>\n<p>Les composantes principales de la transmission et de la distribution de la puissance \u00e9lectrique sont les suivantes :<\/p>\n<ul>\n<li>Transformateurs DL GTU102.1-S \u00a0: les transformateurs \u00e9l\u00e9vateurs augmentent la tension g\u00e9n\u00e9r\u00e9e \u00e0 des valeurs adapt\u00e9s pour les syst\u00e8mes de transmission de haute tension, les transformateurs d\u2019isolement sont utilis\u00e9s pour \u00e9changer la puissance entre les r\u00e9seaux, et les transformateurs d\u00e9missionn\u00e9s diminuent les tensions au niveau de tension moyen et plus (en) bas \u00e0 basse tension pour \u00eatre distribu\u00e9e au consommateur.<\/li>\n<li>Lignes de transmission DL GTU102.2-S: les lignes \u00e9lectriques a\u00e9riennes sont utilis\u00e9es principalement pour transmettre l\u2019\u00e9nergie \u00e9lectrique des centrales \u00e9lectriques aux consommateurs.<\/li>\n<\/ul>\n<p>Cependant, dans les zones tr\u00e8s\/dens\u00e9ment peupl\u00e9es l\u2019\u00e9nergie peut \u00eatre fournie seulement par les c\u00e2bles.<\/p>\n<p>Des diff\u00e9rents niveaux de tension sont utilis\u00e9s pour transmettre l\u2019\u00e9nergie\/la puissance ; les niveaux sont d\u00e9termin\u00e9s en fonction de la quantit\u00e9 d\u2019\u00e9nergie et de la distance ; si la tension de transmission est plus \u00e9lev\u00e9e, mineurs seront les pertes de transmission et de courant.<\/p>\n<p>Toutefois, il est n\u00e9cessaire de consid\u00e9rer que les couts d\u2019investissement des r\u00e9seaux augmentent avec la tension.<\/p>\n<ul>\n<li>Barres bus, DL GTU102.3-S sectionneurs et interrupteurs de puissance : ils sont les composantes principales qui se trouvent dans une centrale t\u00e9l\u00e9phonique et sont utilis\u00e9s pour la distribution de puissance.<\/li>\n<\/ul>\n<p>DL GTU102.1-P \u00a0 \u00a0Protection du transformateur<\/p>\n<p>DL GTU102.2-P \u00a0 Protection de la ligne de transmission<\/p>\n<p>DL 2108T22 \u00a0Protection de la distance<\/p>\n","protected":false},"excerpt":{"rendered":"<p>Aujourd\u2019hui, la puissance \u00e9lectrique publique est fournie presque exclusivement en utilisant un syst\u00e8me triphas\u00e9 avec une fr\u00e9quence de 50 ou de 60 Hz, en d\u00e9pendant du pays. L\u2019avantage principal du syst\u00e8me de puissance CA triphas\u00e9e par rapport au syst\u00e8me CD est que la puissance \u00e9lectrique est g\u00e9n\u00e9r\u00e9e \u00e9conomiquement dans des grandes centrales \u00e9lectriques relativement loin [&hellip;]<\/p>\n","protected":false},"featured_media":7684,"template":"","meta":{"_acf_changed":false},"product_brand":[],"product_cat":[340],"product_tag":[],"class_list":{"0":"post-7758","1":"product","2":"type-product","3":"status-publish","4":"has-post-thumbnail","6":"product_cat-production-distribution-transport","8":"first","9":"instock","10":"shipping-taxable","11":"product-type-simple"},"acf":[],"yoast_head":"<!-- This site is optimized with the Yoast SEO plugin v27.4 - https:\/\/yoast.com\/product\/yoast-seo-wordpress\/ -->\n<title>PROTECTION DU TRASFORMATEUR - De Lorenzo Training &amp; Didactical Equipment<\/title>\n<meta name=\"robots\" content=\"index, follow, max-snippet:-1, max-image-preview:large, max-video-preview:-1\" \/>\n<link rel=\"canonical\" href=\"https:\/\/delorenzoglobal.com\/fr\/produit\/protection-du-trasformateur\/\" \/>\n<meta property=\"og:locale\" content=\"fr_FR\" \/>\n<meta property=\"og:type\" content=\"article\" \/>\n<meta property=\"og:title\" content=\"PROTECTION DU TRASFORMATEUR - De Lorenzo Training &amp; Didactical Equipment\" \/>\n<meta property=\"og:description\" content=\"Aujourd\u2019hui, la puissance \u00e9lectrique publique est fournie presque exclusivement en utilisant un syst\u00e8me triphas\u00e9 avec une fr\u00e9quence de 50 ou de 60 Hz, en d\u00e9pendant du pays. L\u2019avantage principal du syst\u00e8me de puissance CA triphas\u00e9e par rapport au syst\u00e8me CD est que la puissance \u00e9lectrique est g\u00e9n\u00e9r\u00e9e \u00e9conomiquement dans des grandes centrales \u00e9lectriques relativement loin [&hellip;]\" \/>\n<meta property=\"og:url\" content=\"https:\/\/delorenzoglobal.com\/fr\/produit\/protection-du-trasformateur\/\" \/>\n<meta property=\"og:site_name\" content=\"De Lorenzo Training &amp; Didactical Equipment\" \/>\n<meta property=\"article:modified_time\" content=\"2025-06-05T08:49:27+00:00\" \/>\n<meta property=\"og:image\" content=\"https:\/\/delorenzoglobal.com\/wp-content\/uploads\/2024\/04\/DL-GTU102-S.jpg\" \/>\n\t<meta property=\"og:image:width\" content=\"1500\" \/>\n\t<meta property=\"og:image:height\" content=\"1034\" \/>\n\t<meta property=\"og:image:type\" content=\"image\/jpeg\" \/>\n<meta name=\"twitter:card\" content=\"summary_large_image\" \/>\n<meta name=\"twitter:label1\" content=\"Dur\u00e9e de lecture estim\u00e9e\" \/>\n\t<meta name=\"twitter:data1\" content=\"2 minutes\" \/>\n<script type=\"application\/ld+json\" class=\"yoast-schema-graph\">{\"@context\":\"https:\\\/\\\/schema.org\",\"@graph\":[{\"@type\":\"WebPage\",\"@id\":\"https:\\\/\\\/delorenzoglobal.com\\\/fr\\\/produit\\\/protection-du-trasformateur\\\/\",\"url\":\"https:\\\/\\\/delorenzoglobal.com\\\/fr\\\/produit\\\/protection-du-trasformateur\\\/\",\"name\":\"PROTECTION DU TRASFORMATEUR - De Lorenzo Training &amp; Didactical Equipment\",\"isPartOf\":{\"@id\":\"https:\\\/\\\/delorenzoglobal.com\\\/fr\\\/#website\"},\"primaryImageOfPage\":{\"@id\":\"https:\\\/\\\/delorenzoglobal.com\\\/fr\\\/produit\\\/protection-du-trasformateur\\\/#primaryimage\"},\"image\":{\"@id\":\"https:\\\/\\\/delorenzoglobal.com\\\/fr\\\/produit\\\/protection-du-trasformateur\\\/#primaryimage\"},\"thumbnailUrl\":\"https:\\\/\\\/delorenzoglobal.com\\\/wp-content\\\/uploads\\\/2024\\\/04\\\/DL-GTU102-S.jpg\",\"datePublished\":\"2024-04-16T11:33:58+00:00\",\"dateModified\":\"2025-06-05T08:49:27+00:00\",\"breadcrumb\":{\"@id\":\"https:\\\/\\\/delorenzoglobal.com\\\/fr\\\/produit\\\/protection-du-trasformateur\\\/#breadcrumb\"},\"inLanguage\":\"fr-FR\",\"potentialAction\":[{\"@type\":\"ReadAction\",\"target\":[\"https:\\\/\\\/delorenzoglobal.com\\\/fr\\\/produit\\\/protection-du-trasformateur\\\/\"]}]},{\"@type\":\"ImageObject\",\"inLanguage\":\"fr-FR\",\"@id\":\"https:\\\/\\\/delorenzoglobal.com\\\/fr\\\/produit\\\/protection-du-trasformateur\\\/#primaryimage\",\"url\":\"https:\\\/\\\/delorenzoglobal.com\\\/wp-content\\\/uploads\\\/2024\\\/04\\\/DL-GTU102-S.jpg\",\"contentUrl\":\"https:\\\/\\\/delorenzoglobal.com\\\/wp-content\\\/uploads\\\/2024\\\/04\\\/DL-GTU102-S.jpg\",\"width\":1500,\"height\":1034},{\"@type\":\"BreadcrumbList\",\"@id\":\"https:\\\/\\\/delorenzoglobal.com\\\/fr\\\/produit\\\/protection-du-trasformateur\\\/#breadcrumb\",\"itemListElement\":[{\"@type\":\"ListItem\",\"position\":1,\"name\":\"Home\",\"item\":\"https:\\\/\\\/delorenzoglobal.com\\\/fr\\\/\"},{\"@type\":\"ListItem\",\"position\":2,\"name\":\"Boutique\",\"item\":\"https:\\\/\\\/delorenzoglobal.com\\\/fr\\\/boutique\\\/\"},{\"@type\":\"ListItem\",\"position\":3,\"name\":\"PROTECTION DU TRASFORMATEUR\"}]},{\"@type\":\"WebSite\",\"@id\":\"https:\\\/\\\/delorenzoglobal.com\\\/fr\\\/#website\",\"url\":\"https:\\\/\\\/delorenzoglobal.com\\\/fr\\\/\",\"name\":\"De Lorenzo Training &amp; Didactical Equipment\",\"description\":\"\",\"potentialAction\":[{\"@type\":\"SearchAction\",\"target\":{\"@type\":\"EntryPoint\",\"urlTemplate\":\"https:\\\/\\\/delorenzoglobal.com\\\/fr\\\/?s={search_term_string}\"},\"query-input\":{\"@type\":\"PropertyValueSpecification\",\"valueRequired\":true,\"valueName\":\"search_term_string\"}}],\"inLanguage\":\"fr-FR\"}]}<\/script>\n<!-- \/ Yoast SEO plugin. -->","yoast_head_json":{"title":"PROTECTION DU TRASFORMATEUR - De Lorenzo Training &amp; Didactical Equipment","robots":{"index":"index","follow":"follow","max-snippet":"max-snippet:-1","max-image-preview":"max-image-preview:large","max-video-preview":"max-video-preview:-1"},"canonical":"https:\/\/delorenzoglobal.com\/fr\/produit\/protection-du-trasformateur\/","og_locale":"fr_FR","og_type":"article","og_title":"PROTECTION DU TRASFORMATEUR - De Lorenzo Training &amp; Didactical Equipment","og_description":"Aujourd\u2019hui, la puissance \u00e9lectrique publique est fournie presque exclusivement en utilisant un syst\u00e8me triphas\u00e9 avec une fr\u00e9quence de 50 ou de 60 Hz, en d\u00e9pendant du pays. L\u2019avantage principal du syst\u00e8me de puissance CA triphas\u00e9e par rapport au syst\u00e8me CD est que la puissance \u00e9lectrique est g\u00e9n\u00e9r\u00e9e \u00e9conomiquement dans des grandes centrales \u00e9lectriques relativement loin [&hellip;]","og_url":"https:\/\/delorenzoglobal.com\/fr\/produit\/protection-du-trasformateur\/","og_site_name":"De Lorenzo Training &amp; Didactical Equipment","article_modified_time":"2025-06-05T08:49:27+00:00","og_image":[{"width":1500,"height":1034,"url":"https:\/\/delorenzoglobal.com\/wp-content\/uploads\/2024\/04\/DL-GTU102-S.jpg","type":"image\/jpeg"}],"twitter_card":"summary_large_image","twitter_misc":{"Dur\u00e9e de lecture estim\u00e9e":"2 minutes"},"schema":{"@context":"https:\/\/schema.org","@graph":[{"@type":"WebPage","@id":"https:\/\/delorenzoglobal.com\/fr\/produit\/protection-du-trasformateur\/","url":"https:\/\/delorenzoglobal.com\/fr\/produit\/protection-du-trasformateur\/","name":"PROTECTION DU TRASFORMATEUR - De Lorenzo Training &amp; Didactical Equipment","isPartOf":{"@id":"https:\/\/delorenzoglobal.com\/fr\/#website"},"primaryImageOfPage":{"@id":"https:\/\/delorenzoglobal.com\/fr\/produit\/protection-du-trasformateur\/#primaryimage"},"image":{"@id":"https:\/\/delorenzoglobal.com\/fr\/produit\/protection-du-trasformateur\/#primaryimage"},"thumbnailUrl":"https:\/\/delorenzoglobal.com\/wp-content\/uploads\/2024\/04\/DL-GTU102-S.jpg","datePublished":"2024-04-16T11:33:58+00:00","dateModified":"2025-06-05T08:49:27+00:00","breadcrumb":{"@id":"https:\/\/delorenzoglobal.com\/fr\/produit\/protection-du-trasformateur\/#breadcrumb"},"inLanguage":"fr-FR","potentialAction":[{"@type":"ReadAction","target":["https:\/\/delorenzoglobal.com\/fr\/produit\/protection-du-trasformateur\/"]}]},{"@type":"ImageObject","inLanguage":"fr-FR","@id":"https:\/\/delorenzoglobal.com\/fr\/produit\/protection-du-trasformateur\/#primaryimage","url":"https:\/\/delorenzoglobal.com\/wp-content\/uploads\/2024\/04\/DL-GTU102-S.jpg","contentUrl":"https:\/\/delorenzoglobal.com\/wp-content\/uploads\/2024\/04\/DL-GTU102-S.jpg","width":1500,"height":1034},{"@type":"BreadcrumbList","@id":"https:\/\/delorenzoglobal.com\/fr\/produit\/protection-du-trasformateur\/#breadcrumb","itemListElement":[{"@type":"ListItem","position":1,"name":"Home","item":"https:\/\/delorenzoglobal.com\/fr\/"},{"@type":"ListItem","position":2,"name":"Boutique","item":"https:\/\/delorenzoglobal.com\/fr\/boutique\/"},{"@type":"ListItem","position":3,"name":"PROTECTION DU TRASFORMATEUR"}]},{"@type":"WebSite","@id":"https:\/\/delorenzoglobal.com\/fr\/#website","url":"https:\/\/delorenzoglobal.com\/fr\/","name":"De Lorenzo Training &amp; Didactical Equipment","description":"","potentialAction":[{"@type":"SearchAction","target":{"@type":"EntryPoint","urlTemplate":"https:\/\/delorenzoglobal.com\/fr\/?s={search_term_string}"},"query-input":{"@type":"PropertyValueSpecification","valueRequired":true,"valueName":"search_term_string"}}],"inLanguage":"fr-FR"}]}},"_links":{"self":[{"href":"https:\/\/delorenzoglobal.com\/fr\/wp-json\/wp\/v2\/product\/7758","targetHints":{"allow":["GET"]}}],"collection":[{"href":"https:\/\/delorenzoglobal.com\/fr\/wp-json\/wp\/v2\/product"}],"about":[{"href":"https:\/\/delorenzoglobal.com\/fr\/wp-json\/wp\/v2\/types\/product"}],"wp:featuredmedia":[{"embeddable":true,"href":"https:\/\/delorenzoglobal.com\/fr\/wp-json\/wp\/v2\/media\/7684"}],"wp:attachment":[{"href":"https:\/\/delorenzoglobal.com\/fr\/wp-json\/wp\/v2\/media?parent=7758"}],"wp:term":[{"taxonomy":"product_brand","embeddable":true,"href":"https:\/\/delorenzoglobal.com\/fr\/wp-json\/wp\/v2\/product_brand?post=7758"},{"taxonomy":"product_cat","embeddable":true,"href":"https:\/\/delorenzoglobal.com\/fr\/wp-json\/wp\/v2\/product_cat?post=7758"},{"taxonomy":"product_tag","embeddable":true,"href":"https:\/\/delorenzoglobal.com\/fr\/wp-json\/wp\/v2\/product_tag?post=7758"}],"curies":[{"name":"wp","href":"https:\/\/api.w.org\/{rel}","templated":true}]}}