{"id":7677,"date":"2024-04-16T12:04:11","date_gmt":"2024-04-16T10:04:11","guid":{"rendered":"https:\/\/delorenzoglobal.com\/?post_type=product&#038;p=7677"},"modified":"2025-04-29T14:59:13","modified_gmt":"2025-04-29T12:59:13","slug":"banc-pour-letude-du-controle-de-vitesse-des-moteurs-cc-03-kw","status":"publish","type":"product","link":"https:\/\/delorenzoglobal.com\/fr\/produit\/banc-pour-letude-du-controle-de-vitesse-des-moteurs-cc-03-kw\/","title":{"rendered":"BANC POUR L\u2019\u00c9TUDE DU CONTR\u00d4LE DE VITESSE DES MOTEURS CC (0,3 kW)"},"content":{"rendered":"<p>Le DL MAC-CCC est un banc polyvalent pour le contr\u00f4le de vitesse des moteurs \u00e0 courant continu des machines \u00e9lectriques EUROLAB (0,3 kW) et UNILAB (1,1 kW).<\/p>\n<p>Les moteurs \u00e0 courant continu sont utilis\u00e9s dans une grande vari\u00e9t\u00e9 d&rsquo;entra\u00eenements industriels, tels que les robots, les machines-outils, les plates-formes de forage p\u00e9trolier, l&rsquo;exploitation mini\u00e8re, les syst\u00e8mes automobiles, etc.<\/p>\n<p>Leur vitesse peut \u00eatre facilement ajust\u00e9e par incr\u00e9ments tr\u00e8s fins allant de l&rsquo;arr\u00eat \u00e0 la vitesse nominale et m\u00eame au-dessus et leur construction est rendue plut\u00f4t complexe que leurs homologues AC par le fait qu&rsquo;ils ont besoin d&rsquo;un commutateur, qui inverse la direction du courant et des flux pour produire un couple net.<\/p>\n<p>Le contr\u00f4leur de vitesse de moteur \u00e0 courant continu est construit avec un pont \u00e0 thyristors semi-contr\u00f4l\u00e9 monophas\u00e9 adapt\u00e9 au contr\u00f4le de la vitesse des moteurs \u00e0 courant continu excit\u00e9s ind\u00e9pendamment en r\u00e9gulant la p\u00e9riode de conduction en boucle ouverte et ferm\u00e9e.<\/p>\n<p>Le contr\u00f4leur se compose de trois boucles de contr\u00f4le: vitesse, courant et tension d&rsquo;induit (pour cette derni\u00e8re, il est n\u00e9cessaire d&rsquo;utiliser l&rsquo;amplificateur d&rsquo;isolement).<\/p>\n","protected":false},"excerpt":{"rendered":"<p>Le DL MAC-CCC est un banc polyvalent pour le contr\u00f4le de vitesse des moteurs \u00e0 courant continu des machines \u00e9lectriques EUROLAB (0,3 kW) et UNILAB (1,1 kW). Les moteurs \u00e0 courant continu sont utilis\u00e9s dans une grande vari\u00e9t\u00e9 d&rsquo;entra\u00eenements industriels, tels que les robots, les machines-outils, les plates-formes de forage p\u00e9trolier, l&rsquo;exploitation mini\u00e8re, les syst\u00e8mes [&hellip;]<\/p>\n","protected":false},"featured_media":7659,"template":"","meta":{"_acf_changed":false},"product_brand":[],"product_cat":[310],"product_tag":[],"class_list":{"0":"post-7677","1":"product","2":"type-product","3":"status-publish","4":"has-post-thumbnail","6":"product_cat-controle-et-automatisation-des-moteurs","8":"first","9":"instock","10":"shipping-taxable","11":"product-type-simple"},"acf":[],"yoast_head":"<!-- This site is optimized with the Yoast SEO plugin v27.0 - https:\/\/yoast.com\/product\/yoast-seo-wordpress\/ -->\n<title>BANC POUR L\u2019\u00c9TUDE DU CONTR\u00d4LE DE VITESSE DES MOTEURS CC (0,3 kW) - De Lorenzo Training &amp; Didactical Equipment<\/title>\n<meta name=\"robots\" content=\"index, follow, max-snippet:-1, max-image-preview:large, max-video-preview:-1\" \/>\n<link rel=\"canonical\" href=\"https:\/\/delorenzoglobal.com\/fr\/produit\/banc-pour-letude-du-controle-de-vitesse-des-moteurs-cc-03-kw\/\" \/>\n<meta property=\"og:locale\" content=\"fr_FR\" \/>\n<meta property=\"og:type\" content=\"article\" \/>\n<meta property=\"og:title\" content=\"BANC POUR L\u2019\u00c9TUDE DU CONTR\u00d4LE DE VITESSE DES MOTEURS CC (0,3 kW) - De Lorenzo Training &amp; Didactical Equipment\" \/>\n<meta property=\"og:description\" content=\"Le DL MAC-CCC est un banc polyvalent pour le contr\u00f4le de vitesse des moteurs \u00e0 courant continu des machines \u00e9lectriques EUROLAB (0,3 kW) et UNILAB (1,1 kW). Les moteurs \u00e0 courant continu sont utilis\u00e9s dans une grande vari\u00e9t\u00e9 d&rsquo;entra\u00eenements industriels, tels que les robots, les machines-outils, les plates-formes de forage p\u00e9trolier, l&rsquo;exploitation mini\u00e8re, les syst\u00e8mes [&hellip;]\" \/>\n<meta property=\"og:url\" content=\"https:\/\/delorenzoglobal.com\/fr\/produit\/banc-pour-letude-du-controle-de-vitesse-des-moteurs-cc-03-kw\/\" \/>\n<meta property=\"og:site_name\" content=\"De Lorenzo Training &amp; Didactical Equipment\" \/>\n<meta property=\"article:modified_time\" content=\"2025-04-29T12:59:13+00:00\" \/>\n<meta property=\"og:image\" content=\"https:\/\/delorenzoglobal.com\/wp-content\/uploads\/2024\/04\/DL-MAC-CCC_E-e-DL-MAC-CCC_U-scaled.jpg\" \/>\n\t<meta property=\"og:image:width\" content=\"2560\" \/>\n\t<meta property=\"og:image:height\" content=\"908\" \/>\n\t<meta property=\"og:image:type\" content=\"image\/jpeg\" \/>\n<meta name=\"twitter:card\" content=\"summary_large_image\" \/>\n<meta name=\"twitter:label1\" content=\"Dur\u00e9e de lecture estim\u00e9e\" \/>\n\t<meta name=\"twitter:data1\" content=\"2 minutes\" \/>\n<script type=\"application\/ld+json\" class=\"yoast-schema-graph\">{\"@context\":\"https:\/\/schema.org\",\"@graph\":[{\"@type\":\"WebPage\",\"@id\":\"https:\/\/delorenzoglobal.com\/fr\/produit\/banc-pour-letude-du-controle-de-vitesse-des-moteurs-cc-03-kw\/\",\"url\":\"https:\/\/delorenzoglobal.com\/fr\/produit\/banc-pour-letude-du-controle-de-vitesse-des-moteurs-cc-03-kw\/\",\"name\":\"BANC POUR L\u2019\u00c9TUDE DU CONTR\u00d4LE DE VITESSE DES MOTEURS CC (0,3 kW) - De Lorenzo Training &amp; Didactical Equipment\",\"isPartOf\":{\"@id\":\"https:\/\/delorenzoglobal.com\/fr\/#website\"},\"primaryImageOfPage\":{\"@id\":\"https:\/\/delorenzoglobal.com\/fr\/produit\/banc-pour-letude-du-controle-de-vitesse-des-moteurs-cc-03-kw\/#primaryimage\"},\"image\":{\"@id\":\"https:\/\/delorenzoglobal.com\/fr\/produit\/banc-pour-letude-du-controle-de-vitesse-des-moteurs-cc-03-kw\/#primaryimage\"},\"thumbnailUrl\":\"https:\/\/delorenzoglobal.com\/wp-content\/uploads\/2024\/04\/DL-MAC-CCC_E-e-DL-MAC-CCC_U-scaled.jpg\",\"datePublished\":\"2024-04-16T10:04:11+00:00\",\"dateModified\":\"2025-04-29T12:59:13+00:00\",\"breadcrumb\":{\"@id\":\"https:\/\/delorenzoglobal.com\/fr\/produit\/banc-pour-letude-du-controle-de-vitesse-des-moteurs-cc-03-kw\/#breadcrumb\"},\"inLanguage\":\"fr-FR\",\"potentialAction\":[{\"@type\":\"ReadAction\",\"target\":[\"https:\/\/delorenzoglobal.com\/fr\/produit\/banc-pour-letude-du-controle-de-vitesse-des-moteurs-cc-03-kw\/\"]}]},{\"@type\":\"ImageObject\",\"inLanguage\":\"fr-FR\",\"@id\":\"https:\/\/delorenzoglobal.com\/fr\/produit\/banc-pour-letude-du-controle-de-vitesse-des-moteurs-cc-03-kw\/#primaryimage\",\"url\":\"https:\/\/delorenzoglobal.com\/wp-content\/uploads\/2024\/04\/DL-MAC-CCC_E-e-DL-MAC-CCC_U-scaled.jpg\",\"contentUrl\":\"https:\/\/delorenzoglobal.com\/wp-content\/uploads\/2024\/04\/DL-MAC-CCC_E-e-DL-MAC-CCC_U-scaled.jpg\",\"width\":2560,\"height\":908},{\"@type\":\"BreadcrumbList\",\"@id\":\"https:\/\/delorenzoglobal.com\/fr\/produit\/banc-pour-letude-du-controle-de-vitesse-des-moteurs-cc-03-kw\/#breadcrumb\",\"itemListElement\":[{\"@type\":\"ListItem\",\"position\":1,\"name\":\"Home\",\"item\":\"https:\/\/delorenzoglobal.com\/fr\/\"},{\"@type\":\"ListItem\",\"position\":2,\"name\":\"Boutique\",\"item\":\"https:\/\/delorenzoglobal.com\/fr\/boutique\/\"},{\"@type\":\"ListItem\",\"position\":3,\"name\":\"BANC POUR L\u2019\u00c9TUDE DU CONTR\u00d4LE DE VITESSE DES MOTEURS CC (0,3 kW)\"}]},{\"@type\":\"WebSite\",\"@id\":\"https:\/\/delorenzoglobal.com\/fr\/#website\",\"url\":\"https:\/\/delorenzoglobal.com\/fr\/\",\"name\":\"De Lorenzo Training &amp; Didactical Equipment\",\"description\":\"\",\"potentialAction\":[{\"@type\":\"SearchAction\",\"target\":{\"@type\":\"EntryPoint\",\"urlTemplate\":\"https:\/\/delorenzoglobal.com\/fr\/?s={search_term_string}\"},\"query-input\":{\"@type\":\"PropertyValueSpecification\",\"valueRequired\":true,\"valueName\":\"search_term_string\"}}],\"inLanguage\":\"fr-FR\"}]}<\/script>\n<!-- \/ Yoast SEO plugin. -->","yoast_head_json":{"title":"BANC POUR L\u2019\u00c9TUDE DU CONTR\u00d4LE DE VITESSE DES MOTEURS CC (0,3 kW) - De Lorenzo Training &amp; Didactical Equipment","robots":{"index":"index","follow":"follow","max-snippet":"max-snippet:-1","max-image-preview":"max-image-preview:large","max-video-preview":"max-video-preview:-1"},"canonical":"https:\/\/delorenzoglobal.com\/fr\/produit\/banc-pour-letude-du-controle-de-vitesse-des-moteurs-cc-03-kw\/","og_locale":"fr_FR","og_type":"article","og_title":"BANC POUR L\u2019\u00c9TUDE DU CONTR\u00d4LE DE VITESSE DES MOTEURS CC (0,3 kW) - De Lorenzo Training &amp; Didactical Equipment","og_description":"Le DL MAC-CCC est un banc polyvalent pour le contr\u00f4le de vitesse des moteurs \u00e0 courant continu des machines \u00e9lectriques EUROLAB (0,3 kW) et UNILAB (1,1 kW). Les moteurs \u00e0 courant continu sont utilis\u00e9s dans une grande vari\u00e9t\u00e9 d&rsquo;entra\u00eenements industriels, tels que les robots, les machines-outils, les plates-formes de forage p\u00e9trolier, l&rsquo;exploitation mini\u00e8re, les syst\u00e8mes [&hellip;]","og_url":"https:\/\/delorenzoglobal.com\/fr\/produit\/banc-pour-letude-du-controle-de-vitesse-des-moteurs-cc-03-kw\/","og_site_name":"De Lorenzo Training &amp; Didactical Equipment","article_modified_time":"2025-04-29T12:59:13+00:00","og_image":[{"width":2560,"height":908,"url":"https:\/\/delorenzoglobal.com\/wp-content\/uploads\/2024\/04\/DL-MAC-CCC_E-e-DL-MAC-CCC_U-scaled.jpg","type":"image\/jpeg"}],"twitter_card":"summary_large_image","twitter_misc":{"Dur\u00e9e de lecture estim\u00e9e":"2 minutes"},"schema":{"@context":"https:\/\/schema.org","@graph":[{"@type":"WebPage","@id":"https:\/\/delorenzoglobal.com\/fr\/produit\/banc-pour-letude-du-controle-de-vitesse-des-moteurs-cc-03-kw\/","url":"https:\/\/delorenzoglobal.com\/fr\/produit\/banc-pour-letude-du-controle-de-vitesse-des-moteurs-cc-03-kw\/","name":"BANC POUR L\u2019\u00c9TUDE DU CONTR\u00d4LE DE VITESSE DES MOTEURS CC (0,3 kW) - De Lorenzo Training &amp; Didactical Equipment","isPartOf":{"@id":"https:\/\/delorenzoglobal.com\/fr\/#website"},"primaryImageOfPage":{"@id":"https:\/\/delorenzoglobal.com\/fr\/produit\/banc-pour-letude-du-controle-de-vitesse-des-moteurs-cc-03-kw\/#primaryimage"},"image":{"@id":"https:\/\/delorenzoglobal.com\/fr\/produit\/banc-pour-letude-du-controle-de-vitesse-des-moteurs-cc-03-kw\/#primaryimage"},"thumbnailUrl":"https:\/\/delorenzoglobal.com\/wp-content\/uploads\/2024\/04\/DL-MAC-CCC_E-e-DL-MAC-CCC_U-scaled.jpg","datePublished":"2024-04-16T10:04:11+00:00","dateModified":"2025-04-29T12:59:13+00:00","breadcrumb":{"@id":"https:\/\/delorenzoglobal.com\/fr\/produit\/banc-pour-letude-du-controle-de-vitesse-des-moteurs-cc-03-kw\/#breadcrumb"},"inLanguage":"fr-FR","potentialAction":[{"@type":"ReadAction","target":["https:\/\/delorenzoglobal.com\/fr\/produit\/banc-pour-letude-du-controle-de-vitesse-des-moteurs-cc-03-kw\/"]}]},{"@type":"ImageObject","inLanguage":"fr-FR","@id":"https:\/\/delorenzoglobal.com\/fr\/produit\/banc-pour-letude-du-controle-de-vitesse-des-moteurs-cc-03-kw\/#primaryimage","url":"https:\/\/delorenzoglobal.com\/wp-content\/uploads\/2024\/04\/DL-MAC-CCC_E-e-DL-MAC-CCC_U-scaled.jpg","contentUrl":"https:\/\/delorenzoglobal.com\/wp-content\/uploads\/2024\/04\/DL-MAC-CCC_E-e-DL-MAC-CCC_U-scaled.jpg","width":2560,"height":908},{"@type":"BreadcrumbList","@id":"https:\/\/delorenzoglobal.com\/fr\/produit\/banc-pour-letude-du-controle-de-vitesse-des-moteurs-cc-03-kw\/#breadcrumb","itemListElement":[{"@type":"ListItem","position":1,"name":"Home","item":"https:\/\/delorenzoglobal.com\/fr\/"},{"@type":"ListItem","position":2,"name":"Boutique","item":"https:\/\/delorenzoglobal.com\/fr\/boutique\/"},{"@type":"ListItem","position":3,"name":"BANC POUR L\u2019\u00c9TUDE DU CONTR\u00d4LE DE VITESSE DES MOTEURS CC (0,3 kW)"}]},{"@type":"WebSite","@id":"https:\/\/delorenzoglobal.com\/fr\/#website","url":"https:\/\/delorenzoglobal.com\/fr\/","name":"De Lorenzo Training &amp; Didactical Equipment","description":"","potentialAction":[{"@type":"SearchAction","target":{"@type":"EntryPoint","urlTemplate":"https:\/\/delorenzoglobal.com\/fr\/?s={search_term_string}"},"query-input":{"@type":"PropertyValueSpecification","valueRequired":true,"valueName":"search_term_string"}}],"inLanguage":"fr-FR"}]}},"_links":{"self":[{"href":"https:\/\/delorenzoglobal.com\/fr\/wp-json\/wp\/v2\/product\/7677","targetHints":{"allow":["GET"]}}],"collection":[{"href":"https:\/\/delorenzoglobal.com\/fr\/wp-json\/wp\/v2\/product"}],"about":[{"href":"https:\/\/delorenzoglobal.com\/fr\/wp-json\/wp\/v2\/types\/product"}],"wp:featuredmedia":[{"embeddable":true,"href":"https:\/\/delorenzoglobal.com\/fr\/wp-json\/wp\/v2\/media\/7659"}],"wp:attachment":[{"href":"https:\/\/delorenzoglobal.com\/fr\/wp-json\/wp\/v2\/media?parent=7677"}],"wp:term":[{"taxonomy":"product_brand","embeddable":true,"href":"https:\/\/delorenzoglobal.com\/fr\/wp-json\/wp\/v2\/product_brand?post=7677"},{"taxonomy":"product_cat","embeddable":true,"href":"https:\/\/delorenzoglobal.com\/fr\/wp-json\/wp\/v2\/product_cat?post=7677"},{"taxonomy":"product_tag","embeddable":true,"href":"https:\/\/delorenzoglobal.com\/fr\/wp-json\/wp\/v2\/product_tag?post=7677"}],"curies":[{"name":"wp","href":"https:\/\/api.w.org\/{rel}","templated":true}]}}