{"id":7573,"date":"2024-04-16T09:29:49","date_gmt":"2024-04-16T07:29:49","guid":{"rendered":"https:\/\/delorenzoglobal.com\/?post_type=product&#038;p=7573"},"modified":"2025-04-29T14:52:14","modified_gmt":"2025-04-29T12:52:14","slug":"banc-pour-letude-du-controle-de-la-vitesse-des-moteurs-en-ca-03-kw","status":"publish","type":"product","link":"https:\/\/delorenzoglobal.com\/fr\/produit\/banc-pour-letude-du-controle-de-la-vitesse-des-moteurs-en-ca-03-kw\/","title":{"rendered":"BANC POUR L\u2019\u00c9TUDE DU CONTR\u00d4LE DE LA VITESSE DES MOTEURS EN CA (0,3 kW)"},"content":{"rendered":"<p>Le DL MAC-CCA est un banc polyvalent pour le contr\u00f4le de la vitesse des moteurs asynchrones triphas\u00e9s des machines \u00e9lectriques de EUROLAB (0,3 kW) et UNILAB (1,1 kW).<\/p>\n<p>Le moteur asynchrone repr\u00e9sente le cas le plus important et le plus simple dans le domaine des machines polyphas\u00e9es et est le plus r\u00e9pandu pour les applications industrielles en tant que dans l&rsquo;industrie alimentaire, chimique, m\u00e9tallurgique, usines de papier ou traitement de l&rsquo;eau et syst\u00e8mes extractifs.<\/p>\n<p>Il existe plusieurs fa\u00e7ons de contr\u00f4ler la vitesse d&rsquo;un moteur \u00e0 induction et la meilleure fa\u00e7on saurait utiliser un variateur de fr\u00e9quence variable en CA. La vitesse sera un peu plus lente que la fr\u00e9quence appliqu\u00e9e, mais assez proche et pour obtenir une vitesse exacte.<\/p>\n<p>Une boucle de retour est fournie avec le banc pour mesurer la fr\u00e9quence de rotation et pour ajuster le variateur de fr\u00e9quence variable en CA en maintenant cette vitesse lorsque la vitesse du moteur diminuera un peu parce qu\u2019un frein \u00e9lectromagn\u00e9tique agira comme une charge.<\/p>\n<p>Le contr\u00f4le de vitesse peut \u00eatre r\u00e9alis\u00e9 \u00e9galement gr\u00e2ce \u00e0 une commande manuelle d&rsquo;un potentiom\u00e8tre avec ou sans rampes d&rsquo;acc\u00e9l\u00e9ration et de d\u00e9c\u00e9l\u00e9ration.<\/p>\n<p>Le variateur de fr\u00e9quence variable en AC peut \u00eatre programm\u00e9 \u00e0 partir d&rsquo;un clavier avec un guide sur l&rsquo;\u00e9cran.<\/p>\n","protected":false},"excerpt":{"rendered":"<p>Le DL MAC-CCA est un banc polyvalent pour le contr\u00f4le de la vitesse des moteurs asynchrones triphas\u00e9s des machines \u00e9lectriques de EUROLAB (0,3 kW) et UNILAB (1,1 kW). Le moteur asynchrone repr\u00e9sente le cas le plus important et le plus simple dans le domaine des machines polyphas\u00e9es et est le plus r\u00e9pandu pour les applications [&hellip;]<\/p>\n","protected":false},"featured_media":7521,"template":"","meta":{"_acf_changed":false},"product_brand":[],"product_cat":[310],"product_tag":[],"class_list":{"0":"post-7573","1":"product","2":"type-product","3":"status-publish","4":"has-post-thumbnail","6":"product_cat-controle-et-automatisation-des-moteurs","8":"first","9":"instock","10":"shipping-taxable","11":"product-type-simple"},"acf":[],"yoast_head":"<!-- This site is optimized with the Yoast SEO plugin v27.0 - https:\/\/yoast.com\/product\/yoast-seo-wordpress\/ -->\n<title>BANC POUR L\u2019\u00c9TUDE DU CONTR\u00d4LE DE LA VITESSE DES MOTEURS EN CA (0,3 kW) - De Lorenzo Training &amp; Didactical Equipment<\/title>\n<meta name=\"robots\" content=\"index, follow, max-snippet:-1, max-image-preview:large, max-video-preview:-1\" \/>\n<link rel=\"canonical\" href=\"https:\/\/delorenzoglobal.com\/fr\/produit\/banc-pour-letude-du-controle-de-la-vitesse-des-moteurs-en-ca-03-kw\/\" \/>\n<meta property=\"og:locale\" content=\"fr_FR\" \/>\n<meta property=\"og:type\" content=\"article\" \/>\n<meta property=\"og:title\" content=\"BANC POUR L\u2019\u00c9TUDE DU CONTR\u00d4LE DE LA VITESSE DES MOTEURS EN CA (0,3 kW) - De Lorenzo Training &amp; Didactical Equipment\" \/>\n<meta property=\"og:description\" content=\"Le DL MAC-CCA est un banc polyvalent pour le contr\u00f4le de la vitesse des moteurs asynchrones triphas\u00e9s des machines \u00e9lectriques de EUROLAB (0,3 kW) et UNILAB (1,1 kW). Le moteur asynchrone repr\u00e9sente le cas le plus important et le plus simple dans le domaine des machines polyphas\u00e9es et est le plus r\u00e9pandu pour les applications [&hellip;]\" \/>\n<meta property=\"og:url\" content=\"https:\/\/delorenzoglobal.com\/fr\/produit\/banc-pour-letude-du-controle-de-la-vitesse-des-moteurs-en-ca-03-kw\/\" \/>\n<meta property=\"og:site_name\" content=\"De Lorenzo Training &amp; Didactical Equipment\" \/>\n<meta property=\"article:modified_time\" content=\"2025-04-29T12:52:14+00:00\" \/>\n<meta property=\"og:image\" content=\"https:\/\/delorenzoglobal.com\/wp-content\/uploads\/2024\/04\/DL-MAC-CCA_E-e-DL-MAC-CCA_U-scaled.jpg\" \/>\n\t<meta property=\"og:image:width\" content=\"2560\" \/>\n\t<meta property=\"og:image:height\" content=\"952\" \/>\n\t<meta property=\"og:image:type\" content=\"image\/jpeg\" \/>\n<meta name=\"twitter:card\" content=\"summary_large_image\" \/>\n<meta name=\"twitter:label1\" content=\"Dur\u00e9e de lecture estim\u00e9e\" \/>\n\t<meta name=\"twitter:data1\" content=\"2 minutes\" \/>\n<script type=\"application\/ld+json\" class=\"yoast-schema-graph\">{\"@context\":\"https:\/\/schema.org\",\"@graph\":[{\"@type\":\"WebPage\",\"@id\":\"https:\/\/delorenzoglobal.com\/fr\/produit\/banc-pour-letude-du-controle-de-la-vitesse-des-moteurs-en-ca-03-kw\/\",\"url\":\"https:\/\/delorenzoglobal.com\/fr\/produit\/banc-pour-letude-du-controle-de-la-vitesse-des-moteurs-en-ca-03-kw\/\",\"name\":\"BANC POUR L\u2019\u00c9TUDE DU CONTR\u00d4LE DE LA VITESSE DES MOTEURS EN CA (0,3 kW) - De Lorenzo Training &amp; Didactical Equipment\",\"isPartOf\":{\"@id\":\"https:\/\/delorenzoglobal.com\/fr\/#website\"},\"primaryImageOfPage\":{\"@id\":\"https:\/\/delorenzoglobal.com\/fr\/produit\/banc-pour-letude-du-controle-de-la-vitesse-des-moteurs-en-ca-03-kw\/#primaryimage\"},\"image\":{\"@id\":\"https:\/\/delorenzoglobal.com\/fr\/produit\/banc-pour-letude-du-controle-de-la-vitesse-des-moteurs-en-ca-03-kw\/#primaryimage\"},\"thumbnailUrl\":\"https:\/\/delorenzoglobal.com\/wp-content\/uploads\/2024\/04\/DL-MAC-CCA_E-e-DL-MAC-CCA_U-scaled.jpg\",\"datePublished\":\"2024-04-16T07:29:49+00:00\",\"dateModified\":\"2025-04-29T12:52:14+00:00\",\"breadcrumb\":{\"@id\":\"https:\/\/delorenzoglobal.com\/fr\/produit\/banc-pour-letude-du-controle-de-la-vitesse-des-moteurs-en-ca-03-kw\/#breadcrumb\"},\"inLanguage\":\"fr-FR\",\"potentialAction\":[{\"@type\":\"ReadAction\",\"target\":[\"https:\/\/delorenzoglobal.com\/fr\/produit\/banc-pour-letude-du-controle-de-la-vitesse-des-moteurs-en-ca-03-kw\/\"]}]},{\"@type\":\"ImageObject\",\"inLanguage\":\"fr-FR\",\"@id\":\"https:\/\/delorenzoglobal.com\/fr\/produit\/banc-pour-letude-du-controle-de-la-vitesse-des-moteurs-en-ca-03-kw\/#primaryimage\",\"url\":\"https:\/\/delorenzoglobal.com\/wp-content\/uploads\/2024\/04\/DL-MAC-CCA_E-e-DL-MAC-CCA_U-scaled.jpg\",\"contentUrl\":\"https:\/\/delorenzoglobal.com\/wp-content\/uploads\/2024\/04\/DL-MAC-CCA_E-e-DL-MAC-CCA_U-scaled.jpg\",\"width\":2560,\"height\":952},{\"@type\":\"BreadcrumbList\",\"@id\":\"https:\/\/delorenzoglobal.com\/fr\/produit\/banc-pour-letude-du-controle-de-la-vitesse-des-moteurs-en-ca-03-kw\/#breadcrumb\",\"itemListElement\":[{\"@type\":\"ListItem\",\"position\":1,\"name\":\"Home\",\"item\":\"https:\/\/delorenzoglobal.com\/fr\/\"},{\"@type\":\"ListItem\",\"position\":2,\"name\":\"Boutique\",\"item\":\"https:\/\/delorenzoglobal.com\/fr\/boutique\/\"},{\"@type\":\"ListItem\",\"position\":3,\"name\":\"BANC POUR L\u2019\u00c9TUDE DU CONTR\u00d4LE DE LA VITESSE DES MOTEURS EN CA (0,3 kW)\"}]},{\"@type\":\"WebSite\",\"@id\":\"https:\/\/delorenzoglobal.com\/fr\/#website\",\"url\":\"https:\/\/delorenzoglobal.com\/fr\/\",\"name\":\"De Lorenzo Training &amp; Didactical Equipment\",\"description\":\"\",\"potentialAction\":[{\"@type\":\"SearchAction\",\"target\":{\"@type\":\"EntryPoint\",\"urlTemplate\":\"https:\/\/delorenzoglobal.com\/fr\/?s={search_term_string}\"},\"query-input\":{\"@type\":\"PropertyValueSpecification\",\"valueRequired\":true,\"valueName\":\"search_term_string\"}}],\"inLanguage\":\"fr-FR\"}]}<\/script>\n<!-- \/ Yoast SEO plugin. -->","yoast_head_json":{"title":"BANC POUR L\u2019\u00c9TUDE DU CONTR\u00d4LE DE LA VITESSE DES MOTEURS EN CA (0,3 kW) - De Lorenzo Training &amp; Didactical Equipment","robots":{"index":"index","follow":"follow","max-snippet":"max-snippet:-1","max-image-preview":"max-image-preview:large","max-video-preview":"max-video-preview:-1"},"canonical":"https:\/\/delorenzoglobal.com\/fr\/produit\/banc-pour-letude-du-controle-de-la-vitesse-des-moteurs-en-ca-03-kw\/","og_locale":"fr_FR","og_type":"article","og_title":"BANC POUR L\u2019\u00c9TUDE DU CONTR\u00d4LE DE LA VITESSE DES MOTEURS EN CA (0,3 kW) - De Lorenzo Training &amp; Didactical Equipment","og_description":"Le DL MAC-CCA est un banc polyvalent pour le contr\u00f4le de la vitesse des moteurs asynchrones triphas\u00e9s des machines \u00e9lectriques de EUROLAB (0,3 kW) et UNILAB (1,1 kW). Le moteur asynchrone repr\u00e9sente le cas le plus important et le plus simple dans le domaine des machines polyphas\u00e9es et est le plus r\u00e9pandu pour les applications [&hellip;]","og_url":"https:\/\/delorenzoglobal.com\/fr\/produit\/banc-pour-letude-du-controle-de-la-vitesse-des-moteurs-en-ca-03-kw\/","og_site_name":"De Lorenzo Training &amp; Didactical Equipment","article_modified_time":"2025-04-29T12:52:14+00:00","og_image":[{"width":2560,"height":952,"url":"https:\/\/delorenzoglobal.com\/wp-content\/uploads\/2024\/04\/DL-MAC-CCA_E-e-DL-MAC-CCA_U-scaled.jpg","type":"image\/jpeg"}],"twitter_card":"summary_large_image","twitter_misc":{"Dur\u00e9e de lecture estim\u00e9e":"2 minutes"},"schema":{"@context":"https:\/\/schema.org","@graph":[{"@type":"WebPage","@id":"https:\/\/delorenzoglobal.com\/fr\/produit\/banc-pour-letude-du-controle-de-la-vitesse-des-moteurs-en-ca-03-kw\/","url":"https:\/\/delorenzoglobal.com\/fr\/produit\/banc-pour-letude-du-controle-de-la-vitesse-des-moteurs-en-ca-03-kw\/","name":"BANC POUR L\u2019\u00c9TUDE DU CONTR\u00d4LE DE LA VITESSE DES MOTEURS EN CA (0,3 kW) - De Lorenzo Training &amp; Didactical Equipment","isPartOf":{"@id":"https:\/\/delorenzoglobal.com\/fr\/#website"},"primaryImageOfPage":{"@id":"https:\/\/delorenzoglobal.com\/fr\/produit\/banc-pour-letude-du-controle-de-la-vitesse-des-moteurs-en-ca-03-kw\/#primaryimage"},"image":{"@id":"https:\/\/delorenzoglobal.com\/fr\/produit\/banc-pour-letude-du-controle-de-la-vitesse-des-moteurs-en-ca-03-kw\/#primaryimage"},"thumbnailUrl":"https:\/\/delorenzoglobal.com\/wp-content\/uploads\/2024\/04\/DL-MAC-CCA_E-e-DL-MAC-CCA_U-scaled.jpg","datePublished":"2024-04-16T07:29:49+00:00","dateModified":"2025-04-29T12:52:14+00:00","breadcrumb":{"@id":"https:\/\/delorenzoglobal.com\/fr\/produit\/banc-pour-letude-du-controle-de-la-vitesse-des-moteurs-en-ca-03-kw\/#breadcrumb"},"inLanguage":"fr-FR","potentialAction":[{"@type":"ReadAction","target":["https:\/\/delorenzoglobal.com\/fr\/produit\/banc-pour-letude-du-controle-de-la-vitesse-des-moteurs-en-ca-03-kw\/"]}]},{"@type":"ImageObject","inLanguage":"fr-FR","@id":"https:\/\/delorenzoglobal.com\/fr\/produit\/banc-pour-letude-du-controle-de-la-vitesse-des-moteurs-en-ca-03-kw\/#primaryimage","url":"https:\/\/delorenzoglobal.com\/wp-content\/uploads\/2024\/04\/DL-MAC-CCA_E-e-DL-MAC-CCA_U-scaled.jpg","contentUrl":"https:\/\/delorenzoglobal.com\/wp-content\/uploads\/2024\/04\/DL-MAC-CCA_E-e-DL-MAC-CCA_U-scaled.jpg","width":2560,"height":952},{"@type":"BreadcrumbList","@id":"https:\/\/delorenzoglobal.com\/fr\/produit\/banc-pour-letude-du-controle-de-la-vitesse-des-moteurs-en-ca-03-kw\/#breadcrumb","itemListElement":[{"@type":"ListItem","position":1,"name":"Home","item":"https:\/\/delorenzoglobal.com\/fr\/"},{"@type":"ListItem","position":2,"name":"Boutique","item":"https:\/\/delorenzoglobal.com\/fr\/boutique\/"},{"@type":"ListItem","position":3,"name":"BANC POUR L\u2019\u00c9TUDE DU CONTR\u00d4LE DE LA VITESSE DES MOTEURS EN CA (0,3 kW)"}]},{"@type":"WebSite","@id":"https:\/\/delorenzoglobal.com\/fr\/#website","url":"https:\/\/delorenzoglobal.com\/fr\/","name":"De Lorenzo Training &amp; Didactical Equipment","description":"","potentialAction":[{"@type":"SearchAction","target":{"@type":"EntryPoint","urlTemplate":"https:\/\/delorenzoglobal.com\/fr\/?s={search_term_string}"},"query-input":{"@type":"PropertyValueSpecification","valueRequired":true,"valueName":"search_term_string"}}],"inLanguage":"fr-FR"}]}},"_links":{"self":[{"href":"https:\/\/delorenzoglobal.com\/fr\/wp-json\/wp\/v2\/product\/7573","targetHints":{"allow":["GET"]}}],"collection":[{"href":"https:\/\/delorenzoglobal.com\/fr\/wp-json\/wp\/v2\/product"}],"about":[{"href":"https:\/\/delorenzoglobal.com\/fr\/wp-json\/wp\/v2\/types\/product"}],"wp:featuredmedia":[{"embeddable":true,"href":"https:\/\/delorenzoglobal.com\/fr\/wp-json\/wp\/v2\/media\/7521"}],"wp:attachment":[{"href":"https:\/\/delorenzoglobal.com\/fr\/wp-json\/wp\/v2\/media?parent=7573"}],"wp:term":[{"taxonomy":"product_brand","embeddable":true,"href":"https:\/\/delorenzoglobal.com\/fr\/wp-json\/wp\/v2\/product_brand?post=7573"},{"taxonomy":"product_cat","embeddable":true,"href":"https:\/\/delorenzoglobal.com\/fr\/wp-json\/wp\/v2\/product_cat?post=7573"},{"taxonomy":"product_tag","embeddable":true,"href":"https:\/\/delorenzoglobal.com\/fr\/wp-json\/wp\/v2\/product_tag?post=7573"}],"curies":[{"name":"wp","href":"https:\/\/api.w.org\/{rel}","templated":true}]}}