{"id":7545,"date":"2024-04-16T09:38:26","date_gmt":"2024-04-16T07:38:26","guid":{"rendered":"https:\/\/delorenzoglobal.com\/?post_type=product&#038;p=7545"},"modified":"2025-11-14T09:58:08","modified_gmt":"2025-11-14T08:58:08","slug":"conversion-cc-cc","status":"publish","type":"product","link":"https:\/\/delorenzoglobal.com\/fr\/produit\/conversion-cc-cc\/","title":{"rendered":"CONVERSION CC-CC"},"content":{"rendered":"<p>Le DL PEL203 est un banc polyvalent pour \u00e9tudier la conversion de courant continu en courant continu, et ses principaux domaines d&rsquo;applications tels que les alimentations \u00e0 courant continu et les variateurs de vitesse \u00e0 courant continu.<\/p>\n<p>Le cours est divis\u00e9 en deux sections.<\/p>\n<p>La premi\u00e8re partie couvre les hacheurs et \u00e9tudie la conversion d&rsquo;une entr\u00e9e DC fixe en une sortie DC variable directement avec l&rsquo;utilisation de SCR, MOSFET et IGBT.<\/p>\n<p>La deuxi\u00e8me section \u00e9tudie les alimentations \u00e0 d\u00e9coupage et analyse les propri\u00e9t\u00e9s de la commande PWM avec l&rsquo;utilisation de circuits comme convertisseurs flyback et forward.<\/p>\n<p>Sa structure modulaire facilite la reconfiguration du syst\u00e8me pour effectuer plusieurs exp\u00e9riences dans divers sujets tels que les convertisseurs \u00e9l\u00e9vateurs\/abaisseurs, le contr\u00f4le de la vitesse d&rsquo;un moteur \u00e0 courant continu, le convertisseur direct asym\u00e9trique en demi-pont, pour n&rsquo;en nommer que quelques-uns.<\/p>\n","protected":false},"excerpt":{"rendered":"<p>Le DL PEL203 est un banc polyvalent pour \u00e9tudier la conversion de courant continu en courant continu, et ses principaux domaines d&rsquo;applications tels que les alimentations \u00e0 courant continu et les variateurs de vitesse \u00e0 courant continu. Le cours est divis\u00e9 en deux sections. La premi\u00e8re partie couvre les hacheurs et \u00e9tudie la conversion d&rsquo;une [&hellip;]<\/p>\n","protected":false},"featured_media":7542,"template":"","meta":{"_acf_changed":false},"product_brand":[],"product_cat":[328],"product_tag":[],"class_list":{"0":"post-7545","1":"product","2":"type-product","3":"status-publish","4":"has-post-thumbnail","6":"product_cat-electrique-de-puissance-avancee","8":"first","9":"instock","10":"shipping-taxable","11":"product-type-simple"},"acf":[],"yoast_head":"<!-- This site is optimized with the Yoast SEO plugin v27.4 - https:\/\/yoast.com\/product\/yoast-seo-wordpress\/ -->\n<title>CONVERSION CC-CC - De Lorenzo Training &amp; Didactical Equipment<\/title>\n<meta name=\"robots\" content=\"index, follow, max-snippet:-1, max-image-preview:large, max-video-preview:-1\" \/>\n<link rel=\"canonical\" href=\"https:\/\/delorenzoglobal.com\/fr\/produit\/conversion-cc-cc\/\" \/>\n<meta property=\"og:locale\" content=\"fr_FR\" \/>\n<meta property=\"og:type\" content=\"article\" \/>\n<meta property=\"og:title\" content=\"CONVERSION CC-CC - De Lorenzo Training &amp; Didactical Equipment\" \/>\n<meta property=\"og:description\" content=\"Le DL PEL203 est un banc polyvalent pour \u00e9tudier la conversion de courant continu en courant continu, et ses principaux domaines d&rsquo;applications tels que les alimentations \u00e0 courant continu et les variateurs de vitesse \u00e0 courant continu. Le cours est divis\u00e9 en deux sections. La premi\u00e8re partie couvre les hacheurs et \u00e9tudie la conversion d&rsquo;une [&hellip;]\" \/>\n<meta property=\"og:url\" content=\"https:\/\/delorenzoglobal.com\/fr\/produit\/conversion-cc-cc\/\" \/>\n<meta property=\"og:site_name\" content=\"De Lorenzo Training &amp; Didactical Equipment\" \/>\n<meta property=\"article:modified_time\" content=\"2025-11-14T08:58:08+00:00\" \/>\n<meta property=\"og:image\" content=\"https:\/\/delorenzoglobal.com\/wp-content\/uploads\/2024\/04\/DL-PEL203-scaled.jpg\" \/>\n\t<meta property=\"og:image:width\" content=\"2560\" \/>\n\t<meta property=\"og:image:height\" content=\"2555\" \/>\n\t<meta property=\"og:image:type\" content=\"image\/jpeg\" \/>\n<meta name=\"twitter:card\" content=\"summary_large_image\" \/>\n<meta name=\"twitter:label1\" content=\"Dur\u00e9e de lecture estim\u00e9e\" \/>\n\t<meta name=\"twitter:data1\" content=\"1 minute\" \/>\n<script type=\"application\/ld+json\" class=\"yoast-schema-graph\">{\"@context\":\"https:\\\/\\\/schema.org\",\"@graph\":[{\"@type\":\"WebPage\",\"@id\":\"https:\\\/\\\/delorenzoglobal.com\\\/fr\\\/produit\\\/conversion-cc-cc\\\/\",\"url\":\"https:\\\/\\\/delorenzoglobal.com\\\/fr\\\/produit\\\/conversion-cc-cc\\\/\",\"name\":\"CONVERSION CC-CC - De Lorenzo Training &amp; Didactical Equipment\",\"isPartOf\":{\"@id\":\"https:\\\/\\\/delorenzoglobal.com\\\/fr\\\/#website\"},\"primaryImageOfPage\":{\"@id\":\"https:\\\/\\\/delorenzoglobal.com\\\/fr\\\/produit\\\/conversion-cc-cc\\\/#primaryimage\"},\"image\":{\"@id\":\"https:\\\/\\\/delorenzoglobal.com\\\/fr\\\/produit\\\/conversion-cc-cc\\\/#primaryimage\"},\"thumbnailUrl\":\"https:\\\/\\\/delorenzoglobal.com\\\/wp-content\\\/uploads\\\/2024\\\/04\\\/DL-PEL203-scaled.jpg\",\"datePublished\":\"2024-04-16T07:38:26+00:00\",\"dateModified\":\"2025-11-14T08:58:08+00:00\",\"breadcrumb\":{\"@id\":\"https:\\\/\\\/delorenzoglobal.com\\\/fr\\\/produit\\\/conversion-cc-cc\\\/#breadcrumb\"},\"inLanguage\":\"fr-FR\",\"potentialAction\":[{\"@type\":\"ReadAction\",\"target\":[\"https:\\\/\\\/delorenzoglobal.com\\\/fr\\\/produit\\\/conversion-cc-cc\\\/\"]}]},{\"@type\":\"ImageObject\",\"inLanguage\":\"fr-FR\",\"@id\":\"https:\\\/\\\/delorenzoglobal.com\\\/fr\\\/produit\\\/conversion-cc-cc\\\/#primaryimage\",\"url\":\"https:\\\/\\\/delorenzoglobal.com\\\/wp-content\\\/uploads\\\/2024\\\/04\\\/DL-PEL203-scaled.jpg\",\"contentUrl\":\"https:\\\/\\\/delorenzoglobal.com\\\/wp-content\\\/uploads\\\/2024\\\/04\\\/DL-PEL203-scaled.jpg\",\"width\":2560,\"height\":2555},{\"@type\":\"BreadcrumbList\",\"@id\":\"https:\\\/\\\/delorenzoglobal.com\\\/fr\\\/produit\\\/conversion-cc-cc\\\/#breadcrumb\",\"itemListElement\":[{\"@type\":\"ListItem\",\"position\":1,\"name\":\"Home\",\"item\":\"https:\\\/\\\/delorenzoglobal.com\\\/fr\\\/\"},{\"@type\":\"ListItem\",\"position\":2,\"name\":\"Boutique\",\"item\":\"https:\\\/\\\/delorenzoglobal.com\\\/fr\\\/boutique\\\/\"},{\"@type\":\"ListItem\",\"position\":3,\"name\":\"CONVERSION CC-CC\"}]},{\"@type\":\"WebSite\",\"@id\":\"https:\\\/\\\/delorenzoglobal.com\\\/fr\\\/#website\",\"url\":\"https:\\\/\\\/delorenzoglobal.com\\\/fr\\\/\",\"name\":\"De Lorenzo Training &amp; Didactical Equipment\",\"description\":\"\",\"potentialAction\":[{\"@type\":\"SearchAction\",\"target\":{\"@type\":\"EntryPoint\",\"urlTemplate\":\"https:\\\/\\\/delorenzoglobal.com\\\/fr\\\/?s={search_term_string}\"},\"query-input\":{\"@type\":\"PropertyValueSpecification\",\"valueRequired\":true,\"valueName\":\"search_term_string\"}}],\"inLanguage\":\"fr-FR\"}]}<\/script>\n<!-- \/ Yoast SEO plugin. -->","yoast_head_json":{"title":"CONVERSION CC-CC - De Lorenzo Training &amp; Didactical Equipment","robots":{"index":"index","follow":"follow","max-snippet":"max-snippet:-1","max-image-preview":"max-image-preview:large","max-video-preview":"max-video-preview:-1"},"canonical":"https:\/\/delorenzoglobal.com\/fr\/produit\/conversion-cc-cc\/","og_locale":"fr_FR","og_type":"article","og_title":"CONVERSION CC-CC - De Lorenzo Training &amp; Didactical Equipment","og_description":"Le DL PEL203 est un banc polyvalent pour \u00e9tudier la conversion de courant continu en courant continu, et ses principaux domaines d&rsquo;applications tels que les alimentations \u00e0 courant continu et les variateurs de vitesse \u00e0 courant continu. Le cours est divis\u00e9 en deux sections. La premi\u00e8re partie couvre les hacheurs et \u00e9tudie la conversion d&rsquo;une [&hellip;]","og_url":"https:\/\/delorenzoglobal.com\/fr\/produit\/conversion-cc-cc\/","og_site_name":"De Lorenzo Training &amp; Didactical Equipment","article_modified_time":"2025-11-14T08:58:08+00:00","og_image":[{"width":2560,"height":2555,"url":"https:\/\/delorenzoglobal.com\/wp-content\/uploads\/2024\/04\/DL-PEL203-scaled.jpg","type":"image\/jpeg"}],"twitter_card":"summary_large_image","twitter_misc":{"Dur\u00e9e de lecture estim\u00e9e":"1 minute"},"schema":{"@context":"https:\/\/schema.org","@graph":[{"@type":"WebPage","@id":"https:\/\/delorenzoglobal.com\/fr\/produit\/conversion-cc-cc\/","url":"https:\/\/delorenzoglobal.com\/fr\/produit\/conversion-cc-cc\/","name":"CONVERSION CC-CC - De Lorenzo Training &amp; Didactical Equipment","isPartOf":{"@id":"https:\/\/delorenzoglobal.com\/fr\/#website"},"primaryImageOfPage":{"@id":"https:\/\/delorenzoglobal.com\/fr\/produit\/conversion-cc-cc\/#primaryimage"},"image":{"@id":"https:\/\/delorenzoglobal.com\/fr\/produit\/conversion-cc-cc\/#primaryimage"},"thumbnailUrl":"https:\/\/delorenzoglobal.com\/wp-content\/uploads\/2024\/04\/DL-PEL203-scaled.jpg","datePublished":"2024-04-16T07:38:26+00:00","dateModified":"2025-11-14T08:58:08+00:00","breadcrumb":{"@id":"https:\/\/delorenzoglobal.com\/fr\/produit\/conversion-cc-cc\/#breadcrumb"},"inLanguage":"fr-FR","potentialAction":[{"@type":"ReadAction","target":["https:\/\/delorenzoglobal.com\/fr\/produit\/conversion-cc-cc\/"]}]},{"@type":"ImageObject","inLanguage":"fr-FR","@id":"https:\/\/delorenzoglobal.com\/fr\/produit\/conversion-cc-cc\/#primaryimage","url":"https:\/\/delorenzoglobal.com\/wp-content\/uploads\/2024\/04\/DL-PEL203-scaled.jpg","contentUrl":"https:\/\/delorenzoglobal.com\/wp-content\/uploads\/2024\/04\/DL-PEL203-scaled.jpg","width":2560,"height":2555},{"@type":"BreadcrumbList","@id":"https:\/\/delorenzoglobal.com\/fr\/produit\/conversion-cc-cc\/#breadcrumb","itemListElement":[{"@type":"ListItem","position":1,"name":"Home","item":"https:\/\/delorenzoglobal.com\/fr\/"},{"@type":"ListItem","position":2,"name":"Boutique","item":"https:\/\/delorenzoglobal.com\/fr\/boutique\/"},{"@type":"ListItem","position":3,"name":"CONVERSION CC-CC"}]},{"@type":"WebSite","@id":"https:\/\/delorenzoglobal.com\/fr\/#website","url":"https:\/\/delorenzoglobal.com\/fr\/","name":"De Lorenzo Training &amp; Didactical Equipment","description":"","potentialAction":[{"@type":"SearchAction","target":{"@type":"EntryPoint","urlTemplate":"https:\/\/delorenzoglobal.com\/fr\/?s={search_term_string}"},"query-input":{"@type":"PropertyValueSpecification","valueRequired":true,"valueName":"search_term_string"}}],"inLanguage":"fr-FR"}]}},"_links":{"self":[{"href":"https:\/\/delorenzoglobal.com\/fr\/wp-json\/wp\/v2\/product\/7545","targetHints":{"allow":["GET"]}}],"collection":[{"href":"https:\/\/delorenzoglobal.com\/fr\/wp-json\/wp\/v2\/product"}],"about":[{"href":"https:\/\/delorenzoglobal.com\/fr\/wp-json\/wp\/v2\/types\/product"}],"wp:featuredmedia":[{"embeddable":true,"href":"https:\/\/delorenzoglobal.com\/fr\/wp-json\/wp\/v2\/media\/7542"}],"wp:attachment":[{"href":"https:\/\/delorenzoglobal.com\/fr\/wp-json\/wp\/v2\/media?parent=7545"}],"wp:term":[{"taxonomy":"product_brand","embeddable":true,"href":"https:\/\/delorenzoglobal.com\/fr\/wp-json\/wp\/v2\/product_brand?post=7545"},{"taxonomy":"product_cat","embeddable":true,"href":"https:\/\/delorenzoglobal.com\/fr\/wp-json\/wp\/v2\/product_cat?post=7545"},{"taxonomy":"product_tag","embeddable":true,"href":"https:\/\/delorenzoglobal.com\/fr\/wp-json\/wp\/v2\/product_tag?post=7545"}],"curies":[{"name":"wp","href":"https:\/\/api.w.org\/{rel}","templated":true}]}}