{"id":7536,"date":"2024-04-16T09:33:40","date_gmt":"2024-04-16T07:33:40","guid":{"rendered":"https:\/\/delorenzoglobal.com\/?post_type=product&#038;p=7536"},"modified":"2025-11-14T09:55:42","modified_gmt":"2025-11-14T08:55:42","slug":"conversion-ca-ca","status":"publish","type":"product","link":"https:\/\/delorenzoglobal.com\/fr\/produit\/conversion-ca-ca\/","title":{"rendered":"CONVERSION CA-CA"},"content":{"rendered":"<p>Le DL PEL202 est un banc polyvalent pour \u00e9tudier la conversion de courant alternatif en courant alternatif.<\/p>\n<p>Leurs principaux domaines d&rsquo;application sont le contr\u00f4le de la temp\u00e9rature, de l&rsquo;\u00e9clairage et des moteurs \u00e0 induction (avec contr\u00f4le de phase, contr\u00f4le tout ou rien et contr\u00f4le proportionnel du temps).<\/p>\n<p>Le cours est divis\u00e9 en deux parties : la premi\u00e8re partie \u00e9tudie les thyristors et les convertisseurs AC\/AC command\u00e9s utilisant des composants de puissance comme les diodes, les SCR et les Triacs avec des unit\u00e9s de commande \u00e0 deux et six impulsions et la deuxi\u00e8me partie montre une application standard avec l&rsquo;\u00e9tude d&rsquo;un circuit de gradation de lumi\u00e8re constante \u00e0 double temps compos\u00e9 de Triac et Diac avec simulation de d\u00e9faut.<\/p>\n<p>Sa structure modulaire facilite la reconfiguration du syst\u00e8me pour effectuer plusieurs exp\u00e9riences dans divers sujets tels que les contr\u00f4leurs Triac, monophas\u00e9s et triphas\u00e9s, pour n&rsquo;en nommer que quelques-uns.<\/p>\n","protected":false},"excerpt":{"rendered":"<p>Le DL PEL202 est un banc polyvalent pour \u00e9tudier la conversion de courant alternatif en courant alternatif. Leurs principaux domaines d&rsquo;application sont le contr\u00f4le de la temp\u00e9rature, de l&rsquo;\u00e9clairage et des moteurs \u00e0 induction (avec contr\u00f4le de phase, contr\u00f4le tout ou rien et contr\u00f4le proportionnel du temps). Le cours est divis\u00e9 en deux parties : [&hellip;]<\/p>\n","protected":false},"featured_media":7533,"template":"","meta":{"_acf_changed":false},"product_brand":[],"product_cat":[328],"product_tag":[],"class_list":{"0":"post-7536","1":"product","2":"type-product","3":"status-publish","4":"has-post-thumbnail","6":"product_cat-electrique-de-puissance-avancee","8":"first","9":"instock","10":"shipping-taxable","11":"product-type-simple"},"acf":[],"yoast_head":"<!-- This site is optimized with the Yoast SEO plugin v27.4 - https:\/\/yoast.com\/product\/yoast-seo-wordpress\/ -->\n<title>CONVERSION CA-CA - De Lorenzo Training &amp; Didactical Equipment<\/title>\n<meta name=\"robots\" content=\"index, follow, max-snippet:-1, max-image-preview:large, max-video-preview:-1\" \/>\n<link rel=\"canonical\" href=\"https:\/\/delorenzoglobal.com\/fr\/produit\/conversion-ca-ca\/\" \/>\n<meta property=\"og:locale\" content=\"fr_FR\" \/>\n<meta property=\"og:type\" content=\"article\" \/>\n<meta property=\"og:title\" content=\"CONVERSION CA-CA - De Lorenzo Training &amp; Didactical Equipment\" \/>\n<meta property=\"og:description\" content=\"Le DL PEL202 est un banc polyvalent pour \u00e9tudier la conversion de courant alternatif en courant alternatif. Leurs principaux domaines d&rsquo;application sont le contr\u00f4le de la temp\u00e9rature, de l&rsquo;\u00e9clairage et des moteurs \u00e0 induction (avec contr\u00f4le de phase, contr\u00f4le tout ou rien et contr\u00f4le proportionnel du temps). Le cours est divis\u00e9 en deux parties : [&hellip;]\" \/>\n<meta property=\"og:url\" content=\"https:\/\/delorenzoglobal.com\/fr\/produit\/conversion-ca-ca\/\" \/>\n<meta property=\"og:site_name\" content=\"De Lorenzo Training &amp; Didactical Equipment\" \/>\n<meta property=\"article:modified_time\" content=\"2025-11-14T08:55:42+00:00\" \/>\n<meta property=\"og:image\" content=\"https:\/\/delorenzoglobal.com\/wp-content\/uploads\/2024\/04\/DL-PEL202-scaled.jpg\" \/>\n\t<meta property=\"og:image:width\" content=\"2560\" \/>\n\t<meta property=\"og:image:height\" content=\"2555\" \/>\n\t<meta property=\"og:image:type\" content=\"image\/jpeg\" \/>\n<meta name=\"twitter:card\" content=\"summary_large_image\" \/>\n<meta name=\"twitter:label1\" content=\"Dur\u00e9e de lecture estim\u00e9e\" \/>\n\t<meta name=\"twitter:data1\" content=\"1 minute\" \/>\n<script type=\"application\/ld+json\" class=\"yoast-schema-graph\">{\"@context\":\"https:\\\/\\\/schema.org\",\"@graph\":[{\"@type\":\"WebPage\",\"@id\":\"https:\\\/\\\/delorenzoglobal.com\\\/fr\\\/produit\\\/conversion-ca-ca\\\/\",\"url\":\"https:\\\/\\\/delorenzoglobal.com\\\/fr\\\/produit\\\/conversion-ca-ca\\\/\",\"name\":\"CONVERSION CA-CA - De Lorenzo Training &amp; Didactical Equipment\",\"isPartOf\":{\"@id\":\"https:\\\/\\\/delorenzoglobal.com\\\/fr\\\/#website\"},\"primaryImageOfPage\":{\"@id\":\"https:\\\/\\\/delorenzoglobal.com\\\/fr\\\/produit\\\/conversion-ca-ca\\\/#primaryimage\"},\"image\":{\"@id\":\"https:\\\/\\\/delorenzoglobal.com\\\/fr\\\/produit\\\/conversion-ca-ca\\\/#primaryimage\"},\"thumbnailUrl\":\"https:\\\/\\\/delorenzoglobal.com\\\/wp-content\\\/uploads\\\/2024\\\/04\\\/DL-PEL202-scaled.jpg\",\"datePublished\":\"2024-04-16T07:33:40+00:00\",\"dateModified\":\"2025-11-14T08:55:42+00:00\",\"breadcrumb\":{\"@id\":\"https:\\\/\\\/delorenzoglobal.com\\\/fr\\\/produit\\\/conversion-ca-ca\\\/#breadcrumb\"},\"inLanguage\":\"fr-FR\",\"potentialAction\":[{\"@type\":\"ReadAction\",\"target\":[\"https:\\\/\\\/delorenzoglobal.com\\\/fr\\\/produit\\\/conversion-ca-ca\\\/\"]}]},{\"@type\":\"ImageObject\",\"inLanguage\":\"fr-FR\",\"@id\":\"https:\\\/\\\/delorenzoglobal.com\\\/fr\\\/produit\\\/conversion-ca-ca\\\/#primaryimage\",\"url\":\"https:\\\/\\\/delorenzoglobal.com\\\/wp-content\\\/uploads\\\/2024\\\/04\\\/DL-PEL202-scaled.jpg\",\"contentUrl\":\"https:\\\/\\\/delorenzoglobal.com\\\/wp-content\\\/uploads\\\/2024\\\/04\\\/DL-PEL202-scaled.jpg\",\"width\":2560,\"height\":2555},{\"@type\":\"BreadcrumbList\",\"@id\":\"https:\\\/\\\/delorenzoglobal.com\\\/fr\\\/produit\\\/conversion-ca-ca\\\/#breadcrumb\",\"itemListElement\":[{\"@type\":\"ListItem\",\"position\":1,\"name\":\"Home\",\"item\":\"https:\\\/\\\/delorenzoglobal.com\\\/fr\\\/\"},{\"@type\":\"ListItem\",\"position\":2,\"name\":\"Boutique\",\"item\":\"https:\\\/\\\/delorenzoglobal.com\\\/fr\\\/boutique\\\/\"},{\"@type\":\"ListItem\",\"position\":3,\"name\":\"CONVERSION CA-CA\"}]},{\"@type\":\"WebSite\",\"@id\":\"https:\\\/\\\/delorenzoglobal.com\\\/fr\\\/#website\",\"url\":\"https:\\\/\\\/delorenzoglobal.com\\\/fr\\\/\",\"name\":\"De Lorenzo Training &amp; Didactical Equipment\",\"description\":\"\",\"potentialAction\":[{\"@type\":\"SearchAction\",\"target\":{\"@type\":\"EntryPoint\",\"urlTemplate\":\"https:\\\/\\\/delorenzoglobal.com\\\/fr\\\/?s={search_term_string}\"},\"query-input\":{\"@type\":\"PropertyValueSpecification\",\"valueRequired\":true,\"valueName\":\"search_term_string\"}}],\"inLanguage\":\"fr-FR\"}]}<\/script>\n<!-- \/ Yoast SEO plugin. -->","yoast_head_json":{"title":"CONVERSION CA-CA - De Lorenzo Training &amp; Didactical Equipment","robots":{"index":"index","follow":"follow","max-snippet":"max-snippet:-1","max-image-preview":"max-image-preview:large","max-video-preview":"max-video-preview:-1"},"canonical":"https:\/\/delorenzoglobal.com\/fr\/produit\/conversion-ca-ca\/","og_locale":"fr_FR","og_type":"article","og_title":"CONVERSION CA-CA - De Lorenzo Training &amp; Didactical Equipment","og_description":"Le DL PEL202 est un banc polyvalent pour \u00e9tudier la conversion de courant alternatif en courant alternatif. Leurs principaux domaines d&rsquo;application sont le contr\u00f4le de la temp\u00e9rature, de l&rsquo;\u00e9clairage et des moteurs \u00e0 induction (avec contr\u00f4le de phase, contr\u00f4le tout ou rien et contr\u00f4le proportionnel du temps). Le cours est divis\u00e9 en deux parties : [&hellip;]","og_url":"https:\/\/delorenzoglobal.com\/fr\/produit\/conversion-ca-ca\/","og_site_name":"De Lorenzo Training &amp; Didactical Equipment","article_modified_time":"2025-11-14T08:55:42+00:00","og_image":[{"width":2560,"height":2555,"url":"https:\/\/delorenzoglobal.com\/wp-content\/uploads\/2024\/04\/DL-PEL202-scaled.jpg","type":"image\/jpeg"}],"twitter_card":"summary_large_image","twitter_misc":{"Dur\u00e9e de lecture estim\u00e9e":"1 minute"},"schema":{"@context":"https:\/\/schema.org","@graph":[{"@type":"WebPage","@id":"https:\/\/delorenzoglobal.com\/fr\/produit\/conversion-ca-ca\/","url":"https:\/\/delorenzoglobal.com\/fr\/produit\/conversion-ca-ca\/","name":"CONVERSION CA-CA - De Lorenzo Training &amp; Didactical Equipment","isPartOf":{"@id":"https:\/\/delorenzoglobal.com\/fr\/#website"},"primaryImageOfPage":{"@id":"https:\/\/delorenzoglobal.com\/fr\/produit\/conversion-ca-ca\/#primaryimage"},"image":{"@id":"https:\/\/delorenzoglobal.com\/fr\/produit\/conversion-ca-ca\/#primaryimage"},"thumbnailUrl":"https:\/\/delorenzoglobal.com\/wp-content\/uploads\/2024\/04\/DL-PEL202-scaled.jpg","datePublished":"2024-04-16T07:33:40+00:00","dateModified":"2025-11-14T08:55:42+00:00","breadcrumb":{"@id":"https:\/\/delorenzoglobal.com\/fr\/produit\/conversion-ca-ca\/#breadcrumb"},"inLanguage":"fr-FR","potentialAction":[{"@type":"ReadAction","target":["https:\/\/delorenzoglobal.com\/fr\/produit\/conversion-ca-ca\/"]}]},{"@type":"ImageObject","inLanguage":"fr-FR","@id":"https:\/\/delorenzoglobal.com\/fr\/produit\/conversion-ca-ca\/#primaryimage","url":"https:\/\/delorenzoglobal.com\/wp-content\/uploads\/2024\/04\/DL-PEL202-scaled.jpg","contentUrl":"https:\/\/delorenzoglobal.com\/wp-content\/uploads\/2024\/04\/DL-PEL202-scaled.jpg","width":2560,"height":2555},{"@type":"BreadcrumbList","@id":"https:\/\/delorenzoglobal.com\/fr\/produit\/conversion-ca-ca\/#breadcrumb","itemListElement":[{"@type":"ListItem","position":1,"name":"Home","item":"https:\/\/delorenzoglobal.com\/fr\/"},{"@type":"ListItem","position":2,"name":"Boutique","item":"https:\/\/delorenzoglobal.com\/fr\/boutique\/"},{"@type":"ListItem","position":3,"name":"CONVERSION CA-CA"}]},{"@type":"WebSite","@id":"https:\/\/delorenzoglobal.com\/fr\/#website","url":"https:\/\/delorenzoglobal.com\/fr\/","name":"De Lorenzo Training &amp; Didactical Equipment","description":"","potentialAction":[{"@type":"SearchAction","target":{"@type":"EntryPoint","urlTemplate":"https:\/\/delorenzoglobal.com\/fr\/?s={search_term_string}"},"query-input":{"@type":"PropertyValueSpecification","valueRequired":true,"valueName":"search_term_string"}}],"inLanguage":"fr-FR"}]}},"_links":{"self":[{"href":"https:\/\/delorenzoglobal.com\/fr\/wp-json\/wp\/v2\/product\/7536","targetHints":{"allow":["GET"]}}],"collection":[{"href":"https:\/\/delorenzoglobal.com\/fr\/wp-json\/wp\/v2\/product"}],"about":[{"href":"https:\/\/delorenzoglobal.com\/fr\/wp-json\/wp\/v2\/types\/product"}],"wp:featuredmedia":[{"embeddable":true,"href":"https:\/\/delorenzoglobal.com\/fr\/wp-json\/wp\/v2\/media\/7533"}],"wp:attachment":[{"href":"https:\/\/delorenzoglobal.com\/fr\/wp-json\/wp\/v2\/media?parent=7536"}],"wp:term":[{"taxonomy":"product_brand","embeddable":true,"href":"https:\/\/delorenzoglobal.com\/fr\/wp-json\/wp\/v2\/product_brand?post=7536"},{"taxonomy":"product_cat","embeddable":true,"href":"https:\/\/delorenzoglobal.com\/fr\/wp-json\/wp\/v2\/product_cat?post=7536"},{"taxonomy":"product_tag","embeddable":true,"href":"https:\/\/delorenzoglobal.com\/fr\/wp-json\/wp\/v2\/product_tag?post=7536"}],"curies":[{"name":"wp","href":"https:\/\/api.w.org\/{rel}","templated":true}]}}