{"id":7503,"date":"2024-04-16T09:22:27","date_gmt":"2024-04-16T07:22:27","guid":{"rendered":"https:\/\/delorenzoglobal.com\/?post_type=product&#038;p=7503"},"modified":"2025-11-14T10:02:54","modified_gmt":"2025-11-14T09:02:54","slug":"laboratoire-delectronique-de-puissance","status":"publish","type":"product","link":"https:\/\/delorenzoglobal.com\/fr\/produit\/laboratoire-delectronique-de-puissance\/","title":{"rendered":"LABORATOIRE D&rsquo;\u00c9LECTRONIQUE DE PUISSANCE"},"content":{"rendered":"<p>L&rsquo;\u00e9lectronique de puissance est la branche de l&rsquo;\u00e9lectronique qui \u00e9tudie les dispositifs, circuits, syst\u00e8mes et proc\u00e9dures de traitement, de contr\u00f4le et de conversion de l&rsquo;\u00e9nergie \u00e9lectrique.<\/p>\n<p>Le d\u00e9veloppement technologique de l&rsquo;\u00e9lectronique \u00e0 semi-conducteurs et du domaine des semi-conducteurs a transform\u00e9 l&rsquo;\u00e9lectronique de puissance en fournissant des dispositifs actifs avec des vitesses de commutation plus \u00e9lev\u00e9es et une gestion de la puissance \u00e0 moindre co\u00fbt.<\/p>\n<p>Les dispositifs \u00e9lectroniques de puissance que l&rsquo;on trouve couramment dans l&rsquo;industrie sont les diodes, SCR, TRIAC, MOSFET et IGBT.<\/p>\n<p>Leurs diff\u00e9rents attributs dictent la fa\u00e7on dont ils sont utilis\u00e9s dans diff\u00e9rentes applications, selon le type de puissance d&rsquo;entr\u00e9e et de sortie : CA \u00e0 CC, CA \u00e0 CA, CC \u00e0 CC ou CC \u00e0 CA.<\/p>\n<p>Cette technologie peut \u00eatre trouv\u00e9e dans un large \u00e9ventail de param\u00e8tres ayant un impact sur la vie quotidienne, de l&rsquo;\u00e9lectronique grand public, des applications industrielles, des transports, des t\u00e9l\u00e9communications, des syst\u00e8mes d&rsquo;alimentation, \u00e0 la technologie spatiale.<\/p>\n","protected":false},"excerpt":{"rendered":"<p>L&rsquo;\u00e9lectronique de puissance est la branche de l&rsquo;\u00e9lectronique qui \u00e9tudie les dispositifs, circuits, syst\u00e8mes et proc\u00e9dures de traitement, de contr\u00f4le et de conversion de l&rsquo;\u00e9nergie \u00e9lectrique. Le d\u00e9veloppement technologique de l&rsquo;\u00e9lectronique \u00e0 semi-conducteurs et du domaine des semi-conducteurs a transform\u00e9 l&rsquo;\u00e9lectronique de puissance en fournissant des dispositifs actifs avec des vitesses de commutation plus \u00e9lev\u00e9es [&hellip;]<\/p>\n","protected":false},"featured_media":7496,"template":"","meta":{"_acf_changed":false},"product_brand":[],"product_cat":[328],"product_tag":[],"class_list":{"0":"post-7503","1":"product","2":"type-product","3":"status-publish","4":"has-post-thumbnail","6":"product_cat-electrique-de-puissance-avancee","8":"first","9":"instock","10":"shipping-taxable","11":"product-type-simple"},"acf":[],"yoast_head":"<!-- This site is optimized with the Yoast SEO plugin v27.4 - https:\/\/yoast.com\/product\/yoast-seo-wordpress\/ -->\n<title>LABORATOIRE D&#039;\u00c9LECTRONIQUE DE PUISSANCE - De Lorenzo Training &amp; Didactical Equipment<\/title>\n<meta name=\"robots\" content=\"index, follow, max-snippet:-1, max-image-preview:large, max-video-preview:-1\" \/>\n<link rel=\"canonical\" href=\"https:\/\/delorenzoglobal.com\/fr\/produit\/laboratoire-delectronique-de-puissance\/\" \/>\n<meta property=\"og:locale\" content=\"fr_FR\" \/>\n<meta property=\"og:type\" content=\"article\" \/>\n<meta property=\"og:title\" content=\"LABORATOIRE D&#039;\u00c9LECTRONIQUE DE PUISSANCE - De Lorenzo Training &amp; Didactical Equipment\" \/>\n<meta property=\"og:description\" content=\"L&rsquo;\u00e9lectronique de puissance est la branche de l&rsquo;\u00e9lectronique qui \u00e9tudie les dispositifs, circuits, syst\u00e8mes et proc\u00e9dures de traitement, de contr\u00f4le et de conversion de l&rsquo;\u00e9nergie \u00e9lectrique. Le d\u00e9veloppement technologique de l&rsquo;\u00e9lectronique \u00e0 semi-conducteurs et du domaine des semi-conducteurs a transform\u00e9 l&rsquo;\u00e9lectronique de puissance en fournissant des dispositifs actifs avec des vitesses de commutation plus \u00e9lev\u00e9es [&hellip;]\" \/>\n<meta property=\"og:url\" content=\"https:\/\/delorenzoglobal.com\/fr\/produit\/laboratoire-delectronique-de-puissance\/\" \/>\n<meta property=\"og:site_name\" content=\"De Lorenzo Training &amp; Didactical Equipment\" \/>\n<meta property=\"article:modified_time\" content=\"2025-11-14T09:02:54+00:00\" \/>\n<meta property=\"og:image\" content=\"https:\/\/delorenzoglobal.com\/wp-content\/uploads\/2024\/04\/DL-PELTOT-scaled.jpg\" \/>\n\t<meta property=\"og:image:width\" content=\"2560\" \/>\n\t<meta property=\"og:image:height\" content=\"1392\" \/>\n\t<meta property=\"og:image:type\" content=\"image\/jpeg\" \/>\n<meta name=\"twitter:card\" content=\"summary_large_image\" \/>\n<meta name=\"twitter:label1\" content=\"Dur\u00e9e de lecture estim\u00e9e\" \/>\n\t<meta name=\"twitter:data1\" content=\"2 minutes\" \/>\n<script type=\"application\/ld+json\" class=\"yoast-schema-graph\">{\"@context\":\"https:\\\/\\\/schema.org\",\"@graph\":[{\"@type\":\"WebPage\",\"@id\":\"https:\\\/\\\/delorenzoglobal.com\\\/fr\\\/produit\\\/laboratoire-delectronique-de-puissance\\\/\",\"url\":\"https:\\\/\\\/delorenzoglobal.com\\\/fr\\\/produit\\\/laboratoire-delectronique-de-puissance\\\/\",\"name\":\"LABORATOIRE D'\u00c9LECTRONIQUE DE PUISSANCE - De Lorenzo Training &amp; Didactical Equipment\",\"isPartOf\":{\"@id\":\"https:\\\/\\\/delorenzoglobal.com\\\/fr\\\/#website\"},\"primaryImageOfPage\":{\"@id\":\"https:\\\/\\\/delorenzoglobal.com\\\/fr\\\/produit\\\/laboratoire-delectronique-de-puissance\\\/#primaryimage\"},\"image\":{\"@id\":\"https:\\\/\\\/delorenzoglobal.com\\\/fr\\\/produit\\\/laboratoire-delectronique-de-puissance\\\/#primaryimage\"},\"thumbnailUrl\":\"https:\\\/\\\/delorenzoglobal.com\\\/wp-content\\\/uploads\\\/2024\\\/04\\\/DL-PELTOT-scaled.jpg\",\"datePublished\":\"2024-04-16T07:22:27+00:00\",\"dateModified\":\"2025-11-14T09:02:54+00:00\",\"breadcrumb\":{\"@id\":\"https:\\\/\\\/delorenzoglobal.com\\\/fr\\\/produit\\\/laboratoire-delectronique-de-puissance\\\/#breadcrumb\"},\"inLanguage\":\"fr-FR\",\"potentialAction\":[{\"@type\":\"ReadAction\",\"target\":[\"https:\\\/\\\/delorenzoglobal.com\\\/fr\\\/produit\\\/laboratoire-delectronique-de-puissance\\\/\"]}]},{\"@type\":\"ImageObject\",\"inLanguage\":\"fr-FR\",\"@id\":\"https:\\\/\\\/delorenzoglobal.com\\\/fr\\\/produit\\\/laboratoire-delectronique-de-puissance\\\/#primaryimage\",\"url\":\"https:\\\/\\\/delorenzoglobal.com\\\/wp-content\\\/uploads\\\/2024\\\/04\\\/DL-PELTOT-scaled.jpg\",\"contentUrl\":\"https:\\\/\\\/delorenzoglobal.com\\\/wp-content\\\/uploads\\\/2024\\\/04\\\/DL-PELTOT-scaled.jpg\",\"width\":2560,\"height\":1392},{\"@type\":\"BreadcrumbList\",\"@id\":\"https:\\\/\\\/delorenzoglobal.com\\\/fr\\\/produit\\\/laboratoire-delectronique-de-puissance\\\/#breadcrumb\",\"itemListElement\":[{\"@type\":\"ListItem\",\"position\":1,\"name\":\"Home\",\"item\":\"https:\\\/\\\/delorenzoglobal.com\\\/fr\\\/\"},{\"@type\":\"ListItem\",\"position\":2,\"name\":\"Boutique\",\"item\":\"https:\\\/\\\/delorenzoglobal.com\\\/fr\\\/boutique\\\/\"},{\"@type\":\"ListItem\",\"position\":3,\"name\":\"LABORATOIRE D&#8217;\u00c9LECTRONIQUE DE PUISSANCE\"}]},{\"@type\":\"WebSite\",\"@id\":\"https:\\\/\\\/delorenzoglobal.com\\\/fr\\\/#website\",\"url\":\"https:\\\/\\\/delorenzoglobal.com\\\/fr\\\/\",\"name\":\"De Lorenzo Training &amp; Didactical Equipment\",\"description\":\"\",\"potentialAction\":[{\"@type\":\"SearchAction\",\"target\":{\"@type\":\"EntryPoint\",\"urlTemplate\":\"https:\\\/\\\/delorenzoglobal.com\\\/fr\\\/?s={search_term_string}\"},\"query-input\":{\"@type\":\"PropertyValueSpecification\",\"valueRequired\":true,\"valueName\":\"search_term_string\"}}],\"inLanguage\":\"fr-FR\"}]}<\/script>\n<!-- \/ Yoast SEO plugin. -->","yoast_head_json":{"title":"LABORATOIRE D'\u00c9LECTRONIQUE DE PUISSANCE - De Lorenzo Training &amp; Didactical Equipment","robots":{"index":"index","follow":"follow","max-snippet":"max-snippet:-1","max-image-preview":"max-image-preview:large","max-video-preview":"max-video-preview:-1"},"canonical":"https:\/\/delorenzoglobal.com\/fr\/produit\/laboratoire-delectronique-de-puissance\/","og_locale":"fr_FR","og_type":"article","og_title":"LABORATOIRE D'\u00c9LECTRONIQUE DE PUISSANCE - De Lorenzo Training &amp; Didactical Equipment","og_description":"L&rsquo;\u00e9lectronique de puissance est la branche de l&rsquo;\u00e9lectronique qui \u00e9tudie les dispositifs, circuits, syst\u00e8mes et proc\u00e9dures de traitement, de contr\u00f4le et de conversion de l&rsquo;\u00e9nergie \u00e9lectrique. Le d\u00e9veloppement technologique de l&rsquo;\u00e9lectronique \u00e0 semi-conducteurs et du domaine des semi-conducteurs a transform\u00e9 l&rsquo;\u00e9lectronique de puissance en fournissant des dispositifs actifs avec des vitesses de commutation plus \u00e9lev\u00e9es [&hellip;]","og_url":"https:\/\/delorenzoglobal.com\/fr\/produit\/laboratoire-delectronique-de-puissance\/","og_site_name":"De Lorenzo Training &amp; Didactical Equipment","article_modified_time":"2025-11-14T09:02:54+00:00","og_image":[{"width":2560,"height":1392,"url":"https:\/\/delorenzoglobal.com\/wp-content\/uploads\/2024\/04\/DL-PELTOT-scaled.jpg","type":"image\/jpeg"}],"twitter_card":"summary_large_image","twitter_misc":{"Dur\u00e9e de lecture estim\u00e9e":"2 minutes"},"schema":{"@context":"https:\/\/schema.org","@graph":[{"@type":"WebPage","@id":"https:\/\/delorenzoglobal.com\/fr\/produit\/laboratoire-delectronique-de-puissance\/","url":"https:\/\/delorenzoglobal.com\/fr\/produit\/laboratoire-delectronique-de-puissance\/","name":"LABORATOIRE D'\u00c9LECTRONIQUE DE PUISSANCE - De Lorenzo Training &amp; Didactical Equipment","isPartOf":{"@id":"https:\/\/delorenzoglobal.com\/fr\/#website"},"primaryImageOfPage":{"@id":"https:\/\/delorenzoglobal.com\/fr\/produit\/laboratoire-delectronique-de-puissance\/#primaryimage"},"image":{"@id":"https:\/\/delorenzoglobal.com\/fr\/produit\/laboratoire-delectronique-de-puissance\/#primaryimage"},"thumbnailUrl":"https:\/\/delorenzoglobal.com\/wp-content\/uploads\/2024\/04\/DL-PELTOT-scaled.jpg","datePublished":"2024-04-16T07:22:27+00:00","dateModified":"2025-11-14T09:02:54+00:00","breadcrumb":{"@id":"https:\/\/delorenzoglobal.com\/fr\/produit\/laboratoire-delectronique-de-puissance\/#breadcrumb"},"inLanguage":"fr-FR","potentialAction":[{"@type":"ReadAction","target":["https:\/\/delorenzoglobal.com\/fr\/produit\/laboratoire-delectronique-de-puissance\/"]}]},{"@type":"ImageObject","inLanguage":"fr-FR","@id":"https:\/\/delorenzoglobal.com\/fr\/produit\/laboratoire-delectronique-de-puissance\/#primaryimage","url":"https:\/\/delorenzoglobal.com\/wp-content\/uploads\/2024\/04\/DL-PELTOT-scaled.jpg","contentUrl":"https:\/\/delorenzoglobal.com\/wp-content\/uploads\/2024\/04\/DL-PELTOT-scaled.jpg","width":2560,"height":1392},{"@type":"BreadcrumbList","@id":"https:\/\/delorenzoglobal.com\/fr\/produit\/laboratoire-delectronique-de-puissance\/#breadcrumb","itemListElement":[{"@type":"ListItem","position":1,"name":"Home","item":"https:\/\/delorenzoglobal.com\/fr\/"},{"@type":"ListItem","position":2,"name":"Boutique","item":"https:\/\/delorenzoglobal.com\/fr\/boutique\/"},{"@type":"ListItem","position":3,"name":"LABORATOIRE D&#8217;\u00c9LECTRONIQUE DE PUISSANCE"}]},{"@type":"WebSite","@id":"https:\/\/delorenzoglobal.com\/fr\/#website","url":"https:\/\/delorenzoglobal.com\/fr\/","name":"De Lorenzo Training &amp; Didactical Equipment","description":"","potentialAction":[{"@type":"SearchAction","target":{"@type":"EntryPoint","urlTemplate":"https:\/\/delorenzoglobal.com\/fr\/?s={search_term_string}"},"query-input":{"@type":"PropertyValueSpecification","valueRequired":true,"valueName":"search_term_string"}}],"inLanguage":"fr-FR"}]}},"_links":{"self":[{"href":"https:\/\/delorenzoglobal.com\/fr\/wp-json\/wp\/v2\/product\/7503","targetHints":{"allow":["GET"]}}],"collection":[{"href":"https:\/\/delorenzoglobal.com\/fr\/wp-json\/wp\/v2\/product"}],"about":[{"href":"https:\/\/delorenzoglobal.com\/fr\/wp-json\/wp\/v2\/types\/product"}],"wp:featuredmedia":[{"embeddable":true,"href":"https:\/\/delorenzoglobal.com\/fr\/wp-json\/wp\/v2\/media\/7496"}],"wp:attachment":[{"href":"https:\/\/delorenzoglobal.com\/fr\/wp-json\/wp\/v2\/media?parent=7503"}],"wp:term":[{"taxonomy":"product_brand","embeddable":true,"href":"https:\/\/delorenzoglobal.com\/fr\/wp-json\/wp\/v2\/product_brand?post=7503"},{"taxonomy":"product_cat","embeddable":true,"href":"https:\/\/delorenzoglobal.com\/fr\/wp-json\/wp\/v2\/product_cat?post=7503"},{"taxonomy":"product_tag","embeddable":true,"href":"https:\/\/delorenzoglobal.com\/fr\/wp-json\/wp\/v2\/product_tag?post=7503"}],"curies":[{"name":"wp","href":"https:\/\/api.w.org\/{rel}","templated":true}]}}