{"id":7342,"date":"2024-04-15T16:29:36","date_gmt":"2024-04-15T14:29:36","guid":{"rendered":"https:\/\/delorenzoglobal.com\/?post_type=product&#038;p=7342"},"modified":"2025-01-28T13:37:42","modified_gmt":"2025-01-28T12:37:42","slug":"reseaux-tcp-ip","status":"publish","type":"product","link":"https:\/\/delorenzoglobal.com\/fr\/produit\/reseaux-tcp-ip\/","title":{"rendered":"RESEAUX TCP\/IP"},"content":{"rendered":"<p>La conception et la construction de circuits \u00e9lectroniquespour r\u00e9soudredes probl\u00e8mes pratiques est une technique essentielle dans les domaines de l\u2019ing\u00e9nierie \u00e9lectronique \u00a0et de l\u2019ing\u00e9nierie informatique.<\/p>\n<p>Aveccette carteles \u00e9tudiants peuvent \u00e9tudier les principes de r\u00e9seau et l\u2019installation, \u00a0la configuration et la maintenance des R\u00e9seaux Locaux:<\/p>\n<ul>\n<li>Installation et configuration du r\u00e9seau.<\/li>\n<li>Maintenance, contr\u00f4le, test et d\u00e9pannage des r\u00e9seaux locaux.<\/li>\n<\/ul>\n","protected":false},"excerpt":{"rendered":"<p>La conception et la construction de circuits \u00e9lectroniquespour r\u00e9soudredes probl\u00e8mes pratiques est une technique essentielle dans les domaines de l\u2019ing\u00e9nierie \u00e9lectronique \u00a0et de l\u2019ing\u00e9nierie informatique. Aveccette carteles \u00e9tudiants peuvent \u00e9tudier les principes de r\u00e9seau et l\u2019installation, \u00a0la configuration et la maintenance des R\u00e9seaux Locaux: Installation et configuration du r\u00e9seau. Maintenance, contr\u00f4le, test et d\u00e9pannage des [&hellip;]<\/p>\n","protected":false},"featured_media":7335,"template":"","meta":{"_acf_changed":false},"product_brand":[],"product_cat":[319],"product_tag":[],"class_list":{"0":"post-7342","1":"product","2":"type-product","3":"status-publish","4":"has-post-thumbnail","6":"product_cat-tableaux-de-bord-electroniques","8":"first","9":"instock","10":"shipping-taxable","11":"product-type-simple"},"acf":[],"yoast_head":"<!-- This site is optimized with the Yoast SEO plugin v27.0 - https:\/\/yoast.com\/product\/yoast-seo-wordpress\/ -->\n<title>RESEAUX TCP\/IP - De Lorenzo Training &amp; Didactical Equipment<\/title>\n<meta name=\"robots\" content=\"index, follow, max-snippet:-1, max-image-preview:large, max-video-preview:-1\" \/>\n<link rel=\"canonical\" href=\"https:\/\/delorenzoglobal.com\/fr\/produit\/reseaux-tcp-ip\/\" \/>\n<meta property=\"og:locale\" content=\"fr_FR\" \/>\n<meta property=\"og:type\" content=\"article\" \/>\n<meta property=\"og:title\" content=\"RESEAUX TCP\/IP - De Lorenzo Training &amp; Didactical Equipment\" \/>\n<meta property=\"og:description\" content=\"La conception et la construction de circuits \u00e9lectroniquespour r\u00e9soudredes probl\u00e8mes pratiques est une technique essentielle dans les domaines de l\u2019ing\u00e9nierie \u00e9lectronique \u00a0et de l\u2019ing\u00e9nierie informatique. Aveccette carteles \u00e9tudiants peuvent \u00e9tudier les principes de r\u00e9seau et l\u2019installation, \u00a0la configuration et la maintenance des R\u00e9seaux Locaux: Installation et configuration du r\u00e9seau. Maintenance, contr\u00f4le, test et d\u00e9pannage des [&hellip;]\" \/>\n<meta property=\"og:url\" content=\"https:\/\/delorenzoglobal.com\/fr\/produit\/reseaux-tcp-ip\/\" \/>\n<meta property=\"og:site_name\" content=\"De Lorenzo Training &amp; Didactical Equipment\" \/>\n<meta property=\"article:modified_time\" content=\"2025-01-28T12:37:42+00:00\" \/>\n<meta property=\"og:image\" content=\"https:\/\/delorenzoglobal.com\/wp-content\/uploads\/2024\/04\/3155E74-scaled.jpg\" \/>\n\t<meta property=\"og:image:width\" content=\"2560\" \/>\n\t<meta property=\"og:image:height\" content=\"2249\" \/>\n\t<meta property=\"og:image:type\" content=\"image\/jpeg\" \/>\n<meta name=\"twitter:card\" content=\"summary_large_image\" \/>\n<meta name=\"twitter:label1\" content=\"Dur\u00e9e de lecture estim\u00e9e\" \/>\n\t<meta name=\"twitter:data1\" content=\"1 minute\" \/>\n<script type=\"application\/ld+json\" class=\"yoast-schema-graph\">{\"@context\":\"https:\/\/schema.org\",\"@graph\":[{\"@type\":\"WebPage\",\"@id\":\"https:\/\/delorenzoglobal.com\/fr\/produit\/reseaux-tcp-ip\/\",\"url\":\"https:\/\/delorenzoglobal.com\/fr\/produit\/reseaux-tcp-ip\/\",\"name\":\"RESEAUX TCP\/IP - De Lorenzo Training &amp; Didactical Equipment\",\"isPartOf\":{\"@id\":\"https:\/\/delorenzoglobal.com\/fr\/#website\"},\"primaryImageOfPage\":{\"@id\":\"https:\/\/delorenzoglobal.com\/fr\/produit\/reseaux-tcp-ip\/#primaryimage\"},\"image\":{\"@id\":\"https:\/\/delorenzoglobal.com\/fr\/produit\/reseaux-tcp-ip\/#primaryimage\"},\"thumbnailUrl\":\"https:\/\/delorenzoglobal.com\/wp-content\/uploads\/2024\/04\/3155E74-scaled.jpg\",\"datePublished\":\"2024-04-15T14:29:36+00:00\",\"dateModified\":\"2025-01-28T12:37:42+00:00\",\"breadcrumb\":{\"@id\":\"https:\/\/delorenzoglobal.com\/fr\/produit\/reseaux-tcp-ip\/#breadcrumb\"},\"inLanguage\":\"fr-FR\",\"potentialAction\":[{\"@type\":\"ReadAction\",\"target\":[\"https:\/\/delorenzoglobal.com\/fr\/produit\/reseaux-tcp-ip\/\"]}]},{\"@type\":\"ImageObject\",\"inLanguage\":\"fr-FR\",\"@id\":\"https:\/\/delorenzoglobal.com\/fr\/produit\/reseaux-tcp-ip\/#primaryimage\",\"url\":\"https:\/\/delorenzoglobal.com\/wp-content\/uploads\/2024\/04\/3155E74-scaled.jpg\",\"contentUrl\":\"https:\/\/delorenzoglobal.com\/wp-content\/uploads\/2024\/04\/3155E74-scaled.jpg\",\"width\":2560,\"height\":2249},{\"@type\":\"BreadcrumbList\",\"@id\":\"https:\/\/delorenzoglobal.com\/fr\/produit\/reseaux-tcp-ip\/#breadcrumb\",\"itemListElement\":[{\"@type\":\"ListItem\",\"position\":1,\"name\":\"Home\",\"item\":\"https:\/\/delorenzoglobal.com\/fr\/\"},{\"@type\":\"ListItem\",\"position\":2,\"name\":\"Boutique\",\"item\":\"https:\/\/delorenzoglobal.com\/fr\/boutique\/\"},{\"@type\":\"ListItem\",\"position\":3,\"name\":\"RESEAUX TCP\/IP\"}]},{\"@type\":\"WebSite\",\"@id\":\"https:\/\/delorenzoglobal.com\/fr\/#website\",\"url\":\"https:\/\/delorenzoglobal.com\/fr\/\",\"name\":\"De Lorenzo Training &amp; Didactical Equipment\",\"description\":\"\",\"potentialAction\":[{\"@type\":\"SearchAction\",\"target\":{\"@type\":\"EntryPoint\",\"urlTemplate\":\"https:\/\/delorenzoglobal.com\/fr\/?s={search_term_string}\"},\"query-input\":{\"@type\":\"PropertyValueSpecification\",\"valueRequired\":true,\"valueName\":\"search_term_string\"}}],\"inLanguage\":\"fr-FR\"}]}<\/script>\n<!-- \/ Yoast SEO plugin. -->","yoast_head_json":{"title":"RESEAUX TCP\/IP - De Lorenzo Training &amp; Didactical Equipment","robots":{"index":"index","follow":"follow","max-snippet":"max-snippet:-1","max-image-preview":"max-image-preview:large","max-video-preview":"max-video-preview:-1"},"canonical":"https:\/\/delorenzoglobal.com\/fr\/produit\/reseaux-tcp-ip\/","og_locale":"fr_FR","og_type":"article","og_title":"RESEAUX TCP\/IP - De Lorenzo Training &amp; Didactical Equipment","og_description":"La conception et la construction de circuits \u00e9lectroniquespour r\u00e9soudredes probl\u00e8mes pratiques est une technique essentielle dans les domaines de l\u2019ing\u00e9nierie \u00e9lectronique \u00a0et de l\u2019ing\u00e9nierie informatique. Aveccette carteles \u00e9tudiants peuvent \u00e9tudier les principes de r\u00e9seau et l\u2019installation, \u00a0la configuration et la maintenance des R\u00e9seaux Locaux: Installation et configuration du r\u00e9seau. Maintenance, contr\u00f4le, test et d\u00e9pannage des [&hellip;]","og_url":"https:\/\/delorenzoglobal.com\/fr\/produit\/reseaux-tcp-ip\/","og_site_name":"De Lorenzo Training &amp; Didactical Equipment","article_modified_time":"2025-01-28T12:37:42+00:00","og_image":[{"width":2560,"height":2249,"url":"https:\/\/delorenzoglobal.com\/wp-content\/uploads\/2024\/04\/3155E74-scaled.jpg","type":"image\/jpeg"}],"twitter_card":"summary_large_image","twitter_misc":{"Dur\u00e9e de lecture estim\u00e9e":"1 minute"},"schema":{"@context":"https:\/\/schema.org","@graph":[{"@type":"WebPage","@id":"https:\/\/delorenzoglobal.com\/fr\/produit\/reseaux-tcp-ip\/","url":"https:\/\/delorenzoglobal.com\/fr\/produit\/reseaux-tcp-ip\/","name":"RESEAUX TCP\/IP - De Lorenzo Training &amp; Didactical Equipment","isPartOf":{"@id":"https:\/\/delorenzoglobal.com\/fr\/#website"},"primaryImageOfPage":{"@id":"https:\/\/delorenzoglobal.com\/fr\/produit\/reseaux-tcp-ip\/#primaryimage"},"image":{"@id":"https:\/\/delorenzoglobal.com\/fr\/produit\/reseaux-tcp-ip\/#primaryimage"},"thumbnailUrl":"https:\/\/delorenzoglobal.com\/wp-content\/uploads\/2024\/04\/3155E74-scaled.jpg","datePublished":"2024-04-15T14:29:36+00:00","dateModified":"2025-01-28T12:37:42+00:00","breadcrumb":{"@id":"https:\/\/delorenzoglobal.com\/fr\/produit\/reseaux-tcp-ip\/#breadcrumb"},"inLanguage":"fr-FR","potentialAction":[{"@type":"ReadAction","target":["https:\/\/delorenzoglobal.com\/fr\/produit\/reseaux-tcp-ip\/"]}]},{"@type":"ImageObject","inLanguage":"fr-FR","@id":"https:\/\/delorenzoglobal.com\/fr\/produit\/reseaux-tcp-ip\/#primaryimage","url":"https:\/\/delorenzoglobal.com\/wp-content\/uploads\/2024\/04\/3155E74-scaled.jpg","contentUrl":"https:\/\/delorenzoglobal.com\/wp-content\/uploads\/2024\/04\/3155E74-scaled.jpg","width":2560,"height":2249},{"@type":"BreadcrumbList","@id":"https:\/\/delorenzoglobal.com\/fr\/produit\/reseaux-tcp-ip\/#breadcrumb","itemListElement":[{"@type":"ListItem","position":1,"name":"Home","item":"https:\/\/delorenzoglobal.com\/fr\/"},{"@type":"ListItem","position":2,"name":"Boutique","item":"https:\/\/delorenzoglobal.com\/fr\/boutique\/"},{"@type":"ListItem","position":3,"name":"RESEAUX TCP\/IP"}]},{"@type":"WebSite","@id":"https:\/\/delorenzoglobal.com\/fr\/#website","url":"https:\/\/delorenzoglobal.com\/fr\/","name":"De Lorenzo Training &amp; Didactical Equipment","description":"","potentialAction":[{"@type":"SearchAction","target":{"@type":"EntryPoint","urlTemplate":"https:\/\/delorenzoglobal.com\/fr\/?s={search_term_string}"},"query-input":{"@type":"PropertyValueSpecification","valueRequired":true,"valueName":"search_term_string"}}],"inLanguage":"fr-FR"}]}},"_links":{"self":[{"href":"https:\/\/delorenzoglobal.com\/fr\/wp-json\/wp\/v2\/product\/7342","targetHints":{"allow":["GET"]}}],"collection":[{"href":"https:\/\/delorenzoglobal.com\/fr\/wp-json\/wp\/v2\/product"}],"about":[{"href":"https:\/\/delorenzoglobal.com\/fr\/wp-json\/wp\/v2\/types\/product"}],"wp:featuredmedia":[{"embeddable":true,"href":"https:\/\/delorenzoglobal.com\/fr\/wp-json\/wp\/v2\/media\/7335"}],"wp:attachment":[{"href":"https:\/\/delorenzoglobal.com\/fr\/wp-json\/wp\/v2\/media?parent=7342"}],"wp:term":[{"taxonomy":"product_brand","embeddable":true,"href":"https:\/\/delorenzoglobal.com\/fr\/wp-json\/wp\/v2\/product_brand?post=7342"},{"taxonomy":"product_cat","embeddable":true,"href":"https:\/\/delorenzoglobal.com\/fr\/wp-json\/wp\/v2\/product_cat?post=7342"},{"taxonomy":"product_tag","embeddable":true,"href":"https:\/\/delorenzoglobal.com\/fr\/wp-json\/wp\/v2\/product_tag?post=7342"}],"curies":[{"name":"wp","href":"https:\/\/api.w.org\/{rel}","templated":true}]}}