{"id":7168,"date":"2024-04-15T14:44:07","date_gmt":"2024-04-15T12:44:07","guid":{"rendered":"https:\/\/delorenzoglobal.com\/?post_type=product&#038;p=7168"},"modified":"2025-01-28T13:39:58","modified_gmt":"2025-01-28T12:39:58","slug":"modulation-demodulation-numerique","status":"publish","type":"product","link":"https:\/\/delorenzoglobal.com\/fr\/produit\/modulation-demodulation-numerique\/","title":{"rendered":"MODULATION -DEMODULATION NUMERIQUE"},"content":{"rendered":"<p>La conception et la construction de circuits \u00e9lectroniques pour r\u00e9soudre des probl\u00e8mes pratiques est une technique essentielle dans les domaines de l&rsquo;ing\u00e9nierie \u00e9lectronique et de l&rsquo;ing\u00e9nierie informatique.<\/p>\n<p>Avec \u00a0cette \u00a0carte \u00a0les \u00a0\u00e9l\u00e8ves \u00a0peuvent \u00a0\u00e9tudier \u00a0le principe de fonctionnement des communications \u00a0num\u00e9riques \u00a0en \u00a0utilisant \u00a0les techniques \u00a0les \u00a0plus \u00a0courantes \u00a0telles \u00a0que \u00a0la modulation PCM, PAM, PFM, PWM, PPM et DM \u00e0 \u00a0l\u2019aide \u00a0d\u2019un \u00a0signal \u00a0de \u00a0 bruit, \u00a0 des \u00a0 filtres analogiques et des amplificateurs de sortie.<\/p>\n","protected":false},"excerpt":{"rendered":"<p>La conception et la construction de circuits \u00e9lectroniques pour r\u00e9soudre des probl\u00e8mes pratiques est une technique essentielle dans les domaines de l&rsquo;ing\u00e9nierie \u00e9lectronique et de l&rsquo;ing\u00e9nierie informatique. Avec \u00a0cette \u00a0carte \u00a0les \u00a0\u00e9l\u00e8ves \u00a0peuvent \u00a0\u00e9tudier \u00a0le principe de fonctionnement des communications \u00a0num\u00e9riques \u00a0en \u00a0utilisant \u00a0les techniques \u00a0les \u00a0plus \u00a0courantes \u00a0telles \u00a0que \u00a0la modulation PCM, PAM, PFM, [&hellip;]<\/p>\n","protected":false},"featured_media":7160,"template":"","meta":{"_acf_changed":false},"product_brand":[],"product_cat":[319],"product_tag":[],"class_list":{"0":"post-7168","1":"product","2":"type-product","3":"status-publish","4":"has-post-thumbnail","6":"product_cat-tableaux-de-bord-electroniques","8":"first","9":"instock","10":"shipping-taxable","11":"product-type-simple"},"acf":[],"yoast_head":"<!-- This site is optimized with the Yoast SEO plugin v27.0 - https:\/\/yoast.com\/product\/yoast-seo-wordpress\/ -->\n<title>MODULATION -DEMODULATION NUMERIQUE - De Lorenzo Training &amp; Didactical Equipment<\/title>\n<meta name=\"robots\" content=\"index, follow, max-snippet:-1, max-image-preview:large, max-video-preview:-1\" \/>\n<link rel=\"canonical\" href=\"https:\/\/delorenzoglobal.com\/fr\/produit\/modulation-demodulation-numerique\/\" \/>\n<meta property=\"og:locale\" content=\"fr_FR\" \/>\n<meta property=\"og:type\" content=\"article\" \/>\n<meta property=\"og:title\" content=\"MODULATION -DEMODULATION NUMERIQUE - De Lorenzo Training &amp; Didactical Equipment\" \/>\n<meta property=\"og:description\" content=\"La conception et la construction de circuits \u00e9lectroniques pour r\u00e9soudre des probl\u00e8mes pratiques est une technique essentielle dans les domaines de l&rsquo;ing\u00e9nierie \u00e9lectronique et de l&rsquo;ing\u00e9nierie informatique. Avec \u00a0cette \u00a0carte \u00a0les \u00a0\u00e9l\u00e8ves \u00a0peuvent \u00a0\u00e9tudier \u00a0le principe de fonctionnement des communications \u00a0num\u00e9riques \u00a0en \u00a0utilisant \u00a0les techniques \u00a0les \u00a0plus \u00a0courantes \u00a0telles \u00a0que \u00a0la modulation PCM, PAM, PFM, [&hellip;]\" \/>\n<meta property=\"og:url\" content=\"https:\/\/delorenzoglobal.com\/fr\/produit\/modulation-demodulation-numerique\/\" \/>\n<meta property=\"og:site_name\" content=\"De Lorenzo Training &amp; Didactical Equipment\" \/>\n<meta property=\"article:modified_time\" content=\"2025-01-28T12:39:58+00:00\" \/>\n<meta property=\"og:image\" content=\"https:\/\/delorenzoglobal.com\/wp-content\/uploads\/2024\/04\/3155M61-scaled.jpg\" \/>\n\t<meta property=\"og:image:width\" content=\"2560\" \/>\n\t<meta property=\"og:image:height\" content=\"2243\" \/>\n\t<meta property=\"og:image:type\" content=\"image\/jpeg\" \/>\n<meta name=\"twitter:card\" content=\"summary_large_image\" \/>\n<meta name=\"twitter:label1\" content=\"Dur\u00e9e de lecture estim\u00e9e\" \/>\n\t<meta name=\"twitter:data1\" content=\"1 minute\" \/>\n<script type=\"application\/ld+json\" class=\"yoast-schema-graph\">{\"@context\":\"https:\/\/schema.org\",\"@graph\":[{\"@type\":\"WebPage\",\"@id\":\"https:\/\/delorenzoglobal.com\/fr\/produit\/modulation-demodulation-numerique\/\",\"url\":\"https:\/\/delorenzoglobal.com\/fr\/produit\/modulation-demodulation-numerique\/\",\"name\":\"MODULATION -DEMODULATION NUMERIQUE - De Lorenzo Training &amp; Didactical Equipment\",\"isPartOf\":{\"@id\":\"https:\/\/delorenzoglobal.com\/fr\/#website\"},\"primaryImageOfPage\":{\"@id\":\"https:\/\/delorenzoglobal.com\/fr\/produit\/modulation-demodulation-numerique\/#primaryimage\"},\"image\":{\"@id\":\"https:\/\/delorenzoglobal.com\/fr\/produit\/modulation-demodulation-numerique\/#primaryimage\"},\"thumbnailUrl\":\"https:\/\/delorenzoglobal.com\/wp-content\/uploads\/2024\/04\/3155M61-scaled.jpg\",\"datePublished\":\"2024-04-15T12:44:07+00:00\",\"dateModified\":\"2025-01-28T12:39:58+00:00\",\"breadcrumb\":{\"@id\":\"https:\/\/delorenzoglobal.com\/fr\/produit\/modulation-demodulation-numerique\/#breadcrumb\"},\"inLanguage\":\"fr-FR\",\"potentialAction\":[{\"@type\":\"ReadAction\",\"target\":[\"https:\/\/delorenzoglobal.com\/fr\/produit\/modulation-demodulation-numerique\/\"]}]},{\"@type\":\"ImageObject\",\"inLanguage\":\"fr-FR\",\"@id\":\"https:\/\/delorenzoglobal.com\/fr\/produit\/modulation-demodulation-numerique\/#primaryimage\",\"url\":\"https:\/\/delorenzoglobal.com\/wp-content\/uploads\/2024\/04\/3155M61-scaled.jpg\",\"contentUrl\":\"https:\/\/delorenzoglobal.com\/wp-content\/uploads\/2024\/04\/3155M61-scaled.jpg\",\"width\":2560,\"height\":2243},{\"@type\":\"BreadcrumbList\",\"@id\":\"https:\/\/delorenzoglobal.com\/fr\/produit\/modulation-demodulation-numerique\/#breadcrumb\",\"itemListElement\":[{\"@type\":\"ListItem\",\"position\":1,\"name\":\"Home\",\"item\":\"https:\/\/delorenzoglobal.com\/fr\/\"},{\"@type\":\"ListItem\",\"position\":2,\"name\":\"Boutique\",\"item\":\"https:\/\/delorenzoglobal.com\/fr\/boutique\/\"},{\"@type\":\"ListItem\",\"position\":3,\"name\":\"MODULATION -DEMODULATION NUMERIQUE\"}]},{\"@type\":\"WebSite\",\"@id\":\"https:\/\/delorenzoglobal.com\/fr\/#website\",\"url\":\"https:\/\/delorenzoglobal.com\/fr\/\",\"name\":\"De Lorenzo Training &amp; Didactical Equipment\",\"description\":\"\",\"potentialAction\":[{\"@type\":\"SearchAction\",\"target\":{\"@type\":\"EntryPoint\",\"urlTemplate\":\"https:\/\/delorenzoglobal.com\/fr\/?s={search_term_string}\"},\"query-input\":{\"@type\":\"PropertyValueSpecification\",\"valueRequired\":true,\"valueName\":\"search_term_string\"}}],\"inLanguage\":\"fr-FR\"}]}<\/script>\n<!-- \/ Yoast SEO plugin. -->","yoast_head_json":{"title":"MODULATION -DEMODULATION NUMERIQUE - De Lorenzo Training &amp; Didactical Equipment","robots":{"index":"index","follow":"follow","max-snippet":"max-snippet:-1","max-image-preview":"max-image-preview:large","max-video-preview":"max-video-preview:-1"},"canonical":"https:\/\/delorenzoglobal.com\/fr\/produit\/modulation-demodulation-numerique\/","og_locale":"fr_FR","og_type":"article","og_title":"MODULATION -DEMODULATION NUMERIQUE - De Lorenzo Training &amp; Didactical Equipment","og_description":"La conception et la construction de circuits \u00e9lectroniques pour r\u00e9soudre des probl\u00e8mes pratiques est une technique essentielle dans les domaines de l&rsquo;ing\u00e9nierie \u00e9lectronique et de l&rsquo;ing\u00e9nierie informatique. Avec \u00a0cette \u00a0carte \u00a0les \u00a0\u00e9l\u00e8ves \u00a0peuvent \u00a0\u00e9tudier \u00a0le principe de fonctionnement des communications \u00a0num\u00e9riques \u00a0en \u00a0utilisant \u00a0les techniques \u00a0les \u00a0plus \u00a0courantes \u00a0telles \u00a0que \u00a0la modulation PCM, PAM, PFM, [&hellip;]","og_url":"https:\/\/delorenzoglobal.com\/fr\/produit\/modulation-demodulation-numerique\/","og_site_name":"De Lorenzo Training &amp; Didactical Equipment","article_modified_time":"2025-01-28T12:39:58+00:00","og_image":[{"width":2560,"height":2243,"url":"https:\/\/delorenzoglobal.com\/wp-content\/uploads\/2024\/04\/3155M61-scaled.jpg","type":"image\/jpeg"}],"twitter_card":"summary_large_image","twitter_misc":{"Dur\u00e9e de lecture estim\u00e9e":"1 minute"},"schema":{"@context":"https:\/\/schema.org","@graph":[{"@type":"WebPage","@id":"https:\/\/delorenzoglobal.com\/fr\/produit\/modulation-demodulation-numerique\/","url":"https:\/\/delorenzoglobal.com\/fr\/produit\/modulation-demodulation-numerique\/","name":"MODULATION -DEMODULATION NUMERIQUE - De Lorenzo Training &amp; Didactical Equipment","isPartOf":{"@id":"https:\/\/delorenzoglobal.com\/fr\/#website"},"primaryImageOfPage":{"@id":"https:\/\/delorenzoglobal.com\/fr\/produit\/modulation-demodulation-numerique\/#primaryimage"},"image":{"@id":"https:\/\/delorenzoglobal.com\/fr\/produit\/modulation-demodulation-numerique\/#primaryimage"},"thumbnailUrl":"https:\/\/delorenzoglobal.com\/wp-content\/uploads\/2024\/04\/3155M61-scaled.jpg","datePublished":"2024-04-15T12:44:07+00:00","dateModified":"2025-01-28T12:39:58+00:00","breadcrumb":{"@id":"https:\/\/delorenzoglobal.com\/fr\/produit\/modulation-demodulation-numerique\/#breadcrumb"},"inLanguage":"fr-FR","potentialAction":[{"@type":"ReadAction","target":["https:\/\/delorenzoglobal.com\/fr\/produit\/modulation-demodulation-numerique\/"]}]},{"@type":"ImageObject","inLanguage":"fr-FR","@id":"https:\/\/delorenzoglobal.com\/fr\/produit\/modulation-demodulation-numerique\/#primaryimage","url":"https:\/\/delorenzoglobal.com\/wp-content\/uploads\/2024\/04\/3155M61-scaled.jpg","contentUrl":"https:\/\/delorenzoglobal.com\/wp-content\/uploads\/2024\/04\/3155M61-scaled.jpg","width":2560,"height":2243},{"@type":"BreadcrumbList","@id":"https:\/\/delorenzoglobal.com\/fr\/produit\/modulation-demodulation-numerique\/#breadcrumb","itemListElement":[{"@type":"ListItem","position":1,"name":"Home","item":"https:\/\/delorenzoglobal.com\/fr\/"},{"@type":"ListItem","position":2,"name":"Boutique","item":"https:\/\/delorenzoglobal.com\/fr\/boutique\/"},{"@type":"ListItem","position":3,"name":"MODULATION -DEMODULATION NUMERIQUE"}]},{"@type":"WebSite","@id":"https:\/\/delorenzoglobal.com\/fr\/#website","url":"https:\/\/delorenzoglobal.com\/fr\/","name":"De Lorenzo Training &amp; Didactical Equipment","description":"","potentialAction":[{"@type":"SearchAction","target":{"@type":"EntryPoint","urlTemplate":"https:\/\/delorenzoglobal.com\/fr\/?s={search_term_string}"},"query-input":{"@type":"PropertyValueSpecification","valueRequired":true,"valueName":"search_term_string"}}],"inLanguage":"fr-FR"}]}},"_links":{"self":[{"href":"https:\/\/delorenzoglobal.com\/fr\/wp-json\/wp\/v2\/product\/7168","targetHints":{"allow":["GET"]}}],"collection":[{"href":"https:\/\/delorenzoglobal.com\/fr\/wp-json\/wp\/v2\/product"}],"about":[{"href":"https:\/\/delorenzoglobal.com\/fr\/wp-json\/wp\/v2\/types\/product"}],"wp:featuredmedia":[{"embeddable":true,"href":"https:\/\/delorenzoglobal.com\/fr\/wp-json\/wp\/v2\/media\/7160"}],"wp:attachment":[{"href":"https:\/\/delorenzoglobal.com\/fr\/wp-json\/wp\/v2\/media?parent=7168"}],"wp:term":[{"taxonomy":"product_brand","embeddable":true,"href":"https:\/\/delorenzoglobal.com\/fr\/wp-json\/wp\/v2\/product_brand?post=7168"},{"taxonomy":"product_cat","embeddable":true,"href":"https:\/\/delorenzoglobal.com\/fr\/wp-json\/wp\/v2\/product_cat?post=7168"},{"taxonomy":"product_tag","embeddable":true,"href":"https:\/\/delorenzoglobal.com\/fr\/wp-json\/wp\/v2\/product_tag?post=7168"}],"curies":[{"name":"wp","href":"https:\/\/api.w.org\/{rel}","templated":true}]}}