{"id":7112,"date":"2024-04-15T12:37:36","date_gmt":"2024-04-15T10:37:36","guid":{"rendered":"https:\/\/delorenzoglobal.com\/?post_type=product&#038;p=7112"},"modified":"2025-04-29T14:42:51","modified_gmt":"2025-04-29T12:42:51","slug":"banc-pour-letude-de-lautomatisation-des-moteurs","status":"publish","type":"product","link":"https:\/\/delorenzoglobal.com\/fr\/produit\/banc-pour-letude-de-lautomatisation-des-moteurs\/","title":{"rendered":"BANC POUR L&rsquo;ETUDE DE L&rsquo;AUTOMATISATION DES MOTEURS"},"content":{"rendered":"<p>Le DL PLC-MAC est un banc polyvalent pour l&rsquo;\u00e9tude des techniques de programmation des API (Automates Programmables Industriels) utilis\u00e9s pour d\u00e9marrer et contr\u00f4ler un moteur \u00e9lectrique asynchrone triphas\u00e9, \u00e0 l&rsquo;aide d&rsquo;un convertisseur direct de fr\u00e9quence.<\/p>\n<p>Le d\u00e9marrage et la commande d&rsquo;un moteur asynchrone \u00e0 induction peuvent \u00eatre test\u00e9s selon deux modes diff\u00e9rents:<\/p>\n<ul>\n<li>Fonctionnement manuel \u00e0 l&rsquo;aide de relais temporis\u00e9s ou d\u2019un convertisseur direct de fr\u00e9quence.<\/li>\n<li>Fonctionnement automatique \u00e0 l&rsquo;aide d&rsquo;un API pour contr\u00f4ler le variateur et les contacteurs.<\/li>\n<\/ul>\n","protected":false},"excerpt":{"rendered":"<p>Le DL PLC-MAC est un banc polyvalent pour l&rsquo;\u00e9tude des techniques de programmation des API (Automates Programmables Industriels) utilis\u00e9s pour d\u00e9marrer et contr\u00f4ler un moteur \u00e9lectrique asynchrone triphas\u00e9, \u00e0 l&rsquo;aide d&rsquo;un convertisseur direct de fr\u00e9quence. Le d\u00e9marrage et la commande d&rsquo;un moteur asynchrone \u00e0 induction peuvent \u00eatre test\u00e9s selon deux modes diff\u00e9rents: Fonctionnement manuel \u00e0 [&hellip;]<\/p>\n","protected":false},"featured_media":6874,"template":"","meta":{"_acf_changed":false},"product_brand":[],"product_cat":[310],"product_tag":[],"class_list":{"0":"post-7112","1":"product","2":"type-product","3":"status-publish","4":"has-post-thumbnail","6":"product_cat-controle-et-automatisation-des-moteurs","8":"first","9":"instock","10":"shipping-taxable","11":"product-type-simple"},"acf":[],"yoast_head":"<!-- This site is optimized with the Yoast SEO plugin v27.0 - https:\/\/yoast.com\/product\/yoast-seo-wordpress\/ -->\n<title>BANC POUR L&#039;ETUDE DE L&#039;AUTOMATISATION DES MOTEURS - De Lorenzo Training &amp; Didactical Equipment<\/title>\n<meta name=\"robots\" content=\"index, follow, max-snippet:-1, max-image-preview:large, max-video-preview:-1\" \/>\n<link rel=\"canonical\" href=\"https:\/\/delorenzoglobal.com\/fr\/produit\/banc-pour-letude-de-lautomatisation-des-moteurs\/\" \/>\n<meta property=\"og:locale\" content=\"fr_FR\" \/>\n<meta property=\"og:type\" content=\"article\" \/>\n<meta property=\"og:title\" content=\"BANC POUR L&#039;ETUDE DE L&#039;AUTOMATISATION DES MOTEURS - De Lorenzo Training &amp; Didactical Equipment\" \/>\n<meta property=\"og:description\" content=\"Le DL PLC-MAC est un banc polyvalent pour l&rsquo;\u00e9tude des techniques de programmation des API (Automates Programmables Industriels) utilis\u00e9s pour d\u00e9marrer et contr\u00f4ler un moteur \u00e9lectrique asynchrone triphas\u00e9, \u00e0 l&rsquo;aide d&rsquo;un convertisseur direct de fr\u00e9quence. Le d\u00e9marrage et la commande d&rsquo;un moteur asynchrone \u00e0 induction peuvent \u00eatre test\u00e9s selon deux modes diff\u00e9rents: Fonctionnement manuel \u00e0 [&hellip;]\" \/>\n<meta property=\"og:url\" content=\"https:\/\/delorenzoglobal.com\/fr\/produit\/banc-pour-letude-de-lautomatisation-des-moteurs\/\" \/>\n<meta property=\"og:site_name\" content=\"De Lorenzo Training &amp; Didactical Equipment\" \/>\n<meta property=\"article:modified_time\" content=\"2025-04-29T12:42:51+00:00\" \/>\n<meta property=\"og:image\" content=\"https:\/\/delorenzoglobal.com\/wp-content\/uploads\/2024\/04\/DL-PLC-MAC-scaled.jpg\" \/>\n\t<meta property=\"og:image:width\" content=\"2560\" \/>\n\t<meta property=\"og:image:height\" content=\"1905\" \/>\n\t<meta property=\"og:image:type\" content=\"image\/jpeg\" \/>\n<meta name=\"twitter:card\" content=\"summary_large_image\" \/>\n<meta name=\"twitter:label1\" content=\"Dur\u00e9e de lecture estim\u00e9e\" \/>\n\t<meta name=\"twitter:data1\" content=\"1 minute\" \/>\n<script type=\"application\/ld+json\" class=\"yoast-schema-graph\">{\"@context\":\"https:\/\/schema.org\",\"@graph\":[{\"@type\":\"WebPage\",\"@id\":\"https:\/\/delorenzoglobal.com\/fr\/produit\/banc-pour-letude-de-lautomatisation-des-moteurs\/\",\"url\":\"https:\/\/delorenzoglobal.com\/fr\/produit\/banc-pour-letude-de-lautomatisation-des-moteurs\/\",\"name\":\"BANC POUR L'ETUDE DE L'AUTOMATISATION DES MOTEURS - De Lorenzo Training &amp; Didactical Equipment\",\"isPartOf\":{\"@id\":\"https:\/\/delorenzoglobal.com\/fr\/#website\"},\"primaryImageOfPage\":{\"@id\":\"https:\/\/delorenzoglobal.com\/fr\/produit\/banc-pour-letude-de-lautomatisation-des-moteurs\/#primaryimage\"},\"image\":{\"@id\":\"https:\/\/delorenzoglobal.com\/fr\/produit\/banc-pour-letude-de-lautomatisation-des-moteurs\/#primaryimage\"},\"thumbnailUrl\":\"https:\/\/delorenzoglobal.com\/wp-content\/uploads\/2024\/04\/DL-PLC-MAC-scaled.jpg\",\"datePublished\":\"2024-04-15T10:37:36+00:00\",\"dateModified\":\"2025-04-29T12:42:51+00:00\",\"breadcrumb\":{\"@id\":\"https:\/\/delorenzoglobal.com\/fr\/produit\/banc-pour-letude-de-lautomatisation-des-moteurs\/#breadcrumb\"},\"inLanguage\":\"fr-FR\",\"potentialAction\":[{\"@type\":\"ReadAction\",\"target\":[\"https:\/\/delorenzoglobal.com\/fr\/produit\/banc-pour-letude-de-lautomatisation-des-moteurs\/\"]}]},{\"@type\":\"ImageObject\",\"inLanguage\":\"fr-FR\",\"@id\":\"https:\/\/delorenzoglobal.com\/fr\/produit\/banc-pour-letude-de-lautomatisation-des-moteurs\/#primaryimage\",\"url\":\"https:\/\/delorenzoglobal.com\/wp-content\/uploads\/2024\/04\/DL-PLC-MAC-scaled.jpg\",\"contentUrl\":\"https:\/\/delorenzoglobal.com\/wp-content\/uploads\/2024\/04\/DL-PLC-MAC-scaled.jpg\",\"width\":2560,\"height\":1905},{\"@type\":\"BreadcrumbList\",\"@id\":\"https:\/\/delorenzoglobal.com\/fr\/produit\/banc-pour-letude-de-lautomatisation-des-moteurs\/#breadcrumb\",\"itemListElement\":[{\"@type\":\"ListItem\",\"position\":1,\"name\":\"Home\",\"item\":\"https:\/\/delorenzoglobal.com\/fr\/\"},{\"@type\":\"ListItem\",\"position\":2,\"name\":\"Boutique\",\"item\":\"https:\/\/delorenzoglobal.com\/fr\/boutique\/\"},{\"@type\":\"ListItem\",\"position\":3,\"name\":\"BANC POUR L&#8217;ETUDE DE L&#8217;AUTOMATISATION DES MOTEURS\"}]},{\"@type\":\"WebSite\",\"@id\":\"https:\/\/delorenzoglobal.com\/fr\/#website\",\"url\":\"https:\/\/delorenzoglobal.com\/fr\/\",\"name\":\"De Lorenzo Training &amp; Didactical Equipment\",\"description\":\"\",\"potentialAction\":[{\"@type\":\"SearchAction\",\"target\":{\"@type\":\"EntryPoint\",\"urlTemplate\":\"https:\/\/delorenzoglobal.com\/fr\/?s={search_term_string}\"},\"query-input\":{\"@type\":\"PropertyValueSpecification\",\"valueRequired\":true,\"valueName\":\"search_term_string\"}}],\"inLanguage\":\"fr-FR\"}]}<\/script>\n<!-- \/ Yoast SEO plugin. -->","yoast_head_json":{"title":"BANC POUR L'ETUDE DE L'AUTOMATISATION DES MOTEURS - De Lorenzo Training &amp; Didactical Equipment","robots":{"index":"index","follow":"follow","max-snippet":"max-snippet:-1","max-image-preview":"max-image-preview:large","max-video-preview":"max-video-preview:-1"},"canonical":"https:\/\/delorenzoglobal.com\/fr\/produit\/banc-pour-letude-de-lautomatisation-des-moteurs\/","og_locale":"fr_FR","og_type":"article","og_title":"BANC POUR L'ETUDE DE L'AUTOMATISATION DES MOTEURS - De Lorenzo Training &amp; Didactical Equipment","og_description":"Le DL PLC-MAC est un banc polyvalent pour l&rsquo;\u00e9tude des techniques de programmation des API (Automates Programmables Industriels) utilis\u00e9s pour d\u00e9marrer et contr\u00f4ler un moteur \u00e9lectrique asynchrone triphas\u00e9, \u00e0 l&rsquo;aide d&rsquo;un convertisseur direct de fr\u00e9quence. Le d\u00e9marrage et la commande d&rsquo;un moteur asynchrone \u00e0 induction peuvent \u00eatre test\u00e9s selon deux modes diff\u00e9rents: Fonctionnement manuel \u00e0 [&hellip;]","og_url":"https:\/\/delorenzoglobal.com\/fr\/produit\/banc-pour-letude-de-lautomatisation-des-moteurs\/","og_site_name":"De Lorenzo Training &amp; Didactical Equipment","article_modified_time":"2025-04-29T12:42:51+00:00","og_image":[{"width":2560,"height":1905,"url":"https:\/\/delorenzoglobal.com\/wp-content\/uploads\/2024\/04\/DL-PLC-MAC-scaled.jpg","type":"image\/jpeg"}],"twitter_card":"summary_large_image","twitter_misc":{"Dur\u00e9e de lecture estim\u00e9e":"1 minute"},"schema":{"@context":"https:\/\/schema.org","@graph":[{"@type":"WebPage","@id":"https:\/\/delorenzoglobal.com\/fr\/produit\/banc-pour-letude-de-lautomatisation-des-moteurs\/","url":"https:\/\/delorenzoglobal.com\/fr\/produit\/banc-pour-letude-de-lautomatisation-des-moteurs\/","name":"BANC POUR L'ETUDE DE L'AUTOMATISATION DES MOTEURS - De Lorenzo Training &amp; Didactical Equipment","isPartOf":{"@id":"https:\/\/delorenzoglobal.com\/fr\/#website"},"primaryImageOfPage":{"@id":"https:\/\/delorenzoglobal.com\/fr\/produit\/banc-pour-letude-de-lautomatisation-des-moteurs\/#primaryimage"},"image":{"@id":"https:\/\/delorenzoglobal.com\/fr\/produit\/banc-pour-letude-de-lautomatisation-des-moteurs\/#primaryimage"},"thumbnailUrl":"https:\/\/delorenzoglobal.com\/wp-content\/uploads\/2024\/04\/DL-PLC-MAC-scaled.jpg","datePublished":"2024-04-15T10:37:36+00:00","dateModified":"2025-04-29T12:42:51+00:00","breadcrumb":{"@id":"https:\/\/delorenzoglobal.com\/fr\/produit\/banc-pour-letude-de-lautomatisation-des-moteurs\/#breadcrumb"},"inLanguage":"fr-FR","potentialAction":[{"@type":"ReadAction","target":["https:\/\/delorenzoglobal.com\/fr\/produit\/banc-pour-letude-de-lautomatisation-des-moteurs\/"]}]},{"@type":"ImageObject","inLanguage":"fr-FR","@id":"https:\/\/delorenzoglobal.com\/fr\/produit\/banc-pour-letude-de-lautomatisation-des-moteurs\/#primaryimage","url":"https:\/\/delorenzoglobal.com\/wp-content\/uploads\/2024\/04\/DL-PLC-MAC-scaled.jpg","contentUrl":"https:\/\/delorenzoglobal.com\/wp-content\/uploads\/2024\/04\/DL-PLC-MAC-scaled.jpg","width":2560,"height":1905},{"@type":"BreadcrumbList","@id":"https:\/\/delorenzoglobal.com\/fr\/produit\/banc-pour-letude-de-lautomatisation-des-moteurs\/#breadcrumb","itemListElement":[{"@type":"ListItem","position":1,"name":"Home","item":"https:\/\/delorenzoglobal.com\/fr\/"},{"@type":"ListItem","position":2,"name":"Boutique","item":"https:\/\/delorenzoglobal.com\/fr\/boutique\/"},{"@type":"ListItem","position":3,"name":"BANC POUR L&#8217;ETUDE DE L&#8217;AUTOMATISATION DES MOTEURS"}]},{"@type":"WebSite","@id":"https:\/\/delorenzoglobal.com\/fr\/#website","url":"https:\/\/delorenzoglobal.com\/fr\/","name":"De Lorenzo Training &amp; Didactical Equipment","description":"","potentialAction":[{"@type":"SearchAction","target":{"@type":"EntryPoint","urlTemplate":"https:\/\/delorenzoglobal.com\/fr\/?s={search_term_string}"},"query-input":{"@type":"PropertyValueSpecification","valueRequired":true,"valueName":"search_term_string"}}],"inLanguage":"fr-FR"}]}},"_links":{"self":[{"href":"https:\/\/delorenzoglobal.com\/fr\/wp-json\/wp\/v2\/product\/7112","targetHints":{"allow":["GET"]}}],"collection":[{"href":"https:\/\/delorenzoglobal.com\/fr\/wp-json\/wp\/v2\/product"}],"about":[{"href":"https:\/\/delorenzoglobal.com\/fr\/wp-json\/wp\/v2\/types\/product"}],"wp:featuredmedia":[{"embeddable":true,"href":"https:\/\/delorenzoglobal.com\/fr\/wp-json\/wp\/v2\/media\/6874"}],"wp:attachment":[{"href":"https:\/\/delorenzoglobal.com\/fr\/wp-json\/wp\/v2\/media?parent=7112"}],"wp:term":[{"taxonomy":"product_brand","embeddable":true,"href":"https:\/\/delorenzoglobal.com\/fr\/wp-json\/wp\/v2\/product_brand?post=7112"},{"taxonomy":"product_cat","embeddable":true,"href":"https:\/\/delorenzoglobal.com\/fr\/wp-json\/wp\/v2\/product_cat?post=7112"},{"taxonomy":"product_tag","embeddable":true,"href":"https:\/\/delorenzoglobal.com\/fr\/wp-json\/wp\/v2\/product_tag?post=7112"}],"curies":[{"name":"wp","href":"https:\/\/api.w.org\/{rel}","templated":true}]}}