{"id":70434,"date":"2026-04-10T11:20:35","date_gmt":"2026-04-10T09:20:35","guid":{"rendered":"https:\/\/delorenzoglobal.com\/?post_type=product&#038;p=70434"},"modified":"2026-04-10T16:30:38","modified_gmt":"2026-04-10T14:30:38","slug":"laboratoire-de-robotique-et-dintelligence-artificielle-appliquee-6-dof","status":"publish","type":"product","link":"https:\/\/delorenzoglobal.com\/fr\/produit\/laboratoire-de-robotique-et-dintelligence-artificielle-appliquee-6-dof\/","title":{"rendered":"LABORATOIRE DE ROBOTIQUE ET D&rsquo;INTELLIGENCE ARTIFICIELLE APPLIQU\u00c9E (6 DOF)"},"content":{"rendered":"<p>La Station didactique de robotique et d&rsquo;inspection visuelle avec API est un syst\u00e8me de formation compact con\u00e7u pour enseigner la m\u00e9catronique appliqu\u00e9e dans un environnement enti\u00e8rement industriel<\/p>\n","protected":false},"excerpt":{"rendered":"<p>La Station didactique de robotique et d&rsquo;inspection visuelle avec API est un syst\u00e8me de formation compact con\u00e7u pour enseigner la m\u00e9catronique appliqu\u00e9e dans un environnement enti\u00e8rement industriel<\/p>\n","protected":false},"featured_media":70427,"template":"","meta":{"_acf_changed":false},"product_brand":[],"product_cat":[186,1151],"product_tag":[],"class_list":{"0":"post-70434","1":"product","2":"type-product","3":"status-publish","4":"has-post-thumbnail","6":"product_cat-systemes-de-controle-dun-bras-robotique","7":"product_cat-intelligence-artificielle","9":"first","10":"instock","11":"shipping-taxable","12":"product-type-simple"},"acf":[],"yoast_head":"<!-- This site is optimized with the Yoast SEO plugin v27.0 - https:\/\/yoast.com\/product\/yoast-seo-wordpress\/ -->\n<title>LABORATOIRE DE ROBOTIQUE ET D&#039;INTELLIGENCE ARTIFICIELLE APPLIQU\u00c9E (6 DOF) - De Lorenzo Training &amp; Didactical Equipment<\/title>\n<meta name=\"description\" content=\"La Station didactique de robotique et d&#039;inspection visuelle avec API est un syst\u00e8me de formation compact con\u00e7u pour enseigner la m\u00e9catronique appliqu\u00e9e dans un environnement enti\u00e8rement industriel\" \/>\n<meta name=\"robots\" content=\"index, follow, max-snippet:-1, max-image-preview:large, max-video-preview:-1\" \/>\n<link rel=\"canonical\" href=\"https:\/\/delorenzoglobal.com\/fr\/produit\/laboratoire-de-robotique-et-dintelligence-artificielle-appliquee-6-dof\/\" \/>\n<meta property=\"og:locale\" content=\"fr_FR\" \/>\n<meta property=\"og:type\" content=\"article\" \/>\n<meta property=\"og:title\" content=\"LABORATOIRE DE ROBOTIQUE ET D&#039;INTELLIGENCE ARTIFICIELLE APPLIQU\u00c9E (6 DOF) - De Lorenzo Training &amp; Didactical Equipment\" \/>\n<meta property=\"og:description\" content=\"La Station didactique de robotique et d&#039;inspection visuelle avec API est un syst\u00e8me de formation compact con\u00e7u pour enseigner la m\u00e9catronique appliqu\u00e9e dans un environnement enti\u00e8rement industriel\" \/>\n<meta property=\"og:url\" content=\"https:\/\/delorenzoglobal.com\/fr\/produit\/laboratoire-de-robotique-et-dintelligence-artificielle-appliquee-6-dof\/\" \/>\n<meta property=\"og:site_name\" content=\"De Lorenzo Training &amp; Didactical Equipment\" \/>\n<meta property=\"article:modified_time\" content=\"2026-04-10T14:30:38+00:00\" \/>\n<meta property=\"og:image\" content=\"https:\/\/delorenzoglobal.com\/wp-content\/uploads\/2026\/04\/DL-XM-AI-PLC.jpg\" \/>\n\t<meta property=\"og:image:width\" content=\"1536\" \/>\n\t<meta property=\"og:image:height\" content=\"1024\" \/>\n\t<meta property=\"og:image:type\" content=\"image\/jpeg\" \/>\n<meta name=\"twitter:card\" content=\"summary_large_image\" \/>\n<meta name=\"twitter:label1\" content=\"Dur\u00e9e de lecture estim\u00e9e\" \/>\n\t<meta name=\"twitter:data1\" content=\"1 minute\" \/>\n<script type=\"application\/ld+json\" class=\"yoast-schema-graph\">{\"@context\":\"https:\/\/schema.org\",\"@graph\":[{\"@type\":\"WebPage\",\"@id\":\"https:\/\/delorenzoglobal.com\/fr\/produit\/laboratoire-de-robotique-et-dintelligence-artificielle-appliquee-6-dof\/\",\"url\":\"https:\/\/delorenzoglobal.com\/fr\/produit\/laboratoire-de-robotique-et-dintelligence-artificielle-appliquee-6-dof\/\",\"name\":\"LABORATOIRE DE ROBOTIQUE ET D'INTELLIGENCE ARTIFICIELLE APPLIQU\u00c9E (6 DOF) - De Lorenzo Training &amp; Didactical Equipment\",\"isPartOf\":{\"@id\":\"https:\/\/delorenzoglobal.com\/fr\/#website\"},\"primaryImageOfPage\":{\"@id\":\"https:\/\/delorenzoglobal.com\/fr\/produit\/laboratoire-de-robotique-et-dintelligence-artificielle-appliquee-6-dof\/#primaryimage\"},\"image\":{\"@id\":\"https:\/\/delorenzoglobal.com\/fr\/produit\/laboratoire-de-robotique-et-dintelligence-artificielle-appliquee-6-dof\/#primaryimage\"},\"thumbnailUrl\":\"https:\/\/delorenzoglobal.com\/wp-content\/uploads\/2026\/04\/DL-XM-AI-PLC.jpg\",\"datePublished\":\"2026-04-10T09:20:35+00:00\",\"dateModified\":\"2026-04-10T14:30:38+00:00\",\"description\":\"La Station didactique de robotique et d'inspection visuelle avec API est un syst\u00e8me de formation compact con\u00e7u pour enseigner la m\u00e9catronique appliqu\u00e9e dans un environnement enti\u00e8rement industriel\",\"breadcrumb\":{\"@id\":\"https:\/\/delorenzoglobal.com\/fr\/produit\/laboratoire-de-robotique-et-dintelligence-artificielle-appliquee-6-dof\/#breadcrumb\"},\"inLanguage\":\"fr-FR\",\"potentialAction\":[{\"@type\":\"ReadAction\",\"target\":[\"https:\/\/delorenzoglobal.com\/fr\/produit\/laboratoire-de-robotique-et-dintelligence-artificielle-appliquee-6-dof\/\"]}]},{\"@type\":\"ImageObject\",\"inLanguage\":\"fr-FR\",\"@id\":\"https:\/\/delorenzoglobal.com\/fr\/produit\/laboratoire-de-robotique-et-dintelligence-artificielle-appliquee-6-dof\/#primaryimage\",\"url\":\"https:\/\/delorenzoglobal.com\/wp-content\/uploads\/2026\/04\/DL-XM-AI-PLC.jpg\",\"contentUrl\":\"https:\/\/delorenzoglobal.com\/wp-content\/uploads\/2026\/04\/DL-XM-AI-PLC.jpg\",\"width\":1536,\"height\":1024},{\"@type\":\"BreadcrumbList\",\"@id\":\"https:\/\/delorenzoglobal.com\/fr\/produit\/laboratoire-de-robotique-et-dintelligence-artificielle-appliquee-6-dof\/#breadcrumb\",\"itemListElement\":[{\"@type\":\"ListItem\",\"position\":1,\"name\":\"Home\",\"item\":\"https:\/\/delorenzoglobal.com\/fr\/\"},{\"@type\":\"ListItem\",\"position\":2,\"name\":\"Boutique\",\"item\":\"https:\/\/delorenzoglobal.com\/fr\/boutique\/\"},{\"@type\":\"ListItem\",\"position\":3,\"name\":\"LABORATOIRE DE ROBOTIQUE ET D&#8217;INTELLIGENCE ARTIFICIELLE APPLIQU\u00c9E (6 DOF)\"}]},{\"@type\":\"WebSite\",\"@id\":\"https:\/\/delorenzoglobal.com\/fr\/#website\",\"url\":\"https:\/\/delorenzoglobal.com\/fr\/\",\"name\":\"De Lorenzo Training &amp; Didactical Equipment\",\"description\":\"\",\"potentialAction\":[{\"@type\":\"SearchAction\",\"target\":{\"@type\":\"EntryPoint\",\"urlTemplate\":\"https:\/\/delorenzoglobal.com\/fr\/?s={search_term_string}\"},\"query-input\":{\"@type\":\"PropertyValueSpecification\",\"valueRequired\":true,\"valueName\":\"search_term_string\"}}],\"inLanguage\":\"fr-FR\"}]}<\/script>\n<!-- \/ Yoast SEO plugin. -->","yoast_head_json":{"title":"LABORATOIRE DE ROBOTIQUE ET D'INTELLIGENCE ARTIFICIELLE APPLIQU\u00c9E (6 DOF) - De Lorenzo Training &amp; Didactical Equipment","description":"La Station didactique de robotique et d'inspection visuelle avec API est un syst\u00e8me de formation compact con\u00e7u pour enseigner la m\u00e9catronique appliqu\u00e9e dans un environnement enti\u00e8rement industriel","robots":{"index":"index","follow":"follow","max-snippet":"max-snippet:-1","max-image-preview":"max-image-preview:large","max-video-preview":"max-video-preview:-1"},"canonical":"https:\/\/delorenzoglobal.com\/fr\/produit\/laboratoire-de-robotique-et-dintelligence-artificielle-appliquee-6-dof\/","og_locale":"fr_FR","og_type":"article","og_title":"LABORATOIRE DE ROBOTIQUE ET D'INTELLIGENCE ARTIFICIELLE APPLIQU\u00c9E (6 DOF) - De Lorenzo Training &amp; Didactical Equipment","og_description":"La Station didactique de robotique et d'inspection visuelle avec API est un syst\u00e8me de formation compact con\u00e7u pour enseigner la m\u00e9catronique appliqu\u00e9e dans un environnement enti\u00e8rement industriel","og_url":"https:\/\/delorenzoglobal.com\/fr\/produit\/laboratoire-de-robotique-et-dintelligence-artificielle-appliquee-6-dof\/","og_site_name":"De Lorenzo Training &amp; Didactical Equipment","article_modified_time":"2026-04-10T14:30:38+00:00","og_image":[{"width":1536,"height":1024,"url":"https:\/\/delorenzoglobal.com\/wp-content\/uploads\/2026\/04\/DL-XM-AI-PLC.jpg","type":"image\/jpeg"}],"twitter_card":"summary_large_image","twitter_misc":{"Dur\u00e9e de lecture estim\u00e9e":"1 minute"},"schema":{"@context":"https:\/\/schema.org","@graph":[{"@type":"WebPage","@id":"https:\/\/delorenzoglobal.com\/fr\/produit\/laboratoire-de-robotique-et-dintelligence-artificielle-appliquee-6-dof\/","url":"https:\/\/delorenzoglobal.com\/fr\/produit\/laboratoire-de-robotique-et-dintelligence-artificielle-appliquee-6-dof\/","name":"LABORATOIRE DE ROBOTIQUE ET D'INTELLIGENCE ARTIFICIELLE APPLIQU\u00c9E (6 DOF) - De Lorenzo Training &amp; Didactical Equipment","isPartOf":{"@id":"https:\/\/delorenzoglobal.com\/fr\/#website"},"primaryImageOfPage":{"@id":"https:\/\/delorenzoglobal.com\/fr\/produit\/laboratoire-de-robotique-et-dintelligence-artificielle-appliquee-6-dof\/#primaryimage"},"image":{"@id":"https:\/\/delorenzoglobal.com\/fr\/produit\/laboratoire-de-robotique-et-dintelligence-artificielle-appliquee-6-dof\/#primaryimage"},"thumbnailUrl":"https:\/\/delorenzoglobal.com\/wp-content\/uploads\/2026\/04\/DL-XM-AI-PLC.jpg","datePublished":"2026-04-10T09:20:35+00:00","dateModified":"2026-04-10T14:30:38+00:00","description":"La Station didactique de robotique et d'inspection visuelle avec API est un syst\u00e8me de formation compact con\u00e7u pour enseigner la m\u00e9catronique appliqu\u00e9e dans un environnement enti\u00e8rement industriel","breadcrumb":{"@id":"https:\/\/delorenzoglobal.com\/fr\/produit\/laboratoire-de-robotique-et-dintelligence-artificielle-appliquee-6-dof\/#breadcrumb"},"inLanguage":"fr-FR","potentialAction":[{"@type":"ReadAction","target":["https:\/\/delorenzoglobal.com\/fr\/produit\/laboratoire-de-robotique-et-dintelligence-artificielle-appliquee-6-dof\/"]}]},{"@type":"ImageObject","inLanguage":"fr-FR","@id":"https:\/\/delorenzoglobal.com\/fr\/produit\/laboratoire-de-robotique-et-dintelligence-artificielle-appliquee-6-dof\/#primaryimage","url":"https:\/\/delorenzoglobal.com\/wp-content\/uploads\/2026\/04\/DL-XM-AI-PLC.jpg","contentUrl":"https:\/\/delorenzoglobal.com\/wp-content\/uploads\/2026\/04\/DL-XM-AI-PLC.jpg","width":1536,"height":1024},{"@type":"BreadcrumbList","@id":"https:\/\/delorenzoglobal.com\/fr\/produit\/laboratoire-de-robotique-et-dintelligence-artificielle-appliquee-6-dof\/#breadcrumb","itemListElement":[{"@type":"ListItem","position":1,"name":"Home","item":"https:\/\/delorenzoglobal.com\/fr\/"},{"@type":"ListItem","position":2,"name":"Boutique","item":"https:\/\/delorenzoglobal.com\/fr\/boutique\/"},{"@type":"ListItem","position":3,"name":"LABORATOIRE DE ROBOTIQUE ET D&#8217;INTELLIGENCE ARTIFICIELLE APPLIQU\u00c9E (6 DOF)"}]},{"@type":"WebSite","@id":"https:\/\/delorenzoglobal.com\/fr\/#website","url":"https:\/\/delorenzoglobal.com\/fr\/","name":"De Lorenzo Training &amp; Didactical Equipment","description":"","potentialAction":[{"@type":"SearchAction","target":{"@type":"EntryPoint","urlTemplate":"https:\/\/delorenzoglobal.com\/fr\/?s={search_term_string}"},"query-input":{"@type":"PropertyValueSpecification","valueRequired":true,"valueName":"search_term_string"}}],"inLanguage":"fr-FR"}]}},"_links":{"self":[{"href":"https:\/\/delorenzoglobal.com\/fr\/wp-json\/wp\/v2\/product\/70434","targetHints":{"allow":["GET"]}}],"collection":[{"href":"https:\/\/delorenzoglobal.com\/fr\/wp-json\/wp\/v2\/product"}],"about":[{"href":"https:\/\/delorenzoglobal.com\/fr\/wp-json\/wp\/v2\/types\/product"}],"wp:featuredmedia":[{"embeddable":true,"href":"https:\/\/delorenzoglobal.com\/fr\/wp-json\/wp\/v2\/media\/70427"}],"wp:attachment":[{"href":"https:\/\/delorenzoglobal.com\/fr\/wp-json\/wp\/v2\/media?parent=70434"}],"wp:term":[{"taxonomy":"product_brand","embeddable":true,"href":"https:\/\/delorenzoglobal.com\/fr\/wp-json\/wp\/v2\/product_brand?post=70434"},{"taxonomy":"product_cat","embeddable":true,"href":"https:\/\/delorenzoglobal.com\/fr\/wp-json\/wp\/v2\/product_cat?post=70434"},{"taxonomy":"product_tag","embeddable":true,"href":"https:\/\/delorenzoglobal.com\/fr\/wp-json\/wp\/v2\/product_tag?post=70434"}],"curies":[{"name":"wp","href":"https:\/\/api.w.org\/{rel}","templated":true}]}}