{"id":6969,"date":"2024-04-15T12:50:03","date_gmt":"2024-04-15T10:50:03","guid":{"rendered":"https:\/\/delorenzoglobal.com\/?post_type=product&#038;p=6969"},"modified":"2025-07-21T15:22:20","modified_gmt":"2025-07-21T13:22:20","slug":"voice-over-ip-voip","status":"publish","type":"product","link":"https:\/\/delorenzoglobal.com\/fr\/produit\/voice-over-ip-voip\/","title":{"rendered":"VOICE OVER IP (VoIP)"},"content":{"rendered":"<p>Formation d&rsquo;un technicien d&rsquo;installation et de maintenance des syst\u00e8mes de t\u00e9l\u00e9phonie IP capable de :<\/p>\n<ul>\n<li>conna\u00eetre les principes, les normes et les dispositifs normalement utilis\u00e9s dans la VoIP<\/li>\n<li>installer des syst\u00e8mes VoIP dans les r\u00e9seaux IP existants<\/li>\n<li>effectuer la maintenance, le d\u00e9pannage, les tests sur les syst\u00e8mes VoIP.<\/li>\n<\/ul>\n","protected":false},"excerpt":{"rendered":"<p>Formation d&rsquo;un technicien d&rsquo;installation et de maintenance des syst\u00e8mes de t\u00e9l\u00e9phonie IP capable de : conna\u00eetre les principes, les normes et les dispositifs normalement utilis\u00e9s dans la VoIP installer des syst\u00e8mes VoIP dans les r\u00e9seaux IP existants effectuer la maintenance, le d\u00e9pannage, les tests sur les syst\u00e8mes VoIP.<\/p>\n","protected":false},"featured_media":6962,"template":"","meta":{"_acf_changed":false},"product_brand":[],"product_cat":[325],"product_tag":[],"class_list":{"0":"post-6969","1":"product","2":"type-product","3":"status-publish","4":"has-post-thumbnail","6":"product_cat-reseaux-de-donnees","8":"first","9":"instock","10":"shipping-taxable","11":"product-type-simple"},"acf":[],"yoast_head":"<!-- This site is optimized with the Yoast SEO plugin v27.0 - https:\/\/yoast.com\/product\/yoast-seo-wordpress\/ -->\n<title>VOICE OVER IP (VoIP) - De Lorenzo Training &amp; Didactical Equipment<\/title>\n<meta name=\"robots\" content=\"index, follow, max-snippet:-1, max-image-preview:large, max-video-preview:-1\" \/>\n<link rel=\"canonical\" href=\"https:\/\/delorenzoglobal.com\/fr\/produit\/voice-over-ip-voip\/\" \/>\n<meta property=\"og:locale\" content=\"fr_FR\" \/>\n<meta property=\"og:type\" content=\"article\" \/>\n<meta property=\"og:title\" content=\"VOICE OVER IP (VoIP) - De Lorenzo Training &amp; Didactical Equipment\" \/>\n<meta property=\"og:description\" content=\"Formation d&rsquo;un technicien d&rsquo;installation et de maintenance des syst\u00e8mes de t\u00e9l\u00e9phonie IP capable de : conna\u00eetre les principes, les normes et les dispositifs normalement utilis\u00e9s dans la VoIP installer des syst\u00e8mes VoIP dans les r\u00e9seaux IP existants effectuer la maintenance, le d\u00e9pannage, les tests sur les syst\u00e8mes VoIP.\" \/>\n<meta property=\"og:url\" content=\"https:\/\/delorenzoglobal.com\/fr\/produit\/voice-over-ip-voip\/\" \/>\n<meta property=\"og:site_name\" content=\"De Lorenzo Training &amp; Didactical Equipment\" \/>\n<meta property=\"article:modified_time\" content=\"2025-07-21T13:22:20+00:00\" \/>\n<meta property=\"og:image\" content=\"https:\/\/delorenzoglobal.com\/wp-content\/uploads\/2024\/04\/DL-TC77-scaled.jpg\" \/>\n\t<meta property=\"og:image:width\" content=\"2560\" \/>\n\t<meta property=\"og:image:height\" content=\"989\" \/>\n\t<meta property=\"og:image:type\" content=\"image\/jpeg\" \/>\n<meta name=\"twitter:card\" content=\"summary_large_image\" \/>\n<meta name=\"twitter:label1\" content=\"Dur\u00e9e de lecture estim\u00e9e\" \/>\n\t<meta name=\"twitter:data1\" content=\"1 minute\" \/>\n<script type=\"application\/ld+json\" class=\"yoast-schema-graph\">{\"@context\":\"https:\/\/schema.org\",\"@graph\":[{\"@type\":\"WebPage\",\"@id\":\"https:\/\/delorenzoglobal.com\/fr\/produit\/voice-over-ip-voip\/\",\"url\":\"https:\/\/delorenzoglobal.com\/fr\/produit\/voice-over-ip-voip\/\",\"name\":\"VOICE OVER IP (VoIP) - De Lorenzo Training &amp; Didactical Equipment\",\"isPartOf\":{\"@id\":\"https:\/\/delorenzoglobal.com\/fr\/#website\"},\"primaryImageOfPage\":{\"@id\":\"https:\/\/delorenzoglobal.com\/fr\/produit\/voice-over-ip-voip\/#primaryimage\"},\"image\":{\"@id\":\"https:\/\/delorenzoglobal.com\/fr\/produit\/voice-over-ip-voip\/#primaryimage\"},\"thumbnailUrl\":\"https:\/\/delorenzoglobal.com\/wp-content\/uploads\/2024\/04\/DL-TC77-scaled.jpg\",\"datePublished\":\"2024-04-15T10:50:03+00:00\",\"dateModified\":\"2025-07-21T13:22:20+00:00\",\"breadcrumb\":{\"@id\":\"https:\/\/delorenzoglobal.com\/fr\/produit\/voice-over-ip-voip\/#breadcrumb\"},\"inLanguage\":\"fr-FR\",\"potentialAction\":[{\"@type\":\"ReadAction\",\"target\":[\"https:\/\/delorenzoglobal.com\/fr\/produit\/voice-over-ip-voip\/\"]}]},{\"@type\":\"ImageObject\",\"inLanguage\":\"fr-FR\",\"@id\":\"https:\/\/delorenzoglobal.com\/fr\/produit\/voice-over-ip-voip\/#primaryimage\",\"url\":\"https:\/\/delorenzoglobal.com\/wp-content\/uploads\/2024\/04\/DL-TC77-scaled.jpg\",\"contentUrl\":\"https:\/\/delorenzoglobal.com\/wp-content\/uploads\/2024\/04\/DL-TC77-scaled.jpg\",\"width\":2560,\"height\":989},{\"@type\":\"BreadcrumbList\",\"@id\":\"https:\/\/delorenzoglobal.com\/fr\/produit\/voice-over-ip-voip\/#breadcrumb\",\"itemListElement\":[{\"@type\":\"ListItem\",\"position\":1,\"name\":\"Home\",\"item\":\"https:\/\/delorenzoglobal.com\/fr\/\"},{\"@type\":\"ListItem\",\"position\":2,\"name\":\"Boutique\",\"item\":\"https:\/\/delorenzoglobal.com\/fr\/boutique\/\"},{\"@type\":\"ListItem\",\"position\":3,\"name\":\"VOICE OVER IP (VoIP)\"}]},{\"@type\":\"WebSite\",\"@id\":\"https:\/\/delorenzoglobal.com\/fr\/#website\",\"url\":\"https:\/\/delorenzoglobal.com\/fr\/\",\"name\":\"De Lorenzo Training &amp; Didactical Equipment\",\"description\":\"\",\"potentialAction\":[{\"@type\":\"SearchAction\",\"target\":{\"@type\":\"EntryPoint\",\"urlTemplate\":\"https:\/\/delorenzoglobal.com\/fr\/?s={search_term_string}\"},\"query-input\":{\"@type\":\"PropertyValueSpecification\",\"valueRequired\":true,\"valueName\":\"search_term_string\"}}],\"inLanguage\":\"fr-FR\"}]}<\/script>\n<!-- \/ Yoast SEO plugin. -->","yoast_head_json":{"title":"VOICE OVER IP (VoIP) - De Lorenzo Training &amp; Didactical Equipment","robots":{"index":"index","follow":"follow","max-snippet":"max-snippet:-1","max-image-preview":"max-image-preview:large","max-video-preview":"max-video-preview:-1"},"canonical":"https:\/\/delorenzoglobal.com\/fr\/produit\/voice-over-ip-voip\/","og_locale":"fr_FR","og_type":"article","og_title":"VOICE OVER IP (VoIP) - De Lorenzo Training &amp; Didactical Equipment","og_description":"Formation d&rsquo;un technicien d&rsquo;installation et de maintenance des syst\u00e8mes de t\u00e9l\u00e9phonie IP capable de : conna\u00eetre les principes, les normes et les dispositifs normalement utilis\u00e9s dans la VoIP installer des syst\u00e8mes VoIP dans les r\u00e9seaux IP existants effectuer la maintenance, le d\u00e9pannage, les tests sur les syst\u00e8mes VoIP.","og_url":"https:\/\/delorenzoglobal.com\/fr\/produit\/voice-over-ip-voip\/","og_site_name":"De Lorenzo Training &amp; Didactical Equipment","article_modified_time":"2025-07-21T13:22:20+00:00","og_image":[{"width":2560,"height":989,"url":"https:\/\/delorenzoglobal.com\/wp-content\/uploads\/2024\/04\/DL-TC77-scaled.jpg","type":"image\/jpeg"}],"twitter_card":"summary_large_image","twitter_misc":{"Dur\u00e9e de lecture estim\u00e9e":"1 minute"},"schema":{"@context":"https:\/\/schema.org","@graph":[{"@type":"WebPage","@id":"https:\/\/delorenzoglobal.com\/fr\/produit\/voice-over-ip-voip\/","url":"https:\/\/delorenzoglobal.com\/fr\/produit\/voice-over-ip-voip\/","name":"VOICE OVER IP (VoIP) - De Lorenzo Training &amp; Didactical Equipment","isPartOf":{"@id":"https:\/\/delorenzoglobal.com\/fr\/#website"},"primaryImageOfPage":{"@id":"https:\/\/delorenzoglobal.com\/fr\/produit\/voice-over-ip-voip\/#primaryimage"},"image":{"@id":"https:\/\/delorenzoglobal.com\/fr\/produit\/voice-over-ip-voip\/#primaryimage"},"thumbnailUrl":"https:\/\/delorenzoglobal.com\/wp-content\/uploads\/2024\/04\/DL-TC77-scaled.jpg","datePublished":"2024-04-15T10:50:03+00:00","dateModified":"2025-07-21T13:22:20+00:00","breadcrumb":{"@id":"https:\/\/delorenzoglobal.com\/fr\/produit\/voice-over-ip-voip\/#breadcrumb"},"inLanguage":"fr-FR","potentialAction":[{"@type":"ReadAction","target":["https:\/\/delorenzoglobal.com\/fr\/produit\/voice-over-ip-voip\/"]}]},{"@type":"ImageObject","inLanguage":"fr-FR","@id":"https:\/\/delorenzoglobal.com\/fr\/produit\/voice-over-ip-voip\/#primaryimage","url":"https:\/\/delorenzoglobal.com\/wp-content\/uploads\/2024\/04\/DL-TC77-scaled.jpg","contentUrl":"https:\/\/delorenzoglobal.com\/wp-content\/uploads\/2024\/04\/DL-TC77-scaled.jpg","width":2560,"height":989},{"@type":"BreadcrumbList","@id":"https:\/\/delorenzoglobal.com\/fr\/produit\/voice-over-ip-voip\/#breadcrumb","itemListElement":[{"@type":"ListItem","position":1,"name":"Home","item":"https:\/\/delorenzoglobal.com\/fr\/"},{"@type":"ListItem","position":2,"name":"Boutique","item":"https:\/\/delorenzoglobal.com\/fr\/boutique\/"},{"@type":"ListItem","position":3,"name":"VOICE OVER IP (VoIP)"}]},{"@type":"WebSite","@id":"https:\/\/delorenzoglobal.com\/fr\/#website","url":"https:\/\/delorenzoglobal.com\/fr\/","name":"De Lorenzo Training &amp; Didactical Equipment","description":"","potentialAction":[{"@type":"SearchAction","target":{"@type":"EntryPoint","urlTemplate":"https:\/\/delorenzoglobal.com\/fr\/?s={search_term_string}"},"query-input":{"@type":"PropertyValueSpecification","valueRequired":true,"valueName":"search_term_string"}}],"inLanguage":"fr-FR"}]}},"_links":{"self":[{"href":"https:\/\/delorenzoglobal.com\/fr\/wp-json\/wp\/v2\/product\/6969","targetHints":{"allow":["GET"]}}],"collection":[{"href":"https:\/\/delorenzoglobal.com\/fr\/wp-json\/wp\/v2\/product"}],"about":[{"href":"https:\/\/delorenzoglobal.com\/fr\/wp-json\/wp\/v2\/types\/product"}],"wp:featuredmedia":[{"embeddable":true,"href":"https:\/\/delorenzoglobal.com\/fr\/wp-json\/wp\/v2\/media\/6962"}],"wp:attachment":[{"href":"https:\/\/delorenzoglobal.com\/fr\/wp-json\/wp\/v2\/media?parent=6969"}],"wp:term":[{"taxonomy":"product_brand","embeddable":true,"href":"https:\/\/delorenzoglobal.com\/fr\/wp-json\/wp\/v2\/product_brand?post=6969"},{"taxonomy":"product_cat","embeddable":true,"href":"https:\/\/delorenzoglobal.com\/fr\/wp-json\/wp\/v2\/product_cat?post=6969"},{"taxonomy":"product_tag","embeddable":true,"href":"https:\/\/delorenzoglobal.com\/fr\/wp-json\/wp\/v2\/product_tag?post=6969"}],"curies":[{"name":"wp","href":"https:\/\/api.w.org\/{rel}","templated":true}]}}