{"id":6944,"date":"2024-04-15T12:41:37","date_gmt":"2024-04-15T10:41:37","guid":{"rendered":"https:\/\/delorenzoglobal.com\/?post_type=product&#038;p=6944"},"modified":"2025-07-21T15:17:29","modified_gmt":"2025-07-21T13:17:29","slug":"wide-area-network-wan-e-internet","status":"publish","type":"product","link":"https:\/\/delorenzoglobal.com\/fr\/produit\/wide-area-network-wan-e-internet\/","title":{"rendered":"WIDE AREA NETWORK (WAN) E INTERNET"},"content":{"rendered":"<p>Formation d&rsquo;un ing\u00e9nieur pour l&rsquo;installation et la maintenance des R\u00e9seaux WAN et Internet, capable de :<\/p>\n<ul>\n<li>conna\u00eetre les principes, les normes et les dispositifs qui sont normalement utilis\u00e9s dans les WAN<\/li>\n<li>installer des WAN priv\u00e9s et des syst\u00e8mes d&rsquo;acc\u00e8s \u00e0 Internet<\/li>\n<li>programmation et configuration des dispositifs d&rsquo;acc\u00e8s aux WAN (routeurs)<\/li>\n<li>effectuer la maintenance, le d\u00e9pannage et les tests sur les WAN<\/li>\n<\/ul>\n","protected":false},"excerpt":{"rendered":"<p>Formation d&rsquo;un ing\u00e9nieur pour l&rsquo;installation et la maintenance des R\u00e9seaux WAN et Internet, capable de : conna\u00eetre les principes, les normes et les dispositifs qui sont normalement utilis\u00e9s dans les WAN installer des WAN priv\u00e9s et des syst\u00e8mes d&rsquo;acc\u00e8s \u00e0 Internet programmation et configuration des dispositifs d&rsquo;acc\u00e8s aux WAN (routeurs) effectuer la maintenance, le d\u00e9pannage [&hellip;]<\/p>\n","protected":false},"featured_media":6937,"template":"","meta":{"_acf_changed":false},"product_brand":[],"product_cat":[325],"product_tag":[],"class_list":{"0":"post-6944","1":"product","2":"type-product","3":"status-publish","4":"has-post-thumbnail","6":"product_cat-reseaux-de-donnees","8":"first","9":"instock","10":"shipping-taxable","11":"product-type-simple"},"acf":[],"yoast_head":"<!-- This site is optimized with the Yoast SEO plugin v27.0 - https:\/\/yoast.com\/product\/yoast-seo-wordpress\/ -->\n<title>WIDE AREA NETWORK (WAN) E INTERNET - De Lorenzo Training &amp; Didactical Equipment<\/title>\n<meta name=\"robots\" content=\"index, follow, max-snippet:-1, max-image-preview:large, max-video-preview:-1\" \/>\n<link rel=\"canonical\" href=\"https:\/\/delorenzoglobal.com\/fr\/produit\/wide-area-network-wan-e-internet\/\" \/>\n<meta property=\"og:locale\" content=\"fr_FR\" \/>\n<meta property=\"og:type\" content=\"article\" \/>\n<meta property=\"og:title\" content=\"WIDE AREA NETWORK (WAN) E INTERNET - De Lorenzo Training &amp; Didactical Equipment\" \/>\n<meta property=\"og:description\" content=\"Formation d&rsquo;un ing\u00e9nieur pour l&rsquo;installation et la maintenance des R\u00e9seaux WAN et Internet, capable de : conna\u00eetre les principes, les normes et les dispositifs qui sont normalement utilis\u00e9s dans les WAN installer des WAN priv\u00e9s et des syst\u00e8mes d&rsquo;acc\u00e8s \u00e0 Internet programmation et configuration des dispositifs d&rsquo;acc\u00e8s aux WAN (routeurs) effectuer la maintenance, le d\u00e9pannage [&hellip;]\" \/>\n<meta property=\"og:url\" content=\"https:\/\/delorenzoglobal.com\/fr\/produit\/wide-area-network-wan-e-internet\/\" \/>\n<meta property=\"og:site_name\" content=\"De Lorenzo Training &amp; Didactical Equipment\" \/>\n<meta property=\"article:modified_time\" content=\"2025-07-21T13:17:29+00:00\" \/>\n<meta property=\"og:image\" content=\"https:\/\/delorenzoglobal.com\/wp-content\/uploads\/2024\/04\/DL-TC75-scaled.jpg\" \/>\n\t<meta property=\"og:image:width\" content=\"2560\" \/>\n\t<meta property=\"og:image:height\" content=\"720\" \/>\n\t<meta property=\"og:image:type\" content=\"image\/jpeg\" \/>\n<meta name=\"twitter:card\" content=\"summary_large_image\" \/>\n<meta name=\"twitter:label1\" content=\"Dur\u00e9e de lecture estim\u00e9e\" \/>\n\t<meta name=\"twitter:data1\" content=\"1 minute\" \/>\n<script type=\"application\/ld+json\" class=\"yoast-schema-graph\">{\"@context\":\"https:\/\/schema.org\",\"@graph\":[{\"@type\":\"WebPage\",\"@id\":\"https:\/\/delorenzoglobal.com\/fr\/produit\/wide-area-network-wan-e-internet\/\",\"url\":\"https:\/\/delorenzoglobal.com\/fr\/produit\/wide-area-network-wan-e-internet\/\",\"name\":\"WIDE AREA NETWORK (WAN) E INTERNET - De Lorenzo Training &amp; Didactical Equipment\",\"isPartOf\":{\"@id\":\"https:\/\/delorenzoglobal.com\/fr\/#website\"},\"primaryImageOfPage\":{\"@id\":\"https:\/\/delorenzoglobal.com\/fr\/produit\/wide-area-network-wan-e-internet\/#primaryimage\"},\"image\":{\"@id\":\"https:\/\/delorenzoglobal.com\/fr\/produit\/wide-area-network-wan-e-internet\/#primaryimage\"},\"thumbnailUrl\":\"https:\/\/delorenzoglobal.com\/wp-content\/uploads\/2024\/04\/DL-TC75-scaled.jpg\",\"datePublished\":\"2024-04-15T10:41:37+00:00\",\"dateModified\":\"2025-07-21T13:17:29+00:00\",\"breadcrumb\":{\"@id\":\"https:\/\/delorenzoglobal.com\/fr\/produit\/wide-area-network-wan-e-internet\/#breadcrumb\"},\"inLanguage\":\"fr-FR\",\"potentialAction\":[{\"@type\":\"ReadAction\",\"target\":[\"https:\/\/delorenzoglobal.com\/fr\/produit\/wide-area-network-wan-e-internet\/\"]}]},{\"@type\":\"ImageObject\",\"inLanguage\":\"fr-FR\",\"@id\":\"https:\/\/delorenzoglobal.com\/fr\/produit\/wide-area-network-wan-e-internet\/#primaryimage\",\"url\":\"https:\/\/delorenzoglobal.com\/wp-content\/uploads\/2024\/04\/DL-TC75-scaled.jpg\",\"contentUrl\":\"https:\/\/delorenzoglobal.com\/wp-content\/uploads\/2024\/04\/DL-TC75-scaled.jpg\",\"width\":2560,\"height\":720},{\"@type\":\"BreadcrumbList\",\"@id\":\"https:\/\/delorenzoglobal.com\/fr\/produit\/wide-area-network-wan-e-internet\/#breadcrumb\",\"itemListElement\":[{\"@type\":\"ListItem\",\"position\":1,\"name\":\"Home\",\"item\":\"https:\/\/delorenzoglobal.com\/fr\/\"},{\"@type\":\"ListItem\",\"position\":2,\"name\":\"Boutique\",\"item\":\"https:\/\/delorenzoglobal.com\/fr\/boutique\/\"},{\"@type\":\"ListItem\",\"position\":3,\"name\":\"WIDE AREA NETWORK (WAN) E INTERNET\"}]},{\"@type\":\"WebSite\",\"@id\":\"https:\/\/delorenzoglobal.com\/fr\/#website\",\"url\":\"https:\/\/delorenzoglobal.com\/fr\/\",\"name\":\"De Lorenzo Training &amp; Didactical Equipment\",\"description\":\"\",\"potentialAction\":[{\"@type\":\"SearchAction\",\"target\":{\"@type\":\"EntryPoint\",\"urlTemplate\":\"https:\/\/delorenzoglobal.com\/fr\/?s={search_term_string}\"},\"query-input\":{\"@type\":\"PropertyValueSpecification\",\"valueRequired\":true,\"valueName\":\"search_term_string\"}}],\"inLanguage\":\"fr-FR\"}]}<\/script>\n<!-- \/ Yoast SEO plugin. -->","yoast_head_json":{"title":"WIDE AREA NETWORK (WAN) E INTERNET - De Lorenzo Training &amp; Didactical Equipment","robots":{"index":"index","follow":"follow","max-snippet":"max-snippet:-1","max-image-preview":"max-image-preview:large","max-video-preview":"max-video-preview:-1"},"canonical":"https:\/\/delorenzoglobal.com\/fr\/produit\/wide-area-network-wan-e-internet\/","og_locale":"fr_FR","og_type":"article","og_title":"WIDE AREA NETWORK (WAN) E INTERNET - De Lorenzo Training &amp; Didactical Equipment","og_description":"Formation d&rsquo;un ing\u00e9nieur pour l&rsquo;installation et la maintenance des R\u00e9seaux WAN et Internet, capable de : conna\u00eetre les principes, les normes et les dispositifs qui sont normalement utilis\u00e9s dans les WAN installer des WAN priv\u00e9s et des syst\u00e8mes d&rsquo;acc\u00e8s \u00e0 Internet programmation et configuration des dispositifs d&rsquo;acc\u00e8s aux WAN (routeurs) effectuer la maintenance, le d\u00e9pannage [&hellip;]","og_url":"https:\/\/delorenzoglobal.com\/fr\/produit\/wide-area-network-wan-e-internet\/","og_site_name":"De Lorenzo Training &amp; Didactical Equipment","article_modified_time":"2025-07-21T13:17:29+00:00","og_image":[{"width":2560,"height":720,"url":"https:\/\/delorenzoglobal.com\/wp-content\/uploads\/2024\/04\/DL-TC75-scaled.jpg","type":"image\/jpeg"}],"twitter_card":"summary_large_image","twitter_misc":{"Dur\u00e9e de lecture estim\u00e9e":"1 minute"},"schema":{"@context":"https:\/\/schema.org","@graph":[{"@type":"WebPage","@id":"https:\/\/delorenzoglobal.com\/fr\/produit\/wide-area-network-wan-e-internet\/","url":"https:\/\/delorenzoglobal.com\/fr\/produit\/wide-area-network-wan-e-internet\/","name":"WIDE AREA NETWORK (WAN) E INTERNET - De Lorenzo Training &amp; Didactical Equipment","isPartOf":{"@id":"https:\/\/delorenzoglobal.com\/fr\/#website"},"primaryImageOfPage":{"@id":"https:\/\/delorenzoglobal.com\/fr\/produit\/wide-area-network-wan-e-internet\/#primaryimage"},"image":{"@id":"https:\/\/delorenzoglobal.com\/fr\/produit\/wide-area-network-wan-e-internet\/#primaryimage"},"thumbnailUrl":"https:\/\/delorenzoglobal.com\/wp-content\/uploads\/2024\/04\/DL-TC75-scaled.jpg","datePublished":"2024-04-15T10:41:37+00:00","dateModified":"2025-07-21T13:17:29+00:00","breadcrumb":{"@id":"https:\/\/delorenzoglobal.com\/fr\/produit\/wide-area-network-wan-e-internet\/#breadcrumb"},"inLanguage":"fr-FR","potentialAction":[{"@type":"ReadAction","target":["https:\/\/delorenzoglobal.com\/fr\/produit\/wide-area-network-wan-e-internet\/"]}]},{"@type":"ImageObject","inLanguage":"fr-FR","@id":"https:\/\/delorenzoglobal.com\/fr\/produit\/wide-area-network-wan-e-internet\/#primaryimage","url":"https:\/\/delorenzoglobal.com\/wp-content\/uploads\/2024\/04\/DL-TC75-scaled.jpg","contentUrl":"https:\/\/delorenzoglobal.com\/wp-content\/uploads\/2024\/04\/DL-TC75-scaled.jpg","width":2560,"height":720},{"@type":"BreadcrumbList","@id":"https:\/\/delorenzoglobal.com\/fr\/produit\/wide-area-network-wan-e-internet\/#breadcrumb","itemListElement":[{"@type":"ListItem","position":1,"name":"Home","item":"https:\/\/delorenzoglobal.com\/fr\/"},{"@type":"ListItem","position":2,"name":"Boutique","item":"https:\/\/delorenzoglobal.com\/fr\/boutique\/"},{"@type":"ListItem","position":3,"name":"WIDE AREA NETWORK (WAN) E INTERNET"}]},{"@type":"WebSite","@id":"https:\/\/delorenzoglobal.com\/fr\/#website","url":"https:\/\/delorenzoglobal.com\/fr\/","name":"De Lorenzo Training &amp; Didactical Equipment","description":"","potentialAction":[{"@type":"SearchAction","target":{"@type":"EntryPoint","urlTemplate":"https:\/\/delorenzoglobal.com\/fr\/?s={search_term_string}"},"query-input":{"@type":"PropertyValueSpecification","valueRequired":true,"valueName":"search_term_string"}}],"inLanguage":"fr-FR"}]}},"_links":{"self":[{"href":"https:\/\/delorenzoglobal.com\/fr\/wp-json\/wp\/v2\/product\/6944","targetHints":{"allow":["GET"]}}],"collection":[{"href":"https:\/\/delorenzoglobal.com\/fr\/wp-json\/wp\/v2\/product"}],"about":[{"href":"https:\/\/delorenzoglobal.com\/fr\/wp-json\/wp\/v2\/types\/product"}],"wp:featuredmedia":[{"embeddable":true,"href":"https:\/\/delorenzoglobal.com\/fr\/wp-json\/wp\/v2\/media\/6937"}],"wp:attachment":[{"href":"https:\/\/delorenzoglobal.com\/fr\/wp-json\/wp\/v2\/media?parent=6944"}],"wp:term":[{"taxonomy":"product_brand","embeddable":true,"href":"https:\/\/delorenzoglobal.com\/fr\/wp-json\/wp\/v2\/product_brand?post=6944"},{"taxonomy":"product_cat","embeddable":true,"href":"https:\/\/delorenzoglobal.com\/fr\/wp-json\/wp\/v2\/product_cat?post=6944"},{"taxonomy":"product_tag","embeddable":true,"href":"https:\/\/delorenzoglobal.com\/fr\/wp-json\/wp\/v2\/product_tag?post=6944"}],"curies":[{"name":"wp","href":"https:\/\/api.w.org\/{rel}","templated":true}]}}