{"id":6914,"date":"2024-04-15T12:32:29","date_gmt":"2024-04-15T10:32:29","guid":{"rendered":"https:\/\/delorenzoglobal.com\/?post_type=product&#038;p=6914"},"modified":"2025-07-21T15:11:21","modified_gmt":"2025-07-21T13:11:21","slug":"local-area-network-lan-e-intranet","status":"publish","type":"product","link":"https:\/\/delorenzoglobal.com\/fr\/produit\/local-area-network-lan-e-intranet\/","title":{"rendered":"LOCAL AREA NETWORK (LAN) E INTRANET"},"content":{"rendered":"<p>Formation d\u2019un technicien installateur et entreteneur de R\u00e9seaux Locaux, en mesure de:<\/p>\n<ul>\n<li>conna\u00eetre les principes, les standards et les dispositifs normalement utilis\u00e9s dans les LAN<\/li>\n<li>installer LAN et Intranet en respectant les standards de c\u00e2blage<\/li>\n<li>installer les protocoles et pr\u00e9disposer les configurations sur les micros de r\u00e9seau<\/li>\n<li>effectuer la maintenance, la recherche des pannes, les test sur les LAN<\/li>\n<\/ul>\n","protected":false},"excerpt":{"rendered":"<p>Formation d\u2019un technicien installateur et entreteneur de R\u00e9seaux Locaux, en mesure de: conna\u00eetre les principes, les standards et les dispositifs normalement utilis\u00e9s dans les LAN installer LAN et Intranet en respectant les standards de c\u00e2blage installer les protocoles et pr\u00e9disposer les configurations sur les micros de r\u00e9seau effectuer la maintenance, la recherche des pannes, les [&hellip;]<\/p>\n","protected":false},"featured_media":6907,"template":"","meta":{"_acf_changed":false},"product_brand":[],"product_cat":[325],"product_tag":[],"class_list":{"0":"post-6914","1":"product","2":"type-product","3":"status-publish","4":"has-post-thumbnail","6":"product_cat-reseaux-de-donnees","8":"first","9":"instock","10":"shipping-taxable","11":"product-type-simple"},"acf":[],"yoast_head":"<!-- This site is optimized with the Yoast SEO plugin v27.0 - https:\/\/yoast.com\/product\/yoast-seo-wordpress\/ -->\n<title>LOCAL AREA NETWORK (LAN) E INTRANET - De Lorenzo Training &amp; Didactical Equipment<\/title>\n<meta name=\"robots\" content=\"index, follow, max-snippet:-1, max-image-preview:large, max-video-preview:-1\" \/>\n<link rel=\"canonical\" href=\"https:\/\/delorenzoglobal.com\/fr\/produit\/local-area-network-lan-e-intranet\/\" \/>\n<meta property=\"og:locale\" content=\"fr_FR\" \/>\n<meta property=\"og:type\" content=\"article\" \/>\n<meta property=\"og:title\" content=\"LOCAL AREA NETWORK (LAN) E INTRANET - De Lorenzo Training &amp; Didactical Equipment\" \/>\n<meta property=\"og:description\" content=\"Formation d\u2019un technicien installateur et entreteneur de R\u00e9seaux Locaux, en mesure de: conna\u00eetre les principes, les standards et les dispositifs normalement utilis\u00e9s dans les LAN installer LAN et Intranet en respectant les standards de c\u00e2blage installer les protocoles et pr\u00e9disposer les configurations sur les micros de r\u00e9seau effectuer la maintenance, la recherche des pannes, les [&hellip;]\" \/>\n<meta property=\"og:url\" content=\"https:\/\/delorenzoglobal.com\/fr\/produit\/local-area-network-lan-e-intranet\/\" \/>\n<meta property=\"og:site_name\" content=\"De Lorenzo Training &amp; Didactical Equipment\" \/>\n<meta property=\"article:modified_time\" content=\"2025-07-21T13:11:21+00:00\" \/>\n<meta property=\"og:image\" content=\"https:\/\/delorenzoglobal.com\/wp-content\/uploads\/2024\/04\/DL-TC74.png\" \/>\n\t<meta property=\"og:image:width\" content=\"995\" \/>\n\t<meta property=\"og:image:height\" content=\"414\" \/>\n\t<meta property=\"og:image:type\" content=\"image\/png\" \/>\n<meta name=\"twitter:card\" content=\"summary_large_image\" \/>\n<meta name=\"twitter:label1\" content=\"Dur\u00e9e de lecture estim\u00e9e\" \/>\n\t<meta name=\"twitter:data1\" content=\"1 minute\" \/>\n<script type=\"application\/ld+json\" class=\"yoast-schema-graph\">{\"@context\":\"https:\/\/schema.org\",\"@graph\":[{\"@type\":\"WebPage\",\"@id\":\"https:\/\/delorenzoglobal.com\/fr\/produit\/local-area-network-lan-e-intranet\/\",\"url\":\"https:\/\/delorenzoglobal.com\/fr\/produit\/local-area-network-lan-e-intranet\/\",\"name\":\"LOCAL AREA NETWORK (LAN) E INTRANET - De Lorenzo Training &amp; Didactical Equipment\",\"isPartOf\":{\"@id\":\"https:\/\/delorenzoglobal.com\/fr\/#website\"},\"primaryImageOfPage\":{\"@id\":\"https:\/\/delorenzoglobal.com\/fr\/produit\/local-area-network-lan-e-intranet\/#primaryimage\"},\"image\":{\"@id\":\"https:\/\/delorenzoglobal.com\/fr\/produit\/local-area-network-lan-e-intranet\/#primaryimage\"},\"thumbnailUrl\":\"https:\/\/delorenzoglobal.com\/wp-content\/uploads\/2024\/04\/DL-TC74.png\",\"datePublished\":\"2024-04-15T10:32:29+00:00\",\"dateModified\":\"2025-07-21T13:11:21+00:00\",\"breadcrumb\":{\"@id\":\"https:\/\/delorenzoglobal.com\/fr\/produit\/local-area-network-lan-e-intranet\/#breadcrumb\"},\"inLanguage\":\"fr-FR\",\"potentialAction\":[{\"@type\":\"ReadAction\",\"target\":[\"https:\/\/delorenzoglobal.com\/fr\/produit\/local-area-network-lan-e-intranet\/\"]}]},{\"@type\":\"ImageObject\",\"inLanguage\":\"fr-FR\",\"@id\":\"https:\/\/delorenzoglobal.com\/fr\/produit\/local-area-network-lan-e-intranet\/#primaryimage\",\"url\":\"https:\/\/delorenzoglobal.com\/wp-content\/uploads\/2024\/04\/DL-TC74.png\",\"contentUrl\":\"https:\/\/delorenzoglobal.com\/wp-content\/uploads\/2024\/04\/DL-TC74.png\",\"width\":995,\"height\":414},{\"@type\":\"BreadcrumbList\",\"@id\":\"https:\/\/delorenzoglobal.com\/fr\/produit\/local-area-network-lan-e-intranet\/#breadcrumb\",\"itemListElement\":[{\"@type\":\"ListItem\",\"position\":1,\"name\":\"Home\",\"item\":\"https:\/\/delorenzoglobal.com\/fr\/\"},{\"@type\":\"ListItem\",\"position\":2,\"name\":\"Boutique\",\"item\":\"https:\/\/delorenzoglobal.com\/fr\/boutique\/\"},{\"@type\":\"ListItem\",\"position\":3,\"name\":\"LOCAL AREA NETWORK (LAN) E INTRANET\"}]},{\"@type\":\"WebSite\",\"@id\":\"https:\/\/delorenzoglobal.com\/fr\/#website\",\"url\":\"https:\/\/delorenzoglobal.com\/fr\/\",\"name\":\"De Lorenzo Training &amp; Didactical Equipment\",\"description\":\"\",\"potentialAction\":[{\"@type\":\"SearchAction\",\"target\":{\"@type\":\"EntryPoint\",\"urlTemplate\":\"https:\/\/delorenzoglobal.com\/fr\/?s={search_term_string}\"},\"query-input\":{\"@type\":\"PropertyValueSpecification\",\"valueRequired\":true,\"valueName\":\"search_term_string\"}}],\"inLanguage\":\"fr-FR\"}]}<\/script>\n<!-- \/ Yoast SEO plugin. -->","yoast_head_json":{"title":"LOCAL AREA NETWORK (LAN) E INTRANET - De Lorenzo Training &amp; Didactical Equipment","robots":{"index":"index","follow":"follow","max-snippet":"max-snippet:-1","max-image-preview":"max-image-preview:large","max-video-preview":"max-video-preview:-1"},"canonical":"https:\/\/delorenzoglobal.com\/fr\/produit\/local-area-network-lan-e-intranet\/","og_locale":"fr_FR","og_type":"article","og_title":"LOCAL AREA NETWORK (LAN) E INTRANET - De Lorenzo Training &amp; Didactical Equipment","og_description":"Formation d\u2019un technicien installateur et entreteneur de R\u00e9seaux Locaux, en mesure de: conna\u00eetre les principes, les standards et les dispositifs normalement utilis\u00e9s dans les LAN installer LAN et Intranet en respectant les standards de c\u00e2blage installer les protocoles et pr\u00e9disposer les configurations sur les micros de r\u00e9seau effectuer la maintenance, la recherche des pannes, les [&hellip;]","og_url":"https:\/\/delorenzoglobal.com\/fr\/produit\/local-area-network-lan-e-intranet\/","og_site_name":"De Lorenzo Training &amp; Didactical Equipment","article_modified_time":"2025-07-21T13:11:21+00:00","og_image":[{"width":995,"height":414,"url":"https:\/\/delorenzoglobal.com\/wp-content\/uploads\/2024\/04\/DL-TC74.png","type":"image\/png"}],"twitter_card":"summary_large_image","twitter_misc":{"Dur\u00e9e de lecture estim\u00e9e":"1 minute"},"schema":{"@context":"https:\/\/schema.org","@graph":[{"@type":"WebPage","@id":"https:\/\/delorenzoglobal.com\/fr\/produit\/local-area-network-lan-e-intranet\/","url":"https:\/\/delorenzoglobal.com\/fr\/produit\/local-area-network-lan-e-intranet\/","name":"LOCAL AREA NETWORK (LAN) E INTRANET - De Lorenzo Training &amp; Didactical Equipment","isPartOf":{"@id":"https:\/\/delorenzoglobal.com\/fr\/#website"},"primaryImageOfPage":{"@id":"https:\/\/delorenzoglobal.com\/fr\/produit\/local-area-network-lan-e-intranet\/#primaryimage"},"image":{"@id":"https:\/\/delorenzoglobal.com\/fr\/produit\/local-area-network-lan-e-intranet\/#primaryimage"},"thumbnailUrl":"https:\/\/delorenzoglobal.com\/wp-content\/uploads\/2024\/04\/DL-TC74.png","datePublished":"2024-04-15T10:32:29+00:00","dateModified":"2025-07-21T13:11:21+00:00","breadcrumb":{"@id":"https:\/\/delorenzoglobal.com\/fr\/produit\/local-area-network-lan-e-intranet\/#breadcrumb"},"inLanguage":"fr-FR","potentialAction":[{"@type":"ReadAction","target":["https:\/\/delorenzoglobal.com\/fr\/produit\/local-area-network-lan-e-intranet\/"]}]},{"@type":"ImageObject","inLanguage":"fr-FR","@id":"https:\/\/delorenzoglobal.com\/fr\/produit\/local-area-network-lan-e-intranet\/#primaryimage","url":"https:\/\/delorenzoglobal.com\/wp-content\/uploads\/2024\/04\/DL-TC74.png","contentUrl":"https:\/\/delorenzoglobal.com\/wp-content\/uploads\/2024\/04\/DL-TC74.png","width":995,"height":414},{"@type":"BreadcrumbList","@id":"https:\/\/delorenzoglobal.com\/fr\/produit\/local-area-network-lan-e-intranet\/#breadcrumb","itemListElement":[{"@type":"ListItem","position":1,"name":"Home","item":"https:\/\/delorenzoglobal.com\/fr\/"},{"@type":"ListItem","position":2,"name":"Boutique","item":"https:\/\/delorenzoglobal.com\/fr\/boutique\/"},{"@type":"ListItem","position":3,"name":"LOCAL AREA NETWORK (LAN) E INTRANET"}]},{"@type":"WebSite","@id":"https:\/\/delorenzoglobal.com\/fr\/#website","url":"https:\/\/delorenzoglobal.com\/fr\/","name":"De Lorenzo Training &amp; Didactical Equipment","description":"","potentialAction":[{"@type":"SearchAction","target":{"@type":"EntryPoint","urlTemplate":"https:\/\/delorenzoglobal.com\/fr\/?s={search_term_string}"},"query-input":{"@type":"PropertyValueSpecification","valueRequired":true,"valueName":"search_term_string"}}],"inLanguage":"fr-FR"}]}},"_links":{"self":[{"href":"https:\/\/delorenzoglobal.com\/fr\/wp-json\/wp\/v2\/product\/6914","targetHints":{"allow":["GET"]}}],"collection":[{"href":"https:\/\/delorenzoglobal.com\/fr\/wp-json\/wp\/v2\/product"}],"about":[{"href":"https:\/\/delorenzoglobal.com\/fr\/wp-json\/wp\/v2\/types\/product"}],"wp:featuredmedia":[{"embeddable":true,"href":"https:\/\/delorenzoglobal.com\/fr\/wp-json\/wp\/v2\/media\/6907"}],"wp:attachment":[{"href":"https:\/\/delorenzoglobal.com\/fr\/wp-json\/wp\/v2\/media?parent=6914"}],"wp:term":[{"taxonomy":"product_brand","embeddable":true,"href":"https:\/\/delorenzoglobal.com\/fr\/wp-json\/wp\/v2\/product_brand?post=6914"},{"taxonomy":"product_cat","embeddable":true,"href":"https:\/\/delorenzoglobal.com\/fr\/wp-json\/wp\/v2\/product_cat?post=6914"},{"taxonomy":"product_tag","embeddable":true,"href":"https:\/\/delorenzoglobal.com\/fr\/wp-json\/wp\/v2\/product_tag?post=6914"}],"curies":[{"name":"wp","href":"https:\/\/api.w.org\/{rel}","templated":true}]}}