{"id":691,"date":"2024-04-08T14:54:59","date_gmt":"2024-04-08T12:54:59","guid":{"rendered":"https:\/\/delorenzoglobal.com\/?post_type=product&#038;p=691"},"modified":"2026-03-30T12:52:46","modified_gmt":"2026-03-30T10:52:46","slug":"automate-programable-industriel-10-in-8-out","status":"publish","type":"product","link":"https:\/\/delorenzoglobal.com\/fr\/produit\/automate-programable-industriel-10-in-8-out\/","title":{"rendered":"AUTOMATE PROGRAMABLE INDUSTRIEL &#8211; 10 IN\/8 OUT"},"content":{"rendered":"<p>Le DL 2110ATN est un automate programmable qui allie hautes performances et facilit\u00e9 d&rsquo;utilisation pour ceux qui entrent pour la premi\u00e8re fois dans le monde des automates.<\/p>\n<p>Il permet de contr\u00f4ler les machines et les installations en utilisant la logique s\u00e9quentielle qui remplace les panneaux \u00e9lectrom\u00e9caniques traditionnels, en \u00e9conomisant les relais, les minuteries et les compteurs.<\/p>\n<p>&nbsp;<\/p>\n","protected":false},"excerpt":{"rendered":"<p>Le DL 2110ATN est un automate programmable qui allie hautes performances et facilit\u00e9 d&rsquo;utilisation pour ceux qui entrent pour la premi\u00e8re fois dans le monde des automates. Il permet de contr\u00f4ler les machines et les installations en utilisant la logique s\u00e9quentielle qui remplace les panneaux \u00e9lectrom\u00e9caniques traditionnels, en \u00e9conomisant les relais, les minuteries et les [&hellip;]<\/p>\n","protected":false},"featured_media":69907,"template":"","meta":{"_acf_changed":false},"product_brand":[],"product_cat":[165],"product_tag":[],"class_list":{"0":"post-691","1":"product","2":"type-product","3":"status-publish","4":"has-post-thumbnail","6":"product_cat-plc-fr","8":"first","9":"instock","10":"shipping-taxable","11":"product-type-simple"},"acf":[],"yoast_head":"<!-- This site is optimized with the Yoast SEO plugin v27.0 - https:\/\/yoast.com\/product\/yoast-seo-wordpress\/ -->\n<title>AUTOMATE PROGRAMABLE INDUSTRIEL - 10 IN\/8 OUT - De Lorenzo Training &amp; Didactical Equipment<\/title>\n<meta name=\"description\" content=\"DL 2110ATN est un contr\u00f4leur programmable qui permet de contr\u00f4ler des machines et des installations \u00e0 l\u2019aide de la logique s\u00e9quentielle.\" \/>\n<meta name=\"robots\" content=\"index, follow, max-snippet:-1, max-image-preview:large, max-video-preview:-1\" \/>\n<link rel=\"canonical\" href=\"https:\/\/delorenzoglobal.com\/fr\/produit\/automate-programable-industriel-10-in-8-out\/\" \/>\n<meta property=\"og:locale\" content=\"fr_FR\" \/>\n<meta property=\"og:type\" content=\"article\" \/>\n<meta property=\"og:title\" content=\"AUTOMATE PROGRAMABLE INDUSTRIEL - 10 IN\/8 OUT - De Lorenzo Training &amp; Didactical Equipment\" \/>\n<meta property=\"og:description\" content=\"DL 2110ATN est un contr\u00f4leur programmable qui permet de contr\u00f4ler des machines et des installations \u00e0 l\u2019aide de la logique s\u00e9quentielle.\" \/>\n<meta property=\"og:url\" content=\"https:\/\/delorenzoglobal.com\/fr\/produit\/automate-programable-industriel-10-in-8-out\/\" \/>\n<meta property=\"og:site_name\" content=\"De Lorenzo Training &amp; Didactical Equipment\" \/>\n<meta property=\"article:modified_time\" content=\"2026-03-30T10:52:46+00:00\" \/>\n<meta property=\"og:image\" content=\"https:\/\/delorenzoglobal.com\/wp-content\/uploads\/2024\/04\/DL-2110ATN-scaled.jpg\" \/>\n\t<meta property=\"og:image:width\" content=\"2560\" \/>\n\t<meta property=\"og:image:height\" content=\"2133\" \/>\n\t<meta property=\"og:image:type\" content=\"image\/jpeg\" \/>\n<meta name=\"twitter:card\" content=\"summary_large_image\" \/>\n<meta name=\"twitter:label1\" content=\"Dur\u00e9e de lecture estim\u00e9e\" \/>\n\t<meta name=\"twitter:data1\" content=\"1 minute\" \/>\n<script type=\"application\/ld+json\" class=\"yoast-schema-graph\">{\"@context\":\"https:\/\/schema.org\",\"@graph\":[{\"@type\":\"WebPage\",\"@id\":\"https:\/\/delorenzoglobal.com\/fr\/produit\/automate-programable-industriel-10-in-8-out\/\",\"url\":\"https:\/\/delorenzoglobal.com\/fr\/produit\/automate-programable-industriel-10-in-8-out\/\",\"name\":\"AUTOMATE PROGRAMABLE INDUSTRIEL - 10 IN\/8 OUT - De Lorenzo Training &amp; Didactical Equipment\",\"isPartOf\":{\"@id\":\"https:\/\/delorenzoglobal.com\/fr\/#website\"},\"primaryImageOfPage\":{\"@id\":\"https:\/\/delorenzoglobal.com\/fr\/produit\/automate-programable-industriel-10-in-8-out\/#primaryimage\"},\"image\":{\"@id\":\"https:\/\/delorenzoglobal.com\/fr\/produit\/automate-programable-industriel-10-in-8-out\/#primaryimage\"},\"thumbnailUrl\":\"https:\/\/delorenzoglobal.com\/wp-content\/uploads\/2024\/04\/DL-2110ATN-scaled.jpg\",\"datePublished\":\"2024-04-08T12:54:59+00:00\",\"dateModified\":\"2026-03-30T10:52:46+00:00\",\"description\":\"DL 2110ATN est un contr\u00f4leur programmable qui permet de contr\u00f4ler des machines et des installations \u00e0 l\u2019aide de la logique s\u00e9quentielle.\",\"breadcrumb\":{\"@id\":\"https:\/\/delorenzoglobal.com\/fr\/produit\/automate-programable-industriel-10-in-8-out\/#breadcrumb\"},\"inLanguage\":\"fr-FR\",\"potentialAction\":[{\"@type\":\"ReadAction\",\"target\":[\"https:\/\/delorenzoglobal.com\/fr\/produit\/automate-programable-industriel-10-in-8-out\/\"]}]},{\"@type\":\"ImageObject\",\"inLanguage\":\"fr-FR\",\"@id\":\"https:\/\/delorenzoglobal.com\/fr\/produit\/automate-programable-industriel-10-in-8-out\/#primaryimage\",\"url\":\"https:\/\/delorenzoglobal.com\/wp-content\/uploads\/2024\/04\/DL-2110ATN-scaled.jpg\",\"contentUrl\":\"https:\/\/delorenzoglobal.com\/wp-content\/uploads\/2024\/04\/DL-2110ATN-scaled.jpg\",\"width\":2560,\"height\":2133},{\"@type\":\"BreadcrumbList\",\"@id\":\"https:\/\/delorenzoglobal.com\/fr\/produit\/automate-programable-industriel-10-in-8-out\/#breadcrumb\",\"itemListElement\":[{\"@type\":\"ListItem\",\"position\":1,\"name\":\"Home\",\"item\":\"https:\/\/delorenzoglobal.com\/fr\/\"},{\"@type\":\"ListItem\",\"position\":2,\"name\":\"Boutique\",\"item\":\"https:\/\/delorenzoglobal.com\/fr\/boutique\/\"},{\"@type\":\"ListItem\",\"position\":3,\"name\":\"AUTOMATE PROGRAMABLE INDUSTRIEL &#8211; 10 IN\/8 OUT\"}]},{\"@type\":\"WebSite\",\"@id\":\"https:\/\/delorenzoglobal.com\/fr\/#website\",\"url\":\"https:\/\/delorenzoglobal.com\/fr\/\",\"name\":\"De Lorenzo Training &amp; Didactical Equipment\",\"description\":\"\",\"potentialAction\":[{\"@type\":\"SearchAction\",\"target\":{\"@type\":\"EntryPoint\",\"urlTemplate\":\"https:\/\/delorenzoglobal.com\/fr\/?s={search_term_string}\"},\"query-input\":{\"@type\":\"PropertyValueSpecification\",\"valueRequired\":true,\"valueName\":\"search_term_string\"}}],\"inLanguage\":\"fr-FR\"}]}<\/script>\n<!-- \/ Yoast SEO plugin. -->","yoast_head_json":{"title":"AUTOMATE PROGRAMABLE INDUSTRIEL - 10 IN\/8 OUT - De Lorenzo Training &amp; Didactical Equipment","description":"DL 2110ATN est un contr\u00f4leur programmable qui permet de contr\u00f4ler des machines et des installations \u00e0 l\u2019aide de la logique s\u00e9quentielle.","robots":{"index":"index","follow":"follow","max-snippet":"max-snippet:-1","max-image-preview":"max-image-preview:large","max-video-preview":"max-video-preview:-1"},"canonical":"https:\/\/delorenzoglobal.com\/fr\/produit\/automate-programable-industriel-10-in-8-out\/","og_locale":"fr_FR","og_type":"article","og_title":"AUTOMATE PROGRAMABLE INDUSTRIEL - 10 IN\/8 OUT - De Lorenzo Training &amp; Didactical Equipment","og_description":"DL 2110ATN est un contr\u00f4leur programmable qui permet de contr\u00f4ler des machines et des installations \u00e0 l\u2019aide de la logique s\u00e9quentielle.","og_url":"https:\/\/delorenzoglobal.com\/fr\/produit\/automate-programable-industriel-10-in-8-out\/","og_site_name":"De Lorenzo Training &amp; Didactical Equipment","article_modified_time":"2026-03-30T10:52:46+00:00","og_image":[{"width":2560,"height":2133,"url":"https:\/\/delorenzoglobal.com\/wp-content\/uploads\/2024\/04\/DL-2110ATN-scaled.jpg","type":"image\/jpeg"}],"twitter_card":"summary_large_image","twitter_misc":{"Dur\u00e9e de lecture estim\u00e9e":"1 minute"},"schema":{"@context":"https:\/\/schema.org","@graph":[{"@type":"WebPage","@id":"https:\/\/delorenzoglobal.com\/fr\/produit\/automate-programable-industriel-10-in-8-out\/","url":"https:\/\/delorenzoglobal.com\/fr\/produit\/automate-programable-industriel-10-in-8-out\/","name":"AUTOMATE PROGRAMABLE INDUSTRIEL - 10 IN\/8 OUT - De Lorenzo Training &amp; Didactical Equipment","isPartOf":{"@id":"https:\/\/delorenzoglobal.com\/fr\/#website"},"primaryImageOfPage":{"@id":"https:\/\/delorenzoglobal.com\/fr\/produit\/automate-programable-industriel-10-in-8-out\/#primaryimage"},"image":{"@id":"https:\/\/delorenzoglobal.com\/fr\/produit\/automate-programable-industriel-10-in-8-out\/#primaryimage"},"thumbnailUrl":"https:\/\/delorenzoglobal.com\/wp-content\/uploads\/2024\/04\/DL-2110ATN-scaled.jpg","datePublished":"2024-04-08T12:54:59+00:00","dateModified":"2026-03-30T10:52:46+00:00","description":"DL 2110ATN est un contr\u00f4leur programmable qui permet de contr\u00f4ler des machines et des installations \u00e0 l\u2019aide de la logique s\u00e9quentielle.","breadcrumb":{"@id":"https:\/\/delorenzoglobal.com\/fr\/produit\/automate-programable-industriel-10-in-8-out\/#breadcrumb"},"inLanguage":"fr-FR","potentialAction":[{"@type":"ReadAction","target":["https:\/\/delorenzoglobal.com\/fr\/produit\/automate-programable-industriel-10-in-8-out\/"]}]},{"@type":"ImageObject","inLanguage":"fr-FR","@id":"https:\/\/delorenzoglobal.com\/fr\/produit\/automate-programable-industriel-10-in-8-out\/#primaryimage","url":"https:\/\/delorenzoglobal.com\/wp-content\/uploads\/2024\/04\/DL-2110ATN-scaled.jpg","contentUrl":"https:\/\/delorenzoglobal.com\/wp-content\/uploads\/2024\/04\/DL-2110ATN-scaled.jpg","width":2560,"height":2133},{"@type":"BreadcrumbList","@id":"https:\/\/delorenzoglobal.com\/fr\/produit\/automate-programable-industriel-10-in-8-out\/#breadcrumb","itemListElement":[{"@type":"ListItem","position":1,"name":"Home","item":"https:\/\/delorenzoglobal.com\/fr\/"},{"@type":"ListItem","position":2,"name":"Boutique","item":"https:\/\/delorenzoglobal.com\/fr\/boutique\/"},{"@type":"ListItem","position":3,"name":"AUTOMATE PROGRAMABLE INDUSTRIEL &#8211; 10 IN\/8 OUT"}]},{"@type":"WebSite","@id":"https:\/\/delorenzoglobal.com\/fr\/#website","url":"https:\/\/delorenzoglobal.com\/fr\/","name":"De Lorenzo Training &amp; Didactical Equipment","description":"","potentialAction":[{"@type":"SearchAction","target":{"@type":"EntryPoint","urlTemplate":"https:\/\/delorenzoglobal.com\/fr\/?s={search_term_string}"},"query-input":{"@type":"PropertyValueSpecification","valueRequired":true,"valueName":"search_term_string"}}],"inLanguage":"fr-FR"}]}},"_links":{"self":[{"href":"https:\/\/delorenzoglobal.com\/fr\/wp-json\/wp\/v2\/product\/691","targetHints":{"allow":["GET"]}}],"collection":[{"href":"https:\/\/delorenzoglobal.com\/fr\/wp-json\/wp\/v2\/product"}],"about":[{"href":"https:\/\/delorenzoglobal.com\/fr\/wp-json\/wp\/v2\/types\/product"}],"wp:featuredmedia":[{"embeddable":true,"href":"https:\/\/delorenzoglobal.com\/fr\/wp-json\/wp\/v2\/media\/69907"}],"wp:attachment":[{"href":"https:\/\/delorenzoglobal.com\/fr\/wp-json\/wp\/v2\/media?parent=691"}],"wp:term":[{"taxonomy":"product_brand","embeddable":true,"href":"https:\/\/delorenzoglobal.com\/fr\/wp-json\/wp\/v2\/product_brand?post=691"},{"taxonomy":"product_cat","embeddable":true,"href":"https:\/\/delorenzoglobal.com\/fr\/wp-json\/wp\/v2\/product_cat?post=691"},{"taxonomy":"product_tag","embeddable":true,"href":"https:\/\/delorenzoglobal.com\/fr\/wp-json\/wp\/v2\/product_tag?post=691"}],"curies":[{"name":"wp","href":"https:\/\/api.w.org\/{rel}","templated":true}]}}