{"id":6889,"date":"2024-04-15T12:24:48","date_gmt":"2024-04-15T10:24:48","guid":{"rendered":"https:\/\/delorenzoglobal.com\/?post_type=product&#038;p=6889"},"modified":"2025-07-21T15:09:58","modified_gmt":"2025-07-21T13:09:58","slug":"protocoles-de-communication-hdlc-sdlc-x-25-relais-de-cadre-atm","status":"publish","type":"product","link":"https:\/\/delorenzoglobal.com\/fr\/produit\/protocoles-de-communication-hdlc-sdlc-x-25-relais-de-cadre-atm\/","title":{"rendered":"PROTOCOLES DE COMMUNICATION : HDLC, SDLC, X.25, RELAIS DE CADRE, ATM"},"content":{"rendered":"<p>Formation de base d\u2019un technicien installateur et entreteneur de syst\u00e8mes de T\u00e9l\u00e9communications Num\u00e9riques et de Internetworking.<\/p>\n<p>Ce paquet fournit le \u00abbackground \u00bb pour l\u2019\u00e9tude suivant du r\u00e9seau ISDN, des Wide Area Networks et Internet.<\/p>\n","protected":false},"excerpt":{"rendered":"<p>Formation de base d\u2019un technicien installateur et entreteneur de syst\u00e8mes de T\u00e9l\u00e9communications Num\u00e9riques et de Internetworking. Ce paquet fournit le \u00abbackground \u00bb pour l\u2019\u00e9tude suivant du r\u00e9seau ISDN, des Wide Area Networks et Internet.<\/p>\n","protected":false},"featured_media":6878,"template":"","meta":{"_acf_changed":false},"product_brand":[],"product_cat":[325],"product_tag":[],"class_list":{"0":"post-6889","1":"product","2":"type-product","3":"status-publish","4":"has-post-thumbnail","6":"product_cat-reseaux-de-donnees","8":"first","9":"instock","10":"shipping-taxable","11":"product-type-simple"},"acf":[],"yoast_head":"<!-- This site is optimized with the Yoast SEO plugin v27.0 - https:\/\/yoast.com\/product\/yoast-seo-wordpress\/ -->\n<title>PROTOCOLES DE COMMUNICATION : HDLC, SDLC, X.25, RELAIS DE CADRE, ATM - De Lorenzo Training &amp; Didactical Equipment<\/title>\n<meta name=\"robots\" content=\"index, follow, max-snippet:-1, max-image-preview:large, max-video-preview:-1\" \/>\n<link rel=\"canonical\" href=\"https:\/\/delorenzoglobal.com\/fr\/produit\/protocoles-de-communication-hdlc-sdlc-x-25-relais-de-cadre-atm\/\" \/>\n<meta property=\"og:locale\" content=\"fr_FR\" \/>\n<meta property=\"og:type\" content=\"article\" \/>\n<meta property=\"og:title\" content=\"PROTOCOLES DE COMMUNICATION : HDLC, SDLC, X.25, RELAIS DE CADRE, ATM - De Lorenzo Training &amp; Didactical Equipment\" \/>\n<meta property=\"og:description\" content=\"Formation de base d\u2019un technicien installateur et entreteneur de syst\u00e8mes de T\u00e9l\u00e9communications Num\u00e9riques et de Internetworking. Ce paquet fournit le \u00abbackground \u00bb pour l\u2019\u00e9tude suivant du r\u00e9seau ISDN, des Wide Area Networks et Internet.\" \/>\n<meta property=\"og:url\" content=\"https:\/\/delorenzoglobal.com\/fr\/produit\/protocoles-de-communication-hdlc-sdlc-x-25-relais-de-cadre-atm\/\" \/>\n<meta property=\"og:site_name\" content=\"De Lorenzo Training &amp; Didactical Equipment\" \/>\n<meta property=\"article:modified_time\" content=\"2025-07-21T13:09:58+00:00\" \/>\n<meta property=\"og:image\" content=\"https:\/\/delorenzoglobal.com\/wp-content\/uploads\/2024\/04\/DL-TC72-scaled.jpg\" \/>\n\t<meta property=\"og:image:width\" content=\"2560\" \/>\n\t<meta property=\"og:image:height\" content=\"853\" \/>\n\t<meta property=\"og:image:type\" content=\"image\/jpeg\" \/>\n<meta name=\"twitter:card\" content=\"summary_large_image\" \/>\n<meta name=\"twitter:label1\" content=\"Dur\u00e9e de lecture estim\u00e9e\" \/>\n\t<meta name=\"twitter:data1\" content=\"1 minute\" \/>\n<script type=\"application\/ld+json\" class=\"yoast-schema-graph\">{\"@context\":\"https:\/\/schema.org\",\"@graph\":[{\"@type\":\"WebPage\",\"@id\":\"https:\/\/delorenzoglobal.com\/fr\/produit\/protocoles-de-communication-hdlc-sdlc-x-25-relais-de-cadre-atm\/\",\"url\":\"https:\/\/delorenzoglobal.com\/fr\/produit\/protocoles-de-communication-hdlc-sdlc-x-25-relais-de-cadre-atm\/\",\"name\":\"PROTOCOLES DE COMMUNICATION : HDLC, SDLC, X.25, RELAIS DE CADRE, ATM - De Lorenzo Training &amp; Didactical Equipment\",\"isPartOf\":{\"@id\":\"https:\/\/delorenzoglobal.com\/fr\/#website\"},\"primaryImageOfPage\":{\"@id\":\"https:\/\/delorenzoglobal.com\/fr\/produit\/protocoles-de-communication-hdlc-sdlc-x-25-relais-de-cadre-atm\/#primaryimage\"},\"image\":{\"@id\":\"https:\/\/delorenzoglobal.com\/fr\/produit\/protocoles-de-communication-hdlc-sdlc-x-25-relais-de-cadre-atm\/#primaryimage\"},\"thumbnailUrl\":\"https:\/\/delorenzoglobal.com\/wp-content\/uploads\/2024\/04\/DL-TC72-scaled.jpg\",\"datePublished\":\"2024-04-15T10:24:48+00:00\",\"dateModified\":\"2025-07-21T13:09:58+00:00\",\"breadcrumb\":{\"@id\":\"https:\/\/delorenzoglobal.com\/fr\/produit\/protocoles-de-communication-hdlc-sdlc-x-25-relais-de-cadre-atm\/#breadcrumb\"},\"inLanguage\":\"fr-FR\",\"potentialAction\":[{\"@type\":\"ReadAction\",\"target\":[\"https:\/\/delorenzoglobal.com\/fr\/produit\/protocoles-de-communication-hdlc-sdlc-x-25-relais-de-cadre-atm\/\"]}]},{\"@type\":\"ImageObject\",\"inLanguage\":\"fr-FR\",\"@id\":\"https:\/\/delorenzoglobal.com\/fr\/produit\/protocoles-de-communication-hdlc-sdlc-x-25-relais-de-cadre-atm\/#primaryimage\",\"url\":\"https:\/\/delorenzoglobal.com\/wp-content\/uploads\/2024\/04\/DL-TC72-scaled.jpg\",\"contentUrl\":\"https:\/\/delorenzoglobal.com\/wp-content\/uploads\/2024\/04\/DL-TC72-scaled.jpg\",\"width\":2560,\"height\":853},{\"@type\":\"BreadcrumbList\",\"@id\":\"https:\/\/delorenzoglobal.com\/fr\/produit\/protocoles-de-communication-hdlc-sdlc-x-25-relais-de-cadre-atm\/#breadcrumb\",\"itemListElement\":[{\"@type\":\"ListItem\",\"position\":1,\"name\":\"Home\",\"item\":\"https:\/\/delorenzoglobal.com\/fr\/\"},{\"@type\":\"ListItem\",\"position\":2,\"name\":\"Boutique\",\"item\":\"https:\/\/delorenzoglobal.com\/fr\/boutique\/\"},{\"@type\":\"ListItem\",\"position\":3,\"name\":\"PROTOCOLES DE COMMUNICATION : HDLC, SDLC, X.25, RELAIS DE CADRE, ATM\"}]},{\"@type\":\"WebSite\",\"@id\":\"https:\/\/delorenzoglobal.com\/fr\/#website\",\"url\":\"https:\/\/delorenzoglobal.com\/fr\/\",\"name\":\"De Lorenzo Training &amp; Didactical Equipment\",\"description\":\"\",\"potentialAction\":[{\"@type\":\"SearchAction\",\"target\":{\"@type\":\"EntryPoint\",\"urlTemplate\":\"https:\/\/delorenzoglobal.com\/fr\/?s={search_term_string}\"},\"query-input\":{\"@type\":\"PropertyValueSpecification\",\"valueRequired\":true,\"valueName\":\"search_term_string\"}}],\"inLanguage\":\"fr-FR\"}]}<\/script>\n<!-- \/ Yoast SEO plugin. -->","yoast_head_json":{"title":"PROTOCOLES DE COMMUNICATION : HDLC, SDLC, X.25, RELAIS DE CADRE, ATM - De Lorenzo Training &amp; Didactical Equipment","robots":{"index":"index","follow":"follow","max-snippet":"max-snippet:-1","max-image-preview":"max-image-preview:large","max-video-preview":"max-video-preview:-1"},"canonical":"https:\/\/delorenzoglobal.com\/fr\/produit\/protocoles-de-communication-hdlc-sdlc-x-25-relais-de-cadre-atm\/","og_locale":"fr_FR","og_type":"article","og_title":"PROTOCOLES DE COMMUNICATION : HDLC, SDLC, X.25, RELAIS DE CADRE, ATM - De Lorenzo Training &amp; Didactical Equipment","og_description":"Formation de base d\u2019un technicien installateur et entreteneur de syst\u00e8mes de T\u00e9l\u00e9communications Num\u00e9riques et de Internetworking. Ce paquet fournit le \u00abbackground \u00bb pour l\u2019\u00e9tude suivant du r\u00e9seau ISDN, des Wide Area Networks et Internet.","og_url":"https:\/\/delorenzoglobal.com\/fr\/produit\/protocoles-de-communication-hdlc-sdlc-x-25-relais-de-cadre-atm\/","og_site_name":"De Lorenzo Training &amp; Didactical Equipment","article_modified_time":"2025-07-21T13:09:58+00:00","og_image":[{"width":2560,"height":853,"url":"https:\/\/delorenzoglobal.com\/wp-content\/uploads\/2024\/04\/DL-TC72-scaled.jpg","type":"image\/jpeg"}],"twitter_card":"summary_large_image","twitter_misc":{"Dur\u00e9e de lecture estim\u00e9e":"1 minute"},"schema":{"@context":"https:\/\/schema.org","@graph":[{"@type":"WebPage","@id":"https:\/\/delorenzoglobal.com\/fr\/produit\/protocoles-de-communication-hdlc-sdlc-x-25-relais-de-cadre-atm\/","url":"https:\/\/delorenzoglobal.com\/fr\/produit\/protocoles-de-communication-hdlc-sdlc-x-25-relais-de-cadre-atm\/","name":"PROTOCOLES DE COMMUNICATION : HDLC, SDLC, X.25, RELAIS DE CADRE, ATM - De Lorenzo Training &amp; Didactical Equipment","isPartOf":{"@id":"https:\/\/delorenzoglobal.com\/fr\/#website"},"primaryImageOfPage":{"@id":"https:\/\/delorenzoglobal.com\/fr\/produit\/protocoles-de-communication-hdlc-sdlc-x-25-relais-de-cadre-atm\/#primaryimage"},"image":{"@id":"https:\/\/delorenzoglobal.com\/fr\/produit\/protocoles-de-communication-hdlc-sdlc-x-25-relais-de-cadre-atm\/#primaryimage"},"thumbnailUrl":"https:\/\/delorenzoglobal.com\/wp-content\/uploads\/2024\/04\/DL-TC72-scaled.jpg","datePublished":"2024-04-15T10:24:48+00:00","dateModified":"2025-07-21T13:09:58+00:00","breadcrumb":{"@id":"https:\/\/delorenzoglobal.com\/fr\/produit\/protocoles-de-communication-hdlc-sdlc-x-25-relais-de-cadre-atm\/#breadcrumb"},"inLanguage":"fr-FR","potentialAction":[{"@type":"ReadAction","target":["https:\/\/delorenzoglobal.com\/fr\/produit\/protocoles-de-communication-hdlc-sdlc-x-25-relais-de-cadre-atm\/"]}]},{"@type":"ImageObject","inLanguage":"fr-FR","@id":"https:\/\/delorenzoglobal.com\/fr\/produit\/protocoles-de-communication-hdlc-sdlc-x-25-relais-de-cadre-atm\/#primaryimage","url":"https:\/\/delorenzoglobal.com\/wp-content\/uploads\/2024\/04\/DL-TC72-scaled.jpg","contentUrl":"https:\/\/delorenzoglobal.com\/wp-content\/uploads\/2024\/04\/DL-TC72-scaled.jpg","width":2560,"height":853},{"@type":"BreadcrumbList","@id":"https:\/\/delorenzoglobal.com\/fr\/produit\/protocoles-de-communication-hdlc-sdlc-x-25-relais-de-cadre-atm\/#breadcrumb","itemListElement":[{"@type":"ListItem","position":1,"name":"Home","item":"https:\/\/delorenzoglobal.com\/fr\/"},{"@type":"ListItem","position":2,"name":"Boutique","item":"https:\/\/delorenzoglobal.com\/fr\/boutique\/"},{"@type":"ListItem","position":3,"name":"PROTOCOLES DE COMMUNICATION : HDLC, SDLC, X.25, RELAIS DE CADRE, ATM"}]},{"@type":"WebSite","@id":"https:\/\/delorenzoglobal.com\/fr\/#website","url":"https:\/\/delorenzoglobal.com\/fr\/","name":"De Lorenzo Training &amp; Didactical Equipment","description":"","potentialAction":[{"@type":"SearchAction","target":{"@type":"EntryPoint","urlTemplate":"https:\/\/delorenzoglobal.com\/fr\/?s={search_term_string}"},"query-input":{"@type":"PropertyValueSpecification","valueRequired":true,"valueName":"search_term_string"}}],"inLanguage":"fr-FR"}]}},"_links":{"self":[{"href":"https:\/\/delorenzoglobal.com\/fr\/wp-json\/wp\/v2\/product\/6889","targetHints":{"allow":["GET"]}}],"collection":[{"href":"https:\/\/delorenzoglobal.com\/fr\/wp-json\/wp\/v2\/product"}],"about":[{"href":"https:\/\/delorenzoglobal.com\/fr\/wp-json\/wp\/v2\/types\/product"}],"wp:featuredmedia":[{"embeddable":true,"href":"https:\/\/delorenzoglobal.com\/fr\/wp-json\/wp\/v2\/media\/6878"}],"wp:attachment":[{"href":"https:\/\/delorenzoglobal.com\/fr\/wp-json\/wp\/v2\/media?parent=6889"}],"wp:term":[{"taxonomy":"product_brand","embeddable":true,"href":"https:\/\/delorenzoglobal.com\/fr\/wp-json\/wp\/v2\/product_brand?post=6889"},{"taxonomy":"product_cat","embeddable":true,"href":"https:\/\/delorenzoglobal.com\/fr\/wp-json\/wp\/v2\/product_cat?post=6889"},{"taxonomy":"product_tag","embeddable":true,"href":"https:\/\/delorenzoglobal.com\/fr\/wp-json\/wp\/v2\/product_tag?post=6889"}],"curies":[{"name":"wp","href":"https:\/\/api.w.org\/{rel}","templated":true}]}}