{"id":68668,"date":"2026-02-23T11:27:21","date_gmt":"2026-02-23T10:27:21","guid":{"rendered":"https:\/\/delorenzoglobal.com\/?post_type=product&#038;p=68668"},"modified":"2026-02-23T11:41:06","modified_gmt":"2026-02-23T10:41:06","slug":"kit-de-montage-de-robinet-vanne-a-coin-plat-et-de-soupape-a-tete-inclinee-copia","status":"publish","type":"product","link":"https:\/\/delorenzoglobal.com\/fr\/produit\/kit-de-montage-de-robinet-vanne-a-coin-plat-et-de-soupape-a-tete-inclinee-copia\/","title":{"rendered":"ENTRA\u00ceNEUR DE S\u00c9PARATION DE CYCLONES"},"content":{"rendered":"<p>Ce dispositif de formation est largement utilis\u00e9 dans l&rsquo;industrie et permet la s\u00e9paration centrifuge de particules solides en suspension dans un gaz.<\/p>\n<p>Son fonctionnement repose simplement sur la s\u00e9paration des particules par la force centrifuge.<\/p>\n<p>D\u00e9pourvu de pi\u00e8ces mobiles, il est tr\u00e8s facile \u00e0 entretenir, mais son principal inconv\u00e9nient est son manque de flexibilit\u00e9 face aux variations de concentration, de d\u00e9bit ou de taille des particules.<\/p>\n<p>Il est con\u00e7u pour \u00e9tudier le fonctionnement des cyclones, dispositifs d&rsquo;\u00e9puration des gaz contenant des particules, qui les s\u00e9parent du flux gazeux.<\/p>\n","protected":false},"excerpt":{"rendered":"<p>Ce dispositif de formation est largement utilis\u00e9 dans l&rsquo;industrie et permet la s\u00e9paration centrifuge de particules solides en suspension dans un gaz. Son fonctionnement repose simplement sur la s\u00e9paration des particules par la force centrifuge. D\u00e9pourvu de pi\u00e8ces mobiles, il est tr\u00e8s facile \u00e0 entretenir, mais son principal inconv\u00e9nient est son manque de flexibilit\u00e9 face [&hellip;]<\/p>\n","protected":false},"featured_media":68675,"template":"","meta":{"_acf_changed":false},"product_brand":[],"product_cat":[428],"product_tag":[],"class_list":{"0":"post-68668","1":"product","2":"type-product","3":"status-publish","4":"has-post-thumbnail","6":"product_cat-fondamentaux-de-la-mecanique-des-fluides","8":"first","9":"instock","10":"shipping-taxable","11":"product-type-simple"},"acf":[],"yoast_head":"<!-- This site is optimized with the Yoast SEO plugin v27.4 - https:\/\/yoast.com\/product\/yoast-seo-wordpress\/ -->\n<title>ENTRA\u00ceNEUR DE S\u00c9PARATION DE CYCLONES - De Lorenzo Training &amp; Didactical Equipment<\/title>\n<meta name=\"description\" content=\"Kit de formation pour \u00e9tudier la s\u00e9paration de particules solides dans un flux gazeux par force centrifuge, simple d\u2019utilisation et peu d\u2019entretien.\" \/>\n<meta name=\"robots\" content=\"index, follow, max-snippet:-1, max-image-preview:large, max-video-preview:-1\" \/>\n<link rel=\"canonical\" href=\"https:\/\/delorenzoglobal.com\/fr\/produit\/kit-de-montage-de-robinet-vanne-a-coin-plat-et-de-soupape-a-tete-inclinee-copia\/\" \/>\n<meta property=\"og:locale\" content=\"fr_FR\" \/>\n<meta property=\"og:type\" content=\"article\" \/>\n<meta property=\"og:title\" content=\"ENTRA\u00ceNEUR DE S\u00c9PARATION DE CYCLONES - De Lorenzo Training &amp; Didactical Equipment\" \/>\n<meta property=\"og:description\" content=\"Kit de formation pour \u00e9tudier la s\u00e9paration de particules solides dans un flux gazeux par force centrifuge, simple d\u2019utilisation et peu d\u2019entretien.\" \/>\n<meta property=\"og:url\" content=\"https:\/\/delorenzoglobal.com\/fr\/produit\/kit-de-montage-de-robinet-vanne-a-coin-plat-et-de-soupape-a-tete-inclinee-copia\/\" \/>\n<meta property=\"og:site_name\" content=\"De Lorenzo Training &amp; Didactical Equipment\" \/>\n<meta property=\"article:modified_time\" content=\"2026-02-23T10:41:06+00:00\" \/>\n<meta property=\"og:image\" content=\"https:\/\/delorenzoglobal.com\/wp-content\/uploads\/2026\/02\/DL-PSQI2.png\" \/>\n\t<meta property=\"og:image:width\" content=\"1026\" \/>\n\t<meta property=\"og:image:height\" content=\"1082\" \/>\n\t<meta property=\"og:image:type\" content=\"image\/png\" \/>\n<meta name=\"twitter:card\" content=\"summary_large_image\" \/>\n<meta name=\"twitter:label1\" content=\"Dur\u00e9e de lecture estim\u00e9e\" \/>\n\t<meta name=\"twitter:data1\" content=\"1 minute\" \/>\n<script type=\"application\/ld+json\" class=\"yoast-schema-graph\">{\"@context\":\"https:\\\/\\\/schema.org\",\"@graph\":[{\"@type\":\"WebPage\",\"@id\":\"https:\\\/\\\/delorenzoglobal.com\\\/fr\\\/produit\\\/kit-de-montage-de-robinet-vanne-a-coin-plat-et-de-soupape-a-tete-inclinee-copia\\\/\",\"url\":\"https:\\\/\\\/delorenzoglobal.com\\\/fr\\\/produit\\\/kit-de-montage-de-robinet-vanne-a-coin-plat-et-de-soupape-a-tete-inclinee-copia\\\/\",\"name\":\"ENTRA\u00ceNEUR DE S\u00c9PARATION DE CYCLONES - De Lorenzo Training &amp; Didactical Equipment\",\"isPartOf\":{\"@id\":\"https:\\\/\\\/delorenzoglobal.com\\\/fr\\\/#website\"},\"primaryImageOfPage\":{\"@id\":\"https:\\\/\\\/delorenzoglobal.com\\\/fr\\\/produit\\\/kit-de-montage-de-robinet-vanne-a-coin-plat-et-de-soupape-a-tete-inclinee-copia\\\/#primaryimage\"},\"image\":{\"@id\":\"https:\\\/\\\/delorenzoglobal.com\\\/fr\\\/produit\\\/kit-de-montage-de-robinet-vanne-a-coin-plat-et-de-soupape-a-tete-inclinee-copia\\\/#primaryimage\"},\"thumbnailUrl\":\"https:\\\/\\\/delorenzoglobal.com\\\/wp-content\\\/uploads\\\/2026\\\/02\\\/DL-PSQI2.png\",\"datePublished\":\"2026-02-23T10:27:21+00:00\",\"dateModified\":\"2026-02-23T10:41:06+00:00\",\"description\":\"Kit de formation pour \u00e9tudier la s\u00e9paration de particules solides dans un flux gazeux par force centrifuge, simple d\u2019utilisation et peu d\u2019entretien.\",\"breadcrumb\":{\"@id\":\"https:\\\/\\\/delorenzoglobal.com\\\/fr\\\/produit\\\/kit-de-montage-de-robinet-vanne-a-coin-plat-et-de-soupape-a-tete-inclinee-copia\\\/#breadcrumb\"},\"inLanguage\":\"fr-FR\",\"potentialAction\":[{\"@type\":\"ReadAction\",\"target\":[\"https:\\\/\\\/delorenzoglobal.com\\\/fr\\\/produit\\\/kit-de-montage-de-robinet-vanne-a-coin-plat-et-de-soupape-a-tete-inclinee-copia\\\/\"]}]},{\"@type\":\"ImageObject\",\"inLanguage\":\"fr-FR\",\"@id\":\"https:\\\/\\\/delorenzoglobal.com\\\/fr\\\/produit\\\/kit-de-montage-de-robinet-vanne-a-coin-plat-et-de-soupape-a-tete-inclinee-copia\\\/#primaryimage\",\"url\":\"https:\\\/\\\/delorenzoglobal.com\\\/wp-content\\\/uploads\\\/2026\\\/02\\\/DL-PSQI2.png\",\"contentUrl\":\"https:\\\/\\\/delorenzoglobal.com\\\/wp-content\\\/uploads\\\/2026\\\/02\\\/DL-PSQI2.png\",\"width\":1026,\"height\":1082},{\"@type\":\"BreadcrumbList\",\"@id\":\"https:\\\/\\\/delorenzoglobal.com\\\/fr\\\/produit\\\/kit-de-montage-de-robinet-vanne-a-coin-plat-et-de-soupape-a-tete-inclinee-copia\\\/#breadcrumb\",\"itemListElement\":[{\"@type\":\"ListItem\",\"position\":1,\"name\":\"Home\",\"item\":\"https:\\\/\\\/delorenzoglobal.com\\\/fr\\\/\"},{\"@type\":\"ListItem\",\"position\":2,\"name\":\"Boutique\",\"item\":\"https:\\\/\\\/delorenzoglobal.com\\\/fr\\\/boutique\\\/\"},{\"@type\":\"ListItem\",\"position\":3,\"name\":\"ENTRA\u00ceNEUR DE S\u00c9PARATION DE CYCLONES\"}]},{\"@type\":\"WebSite\",\"@id\":\"https:\\\/\\\/delorenzoglobal.com\\\/fr\\\/#website\",\"url\":\"https:\\\/\\\/delorenzoglobal.com\\\/fr\\\/\",\"name\":\"De Lorenzo Training &amp; Didactical Equipment\",\"description\":\"\",\"potentialAction\":[{\"@type\":\"SearchAction\",\"target\":{\"@type\":\"EntryPoint\",\"urlTemplate\":\"https:\\\/\\\/delorenzoglobal.com\\\/fr\\\/?s={search_term_string}\"},\"query-input\":{\"@type\":\"PropertyValueSpecification\",\"valueRequired\":true,\"valueName\":\"search_term_string\"}}],\"inLanguage\":\"fr-FR\"}]}<\/script>\n<!-- \/ Yoast SEO plugin. -->","yoast_head_json":{"title":"ENTRA\u00ceNEUR DE S\u00c9PARATION DE CYCLONES - De Lorenzo Training &amp; Didactical Equipment","description":"Kit de formation pour \u00e9tudier la s\u00e9paration de particules solides dans un flux gazeux par force centrifuge, simple d\u2019utilisation et peu d\u2019entretien.","robots":{"index":"index","follow":"follow","max-snippet":"max-snippet:-1","max-image-preview":"max-image-preview:large","max-video-preview":"max-video-preview:-1"},"canonical":"https:\/\/delorenzoglobal.com\/fr\/produit\/kit-de-montage-de-robinet-vanne-a-coin-plat-et-de-soupape-a-tete-inclinee-copia\/","og_locale":"fr_FR","og_type":"article","og_title":"ENTRA\u00ceNEUR DE S\u00c9PARATION DE CYCLONES - De Lorenzo Training &amp; Didactical Equipment","og_description":"Kit de formation pour \u00e9tudier la s\u00e9paration de particules solides dans un flux gazeux par force centrifuge, simple d\u2019utilisation et peu d\u2019entretien.","og_url":"https:\/\/delorenzoglobal.com\/fr\/produit\/kit-de-montage-de-robinet-vanne-a-coin-plat-et-de-soupape-a-tete-inclinee-copia\/","og_site_name":"De Lorenzo Training &amp; Didactical Equipment","article_modified_time":"2026-02-23T10:41:06+00:00","og_image":[{"width":1026,"height":1082,"url":"https:\/\/delorenzoglobal.com\/wp-content\/uploads\/2026\/02\/DL-PSQI2.png","type":"image\/png"}],"twitter_card":"summary_large_image","twitter_misc":{"Dur\u00e9e de lecture estim\u00e9e":"1 minute"},"schema":{"@context":"https:\/\/schema.org","@graph":[{"@type":"WebPage","@id":"https:\/\/delorenzoglobal.com\/fr\/produit\/kit-de-montage-de-robinet-vanne-a-coin-plat-et-de-soupape-a-tete-inclinee-copia\/","url":"https:\/\/delorenzoglobal.com\/fr\/produit\/kit-de-montage-de-robinet-vanne-a-coin-plat-et-de-soupape-a-tete-inclinee-copia\/","name":"ENTRA\u00ceNEUR DE S\u00c9PARATION DE CYCLONES - De Lorenzo Training &amp; Didactical Equipment","isPartOf":{"@id":"https:\/\/delorenzoglobal.com\/fr\/#website"},"primaryImageOfPage":{"@id":"https:\/\/delorenzoglobal.com\/fr\/produit\/kit-de-montage-de-robinet-vanne-a-coin-plat-et-de-soupape-a-tete-inclinee-copia\/#primaryimage"},"image":{"@id":"https:\/\/delorenzoglobal.com\/fr\/produit\/kit-de-montage-de-robinet-vanne-a-coin-plat-et-de-soupape-a-tete-inclinee-copia\/#primaryimage"},"thumbnailUrl":"https:\/\/delorenzoglobal.com\/wp-content\/uploads\/2026\/02\/DL-PSQI2.png","datePublished":"2026-02-23T10:27:21+00:00","dateModified":"2026-02-23T10:41:06+00:00","description":"Kit de formation pour \u00e9tudier la s\u00e9paration de particules solides dans un flux gazeux par force centrifuge, simple d\u2019utilisation et peu d\u2019entretien.","breadcrumb":{"@id":"https:\/\/delorenzoglobal.com\/fr\/produit\/kit-de-montage-de-robinet-vanne-a-coin-plat-et-de-soupape-a-tete-inclinee-copia\/#breadcrumb"},"inLanguage":"fr-FR","potentialAction":[{"@type":"ReadAction","target":["https:\/\/delorenzoglobal.com\/fr\/produit\/kit-de-montage-de-robinet-vanne-a-coin-plat-et-de-soupape-a-tete-inclinee-copia\/"]}]},{"@type":"ImageObject","inLanguage":"fr-FR","@id":"https:\/\/delorenzoglobal.com\/fr\/produit\/kit-de-montage-de-robinet-vanne-a-coin-plat-et-de-soupape-a-tete-inclinee-copia\/#primaryimage","url":"https:\/\/delorenzoglobal.com\/wp-content\/uploads\/2026\/02\/DL-PSQI2.png","contentUrl":"https:\/\/delorenzoglobal.com\/wp-content\/uploads\/2026\/02\/DL-PSQI2.png","width":1026,"height":1082},{"@type":"BreadcrumbList","@id":"https:\/\/delorenzoglobal.com\/fr\/produit\/kit-de-montage-de-robinet-vanne-a-coin-plat-et-de-soupape-a-tete-inclinee-copia\/#breadcrumb","itemListElement":[{"@type":"ListItem","position":1,"name":"Home","item":"https:\/\/delorenzoglobal.com\/fr\/"},{"@type":"ListItem","position":2,"name":"Boutique","item":"https:\/\/delorenzoglobal.com\/fr\/boutique\/"},{"@type":"ListItem","position":3,"name":"ENTRA\u00ceNEUR DE S\u00c9PARATION DE CYCLONES"}]},{"@type":"WebSite","@id":"https:\/\/delorenzoglobal.com\/fr\/#website","url":"https:\/\/delorenzoglobal.com\/fr\/","name":"De Lorenzo Training &amp; Didactical Equipment","description":"","potentialAction":[{"@type":"SearchAction","target":{"@type":"EntryPoint","urlTemplate":"https:\/\/delorenzoglobal.com\/fr\/?s={search_term_string}"},"query-input":{"@type":"PropertyValueSpecification","valueRequired":true,"valueName":"search_term_string"}}],"inLanguage":"fr-FR"}]}},"_links":{"self":[{"href":"https:\/\/delorenzoglobal.com\/fr\/wp-json\/wp\/v2\/product\/68668","targetHints":{"allow":["GET"]}}],"collection":[{"href":"https:\/\/delorenzoglobal.com\/fr\/wp-json\/wp\/v2\/product"}],"about":[{"href":"https:\/\/delorenzoglobal.com\/fr\/wp-json\/wp\/v2\/types\/product"}],"wp:featuredmedia":[{"embeddable":true,"href":"https:\/\/delorenzoglobal.com\/fr\/wp-json\/wp\/v2\/media\/68675"}],"wp:attachment":[{"href":"https:\/\/delorenzoglobal.com\/fr\/wp-json\/wp\/v2\/media?parent=68668"}],"wp:term":[{"taxonomy":"product_brand","embeddable":true,"href":"https:\/\/delorenzoglobal.com\/fr\/wp-json\/wp\/v2\/product_brand?post=68668"},{"taxonomy":"product_cat","embeddable":true,"href":"https:\/\/delorenzoglobal.com\/fr\/wp-json\/wp\/v2\/product_cat?post=68668"},{"taxonomy":"product_tag","embeddable":true,"href":"https:\/\/delorenzoglobal.com\/fr\/wp-json\/wp\/v2\/product_tag?post=68668"}],"curies":[{"name":"wp","href":"https:\/\/api.w.org\/{rel}","templated":true}]}}