{"id":68642,"date":"2026-02-23T11:12:30","date_gmt":"2026-02-23T10:12:30","guid":{"rendered":"https:\/\/delorenzoglobal.com\/?post_type=product&#038;p=68642"},"modified":"2026-02-23T11:22:22","modified_gmt":"2026-02-23T10:22:22","slug":"kit-de-montage-pour-engrenage-combine-copia","status":"publish","type":"product","link":"https:\/\/delorenzoglobal.com\/fr\/produit\/kit-de-montage-pour-engrenage-combine-copia\/","title":{"rendered":"KIT DE MONTAGE DE ROBINET-VANNE \u00c0 COIN PLAT  ET DE SOUPAPE \u00c0 T\u00caTE INCLIN\u00c9E"},"content":{"rendered":"<p>Ce kit d&rsquo;assemblage permet aux \u00e9tudiants d&rsquo;\u00e9tudier les diff\u00e9rences entre une vanne \u00e0 guillotine \u00e0 corps plat et une vanne \u00e0 si\u00e8ge inclin\u00e9.<\/p>\n<p>\u00c0 l&rsquo;aide de gabarits, les \u00e9tudiants peuvent examiner chaque composant et sa fonction.<\/p>\n<p>Le mat\u00e9riel est livr\u00e9 soigneusement rang\u00e9 et prot\u00e9g\u00e9 dans une mallette de transport, accompagn\u00e9 des outils n\u00e9cessaires.<\/p>\n<p>Le manuel d&rsquo;utilisation, fourni avec le mat\u00e9riel, illustre clairement la proc\u00e9dure de fonctionnement \u00e0 l&rsquo;aide de nombreuses illustrations.<\/p>\n","protected":false},"excerpt":{"rendered":"<p>Ce kit d&rsquo;assemblage permet aux \u00e9tudiants d&rsquo;\u00e9tudier les diff\u00e9rences entre une vanne \u00e0 guillotine \u00e0 corps plat et une vanne \u00e0 si\u00e8ge inclin\u00e9. \u00c0 l&rsquo;aide de gabarits, les \u00e9tudiants peuvent examiner chaque composant et sa fonction. Le mat\u00e9riel est livr\u00e9 soigneusement rang\u00e9 et prot\u00e9g\u00e9 dans une mallette de transport, accompagn\u00e9 des outils n\u00e9cessaires. Le manuel [&hellip;]<\/p>\n","protected":false},"featured_media":68649,"template":"","meta":{"_acf_changed":false},"product_brand":[],"product_cat":[428],"product_tag":[],"class_list":{"0":"post-68642","1":"product","2":"type-product","3":"status-publish","4":"has-post-thumbnail","6":"product_cat-fondamentaux-de-la-mecanique-des-fluides","8":"first","9":"instock","10":"shipping-taxable","11":"product-type-simple"},"acf":[],"yoast_head":"<!-- This site is optimized with the Yoast SEO plugin v27.4 - https:\/\/yoast.com\/product\/yoast-seo-wordpress\/ -->\n<title>KIT DE MONTAGE DE ROBINET-VANNE \u00c0 COIN PLAT ET DE SOUPAPE \u00c0 T\u00caTE INCLIN\u00c9E - De Lorenzo Training &amp; Didactical Equipment<\/title>\n<meta name=\"description\" content=\"Kit de formation pour examiner les composants et le fonctionnement des vannes \u00e0 boisseau.\" \/>\n<meta name=\"robots\" content=\"index, follow, max-snippet:-1, max-image-preview:large, max-video-preview:-1\" \/>\n<link rel=\"canonical\" href=\"https:\/\/delorenzoglobal.com\/fr\/produit\/kit-de-montage-pour-engrenage-combine-copia\/\" \/>\n<meta property=\"og:locale\" content=\"fr_FR\" \/>\n<meta property=\"og:type\" content=\"article\" \/>\n<meta property=\"og:title\" content=\"KIT DE MONTAGE DE ROBINET-VANNE \u00c0 COIN PLAT ET DE SOUPAPE \u00c0 T\u00caTE INCLIN\u00c9E - De Lorenzo Training &amp; Didactical Equipment\" \/>\n<meta property=\"og:description\" content=\"Kit de formation pour examiner les composants et le fonctionnement des vannes \u00e0 boisseau.\" \/>\n<meta property=\"og:url\" content=\"https:\/\/delorenzoglobal.com\/fr\/produit\/kit-de-montage-pour-engrenage-combine-copia\/\" \/>\n<meta property=\"og:site_name\" content=\"De Lorenzo Training &amp; Didactical Equipment\" \/>\n<meta property=\"article:modified_time\" content=\"2026-02-23T10:22:22+00:00\" \/>\n<meta property=\"og:image\" content=\"https:\/\/delorenzoglobal.com\/wp-content\/uploads\/2026\/02\/DL-PSM11.jpg\" \/>\n\t<meta property=\"og:image:width\" content=\"890\" \/>\n\t<meta property=\"og:image:height\" content=\"810\" \/>\n\t<meta property=\"og:image:type\" content=\"image\/jpeg\" \/>\n<meta name=\"twitter:card\" content=\"summary_large_image\" \/>\n<meta name=\"twitter:label1\" content=\"Dur\u00e9e de lecture estim\u00e9e\" \/>\n\t<meta name=\"twitter:data1\" content=\"1 minute\" \/>\n<script type=\"application\/ld+json\" class=\"yoast-schema-graph\">{\"@context\":\"https:\\\/\\\/schema.org\",\"@graph\":[{\"@type\":\"WebPage\",\"@id\":\"https:\\\/\\\/delorenzoglobal.com\\\/fr\\\/produit\\\/kit-de-montage-pour-engrenage-combine-copia\\\/\",\"url\":\"https:\\\/\\\/delorenzoglobal.com\\\/fr\\\/produit\\\/kit-de-montage-pour-engrenage-combine-copia\\\/\",\"name\":\"KIT DE MONTAGE DE ROBINET-VANNE \u00c0 COIN PLAT ET DE SOUPAPE \u00c0 T\u00caTE INCLIN\u00c9E - De Lorenzo Training &amp; Didactical Equipment\",\"isPartOf\":{\"@id\":\"https:\\\/\\\/delorenzoglobal.com\\\/fr\\\/#website\"},\"primaryImageOfPage\":{\"@id\":\"https:\\\/\\\/delorenzoglobal.com\\\/fr\\\/produit\\\/kit-de-montage-pour-engrenage-combine-copia\\\/#primaryimage\"},\"image\":{\"@id\":\"https:\\\/\\\/delorenzoglobal.com\\\/fr\\\/produit\\\/kit-de-montage-pour-engrenage-combine-copia\\\/#primaryimage\"},\"thumbnailUrl\":\"https:\\\/\\\/delorenzoglobal.com\\\/wp-content\\\/uploads\\\/2026\\\/02\\\/DL-PSM11.jpg\",\"datePublished\":\"2026-02-23T10:12:30+00:00\",\"dateModified\":\"2026-02-23T10:22:22+00:00\",\"description\":\"Kit de formation pour examiner les composants et le fonctionnement des vannes \u00e0 boisseau.\",\"breadcrumb\":{\"@id\":\"https:\\\/\\\/delorenzoglobal.com\\\/fr\\\/produit\\\/kit-de-montage-pour-engrenage-combine-copia\\\/#breadcrumb\"},\"inLanguage\":\"fr-FR\",\"potentialAction\":[{\"@type\":\"ReadAction\",\"target\":[\"https:\\\/\\\/delorenzoglobal.com\\\/fr\\\/produit\\\/kit-de-montage-pour-engrenage-combine-copia\\\/\"]}]},{\"@type\":\"ImageObject\",\"inLanguage\":\"fr-FR\",\"@id\":\"https:\\\/\\\/delorenzoglobal.com\\\/fr\\\/produit\\\/kit-de-montage-pour-engrenage-combine-copia\\\/#primaryimage\",\"url\":\"https:\\\/\\\/delorenzoglobal.com\\\/wp-content\\\/uploads\\\/2026\\\/02\\\/DL-PSM11.jpg\",\"contentUrl\":\"https:\\\/\\\/delorenzoglobal.com\\\/wp-content\\\/uploads\\\/2026\\\/02\\\/DL-PSM11.jpg\",\"width\":890,\"height\":810},{\"@type\":\"BreadcrumbList\",\"@id\":\"https:\\\/\\\/delorenzoglobal.com\\\/fr\\\/produit\\\/kit-de-montage-pour-engrenage-combine-copia\\\/#breadcrumb\",\"itemListElement\":[{\"@type\":\"ListItem\",\"position\":1,\"name\":\"Home\",\"item\":\"https:\\\/\\\/delorenzoglobal.com\\\/fr\\\/\"},{\"@type\":\"ListItem\",\"position\":2,\"name\":\"Boutique\",\"item\":\"https:\\\/\\\/delorenzoglobal.com\\\/fr\\\/boutique\\\/\"},{\"@type\":\"ListItem\",\"position\":3,\"name\":\"KIT DE MONTAGE DE ROBINET-VANNE \u00c0 COIN PLAT ET DE SOUPAPE \u00c0 T\u00caTE INCLIN\u00c9E\"}]},{\"@type\":\"WebSite\",\"@id\":\"https:\\\/\\\/delorenzoglobal.com\\\/fr\\\/#website\",\"url\":\"https:\\\/\\\/delorenzoglobal.com\\\/fr\\\/\",\"name\":\"De Lorenzo Training &amp; Didactical Equipment\",\"description\":\"\",\"potentialAction\":[{\"@type\":\"SearchAction\",\"target\":{\"@type\":\"EntryPoint\",\"urlTemplate\":\"https:\\\/\\\/delorenzoglobal.com\\\/fr\\\/?s={search_term_string}\"},\"query-input\":{\"@type\":\"PropertyValueSpecification\",\"valueRequired\":true,\"valueName\":\"search_term_string\"}}],\"inLanguage\":\"fr-FR\"}]}<\/script>\n<!-- \/ Yoast SEO plugin. -->","yoast_head_json":{"title":"KIT DE MONTAGE DE ROBINET-VANNE \u00c0 COIN PLAT ET DE SOUPAPE \u00c0 T\u00caTE INCLIN\u00c9E - De Lorenzo Training &amp; Didactical Equipment","description":"Kit de formation pour examiner les composants et le fonctionnement des vannes \u00e0 boisseau.","robots":{"index":"index","follow":"follow","max-snippet":"max-snippet:-1","max-image-preview":"max-image-preview:large","max-video-preview":"max-video-preview:-1"},"canonical":"https:\/\/delorenzoglobal.com\/fr\/produit\/kit-de-montage-pour-engrenage-combine-copia\/","og_locale":"fr_FR","og_type":"article","og_title":"KIT DE MONTAGE DE ROBINET-VANNE \u00c0 COIN PLAT ET DE SOUPAPE \u00c0 T\u00caTE INCLIN\u00c9E - De Lorenzo Training &amp; Didactical Equipment","og_description":"Kit de formation pour examiner les composants et le fonctionnement des vannes \u00e0 boisseau.","og_url":"https:\/\/delorenzoglobal.com\/fr\/produit\/kit-de-montage-pour-engrenage-combine-copia\/","og_site_name":"De Lorenzo Training &amp; Didactical Equipment","article_modified_time":"2026-02-23T10:22:22+00:00","og_image":[{"width":890,"height":810,"url":"https:\/\/delorenzoglobal.com\/wp-content\/uploads\/2026\/02\/DL-PSM11.jpg","type":"image\/jpeg"}],"twitter_card":"summary_large_image","twitter_misc":{"Dur\u00e9e de lecture estim\u00e9e":"1 minute"},"schema":{"@context":"https:\/\/schema.org","@graph":[{"@type":"WebPage","@id":"https:\/\/delorenzoglobal.com\/fr\/produit\/kit-de-montage-pour-engrenage-combine-copia\/","url":"https:\/\/delorenzoglobal.com\/fr\/produit\/kit-de-montage-pour-engrenage-combine-copia\/","name":"KIT DE MONTAGE DE ROBINET-VANNE \u00c0 COIN PLAT ET DE SOUPAPE \u00c0 T\u00caTE INCLIN\u00c9E - De Lorenzo Training &amp; Didactical Equipment","isPartOf":{"@id":"https:\/\/delorenzoglobal.com\/fr\/#website"},"primaryImageOfPage":{"@id":"https:\/\/delorenzoglobal.com\/fr\/produit\/kit-de-montage-pour-engrenage-combine-copia\/#primaryimage"},"image":{"@id":"https:\/\/delorenzoglobal.com\/fr\/produit\/kit-de-montage-pour-engrenage-combine-copia\/#primaryimage"},"thumbnailUrl":"https:\/\/delorenzoglobal.com\/wp-content\/uploads\/2026\/02\/DL-PSM11.jpg","datePublished":"2026-02-23T10:12:30+00:00","dateModified":"2026-02-23T10:22:22+00:00","description":"Kit de formation pour examiner les composants et le fonctionnement des vannes \u00e0 boisseau.","breadcrumb":{"@id":"https:\/\/delorenzoglobal.com\/fr\/produit\/kit-de-montage-pour-engrenage-combine-copia\/#breadcrumb"},"inLanguage":"fr-FR","potentialAction":[{"@type":"ReadAction","target":["https:\/\/delorenzoglobal.com\/fr\/produit\/kit-de-montage-pour-engrenage-combine-copia\/"]}]},{"@type":"ImageObject","inLanguage":"fr-FR","@id":"https:\/\/delorenzoglobal.com\/fr\/produit\/kit-de-montage-pour-engrenage-combine-copia\/#primaryimage","url":"https:\/\/delorenzoglobal.com\/wp-content\/uploads\/2026\/02\/DL-PSM11.jpg","contentUrl":"https:\/\/delorenzoglobal.com\/wp-content\/uploads\/2026\/02\/DL-PSM11.jpg","width":890,"height":810},{"@type":"BreadcrumbList","@id":"https:\/\/delorenzoglobal.com\/fr\/produit\/kit-de-montage-pour-engrenage-combine-copia\/#breadcrumb","itemListElement":[{"@type":"ListItem","position":1,"name":"Home","item":"https:\/\/delorenzoglobal.com\/fr\/"},{"@type":"ListItem","position":2,"name":"Boutique","item":"https:\/\/delorenzoglobal.com\/fr\/boutique\/"},{"@type":"ListItem","position":3,"name":"KIT DE MONTAGE DE ROBINET-VANNE \u00c0 COIN PLAT ET DE SOUPAPE \u00c0 T\u00caTE INCLIN\u00c9E"}]},{"@type":"WebSite","@id":"https:\/\/delorenzoglobal.com\/fr\/#website","url":"https:\/\/delorenzoglobal.com\/fr\/","name":"De Lorenzo Training &amp; Didactical Equipment","description":"","potentialAction":[{"@type":"SearchAction","target":{"@type":"EntryPoint","urlTemplate":"https:\/\/delorenzoglobal.com\/fr\/?s={search_term_string}"},"query-input":{"@type":"PropertyValueSpecification","valueRequired":true,"valueName":"search_term_string"}}],"inLanguage":"fr-FR"}]}},"_links":{"self":[{"href":"https:\/\/delorenzoglobal.com\/fr\/wp-json\/wp\/v2\/product\/68642","targetHints":{"allow":["GET"]}}],"collection":[{"href":"https:\/\/delorenzoglobal.com\/fr\/wp-json\/wp\/v2\/product"}],"about":[{"href":"https:\/\/delorenzoglobal.com\/fr\/wp-json\/wp\/v2\/types\/product"}],"wp:featuredmedia":[{"embeddable":true,"href":"https:\/\/delorenzoglobal.com\/fr\/wp-json\/wp\/v2\/media\/68649"}],"wp:attachment":[{"href":"https:\/\/delorenzoglobal.com\/fr\/wp-json\/wp\/v2\/media?parent=68642"}],"wp:term":[{"taxonomy":"product_brand","embeddable":true,"href":"https:\/\/delorenzoglobal.com\/fr\/wp-json\/wp\/v2\/product_brand?post=68642"},{"taxonomy":"product_cat","embeddable":true,"href":"https:\/\/delorenzoglobal.com\/fr\/wp-json\/wp\/v2\/product_cat?post=68642"},{"taxonomy":"product_tag","embeddable":true,"href":"https:\/\/delorenzoglobal.com\/fr\/wp-json\/wp\/v2\/product_tag?post=68642"}],"curies":[{"name":"wp","href":"https:\/\/api.w.org\/{rel}","templated":true}]}}