{"id":68611,"date":"2026-02-23T10:53:17","date_gmt":"2026-02-23T09:53:17","guid":{"rendered":"https:\/\/delorenzoglobal.com\/?post_type=product&#038;p=68611"},"modified":"2026-02-23T11:06:11","modified_gmt":"2026-02-23T10:06:11","slug":"kit-de-montage-de-vanne-darret-copia","status":"publish","type":"product","link":"https:\/\/delorenzoglobal.com\/fr\/produit\/kit-de-montage-de-vanne-darret-copia\/","title":{"rendered":"KIT DE MONTAGE POUR ENGRENAGE COMBIN\u00c9"},"content":{"rendered":"<p>Ce kit permet le montage et le d\u00e9montage d&rsquo;une bo\u00eete de vitesses combin\u00e9e.<\/p>\n<p>En d\u00e9coupant les pi\u00e8ces, les \u00e9l\u00e8ves peuvent \u00e9tudier chaque composant et son fonctionnement. Ils peuvent, par exemple, observer comment la transmission compl\u00e8te est constitu\u00e9e de plusieurs transmissions par diff\u00e9rents types d&rsquo;engrenages, ne n\u00e9cessitant qu&rsquo;un effort manuel.<\/p>\n<p>L&rsquo;\u00e9quipement est livr\u00e9 rang\u00e9 et prot\u00e9g\u00e9 dans une mallette de transport, accompagn\u00e9 des outils n\u00e9cessaires \u00e0 son utilisation.<\/p>\n<p>Le manuel d&rsquo;utilisation, fourni avec l&rsquo;\u00e9quipement, illustre clairement et \u00e0 l&rsquo;aide de nombreuses illustrations l&rsquo;ensemble du processus de fonctionnement.<\/p>\n","protected":false},"excerpt":{"rendered":"<p>Ce kit permet le montage et le d\u00e9montage d&rsquo;une bo\u00eete de vitesses combin\u00e9e. En d\u00e9coupant les pi\u00e8ces, les \u00e9l\u00e8ves peuvent \u00e9tudier chaque composant et son fonctionnement. Ils peuvent, par exemple, observer comment la transmission compl\u00e8te est constitu\u00e9e de plusieurs transmissions par diff\u00e9rents types d&rsquo;engrenages, ne n\u00e9cessitant qu&rsquo;un effort manuel. L&rsquo;\u00e9quipement est livr\u00e9 rang\u00e9 et prot\u00e9g\u00e9 [&hellip;]<\/p>\n","protected":false},"featured_media":68618,"template":"","meta":{"_acf_changed":false},"product_brand":[],"product_cat":[428],"product_tag":[],"class_list":{"0":"post-68611","1":"product","2":"type-product","3":"status-publish","4":"has-post-thumbnail","6":"product_cat-fondamentaux-de-la-mecanique-des-fluides","8":"first","9":"instock","10":"shipping-taxable","11":"product-type-simple"},"acf":[],"yoast_head":"<!-- This site is optimized with the Yoast SEO plugin v27.4 - https:\/\/yoast.com\/product\/yoast-seo-wordpress\/ -->\n<title>KIT DE MONTAGE POUR ENGRENAGE COMBIN\u00c9 - De Lorenzo Training &amp; Didactical Equipment<\/title>\n<meta name=\"description\" content=\"Kit de formation pour \u00e9tudier les composants et le fonctionnement d\u2019une transmission avec engrenages combin\u00e9s.\" \/>\n<meta name=\"robots\" content=\"index, follow, max-snippet:-1, max-image-preview:large, max-video-preview:-1\" \/>\n<link rel=\"canonical\" href=\"https:\/\/delorenzoglobal.com\/fr\/produit\/kit-de-montage-de-vanne-darret-copia\/\" \/>\n<meta property=\"og:locale\" content=\"fr_FR\" \/>\n<meta property=\"og:type\" content=\"article\" \/>\n<meta property=\"og:title\" content=\"KIT DE MONTAGE POUR ENGRENAGE COMBIN\u00c9 - De Lorenzo Training &amp; Didactical Equipment\" \/>\n<meta property=\"og:description\" content=\"Kit de formation pour \u00e9tudier les composants et le fonctionnement d\u2019une transmission avec engrenages combin\u00e9s.\" \/>\n<meta property=\"og:url\" content=\"https:\/\/delorenzoglobal.com\/fr\/produit\/kit-de-montage-de-vanne-darret-copia\/\" \/>\n<meta property=\"og:site_name\" content=\"De Lorenzo Training &amp; Didactical Equipment\" \/>\n<meta property=\"article:modified_time\" content=\"2026-02-23T10:06:11+00:00\" \/>\n<meta property=\"og:image\" content=\"https:\/\/delorenzoglobal.com\/wp-content\/uploads\/2026\/02\/DL-PSM10.jpg\" \/>\n\t<meta property=\"og:image:width\" content=\"890\" \/>\n\t<meta property=\"og:image:height\" content=\"810\" \/>\n\t<meta property=\"og:image:type\" content=\"image\/jpeg\" \/>\n<meta name=\"twitter:card\" content=\"summary_large_image\" \/>\n<meta name=\"twitter:label1\" content=\"Dur\u00e9e de lecture estim\u00e9e\" \/>\n\t<meta name=\"twitter:data1\" content=\"1 minute\" \/>\n<script type=\"application\/ld+json\" class=\"yoast-schema-graph\">{\"@context\":\"https:\\\/\\\/schema.org\",\"@graph\":[{\"@type\":\"WebPage\",\"@id\":\"https:\\\/\\\/delorenzoglobal.com\\\/fr\\\/produit\\\/kit-de-montage-de-vanne-darret-copia\\\/\",\"url\":\"https:\\\/\\\/delorenzoglobal.com\\\/fr\\\/produit\\\/kit-de-montage-de-vanne-darret-copia\\\/\",\"name\":\"KIT DE MONTAGE POUR ENGRENAGE COMBIN\u00c9 - De Lorenzo Training &amp; Didactical Equipment\",\"isPartOf\":{\"@id\":\"https:\\\/\\\/delorenzoglobal.com\\\/fr\\\/#website\"},\"primaryImageOfPage\":{\"@id\":\"https:\\\/\\\/delorenzoglobal.com\\\/fr\\\/produit\\\/kit-de-montage-de-vanne-darret-copia\\\/#primaryimage\"},\"image\":{\"@id\":\"https:\\\/\\\/delorenzoglobal.com\\\/fr\\\/produit\\\/kit-de-montage-de-vanne-darret-copia\\\/#primaryimage\"},\"thumbnailUrl\":\"https:\\\/\\\/delorenzoglobal.com\\\/wp-content\\\/uploads\\\/2026\\\/02\\\/DL-PSM10.jpg\",\"datePublished\":\"2026-02-23T09:53:17+00:00\",\"dateModified\":\"2026-02-23T10:06:11+00:00\",\"description\":\"Kit de formation pour \u00e9tudier les composants et le fonctionnement d\u2019une transmission avec engrenages combin\u00e9s.\",\"breadcrumb\":{\"@id\":\"https:\\\/\\\/delorenzoglobal.com\\\/fr\\\/produit\\\/kit-de-montage-de-vanne-darret-copia\\\/#breadcrumb\"},\"inLanguage\":\"fr-FR\",\"potentialAction\":[{\"@type\":\"ReadAction\",\"target\":[\"https:\\\/\\\/delorenzoglobal.com\\\/fr\\\/produit\\\/kit-de-montage-de-vanne-darret-copia\\\/\"]}]},{\"@type\":\"ImageObject\",\"inLanguage\":\"fr-FR\",\"@id\":\"https:\\\/\\\/delorenzoglobal.com\\\/fr\\\/produit\\\/kit-de-montage-de-vanne-darret-copia\\\/#primaryimage\",\"url\":\"https:\\\/\\\/delorenzoglobal.com\\\/wp-content\\\/uploads\\\/2026\\\/02\\\/DL-PSM10.jpg\",\"contentUrl\":\"https:\\\/\\\/delorenzoglobal.com\\\/wp-content\\\/uploads\\\/2026\\\/02\\\/DL-PSM10.jpg\",\"width\":890,\"height\":810},{\"@type\":\"BreadcrumbList\",\"@id\":\"https:\\\/\\\/delorenzoglobal.com\\\/fr\\\/produit\\\/kit-de-montage-de-vanne-darret-copia\\\/#breadcrumb\",\"itemListElement\":[{\"@type\":\"ListItem\",\"position\":1,\"name\":\"Home\",\"item\":\"https:\\\/\\\/delorenzoglobal.com\\\/fr\\\/\"},{\"@type\":\"ListItem\",\"position\":2,\"name\":\"Boutique\",\"item\":\"https:\\\/\\\/delorenzoglobal.com\\\/fr\\\/boutique\\\/\"},{\"@type\":\"ListItem\",\"position\":3,\"name\":\"KIT DE MONTAGE POUR ENGRENAGE COMBIN\u00c9\"}]},{\"@type\":\"WebSite\",\"@id\":\"https:\\\/\\\/delorenzoglobal.com\\\/fr\\\/#website\",\"url\":\"https:\\\/\\\/delorenzoglobal.com\\\/fr\\\/\",\"name\":\"De Lorenzo Training &amp; Didactical Equipment\",\"description\":\"\",\"potentialAction\":[{\"@type\":\"SearchAction\",\"target\":{\"@type\":\"EntryPoint\",\"urlTemplate\":\"https:\\\/\\\/delorenzoglobal.com\\\/fr\\\/?s={search_term_string}\"},\"query-input\":{\"@type\":\"PropertyValueSpecification\",\"valueRequired\":true,\"valueName\":\"search_term_string\"}}],\"inLanguage\":\"fr-FR\"}]}<\/script>\n<!-- \/ Yoast SEO plugin. -->","yoast_head_json":{"title":"KIT DE MONTAGE POUR ENGRENAGE COMBIN\u00c9 - De Lorenzo Training &amp; Didactical Equipment","description":"Kit de formation pour \u00e9tudier les composants et le fonctionnement d\u2019une transmission avec engrenages combin\u00e9s.","robots":{"index":"index","follow":"follow","max-snippet":"max-snippet:-1","max-image-preview":"max-image-preview:large","max-video-preview":"max-video-preview:-1"},"canonical":"https:\/\/delorenzoglobal.com\/fr\/produit\/kit-de-montage-de-vanne-darret-copia\/","og_locale":"fr_FR","og_type":"article","og_title":"KIT DE MONTAGE POUR ENGRENAGE COMBIN\u00c9 - De Lorenzo Training &amp; Didactical Equipment","og_description":"Kit de formation pour \u00e9tudier les composants et le fonctionnement d\u2019une transmission avec engrenages combin\u00e9s.","og_url":"https:\/\/delorenzoglobal.com\/fr\/produit\/kit-de-montage-de-vanne-darret-copia\/","og_site_name":"De Lorenzo Training &amp; Didactical Equipment","article_modified_time":"2026-02-23T10:06:11+00:00","og_image":[{"width":890,"height":810,"url":"https:\/\/delorenzoglobal.com\/wp-content\/uploads\/2026\/02\/DL-PSM10.jpg","type":"image\/jpeg"}],"twitter_card":"summary_large_image","twitter_misc":{"Dur\u00e9e de lecture estim\u00e9e":"1 minute"},"schema":{"@context":"https:\/\/schema.org","@graph":[{"@type":"WebPage","@id":"https:\/\/delorenzoglobal.com\/fr\/produit\/kit-de-montage-de-vanne-darret-copia\/","url":"https:\/\/delorenzoglobal.com\/fr\/produit\/kit-de-montage-de-vanne-darret-copia\/","name":"KIT DE MONTAGE POUR ENGRENAGE COMBIN\u00c9 - De Lorenzo Training &amp; Didactical Equipment","isPartOf":{"@id":"https:\/\/delorenzoglobal.com\/fr\/#website"},"primaryImageOfPage":{"@id":"https:\/\/delorenzoglobal.com\/fr\/produit\/kit-de-montage-de-vanne-darret-copia\/#primaryimage"},"image":{"@id":"https:\/\/delorenzoglobal.com\/fr\/produit\/kit-de-montage-de-vanne-darret-copia\/#primaryimage"},"thumbnailUrl":"https:\/\/delorenzoglobal.com\/wp-content\/uploads\/2026\/02\/DL-PSM10.jpg","datePublished":"2026-02-23T09:53:17+00:00","dateModified":"2026-02-23T10:06:11+00:00","description":"Kit de formation pour \u00e9tudier les composants et le fonctionnement d\u2019une transmission avec engrenages combin\u00e9s.","breadcrumb":{"@id":"https:\/\/delorenzoglobal.com\/fr\/produit\/kit-de-montage-de-vanne-darret-copia\/#breadcrumb"},"inLanguage":"fr-FR","potentialAction":[{"@type":"ReadAction","target":["https:\/\/delorenzoglobal.com\/fr\/produit\/kit-de-montage-de-vanne-darret-copia\/"]}]},{"@type":"ImageObject","inLanguage":"fr-FR","@id":"https:\/\/delorenzoglobal.com\/fr\/produit\/kit-de-montage-de-vanne-darret-copia\/#primaryimage","url":"https:\/\/delorenzoglobal.com\/wp-content\/uploads\/2026\/02\/DL-PSM10.jpg","contentUrl":"https:\/\/delorenzoglobal.com\/wp-content\/uploads\/2026\/02\/DL-PSM10.jpg","width":890,"height":810},{"@type":"BreadcrumbList","@id":"https:\/\/delorenzoglobal.com\/fr\/produit\/kit-de-montage-de-vanne-darret-copia\/#breadcrumb","itemListElement":[{"@type":"ListItem","position":1,"name":"Home","item":"https:\/\/delorenzoglobal.com\/fr\/"},{"@type":"ListItem","position":2,"name":"Boutique","item":"https:\/\/delorenzoglobal.com\/fr\/boutique\/"},{"@type":"ListItem","position":3,"name":"KIT DE MONTAGE POUR ENGRENAGE COMBIN\u00c9"}]},{"@type":"WebSite","@id":"https:\/\/delorenzoglobal.com\/fr\/#website","url":"https:\/\/delorenzoglobal.com\/fr\/","name":"De Lorenzo Training &amp; Didactical Equipment","description":"","potentialAction":[{"@type":"SearchAction","target":{"@type":"EntryPoint","urlTemplate":"https:\/\/delorenzoglobal.com\/fr\/?s={search_term_string}"},"query-input":{"@type":"PropertyValueSpecification","valueRequired":true,"valueName":"search_term_string"}}],"inLanguage":"fr-FR"}]}},"_links":{"self":[{"href":"https:\/\/delorenzoglobal.com\/fr\/wp-json\/wp\/v2\/product\/68611","targetHints":{"allow":["GET"]}}],"collection":[{"href":"https:\/\/delorenzoglobal.com\/fr\/wp-json\/wp\/v2\/product"}],"about":[{"href":"https:\/\/delorenzoglobal.com\/fr\/wp-json\/wp\/v2\/types\/product"}],"wp:featuredmedia":[{"embeddable":true,"href":"https:\/\/delorenzoglobal.com\/fr\/wp-json\/wp\/v2\/media\/68618"}],"wp:attachment":[{"href":"https:\/\/delorenzoglobal.com\/fr\/wp-json\/wp\/v2\/media?parent=68611"}],"wp:term":[{"taxonomy":"product_brand","embeddable":true,"href":"https:\/\/delorenzoglobal.com\/fr\/wp-json\/wp\/v2\/product_brand?post=68611"},{"taxonomy":"product_cat","embeddable":true,"href":"https:\/\/delorenzoglobal.com\/fr\/wp-json\/wp\/v2\/product_cat?post=68611"},{"taxonomy":"product_tag","embeddable":true,"href":"https:\/\/delorenzoglobal.com\/fr\/wp-json\/wp\/v2\/product_tag?post=68611"}],"curies":[{"name":"wp","href":"https:\/\/api.w.org\/{rel}","templated":true}]}}