{"id":68583,"date":"2026-02-23T10:35:50","date_gmt":"2026-02-23T09:35:50","guid":{"rendered":"https:\/\/delorenzoglobal.com\/?post_type=product&#038;p=68583"},"modified":"2026-02-23T10:48:57","modified_gmt":"2026-02-23T09:48:57","slug":"assemblage-et-entretien-dune-pompe-a-engrenages-copia","status":"publish","type":"product","link":"https:\/\/delorenzoglobal.com\/fr\/produit\/assemblage-et-entretien-dune-pompe-a-engrenages-copia\/","title":{"rendered":"KIT DE MONTAGE DE VANNE D&rsquo;ARR\u00caT"},"content":{"rendered":"<p>Ce kit permet le montage et le d\u00e9montage d&rsquo;une vanne d&rsquo;arr\u00eat.<\/p>\n<p>Gr\u00e2ce \u00e0 la vue en coupe, les \u00e9l\u00e8ves peuvent \u00e9tudier chaque composant et son fonctionnement. Ils peuvent, par exemple, observer comment ce type de vanne emp\u00eache les coups de b\u00e9lier lors d&rsquo;une coupure de courant soudaine.<\/p>\n<p>Le mat\u00e9riel est fourni, rang\u00e9 et prot\u00e9g\u00e9 dans une mallette de transport, avec les outils n\u00e9cessaires \u00e0 son utilisation.<\/p>\n","protected":false},"excerpt":{"rendered":"<p>Ce kit permet le montage et le d\u00e9montage d&rsquo;une vanne d&rsquo;arr\u00eat. Gr\u00e2ce \u00e0 la vue en coupe, les \u00e9l\u00e8ves peuvent \u00e9tudier chaque composant et son fonctionnement. Ils peuvent, par exemple, observer comment ce type de vanne emp\u00eache les coups de b\u00e9lier lors d&rsquo;une coupure de courant soudaine. Le mat\u00e9riel est fourni, rang\u00e9 et prot\u00e9g\u00e9 dans [&hellip;]<\/p>\n","protected":false},"featured_media":68591,"template":"","meta":{"_acf_changed":false},"product_brand":[],"product_cat":[428],"product_tag":[],"class_list":{"0":"post-68583","1":"product","2":"type-product","3":"status-publish","4":"has-post-thumbnail","6":"product_cat-fondamentaux-de-la-mecanique-des-fluides","8":"first","9":"instock","10":"shipping-taxable","11":"product-type-simple"},"acf":[],"yoast_head":"<!-- This site is optimized with the Yoast SEO plugin v27.4 - https:\/\/yoast.com\/product\/yoast-seo-wordpress\/ -->\n<title>KIT DE MONTAGE DE VANNE D&#039;ARR\u00caT - De Lorenzo Training &amp; Didactical Equipment<\/title>\n<meta name=\"description\" content=\"Kit de formation pour \u00e9tudier les composants et le fonctionnement d\u2019une vanne d\u2019arr\u00eat, avec outils et bo\u00eete de transport.\" \/>\n<meta name=\"robots\" content=\"index, follow, max-snippet:-1, max-image-preview:large, max-video-preview:-1\" \/>\n<link rel=\"canonical\" href=\"https:\/\/delorenzoglobal.com\/fr\/produit\/assemblage-et-entretien-dune-pompe-a-engrenages-copia\/\" \/>\n<meta property=\"og:locale\" content=\"fr_FR\" \/>\n<meta property=\"og:type\" content=\"article\" \/>\n<meta property=\"og:title\" content=\"KIT DE MONTAGE DE VANNE D&#039;ARR\u00caT - De Lorenzo Training &amp; Didactical Equipment\" \/>\n<meta property=\"og:description\" content=\"Kit de formation pour \u00e9tudier les composants et le fonctionnement d\u2019une vanne d\u2019arr\u00eat, avec outils et bo\u00eete de transport.\" \/>\n<meta property=\"og:url\" content=\"https:\/\/delorenzoglobal.com\/fr\/produit\/assemblage-et-entretien-dune-pompe-a-engrenages-copia\/\" \/>\n<meta property=\"og:site_name\" content=\"De Lorenzo Training &amp; Didactical Equipment\" \/>\n<meta property=\"article:modified_time\" content=\"2026-02-23T09:48:57+00:00\" \/>\n<meta property=\"og:image\" content=\"https:\/\/delorenzoglobal.com\/wp-content\/uploads\/2026\/02\/DL-PSM09.jpg\" \/>\n\t<meta property=\"og:image:width\" content=\"890\" \/>\n\t<meta property=\"og:image:height\" content=\"810\" \/>\n\t<meta property=\"og:image:type\" content=\"image\/jpeg\" \/>\n<meta name=\"twitter:card\" content=\"summary_large_image\" \/>\n<meta name=\"twitter:label1\" content=\"Dur\u00e9e de lecture estim\u00e9e\" \/>\n\t<meta name=\"twitter:data1\" content=\"1 minute\" \/>\n<script type=\"application\/ld+json\" class=\"yoast-schema-graph\">{\"@context\":\"https:\\\/\\\/schema.org\",\"@graph\":[{\"@type\":\"WebPage\",\"@id\":\"https:\\\/\\\/delorenzoglobal.com\\\/fr\\\/produit\\\/assemblage-et-entretien-dune-pompe-a-engrenages-copia\\\/\",\"url\":\"https:\\\/\\\/delorenzoglobal.com\\\/fr\\\/produit\\\/assemblage-et-entretien-dune-pompe-a-engrenages-copia\\\/\",\"name\":\"KIT DE MONTAGE DE VANNE D'ARR\u00caT - De Lorenzo Training &amp; Didactical Equipment\",\"isPartOf\":{\"@id\":\"https:\\\/\\\/delorenzoglobal.com\\\/fr\\\/#website\"},\"primaryImageOfPage\":{\"@id\":\"https:\\\/\\\/delorenzoglobal.com\\\/fr\\\/produit\\\/assemblage-et-entretien-dune-pompe-a-engrenages-copia\\\/#primaryimage\"},\"image\":{\"@id\":\"https:\\\/\\\/delorenzoglobal.com\\\/fr\\\/produit\\\/assemblage-et-entretien-dune-pompe-a-engrenages-copia\\\/#primaryimage\"},\"thumbnailUrl\":\"https:\\\/\\\/delorenzoglobal.com\\\/wp-content\\\/uploads\\\/2026\\\/02\\\/DL-PSM09.jpg\",\"datePublished\":\"2026-02-23T09:35:50+00:00\",\"dateModified\":\"2026-02-23T09:48:57+00:00\",\"description\":\"Kit de formation pour \u00e9tudier les composants et le fonctionnement d\u2019une vanne d\u2019arr\u00eat, avec outils et bo\u00eete de transport.\",\"breadcrumb\":{\"@id\":\"https:\\\/\\\/delorenzoglobal.com\\\/fr\\\/produit\\\/assemblage-et-entretien-dune-pompe-a-engrenages-copia\\\/#breadcrumb\"},\"inLanguage\":\"fr-FR\",\"potentialAction\":[{\"@type\":\"ReadAction\",\"target\":[\"https:\\\/\\\/delorenzoglobal.com\\\/fr\\\/produit\\\/assemblage-et-entretien-dune-pompe-a-engrenages-copia\\\/\"]}]},{\"@type\":\"ImageObject\",\"inLanguage\":\"fr-FR\",\"@id\":\"https:\\\/\\\/delorenzoglobal.com\\\/fr\\\/produit\\\/assemblage-et-entretien-dune-pompe-a-engrenages-copia\\\/#primaryimage\",\"url\":\"https:\\\/\\\/delorenzoglobal.com\\\/wp-content\\\/uploads\\\/2026\\\/02\\\/DL-PSM09.jpg\",\"contentUrl\":\"https:\\\/\\\/delorenzoglobal.com\\\/wp-content\\\/uploads\\\/2026\\\/02\\\/DL-PSM09.jpg\",\"width\":890,\"height\":810},{\"@type\":\"BreadcrumbList\",\"@id\":\"https:\\\/\\\/delorenzoglobal.com\\\/fr\\\/produit\\\/assemblage-et-entretien-dune-pompe-a-engrenages-copia\\\/#breadcrumb\",\"itemListElement\":[{\"@type\":\"ListItem\",\"position\":1,\"name\":\"Home\",\"item\":\"https:\\\/\\\/delorenzoglobal.com\\\/fr\\\/\"},{\"@type\":\"ListItem\",\"position\":2,\"name\":\"Boutique\",\"item\":\"https:\\\/\\\/delorenzoglobal.com\\\/fr\\\/boutique\\\/\"},{\"@type\":\"ListItem\",\"position\":3,\"name\":\"KIT DE MONTAGE DE VANNE D&#8217;ARR\u00caT\"}]},{\"@type\":\"WebSite\",\"@id\":\"https:\\\/\\\/delorenzoglobal.com\\\/fr\\\/#website\",\"url\":\"https:\\\/\\\/delorenzoglobal.com\\\/fr\\\/\",\"name\":\"De Lorenzo Training &amp; Didactical Equipment\",\"description\":\"\",\"potentialAction\":[{\"@type\":\"SearchAction\",\"target\":{\"@type\":\"EntryPoint\",\"urlTemplate\":\"https:\\\/\\\/delorenzoglobal.com\\\/fr\\\/?s={search_term_string}\"},\"query-input\":{\"@type\":\"PropertyValueSpecification\",\"valueRequired\":true,\"valueName\":\"search_term_string\"}}],\"inLanguage\":\"fr-FR\"}]}<\/script>\n<!-- \/ Yoast SEO plugin. -->","yoast_head_json":{"title":"KIT DE MONTAGE DE VANNE D'ARR\u00caT - De Lorenzo Training &amp; Didactical Equipment","description":"Kit de formation pour \u00e9tudier les composants et le fonctionnement d\u2019une vanne d\u2019arr\u00eat, avec outils et bo\u00eete de transport.","robots":{"index":"index","follow":"follow","max-snippet":"max-snippet:-1","max-image-preview":"max-image-preview:large","max-video-preview":"max-video-preview:-1"},"canonical":"https:\/\/delorenzoglobal.com\/fr\/produit\/assemblage-et-entretien-dune-pompe-a-engrenages-copia\/","og_locale":"fr_FR","og_type":"article","og_title":"KIT DE MONTAGE DE VANNE D'ARR\u00caT - De Lorenzo Training &amp; Didactical Equipment","og_description":"Kit de formation pour \u00e9tudier les composants et le fonctionnement d\u2019une vanne d\u2019arr\u00eat, avec outils et bo\u00eete de transport.","og_url":"https:\/\/delorenzoglobal.com\/fr\/produit\/assemblage-et-entretien-dune-pompe-a-engrenages-copia\/","og_site_name":"De Lorenzo Training &amp; Didactical Equipment","article_modified_time":"2026-02-23T09:48:57+00:00","og_image":[{"width":890,"height":810,"url":"https:\/\/delorenzoglobal.com\/wp-content\/uploads\/2026\/02\/DL-PSM09.jpg","type":"image\/jpeg"}],"twitter_card":"summary_large_image","twitter_misc":{"Dur\u00e9e de lecture estim\u00e9e":"1 minute"},"schema":{"@context":"https:\/\/schema.org","@graph":[{"@type":"WebPage","@id":"https:\/\/delorenzoglobal.com\/fr\/produit\/assemblage-et-entretien-dune-pompe-a-engrenages-copia\/","url":"https:\/\/delorenzoglobal.com\/fr\/produit\/assemblage-et-entretien-dune-pompe-a-engrenages-copia\/","name":"KIT DE MONTAGE DE VANNE D'ARR\u00caT - De Lorenzo Training &amp; Didactical Equipment","isPartOf":{"@id":"https:\/\/delorenzoglobal.com\/fr\/#website"},"primaryImageOfPage":{"@id":"https:\/\/delorenzoglobal.com\/fr\/produit\/assemblage-et-entretien-dune-pompe-a-engrenages-copia\/#primaryimage"},"image":{"@id":"https:\/\/delorenzoglobal.com\/fr\/produit\/assemblage-et-entretien-dune-pompe-a-engrenages-copia\/#primaryimage"},"thumbnailUrl":"https:\/\/delorenzoglobal.com\/wp-content\/uploads\/2026\/02\/DL-PSM09.jpg","datePublished":"2026-02-23T09:35:50+00:00","dateModified":"2026-02-23T09:48:57+00:00","description":"Kit de formation pour \u00e9tudier les composants et le fonctionnement d\u2019une vanne d\u2019arr\u00eat, avec outils et bo\u00eete de transport.","breadcrumb":{"@id":"https:\/\/delorenzoglobal.com\/fr\/produit\/assemblage-et-entretien-dune-pompe-a-engrenages-copia\/#breadcrumb"},"inLanguage":"fr-FR","potentialAction":[{"@type":"ReadAction","target":["https:\/\/delorenzoglobal.com\/fr\/produit\/assemblage-et-entretien-dune-pompe-a-engrenages-copia\/"]}]},{"@type":"ImageObject","inLanguage":"fr-FR","@id":"https:\/\/delorenzoglobal.com\/fr\/produit\/assemblage-et-entretien-dune-pompe-a-engrenages-copia\/#primaryimage","url":"https:\/\/delorenzoglobal.com\/wp-content\/uploads\/2026\/02\/DL-PSM09.jpg","contentUrl":"https:\/\/delorenzoglobal.com\/wp-content\/uploads\/2026\/02\/DL-PSM09.jpg","width":890,"height":810},{"@type":"BreadcrumbList","@id":"https:\/\/delorenzoglobal.com\/fr\/produit\/assemblage-et-entretien-dune-pompe-a-engrenages-copia\/#breadcrumb","itemListElement":[{"@type":"ListItem","position":1,"name":"Home","item":"https:\/\/delorenzoglobal.com\/fr\/"},{"@type":"ListItem","position":2,"name":"Boutique","item":"https:\/\/delorenzoglobal.com\/fr\/boutique\/"},{"@type":"ListItem","position":3,"name":"KIT DE MONTAGE DE VANNE D&#8217;ARR\u00caT"}]},{"@type":"WebSite","@id":"https:\/\/delorenzoglobal.com\/fr\/#website","url":"https:\/\/delorenzoglobal.com\/fr\/","name":"De Lorenzo Training &amp; Didactical Equipment","description":"","potentialAction":[{"@type":"SearchAction","target":{"@type":"EntryPoint","urlTemplate":"https:\/\/delorenzoglobal.com\/fr\/?s={search_term_string}"},"query-input":{"@type":"PropertyValueSpecification","valueRequired":true,"valueName":"search_term_string"}}],"inLanguage":"fr-FR"}]}},"_links":{"self":[{"href":"https:\/\/delorenzoglobal.com\/fr\/wp-json\/wp\/v2\/product\/68583","targetHints":{"allow":["GET"]}}],"collection":[{"href":"https:\/\/delorenzoglobal.com\/fr\/wp-json\/wp\/v2\/product"}],"about":[{"href":"https:\/\/delorenzoglobal.com\/fr\/wp-json\/wp\/v2\/types\/product"}],"wp:featuredmedia":[{"embeddable":true,"href":"https:\/\/delorenzoglobal.com\/fr\/wp-json\/wp\/v2\/media\/68591"}],"wp:attachment":[{"href":"https:\/\/delorenzoglobal.com\/fr\/wp-json\/wp\/v2\/media?parent=68583"}],"wp:term":[{"taxonomy":"product_brand","embeddable":true,"href":"https:\/\/delorenzoglobal.com\/fr\/wp-json\/wp\/v2\/product_brand?post=68583"},{"taxonomy":"product_cat","embeddable":true,"href":"https:\/\/delorenzoglobal.com\/fr\/wp-json\/wp\/v2\/product_cat?post=68583"},{"taxonomy":"product_tag","embeddable":true,"href":"https:\/\/delorenzoglobal.com\/fr\/wp-json\/wp\/v2\/product_tag?post=68583"}],"curies":[{"name":"wp","href":"https:\/\/api.w.org\/{rel}","templated":true}]}}