{"id":68555,"date":"2026-02-23T10:15:04","date_gmt":"2026-02-23T09:15:04","guid":{"rendered":"https:\/\/delorenzoglobal.com\/?post_type=product&#038;p=68555"},"modified":"2026-02-23T10:30:16","modified_gmt":"2026-02-23T09:30:16","slug":"montage-et-entretien-de-la-pompe-a-piston-copia","status":"publish","type":"product","link":"https:\/\/delorenzoglobal.com\/fr\/produit\/montage-et-entretien-de-la-pompe-a-piston-copia\/","title":{"rendered":"ASSEMBLAGE ET ENTRETIEN D&rsquo;UNE POMPE \u00c0 ENGRENAGES"},"content":{"rendered":"<p>Ce kit d&rsquo;assemblage permet le montage et la maintenance d&rsquo;une pompe \u00e0 engrenages g\u00e9n\u00e9ralement utilis\u00e9e avec des fluides \u00e0 haute viscosit\u00e9 exempts de particules solides.<\/p>\n<p>Dans ce type de pompe, le d\u00e9bit est proportionnel \u00e0 la vitesse de rotation des engrenages (tr\/min), ce qui permet d&rsquo;atteindre des pressions et des d\u00e9bits \u00e9lev\u00e9s.<\/p>\n<p>Gr\u00e2ce \u00e0 la vue en coupe, les \u00e9tudiants peuvent identifier tous les composants de la pompe et comprendre leur fonctionnement.<\/p>\n<p>L&rsquo;\u00e9quipement est livr\u00e9 dans une mallette de transport, prot\u00e9g\u00e9 et accompagn\u00e9 des outils n\u00e9cessaires \u00e0 son utilisation.<\/p>\n<p>Le manuel d&rsquo;utilisation, fourni avec l&rsquo;\u00e9quipement, illustre clairement, \u00e0 l&rsquo;aide de nombreuses illustrations, l&rsquo;ensemble du processus de fonctionnement.<\/p>\n","protected":false},"excerpt":{"rendered":"<p>Ce kit d&rsquo;assemblage permet le montage et la maintenance d&rsquo;une pompe \u00e0 engrenages g\u00e9n\u00e9ralement utilis\u00e9e avec des fluides \u00e0 haute viscosit\u00e9 exempts de particules solides. Dans ce type de pompe, le d\u00e9bit est proportionnel \u00e0 la vitesse de rotation des engrenages (tr\/min), ce qui permet d&rsquo;atteindre des pressions et des d\u00e9bits \u00e9lev\u00e9s. Gr\u00e2ce \u00e0 la [&hellip;]<\/p>\n","protected":false},"featured_media":68563,"template":"","meta":{"_acf_changed":false},"product_brand":[],"product_cat":[428],"product_tag":[],"class_list":{"0":"post-68555","1":"product","2":"type-product","3":"status-publish","4":"has-post-thumbnail","6":"product_cat-fondamentaux-de-la-mecanique-des-fluides","8":"first","9":"instock","10":"shipping-taxable","11":"product-type-simple"},"acf":[],"yoast_head":"<!-- This site is optimized with the Yoast SEO plugin v27.4 - https:\/\/yoast.com\/product\/yoast-seo-wordpress\/ -->\n<title>ASSEMBLAGE ET ENTRETIEN D&#039;UNE POMPE \u00c0 ENGRENAGES - De Lorenzo Training &amp; Didactical Equipment<\/title>\n<meta name=\"description\" content=\"Kit de formation pour l\u2019assemblage et la maintenance d\u2019une pompe \u00e0 engrenages, avec outils, manuel illustr\u00e9 et bo\u00eete de transport.\" \/>\n<meta name=\"robots\" content=\"index, follow, max-snippet:-1, max-image-preview:large, max-video-preview:-1\" \/>\n<link rel=\"canonical\" href=\"https:\/\/delorenzoglobal.com\/fr\/produit\/montage-et-entretien-de-la-pompe-a-piston-copia\/\" \/>\n<meta property=\"og:locale\" content=\"fr_FR\" \/>\n<meta property=\"og:type\" content=\"article\" \/>\n<meta property=\"og:title\" content=\"ASSEMBLAGE ET ENTRETIEN D&#039;UNE POMPE \u00c0 ENGRENAGES - De Lorenzo Training &amp; Didactical Equipment\" \/>\n<meta property=\"og:description\" content=\"Kit de formation pour l\u2019assemblage et la maintenance d\u2019une pompe \u00e0 engrenages, avec outils, manuel illustr\u00e9 et bo\u00eete de transport.\" \/>\n<meta property=\"og:url\" content=\"https:\/\/delorenzoglobal.com\/fr\/produit\/montage-et-entretien-de-la-pompe-a-piston-copia\/\" \/>\n<meta property=\"og:site_name\" content=\"De Lorenzo Training &amp; Didactical Equipment\" \/>\n<meta property=\"article:modified_time\" content=\"2026-02-23T09:30:16+00:00\" \/>\n<meta property=\"og:image\" content=\"https:\/\/delorenzoglobal.com\/wp-content\/uploads\/2026\/02\/DL-PSM07.jpg\" \/>\n\t<meta property=\"og:image:width\" content=\"890\" \/>\n\t<meta property=\"og:image:height\" content=\"810\" \/>\n\t<meta property=\"og:image:type\" content=\"image\/jpeg\" \/>\n<meta name=\"twitter:card\" content=\"summary_large_image\" \/>\n<meta name=\"twitter:label1\" content=\"Dur\u00e9e de lecture estim\u00e9e\" \/>\n\t<meta name=\"twitter:data1\" content=\"1 minute\" \/>\n<script type=\"application\/ld+json\" class=\"yoast-schema-graph\">{\"@context\":\"https:\\\/\\\/schema.org\",\"@graph\":[{\"@type\":\"WebPage\",\"@id\":\"https:\\\/\\\/delorenzoglobal.com\\\/fr\\\/produit\\\/montage-et-entretien-de-la-pompe-a-piston-copia\\\/\",\"url\":\"https:\\\/\\\/delorenzoglobal.com\\\/fr\\\/produit\\\/montage-et-entretien-de-la-pompe-a-piston-copia\\\/\",\"name\":\"ASSEMBLAGE ET ENTRETIEN D'UNE POMPE \u00c0 ENGRENAGES - De Lorenzo Training &amp; Didactical Equipment\",\"isPartOf\":{\"@id\":\"https:\\\/\\\/delorenzoglobal.com\\\/fr\\\/#website\"},\"primaryImageOfPage\":{\"@id\":\"https:\\\/\\\/delorenzoglobal.com\\\/fr\\\/produit\\\/montage-et-entretien-de-la-pompe-a-piston-copia\\\/#primaryimage\"},\"image\":{\"@id\":\"https:\\\/\\\/delorenzoglobal.com\\\/fr\\\/produit\\\/montage-et-entretien-de-la-pompe-a-piston-copia\\\/#primaryimage\"},\"thumbnailUrl\":\"https:\\\/\\\/delorenzoglobal.com\\\/wp-content\\\/uploads\\\/2026\\\/02\\\/DL-PSM07.jpg\",\"datePublished\":\"2026-02-23T09:15:04+00:00\",\"dateModified\":\"2026-02-23T09:30:16+00:00\",\"description\":\"Kit de formation pour l\u2019assemblage et la maintenance d\u2019une pompe \u00e0 engrenages, avec outils, manuel illustr\u00e9 et bo\u00eete de transport.\",\"breadcrumb\":{\"@id\":\"https:\\\/\\\/delorenzoglobal.com\\\/fr\\\/produit\\\/montage-et-entretien-de-la-pompe-a-piston-copia\\\/#breadcrumb\"},\"inLanguage\":\"fr-FR\",\"potentialAction\":[{\"@type\":\"ReadAction\",\"target\":[\"https:\\\/\\\/delorenzoglobal.com\\\/fr\\\/produit\\\/montage-et-entretien-de-la-pompe-a-piston-copia\\\/\"]}]},{\"@type\":\"ImageObject\",\"inLanguage\":\"fr-FR\",\"@id\":\"https:\\\/\\\/delorenzoglobal.com\\\/fr\\\/produit\\\/montage-et-entretien-de-la-pompe-a-piston-copia\\\/#primaryimage\",\"url\":\"https:\\\/\\\/delorenzoglobal.com\\\/wp-content\\\/uploads\\\/2026\\\/02\\\/DL-PSM07.jpg\",\"contentUrl\":\"https:\\\/\\\/delorenzoglobal.com\\\/wp-content\\\/uploads\\\/2026\\\/02\\\/DL-PSM07.jpg\",\"width\":890,\"height\":810},{\"@type\":\"BreadcrumbList\",\"@id\":\"https:\\\/\\\/delorenzoglobal.com\\\/fr\\\/produit\\\/montage-et-entretien-de-la-pompe-a-piston-copia\\\/#breadcrumb\",\"itemListElement\":[{\"@type\":\"ListItem\",\"position\":1,\"name\":\"Home\",\"item\":\"https:\\\/\\\/delorenzoglobal.com\\\/fr\\\/\"},{\"@type\":\"ListItem\",\"position\":2,\"name\":\"Boutique\",\"item\":\"https:\\\/\\\/delorenzoglobal.com\\\/fr\\\/boutique\\\/\"},{\"@type\":\"ListItem\",\"position\":3,\"name\":\"ASSEMBLAGE ET ENTRETIEN D&#8217;UNE POMPE \u00c0 ENGRENAGES\"}]},{\"@type\":\"WebSite\",\"@id\":\"https:\\\/\\\/delorenzoglobal.com\\\/fr\\\/#website\",\"url\":\"https:\\\/\\\/delorenzoglobal.com\\\/fr\\\/\",\"name\":\"De Lorenzo Training &amp; Didactical Equipment\",\"description\":\"\",\"potentialAction\":[{\"@type\":\"SearchAction\",\"target\":{\"@type\":\"EntryPoint\",\"urlTemplate\":\"https:\\\/\\\/delorenzoglobal.com\\\/fr\\\/?s={search_term_string}\"},\"query-input\":{\"@type\":\"PropertyValueSpecification\",\"valueRequired\":true,\"valueName\":\"search_term_string\"}}],\"inLanguage\":\"fr-FR\"}]}<\/script>\n<!-- \/ Yoast SEO plugin. -->","yoast_head_json":{"title":"ASSEMBLAGE ET ENTRETIEN D'UNE POMPE \u00c0 ENGRENAGES - De Lorenzo Training &amp; Didactical Equipment","description":"Kit de formation pour l\u2019assemblage et la maintenance d\u2019une pompe \u00e0 engrenages, avec outils, manuel illustr\u00e9 et bo\u00eete de transport.","robots":{"index":"index","follow":"follow","max-snippet":"max-snippet:-1","max-image-preview":"max-image-preview:large","max-video-preview":"max-video-preview:-1"},"canonical":"https:\/\/delorenzoglobal.com\/fr\/produit\/montage-et-entretien-de-la-pompe-a-piston-copia\/","og_locale":"fr_FR","og_type":"article","og_title":"ASSEMBLAGE ET ENTRETIEN D'UNE POMPE \u00c0 ENGRENAGES - De Lorenzo Training &amp; Didactical Equipment","og_description":"Kit de formation pour l\u2019assemblage et la maintenance d\u2019une pompe \u00e0 engrenages, avec outils, manuel illustr\u00e9 et bo\u00eete de transport.","og_url":"https:\/\/delorenzoglobal.com\/fr\/produit\/montage-et-entretien-de-la-pompe-a-piston-copia\/","og_site_name":"De Lorenzo Training &amp; Didactical Equipment","article_modified_time":"2026-02-23T09:30:16+00:00","og_image":[{"width":890,"height":810,"url":"https:\/\/delorenzoglobal.com\/wp-content\/uploads\/2026\/02\/DL-PSM07.jpg","type":"image\/jpeg"}],"twitter_card":"summary_large_image","twitter_misc":{"Dur\u00e9e de lecture estim\u00e9e":"1 minute"},"schema":{"@context":"https:\/\/schema.org","@graph":[{"@type":"WebPage","@id":"https:\/\/delorenzoglobal.com\/fr\/produit\/montage-et-entretien-de-la-pompe-a-piston-copia\/","url":"https:\/\/delorenzoglobal.com\/fr\/produit\/montage-et-entretien-de-la-pompe-a-piston-copia\/","name":"ASSEMBLAGE ET ENTRETIEN D'UNE POMPE \u00c0 ENGRENAGES - De Lorenzo Training &amp; Didactical Equipment","isPartOf":{"@id":"https:\/\/delorenzoglobal.com\/fr\/#website"},"primaryImageOfPage":{"@id":"https:\/\/delorenzoglobal.com\/fr\/produit\/montage-et-entretien-de-la-pompe-a-piston-copia\/#primaryimage"},"image":{"@id":"https:\/\/delorenzoglobal.com\/fr\/produit\/montage-et-entretien-de-la-pompe-a-piston-copia\/#primaryimage"},"thumbnailUrl":"https:\/\/delorenzoglobal.com\/wp-content\/uploads\/2026\/02\/DL-PSM07.jpg","datePublished":"2026-02-23T09:15:04+00:00","dateModified":"2026-02-23T09:30:16+00:00","description":"Kit de formation pour l\u2019assemblage et la maintenance d\u2019une pompe \u00e0 engrenages, avec outils, manuel illustr\u00e9 et bo\u00eete de transport.","breadcrumb":{"@id":"https:\/\/delorenzoglobal.com\/fr\/produit\/montage-et-entretien-de-la-pompe-a-piston-copia\/#breadcrumb"},"inLanguage":"fr-FR","potentialAction":[{"@type":"ReadAction","target":["https:\/\/delorenzoglobal.com\/fr\/produit\/montage-et-entretien-de-la-pompe-a-piston-copia\/"]}]},{"@type":"ImageObject","inLanguage":"fr-FR","@id":"https:\/\/delorenzoglobal.com\/fr\/produit\/montage-et-entretien-de-la-pompe-a-piston-copia\/#primaryimage","url":"https:\/\/delorenzoglobal.com\/wp-content\/uploads\/2026\/02\/DL-PSM07.jpg","contentUrl":"https:\/\/delorenzoglobal.com\/wp-content\/uploads\/2026\/02\/DL-PSM07.jpg","width":890,"height":810},{"@type":"BreadcrumbList","@id":"https:\/\/delorenzoglobal.com\/fr\/produit\/montage-et-entretien-de-la-pompe-a-piston-copia\/#breadcrumb","itemListElement":[{"@type":"ListItem","position":1,"name":"Home","item":"https:\/\/delorenzoglobal.com\/fr\/"},{"@type":"ListItem","position":2,"name":"Boutique","item":"https:\/\/delorenzoglobal.com\/fr\/boutique\/"},{"@type":"ListItem","position":3,"name":"ASSEMBLAGE ET ENTRETIEN D&#8217;UNE POMPE \u00c0 ENGRENAGES"}]},{"@type":"WebSite","@id":"https:\/\/delorenzoglobal.com\/fr\/#website","url":"https:\/\/delorenzoglobal.com\/fr\/","name":"De Lorenzo Training &amp; Didactical Equipment","description":"","potentialAction":[{"@type":"SearchAction","target":{"@type":"EntryPoint","urlTemplate":"https:\/\/delorenzoglobal.com\/fr\/?s={search_term_string}"},"query-input":{"@type":"PropertyValueSpecification","valueRequired":true,"valueName":"search_term_string"}}],"inLanguage":"fr-FR"}]}},"_links":{"self":[{"href":"https:\/\/delorenzoglobal.com\/fr\/wp-json\/wp\/v2\/product\/68555","targetHints":{"allow":["GET"]}}],"collection":[{"href":"https:\/\/delorenzoglobal.com\/fr\/wp-json\/wp\/v2\/product"}],"about":[{"href":"https:\/\/delorenzoglobal.com\/fr\/wp-json\/wp\/v2\/types\/product"}],"wp:featuredmedia":[{"embeddable":true,"href":"https:\/\/delorenzoglobal.com\/fr\/wp-json\/wp\/v2\/media\/68563"}],"wp:attachment":[{"href":"https:\/\/delorenzoglobal.com\/fr\/wp-json\/wp\/v2\/media?parent=68555"}],"wp:term":[{"taxonomy":"product_brand","embeddable":true,"href":"https:\/\/delorenzoglobal.com\/fr\/wp-json\/wp\/v2\/product_brand?post=68555"},{"taxonomy":"product_cat","embeddable":true,"href":"https:\/\/delorenzoglobal.com\/fr\/wp-json\/wp\/v2\/product_cat?post=68555"},{"taxonomy":"product_tag","embeddable":true,"href":"https:\/\/delorenzoglobal.com\/fr\/wp-json\/wp\/v2\/product_tag?post=68555"}],"curies":[{"name":"wp","href":"https:\/\/api.w.org\/{rel}","templated":true}]}}