{"id":68526,"date":"2026-02-23T09:44:17","date_gmt":"2026-02-23T08:44:17","guid":{"rendered":"https:\/\/delorenzoglobal.com\/?post_type=product&#038;p=68526"},"modified":"2026-02-23T10:10:24","modified_gmt":"2026-02-23T09:10:24","slug":"assemblage-et-entretien-dune-pompe-a-diaphragme-copia","status":"publish","type":"product","link":"https:\/\/delorenzoglobal.com\/fr\/produit\/assemblage-et-entretien-dune-pompe-a-diaphragme-copia\/","title":{"rendered":"MONTAGE ET ENTRETIEN DE LA POMPE \u00c0 PISTON"},"content":{"rendered":"<p>Ce kit d&rsquo;assemblage permet le montage et l&rsquo;entretien d&rsquo;une pompe \u00e0 piston couramment utilis\u00e9e dans le b\u00e2timent, l&rsquo;industrie et le jardinage.<\/p>\n<p>\u00c0 vitesse constante, le d\u00e9bit volumique de ce type de pompe reste constant malgr\u00e9 les variations de pression.<\/p>\n<p>Gr\u00e2ce \u00e0 sa conception en coupe, les \u00e9tudiants peuvent observer tous les composants de la pompe et comprendre leur fonctionnement.<\/p>\n<p>L&rsquo;\u00e9quipement est livr\u00e9 dans une mallette de transport, prot\u00e9g\u00e9 et accompagn\u00e9 des outils n\u00e9cessaires \u00e0 son utilisation.<\/p>\n<p>Le manuel d&rsquo;utilisation fourni avec l&rsquo;\u00e9quipement illustre clairement, \u00e0 l&rsquo;aide de nombreuses illustrations, l&rsquo;ensemble du processus de fonctionnement.<\/p>\n","protected":false},"excerpt":{"rendered":"<p>Ce kit d&rsquo;assemblage permet le montage et l&rsquo;entretien d&rsquo;une pompe \u00e0 piston couramment utilis\u00e9e dans le b\u00e2timent, l&rsquo;industrie et le jardinage. \u00c0 vitesse constante, le d\u00e9bit volumique de ce type de pompe reste constant malgr\u00e9 les variations de pression. Gr\u00e2ce \u00e0 sa conception en coupe, les \u00e9tudiants peuvent observer tous les composants de la pompe [&hellip;]<\/p>\n","protected":false},"featured_media":68533,"template":"","meta":{"_acf_changed":false},"product_brand":[],"product_cat":[428],"product_tag":[],"class_list":{"0":"post-68526","1":"product","2":"type-product","3":"status-publish","4":"has-post-thumbnail","6":"product_cat-fondamentaux-de-la-mecanique-des-fluides","8":"first","9":"instock","10":"shipping-taxable","11":"product-type-simple"},"acf":[],"yoast_head":"<!-- This site is optimized with the Yoast SEO plugin v27.4 - https:\/\/yoast.com\/product\/yoast-seo-wordpress\/ -->\n<title>MONTAGE ET ENTRETIEN DE LA POMPE \u00c0 PISTON - De Lorenzo Training &amp; Didactical Equipment<\/title>\n<meta name=\"description\" content=\"Kit complet avec outils et manuel illustr\u00e9, id\u00e9al pour b\u00e2timent, industrie et jardinage.\" \/>\n<meta name=\"robots\" content=\"index, follow, max-snippet:-1, max-image-preview:large, max-video-preview:-1\" \/>\n<link rel=\"canonical\" href=\"https:\/\/delorenzoglobal.com\/fr\/produit\/assemblage-et-entretien-dune-pompe-a-diaphragme-copia\/\" \/>\n<meta property=\"og:locale\" content=\"fr_FR\" \/>\n<meta property=\"og:type\" content=\"article\" \/>\n<meta property=\"og:title\" content=\"MONTAGE ET ENTRETIEN DE LA POMPE \u00c0 PISTON - De Lorenzo Training &amp; Didactical Equipment\" \/>\n<meta property=\"og:description\" content=\"Kit complet avec outils et manuel illustr\u00e9, id\u00e9al pour b\u00e2timent, industrie et jardinage.\" \/>\n<meta property=\"og:url\" content=\"https:\/\/delorenzoglobal.com\/fr\/produit\/assemblage-et-entretien-dune-pompe-a-diaphragme-copia\/\" \/>\n<meta property=\"og:site_name\" content=\"De Lorenzo Training &amp; Didactical Equipment\" \/>\n<meta property=\"article:modified_time\" content=\"2026-02-23T09:10:24+00:00\" \/>\n<meta property=\"og:image\" content=\"https:\/\/delorenzoglobal.com\/wp-content\/uploads\/2026\/02\/DL-PSM06.jpg\" \/>\n\t<meta property=\"og:image:width\" content=\"890\" \/>\n\t<meta property=\"og:image:height\" content=\"810\" \/>\n\t<meta property=\"og:image:type\" content=\"image\/jpeg\" \/>\n<meta name=\"twitter:card\" content=\"summary_large_image\" \/>\n<meta name=\"twitter:label1\" content=\"Dur\u00e9e de lecture estim\u00e9e\" \/>\n\t<meta name=\"twitter:data1\" content=\"1 minute\" \/>\n<script type=\"application\/ld+json\" class=\"yoast-schema-graph\">{\"@context\":\"https:\\\/\\\/schema.org\",\"@graph\":[{\"@type\":\"WebPage\",\"@id\":\"https:\\\/\\\/delorenzoglobal.com\\\/fr\\\/produit\\\/assemblage-et-entretien-dune-pompe-a-diaphragme-copia\\\/\",\"url\":\"https:\\\/\\\/delorenzoglobal.com\\\/fr\\\/produit\\\/assemblage-et-entretien-dune-pompe-a-diaphragme-copia\\\/\",\"name\":\"MONTAGE ET ENTRETIEN DE LA POMPE \u00c0 PISTON - De Lorenzo Training &amp; Didactical Equipment\",\"isPartOf\":{\"@id\":\"https:\\\/\\\/delorenzoglobal.com\\\/fr\\\/#website\"},\"primaryImageOfPage\":{\"@id\":\"https:\\\/\\\/delorenzoglobal.com\\\/fr\\\/produit\\\/assemblage-et-entretien-dune-pompe-a-diaphragme-copia\\\/#primaryimage\"},\"image\":{\"@id\":\"https:\\\/\\\/delorenzoglobal.com\\\/fr\\\/produit\\\/assemblage-et-entretien-dune-pompe-a-diaphragme-copia\\\/#primaryimage\"},\"thumbnailUrl\":\"https:\\\/\\\/delorenzoglobal.com\\\/wp-content\\\/uploads\\\/2026\\\/02\\\/DL-PSM06.jpg\",\"datePublished\":\"2026-02-23T08:44:17+00:00\",\"dateModified\":\"2026-02-23T09:10:24+00:00\",\"description\":\"Kit complet avec outils et manuel illustr\u00e9, id\u00e9al pour b\u00e2timent, industrie et jardinage.\",\"breadcrumb\":{\"@id\":\"https:\\\/\\\/delorenzoglobal.com\\\/fr\\\/produit\\\/assemblage-et-entretien-dune-pompe-a-diaphragme-copia\\\/#breadcrumb\"},\"inLanguage\":\"fr-FR\",\"potentialAction\":[{\"@type\":\"ReadAction\",\"target\":[\"https:\\\/\\\/delorenzoglobal.com\\\/fr\\\/produit\\\/assemblage-et-entretien-dune-pompe-a-diaphragme-copia\\\/\"]}]},{\"@type\":\"ImageObject\",\"inLanguage\":\"fr-FR\",\"@id\":\"https:\\\/\\\/delorenzoglobal.com\\\/fr\\\/produit\\\/assemblage-et-entretien-dune-pompe-a-diaphragme-copia\\\/#primaryimage\",\"url\":\"https:\\\/\\\/delorenzoglobal.com\\\/wp-content\\\/uploads\\\/2026\\\/02\\\/DL-PSM06.jpg\",\"contentUrl\":\"https:\\\/\\\/delorenzoglobal.com\\\/wp-content\\\/uploads\\\/2026\\\/02\\\/DL-PSM06.jpg\",\"width\":890,\"height\":810},{\"@type\":\"BreadcrumbList\",\"@id\":\"https:\\\/\\\/delorenzoglobal.com\\\/fr\\\/produit\\\/assemblage-et-entretien-dune-pompe-a-diaphragme-copia\\\/#breadcrumb\",\"itemListElement\":[{\"@type\":\"ListItem\",\"position\":1,\"name\":\"Home\",\"item\":\"https:\\\/\\\/delorenzoglobal.com\\\/fr\\\/\"},{\"@type\":\"ListItem\",\"position\":2,\"name\":\"Boutique\",\"item\":\"https:\\\/\\\/delorenzoglobal.com\\\/fr\\\/boutique\\\/\"},{\"@type\":\"ListItem\",\"position\":3,\"name\":\"MONTAGE ET ENTRETIEN DE LA POMPE \u00c0 PISTON\"}]},{\"@type\":\"WebSite\",\"@id\":\"https:\\\/\\\/delorenzoglobal.com\\\/fr\\\/#website\",\"url\":\"https:\\\/\\\/delorenzoglobal.com\\\/fr\\\/\",\"name\":\"De Lorenzo Training &amp; Didactical Equipment\",\"description\":\"\",\"potentialAction\":[{\"@type\":\"SearchAction\",\"target\":{\"@type\":\"EntryPoint\",\"urlTemplate\":\"https:\\\/\\\/delorenzoglobal.com\\\/fr\\\/?s={search_term_string}\"},\"query-input\":{\"@type\":\"PropertyValueSpecification\",\"valueRequired\":true,\"valueName\":\"search_term_string\"}}],\"inLanguage\":\"fr-FR\"}]}<\/script>\n<!-- \/ Yoast SEO plugin. -->","yoast_head_json":{"title":"MONTAGE ET ENTRETIEN DE LA POMPE \u00c0 PISTON - De Lorenzo Training &amp; Didactical Equipment","description":"Kit complet avec outils et manuel illustr\u00e9, id\u00e9al pour b\u00e2timent, industrie et jardinage.","robots":{"index":"index","follow":"follow","max-snippet":"max-snippet:-1","max-image-preview":"max-image-preview:large","max-video-preview":"max-video-preview:-1"},"canonical":"https:\/\/delorenzoglobal.com\/fr\/produit\/assemblage-et-entretien-dune-pompe-a-diaphragme-copia\/","og_locale":"fr_FR","og_type":"article","og_title":"MONTAGE ET ENTRETIEN DE LA POMPE \u00c0 PISTON - De Lorenzo Training &amp; Didactical Equipment","og_description":"Kit complet avec outils et manuel illustr\u00e9, id\u00e9al pour b\u00e2timent, industrie et jardinage.","og_url":"https:\/\/delorenzoglobal.com\/fr\/produit\/assemblage-et-entretien-dune-pompe-a-diaphragme-copia\/","og_site_name":"De Lorenzo Training &amp; Didactical Equipment","article_modified_time":"2026-02-23T09:10:24+00:00","og_image":[{"width":890,"height":810,"url":"https:\/\/delorenzoglobal.com\/wp-content\/uploads\/2026\/02\/DL-PSM06.jpg","type":"image\/jpeg"}],"twitter_card":"summary_large_image","twitter_misc":{"Dur\u00e9e de lecture estim\u00e9e":"1 minute"},"schema":{"@context":"https:\/\/schema.org","@graph":[{"@type":"WebPage","@id":"https:\/\/delorenzoglobal.com\/fr\/produit\/assemblage-et-entretien-dune-pompe-a-diaphragme-copia\/","url":"https:\/\/delorenzoglobal.com\/fr\/produit\/assemblage-et-entretien-dune-pompe-a-diaphragme-copia\/","name":"MONTAGE ET ENTRETIEN DE LA POMPE \u00c0 PISTON - De Lorenzo Training &amp; Didactical Equipment","isPartOf":{"@id":"https:\/\/delorenzoglobal.com\/fr\/#website"},"primaryImageOfPage":{"@id":"https:\/\/delorenzoglobal.com\/fr\/produit\/assemblage-et-entretien-dune-pompe-a-diaphragme-copia\/#primaryimage"},"image":{"@id":"https:\/\/delorenzoglobal.com\/fr\/produit\/assemblage-et-entretien-dune-pompe-a-diaphragme-copia\/#primaryimage"},"thumbnailUrl":"https:\/\/delorenzoglobal.com\/wp-content\/uploads\/2026\/02\/DL-PSM06.jpg","datePublished":"2026-02-23T08:44:17+00:00","dateModified":"2026-02-23T09:10:24+00:00","description":"Kit complet avec outils et manuel illustr\u00e9, id\u00e9al pour b\u00e2timent, industrie et jardinage.","breadcrumb":{"@id":"https:\/\/delorenzoglobal.com\/fr\/produit\/assemblage-et-entretien-dune-pompe-a-diaphragme-copia\/#breadcrumb"},"inLanguage":"fr-FR","potentialAction":[{"@type":"ReadAction","target":["https:\/\/delorenzoglobal.com\/fr\/produit\/assemblage-et-entretien-dune-pompe-a-diaphragme-copia\/"]}]},{"@type":"ImageObject","inLanguage":"fr-FR","@id":"https:\/\/delorenzoglobal.com\/fr\/produit\/assemblage-et-entretien-dune-pompe-a-diaphragme-copia\/#primaryimage","url":"https:\/\/delorenzoglobal.com\/wp-content\/uploads\/2026\/02\/DL-PSM06.jpg","contentUrl":"https:\/\/delorenzoglobal.com\/wp-content\/uploads\/2026\/02\/DL-PSM06.jpg","width":890,"height":810},{"@type":"BreadcrumbList","@id":"https:\/\/delorenzoglobal.com\/fr\/produit\/assemblage-et-entretien-dune-pompe-a-diaphragme-copia\/#breadcrumb","itemListElement":[{"@type":"ListItem","position":1,"name":"Home","item":"https:\/\/delorenzoglobal.com\/fr\/"},{"@type":"ListItem","position":2,"name":"Boutique","item":"https:\/\/delorenzoglobal.com\/fr\/boutique\/"},{"@type":"ListItem","position":3,"name":"MONTAGE ET ENTRETIEN DE LA POMPE \u00c0 PISTON"}]},{"@type":"WebSite","@id":"https:\/\/delorenzoglobal.com\/fr\/#website","url":"https:\/\/delorenzoglobal.com\/fr\/","name":"De Lorenzo Training &amp; Didactical Equipment","description":"","potentialAction":[{"@type":"SearchAction","target":{"@type":"EntryPoint","urlTemplate":"https:\/\/delorenzoglobal.com\/fr\/?s={search_term_string}"},"query-input":{"@type":"PropertyValueSpecification","valueRequired":true,"valueName":"search_term_string"}}],"inLanguage":"fr-FR"}]}},"_links":{"self":[{"href":"https:\/\/delorenzoglobal.com\/fr\/wp-json\/wp\/v2\/product\/68526","targetHints":{"allow":["GET"]}}],"collection":[{"href":"https:\/\/delorenzoglobal.com\/fr\/wp-json\/wp\/v2\/product"}],"about":[{"href":"https:\/\/delorenzoglobal.com\/fr\/wp-json\/wp\/v2\/types\/product"}],"wp:featuredmedia":[{"embeddable":true,"href":"https:\/\/delorenzoglobal.com\/fr\/wp-json\/wp\/v2\/media\/68533"}],"wp:attachment":[{"href":"https:\/\/delorenzoglobal.com\/fr\/wp-json\/wp\/v2\/media?parent=68526"}],"wp:term":[{"taxonomy":"product_brand","embeddable":true,"href":"https:\/\/delorenzoglobal.com\/fr\/wp-json\/wp\/v2\/product_brand?post=68526"},{"taxonomy":"product_cat","embeddable":true,"href":"https:\/\/delorenzoglobal.com\/fr\/wp-json\/wp\/v2\/product_cat?post=68526"},{"taxonomy":"product_tag","embeddable":true,"href":"https:\/\/delorenzoglobal.com\/fr\/wp-json\/wp\/v2\/product_tag?post=68526"}],"curies":[{"name":"wp","href":"https:\/\/api.w.org\/{rel}","templated":true}]}}