{"id":6840,"date":"2024-04-15T12:17:11","date_gmt":"2024-04-15T10:17:11","guid":{"rendered":"https:\/\/delorenzoglobal.com\/?post_type=product&#038;p=6840"},"modified":"2025-04-29T14:43:57","modified_gmt":"2025-04-29T12:43:57","slug":"lignes-de-transmission","status":"publish","type":"product","link":"https:\/\/delorenzoglobal.com\/fr\/produit\/lignes-de-transmission\/","title":{"rendered":"LIGNES DE TRANSMISSION"},"content":{"rendered":"<p>Le simulateur a \u00e9t\u00e9 r\u00e9alis\u00e9 pour conduire l\u2019\u00e9l\u00e8ve \u00e0 la compr\u00e9hension et \u00e0 l\u2019exp\u00e9rimentation des principes physiques de propagation des signaux \u00e9lectriques sur des lignes de transmission et comme introduction \u00e0 l\u2019application des lignes en qualit\u00e9 d\u2019\u00e9l\u00e9ment fondamental dans les syst\u00e8mes de communication.<\/p>\n<p>Le simulateur comprend un module avec 100 m\u00e8tres de c\u00e2ble coaxial \u00e0 fiches interm\u00e9diaires, tout les 25 m\u00e8tres, et avec des r\u00e9sistances de limite variables.<\/p>\n","protected":false},"excerpt":{"rendered":"<p>Le simulateur a \u00e9t\u00e9 r\u00e9alis\u00e9 pour conduire l\u2019\u00e9l\u00e8ve \u00e0 la compr\u00e9hension et \u00e0 l\u2019exp\u00e9rimentation des principes physiques de propagation des signaux \u00e9lectriques sur des lignes de transmission et comme introduction \u00e0 l\u2019application des lignes en qualit\u00e9 d\u2019\u00e9l\u00e9ment fondamental dans les syst\u00e8mes de communication. Le simulateur comprend un module avec 100 m\u00e8tres de c\u00e2ble coaxial \u00e0 [&hellip;]<\/p>\n","protected":false},"featured_media":6832,"template":"","meta":{"_acf_changed":false},"product_brand":[],"product_cat":[322],"product_tag":[],"class_list":{"0":"post-6840","1":"product","2":"type-product","3":"status-publish","4":"has-post-thumbnail","6":"product_cat-systemes-de-transmission","8":"first","9":"instock","10":"shipping-taxable","11":"product-type-simple"},"acf":[],"yoast_head":"<!-- This site is optimized with the Yoast SEO plugin v27.4 - https:\/\/yoast.com\/product\/yoast-seo-wordpress\/ -->\n<title>LIGNES DE TRANSMISSION - De Lorenzo Training &amp; Didactical Equipment<\/title>\n<meta name=\"robots\" content=\"index, follow, max-snippet:-1, max-image-preview:large, max-video-preview:-1\" \/>\n<link rel=\"canonical\" href=\"https:\/\/delorenzoglobal.com\/fr\/produit\/lignes-de-transmission\/\" \/>\n<meta property=\"og:locale\" content=\"fr_FR\" \/>\n<meta property=\"og:type\" content=\"article\" \/>\n<meta property=\"og:title\" content=\"LIGNES DE TRANSMISSION - De Lorenzo Training &amp; Didactical Equipment\" \/>\n<meta property=\"og:description\" content=\"Le simulateur a \u00e9t\u00e9 r\u00e9alis\u00e9 pour conduire l\u2019\u00e9l\u00e8ve \u00e0 la compr\u00e9hension et \u00e0 l\u2019exp\u00e9rimentation des principes physiques de propagation des signaux \u00e9lectriques sur des lignes de transmission et comme introduction \u00e0 l\u2019application des lignes en qualit\u00e9 d\u2019\u00e9l\u00e9ment fondamental dans les syst\u00e8mes de communication. Le simulateur comprend un module avec 100 m\u00e8tres de c\u00e2ble coaxial \u00e0 [&hellip;]\" \/>\n<meta property=\"og:url\" content=\"https:\/\/delorenzoglobal.com\/fr\/produit\/lignes-de-transmission\/\" \/>\n<meta property=\"og:site_name\" content=\"De Lorenzo Training &amp; Didactical Equipment\" \/>\n<meta property=\"article:modified_time\" content=\"2025-04-29T12:43:57+00:00\" \/>\n<meta property=\"og:image\" content=\"https:\/\/delorenzoglobal.com\/wp-content\/uploads\/2024\/04\/2597-scaled.jpg\" \/>\n\t<meta property=\"og:image:width\" content=\"2560\" \/>\n\t<meta property=\"og:image:height\" content=\"1327\" \/>\n\t<meta property=\"og:image:type\" content=\"image\/jpeg\" \/>\n<meta name=\"twitter:card\" content=\"summary_large_image\" \/>\n<meta name=\"twitter:label1\" content=\"Dur\u00e9e de lecture estim\u00e9e\" \/>\n\t<meta name=\"twitter:data1\" content=\"1 minute\" \/>\n<script type=\"application\/ld+json\" class=\"yoast-schema-graph\">{\"@context\":\"https:\\\/\\\/schema.org\",\"@graph\":[{\"@type\":\"WebPage\",\"@id\":\"https:\\\/\\\/delorenzoglobal.com\\\/fr\\\/produit\\\/lignes-de-transmission\\\/\",\"url\":\"https:\\\/\\\/delorenzoglobal.com\\\/fr\\\/produit\\\/lignes-de-transmission\\\/\",\"name\":\"LIGNES DE TRANSMISSION - De Lorenzo Training &amp; Didactical Equipment\",\"isPartOf\":{\"@id\":\"https:\\\/\\\/delorenzoglobal.com\\\/fr\\\/#website\"},\"primaryImageOfPage\":{\"@id\":\"https:\\\/\\\/delorenzoglobal.com\\\/fr\\\/produit\\\/lignes-de-transmission\\\/#primaryimage\"},\"image\":{\"@id\":\"https:\\\/\\\/delorenzoglobal.com\\\/fr\\\/produit\\\/lignes-de-transmission\\\/#primaryimage\"},\"thumbnailUrl\":\"https:\\\/\\\/delorenzoglobal.com\\\/wp-content\\\/uploads\\\/2024\\\/04\\\/2597-scaled.jpg\",\"datePublished\":\"2024-04-15T10:17:11+00:00\",\"dateModified\":\"2025-04-29T12:43:57+00:00\",\"breadcrumb\":{\"@id\":\"https:\\\/\\\/delorenzoglobal.com\\\/fr\\\/produit\\\/lignes-de-transmission\\\/#breadcrumb\"},\"inLanguage\":\"fr-FR\",\"potentialAction\":[{\"@type\":\"ReadAction\",\"target\":[\"https:\\\/\\\/delorenzoglobal.com\\\/fr\\\/produit\\\/lignes-de-transmission\\\/\"]}]},{\"@type\":\"ImageObject\",\"inLanguage\":\"fr-FR\",\"@id\":\"https:\\\/\\\/delorenzoglobal.com\\\/fr\\\/produit\\\/lignes-de-transmission\\\/#primaryimage\",\"url\":\"https:\\\/\\\/delorenzoglobal.com\\\/wp-content\\\/uploads\\\/2024\\\/04\\\/2597-scaled.jpg\",\"contentUrl\":\"https:\\\/\\\/delorenzoglobal.com\\\/wp-content\\\/uploads\\\/2024\\\/04\\\/2597-scaled.jpg\",\"width\":2560,\"height\":1327},{\"@type\":\"BreadcrumbList\",\"@id\":\"https:\\\/\\\/delorenzoglobal.com\\\/fr\\\/produit\\\/lignes-de-transmission\\\/#breadcrumb\",\"itemListElement\":[{\"@type\":\"ListItem\",\"position\":1,\"name\":\"Home\",\"item\":\"https:\\\/\\\/delorenzoglobal.com\\\/fr\\\/\"},{\"@type\":\"ListItem\",\"position\":2,\"name\":\"Boutique\",\"item\":\"https:\\\/\\\/delorenzoglobal.com\\\/fr\\\/boutique\\\/\"},{\"@type\":\"ListItem\",\"position\":3,\"name\":\"LIGNES DE TRANSMISSION\"}]},{\"@type\":\"WebSite\",\"@id\":\"https:\\\/\\\/delorenzoglobal.com\\\/fr\\\/#website\",\"url\":\"https:\\\/\\\/delorenzoglobal.com\\\/fr\\\/\",\"name\":\"De Lorenzo Training &amp; Didactical Equipment\",\"description\":\"\",\"potentialAction\":[{\"@type\":\"SearchAction\",\"target\":{\"@type\":\"EntryPoint\",\"urlTemplate\":\"https:\\\/\\\/delorenzoglobal.com\\\/fr\\\/?s={search_term_string}\"},\"query-input\":{\"@type\":\"PropertyValueSpecification\",\"valueRequired\":true,\"valueName\":\"search_term_string\"}}],\"inLanguage\":\"fr-FR\"}]}<\/script>\n<!-- \/ Yoast SEO plugin. -->","yoast_head_json":{"title":"LIGNES DE TRANSMISSION - De Lorenzo Training &amp; Didactical Equipment","robots":{"index":"index","follow":"follow","max-snippet":"max-snippet:-1","max-image-preview":"max-image-preview:large","max-video-preview":"max-video-preview:-1"},"canonical":"https:\/\/delorenzoglobal.com\/fr\/produit\/lignes-de-transmission\/","og_locale":"fr_FR","og_type":"article","og_title":"LIGNES DE TRANSMISSION - De Lorenzo Training &amp; Didactical Equipment","og_description":"Le simulateur a \u00e9t\u00e9 r\u00e9alis\u00e9 pour conduire l\u2019\u00e9l\u00e8ve \u00e0 la compr\u00e9hension et \u00e0 l\u2019exp\u00e9rimentation des principes physiques de propagation des signaux \u00e9lectriques sur des lignes de transmission et comme introduction \u00e0 l\u2019application des lignes en qualit\u00e9 d\u2019\u00e9l\u00e9ment fondamental dans les syst\u00e8mes de communication. Le simulateur comprend un module avec 100 m\u00e8tres de c\u00e2ble coaxial \u00e0 [&hellip;]","og_url":"https:\/\/delorenzoglobal.com\/fr\/produit\/lignes-de-transmission\/","og_site_name":"De Lorenzo Training &amp; Didactical Equipment","article_modified_time":"2025-04-29T12:43:57+00:00","og_image":[{"width":2560,"height":1327,"url":"https:\/\/delorenzoglobal.com\/wp-content\/uploads\/2024\/04\/2597-scaled.jpg","type":"image\/jpeg"}],"twitter_card":"summary_large_image","twitter_misc":{"Dur\u00e9e de lecture estim\u00e9e":"1 minute"},"schema":{"@context":"https:\/\/schema.org","@graph":[{"@type":"WebPage","@id":"https:\/\/delorenzoglobal.com\/fr\/produit\/lignes-de-transmission\/","url":"https:\/\/delorenzoglobal.com\/fr\/produit\/lignes-de-transmission\/","name":"LIGNES DE TRANSMISSION - De Lorenzo Training &amp; Didactical Equipment","isPartOf":{"@id":"https:\/\/delorenzoglobal.com\/fr\/#website"},"primaryImageOfPage":{"@id":"https:\/\/delorenzoglobal.com\/fr\/produit\/lignes-de-transmission\/#primaryimage"},"image":{"@id":"https:\/\/delorenzoglobal.com\/fr\/produit\/lignes-de-transmission\/#primaryimage"},"thumbnailUrl":"https:\/\/delorenzoglobal.com\/wp-content\/uploads\/2024\/04\/2597-scaled.jpg","datePublished":"2024-04-15T10:17:11+00:00","dateModified":"2025-04-29T12:43:57+00:00","breadcrumb":{"@id":"https:\/\/delorenzoglobal.com\/fr\/produit\/lignes-de-transmission\/#breadcrumb"},"inLanguage":"fr-FR","potentialAction":[{"@type":"ReadAction","target":["https:\/\/delorenzoglobal.com\/fr\/produit\/lignes-de-transmission\/"]}]},{"@type":"ImageObject","inLanguage":"fr-FR","@id":"https:\/\/delorenzoglobal.com\/fr\/produit\/lignes-de-transmission\/#primaryimage","url":"https:\/\/delorenzoglobal.com\/wp-content\/uploads\/2024\/04\/2597-scaled.jpg","contentUrl":"https:\/\/delorenzoglobal.com\/wp-content\/uploads\/2024\/04\/2597-scaled.jpg","width":2560,"height":1327},{"@type":"BreadcrumbList","@id":"https:\/\/delorenzoglobal.com\/fr\/produit\/lignes-de-transmission\/#breadcrumb","itemListElement":[{"@type":"ListItem","position":1,"name":"Home","item":"https:\/\/delorenzoglobal.com\/fr\/"},{"@type":"ListItem","position":2,"name":"Boutique","item":"https:\/\/delorenzoglobal.com\/fr\/boutique\/"},{"@type":"ListItem","position":3,"name":"LIGNES DE TRANSMISSION"}]},{"@type":"WebSite","@id":"https:\/\/delorenzoglobal.com\/fr\/#website","url":"https:\/\/delorenzoglobal.com\/fr\/","name":"De Lorenzo Training &amp; Didactical Equipment","description":"","potentialAction":[{"@type":"SearchAction","target":{"@type":"EntryPoint","urlTemplate":"https:\/\/delorenzoglobal.com\/fr\/?s={search_term_string}"},"query-input":{"@type":"PropertyValueSpecification","valueRequired":true,"valueName":"search_term_string"}}],"inLanguage":"fr-FR"}]}},"_links":{"self":[{"href":"https:\/\/delorenzoglobal.com\/fr\/wp-json\/wp\/v2\/product\/6840","targetHints":{"allow":["GET"]}}],"collection":[{"href":"https:\/\/delorenzoglobal.com\/fr\/wp-json\/wp\/v2\/product"}],"about":[{"href":"https:\/\/delorenzoglobal.com\/fr\/wp-json\/wp\/v2\/types\/product"}],"wp:featuredmedia":[{"embeddable":true,"href":"https:\/\/delorenzoglobal.com\/fr\/wp-json\/wp\/v2\/media\/6832"}],"wp:attachment":[{"href":"https:\/\/delorenzoglobal.com\/fr\/wp-json\/wp\/v2\/media?parent=6840"}],"wp:term":[{"taxonomy":"product_brand","embeddable":true,"href":"https:\/\/delorenzoglobal.com\/fr\/wp-json\/wp\/v2\/product_brand?post=6840"},{"taxonomy":"product_cat","embeddable":true,"href":"https:\/\/delorenzoglobal.com\/fr\/wp-json\/wp\/v2\/product_cat?post=6840"},{"taxonomy":"product_tag","embeddable":true,"href":"https:\/\/delorenzoglobal.com\/fr\/wp-json\/wp\/v2\/product_tag?post=6840"}],"curies":[{"name":"wp","href":"https:\/\/api.w.org\/{rel}","templated":true}]}}