{"id":68398,"date":"2026-02-18T16:13:54","date_gmt":"2026-02-18T15:13:54","guid":{"rendered":"https:\/\/delorenzoglobal.com\/?post_type=product&#038;p=68398"},"modified":"2026-02-18T16:23:45","modified_gmt":"2026-02-18T15:23:45","slug":"kit-de-montage-pour-compresseur-a-piston-copia","status":"publish","type":"product","link":"https:\/\/delorenzoglobal.com\/fr\/produit\/kit-de-montage-pour-compresseur-a-piston-copia\/","title":{"rendered":"ASSEMBLAGE ET ENTRETIEN D&rsquo;UNE POMPE CENTRIFUGE  \u00c0 PLUSIEURS \u00c9TAGES"},"content":{"rendered":"<p>Ce kit de montage permet l&rsquo;assemblage et l&rsquo;entretien d&rsquo;une pompe centrifuge multistade typique, couramment utilis\u00e9e dans l&rsquo;industrie et le transport d&rsquo;eau.<\/p>\n<p>Gr\u00e2ce \u00e0 la coupe, les \u00e9tudiants peuvent apprendre tous les composants de la pompe et son fonctionnement.<\/p>\n<p>Le mat\u00e9riel est fourni, conserv\u00e9 et prot\u00e9g\u00e9 dans une bo\u00eete de transport, accompagn\u00e9 des outils n\u00e9cessaires \u00e0 son utilisation.<\/p>\n<p>Le manuel d&rsquo;utilisation, fourni avec l&rsquo;\u00e9quipement, explique de mani\u00e8re claire et avec de nombreuses images l&rsquo;ensemble du processus \u00e0 suivre pour le fonctionnement de l&rsquo;\u00e9quipement.<\/p>\n","protected":false},"excerpt":{"rendered":"<p>Ce kit de montage permet l&rsquo;assemblage et l&rsquo;entretien d&rsquo;une pompe centrifuge multistade typique, couramment utilis\u00e9e dans l&rsquo;industrie et le transport d&rsquo;eau. Gr\u00e2ce \u00e0 la coupe, les \u00e9tudiants peuvent apprendre tous les composants de la pompe et son fonctionnement. Le mat\u00e9riel est fourni, conserv\u00e9 et prot\u00e9g\u00e9 dans une bo\u00eete de transport, accompagn\u00e9 des outils n\u00e9cessaires \u00e0 [&hellip;]<\/p>\n","protected":false},"featured_media":68472,"template":"","meta":{"_acf_changed":false},"product_brand":[],"product_cat":[428],"product_tag":[],"class_list":{"0":"post-68398","1":"product","2":"type-product","3":"status-publish","4":"has-post-thumbnail","6":"product_cat-fondamentaux-de-la-mecanique-des-fluides","8":"first","9":"instock","10":"shipping-taxable","11":"product-type-simple"},"acf":[],"yoast_head":"<!-- This site is optimized with the Yoast SEO plugin v27.4 - https:\/\/yoast.com\/product\/yoast-seo-wordpress\/ -->\n<title>ASSEMBLAGE ET ENTRETIEN D&#039;UNE POMPE CENTRIFUGE \u00c0 PLUSIEURS \u00c9TAGES - De Lorenzo Training &amp; Didactical Equipment<\/title>\n<meta name=\"description\" content=\"Kit p\u00e9dagogique avec pompe centrifuge multicellulaire sectionn\u00e9e pour l\u2019apprentissage pratique du montage, de la maintenance et des principes de fonctionnement.\" \/>\n<meta name=\"robots\" content=\"index, follow, max-snippet:-1, max-image-preview:large, max-video-preview:-1\" \/>\n<link rel=\"canonical\" href=\"https:\/\/delorenzoglobal.com\/fr\/produit\/kit-de-montage-pour-compresseur-a-piston-copia\/\" \/>\n<meta property=\"og:locale\" content=\"fr_FR\" \/>\n<meta property=\"og:type\" content=\"article\" \/>\n<meta property=\"og:title\" content=\"ASSEMBLAGE ET ENTRETIEN D&#039;UNE POMPE CENTRIFUGE \u00c0 PLUSIEURS \u00c9TAGES - De Lorenzo Training &amp; Didactical Equipment\" \/>\n<meta property=\"og:description\" content=\"Kit p\u00e9dagogique avec pompe centrifuge multicellulaire sectionn\u00e9e pour l\u2019apprentissage pratique du montage, de la maintenance et des principes de fonctionnement.\" \/>\n<meta property=\"og:url\" content=\"https:\/\/delorenzoglobal.com\/fr\/produit\/kit-de-montage-pour-compresseur-a-piston-copia\/\" \/>\n<meta property=\"og:site_name\" content=\"De Lorenzo Training &amp; Didactical Equipment\" \/>\n<meta property=\"article:modified_time\" content=\"2026-02-18T15:23:45+00:00\" \/>\n<meta property=\"og:image\" content=\"https:\/\/delorenzoglobal.com\/wp-content\/uploads\/2026\/02\/DL-PSM03.jpg\" \/>\n\t<meta property=\"og:image:width\" content=\"290\" \/>\n\t<meta property=\"og:image:height\" content=\"340\" \/>\n\t<meta property=\"og:image:type\" content=\"image\/jpeg\" \/>\n<meta name=\"twitter:card\" content=\"summary_large_image\" \/>\n<meta name=\"twitter:label1\" content=\"Dur\u00e9e de lecture estim\u00e9e\" \/>\n\t<meta name=\"twitter:data1\" content=\"1 minute\" \/>\n<script type=\"application\/ld+json\" class=\"yoast-schema-graph\">{\"@context\":\"https:\\\/\\\/schema.org\",\"@graph\":[{\"@type\":\"WebPage\",\"@id\":\"https:\\\/\\\/delorenzoglobal.com\\\/fr\\\/produit\\\/kit-de-montage-pour-compresseur-a-piston-copia\\\/\",\"url\":\"https:\\\/\\\/delorenzoglobal.com\\\/fr\\\/produit\\\/kit-de-montage-pour-compresseur-a-piston-copia\\\/\",\"name\":\"ASSEMBLAGE ET ENTRETIEN D'UNE POMPE CENTRIFUGE \u00c0 PLUSIEURS \u00c9TAGES - De Lorenzo Training &amp; Didactical Equipment\",\"isPartOf\":{\"@id\":\"https:\\\/\\\/delorenzoglobal.com\\\/fr\\\/#website\"},\"primaryImageOfPage\":{\"@id\":\"https:\\\/\\\/delorenzoglobal.com\\\/fr\\\/produit\\\/kit-de-montage-pour-compresseur-a-piston-copia\\\/#primaryimage\"},\"image\":{\"@id\":\"https:\\\/\\\/delorenzoglobal.com\\\/fr\\\/produit\\\/kit-de-montage-pour-compresseur-a-piston-copia\\\/#primaryimage\"},\"thumbnailUrl\":\"https:\\\/\\\/delorenzoglobal.com\\\/wp-content\\\/uploads\\\/2026\\\/02\\\/DL-PSM03-1.jpg\",\"datePublished\":\"2026-02-18T15:13:54+00:00\",\"dateModified\":\"2026-02-18T15:23:45+00:00\",\"description\":\"Kit p\u00e9dagogique avec pompe centrifuge multicellulaire sectionn\u00e9e pour l\u2019apprentissage pratique du montage, de la maintenance et des principes de fonctionnement.\",\"breadcrumb\":{\"@id\":\"https:\\\/\\\/delorenzoglobal.com\\\/fr\\\/produit\\\/kit-de-montage-pour-compresseur-a-piston-copia\\\/#breadcrumb\"},\"inLanguage\":\"fr-FR\",\"potentialAction\":[{\"@type\":\"ReadAction\",\"target\":[\"https:\\\/\\\/delorenzoglobal.com\\\/fr\\\/produit\\\/kit-de-montage-pour-compresseur-a-piston-copia\\\/\"]}]},{\"@type\":\"ImageObject\",\"inLanguage\":\"fr-FR\",\"@id\":\"https:\\\/\\\/delorenzoglobal.com\\\/fr\\\/produit\\\/kit-de-montage-pour-compresseur-a-piston-copia\\\/#primaryimage\",\"url\":\"https:\\\/\\\/delorenzoglobal.com\\\/wp-content\\\/uploads\\\/2026\\\/02\\\/DL-PSM03-1.jpg\",\"contentUrl\":\"https:\\\/\\\/delorenzoglobal.com\\\/wp-content\\\/uploads\\\/2026\\\/02\\\/DL-PSM03-1.jpg\",\"width\":890,\"height\":810},{\"@type\":\"BreadcrumbList\",\"@id\":\"https:\\\/\\\/delorenzoglobal.com\\\/fr\\\/produit\\\/kit-de-montage-pour-compresseur-a-piston-copia\\\/#breadcrumb\",\"itemListElement\":[{\"@type\":\"ListItem\",\"position\":1,\"name\":\"Home\",\"item\":\"https:\\\/\\\/delorenzoglobal.com\\\/fr\\\/\"},{\"@type\":\"ListItem\",\"position\":2,\"name\":\"Boutique\",\"item\":\"https:\\\/\\\/delorenzoglobal.com\\\/fr\\\/boutique\\\/\"},{\"@type\":\"ListItem\",\"position\":3,\"name\":\"ASSEMBLAGE ET ENTRETIEN D&#8217;UNE POMPE CENTRIFUGE \u00c0 PLUSIEURS \u00c9TAGES\"}]},{\"@type\":\"WebSite\",\"@id\":\"https:\\\/\\\/delorenzoglobal.com\\\/fr\\\/#website\",\"url\":\"https:\\\/\\\/delorenzoglobal.com\\\/fr\\\/\",\"name\":\"De Lorenzo Training &amp; Didactical Equipment\",\"description\":\"\",\"potentialAction\":[{\"@type\":\"SearchAction\",\"target\":{\"@type\":\"EntryPoint\",\"urlTemplate\":\"https:\\\/\\\/delorenzoglobal.com\\\/fr\\\/?s={search_term_string}\"},\"query-input\":{\"@type\":\"PropertyValueSpecification\",\"valueRequired\":true,\"valueName\":\"search_term_string\"}}],\"inLanguage\":\"fr-FR\"}]}<\/script>\n<!-- \/ Yoast SEO plugin. -->","yoast_head_json":{"title":"ASSEMBLAGE ET ENTRETIEN D'UNE POMPE CENTRIFUGE \u00c0 PLUSIEURS \u00c9TAGES - De Lorenzo Training &amp; Didactical Equipment","description":"Kit p\u00e9dagogique avec pompe centrifuge multicellulaire sectionn\u00e9e pour l\u2019apprentissage pratique du montage, de la maintenance et des principes de fonctionnement.","robots":{"index":"index","follow":"follow","max-snippet":"max-snippet:-1","max-image-preview":"max-image-preview:large","max-video-preview":"max-video-preview:-1"},"canonical":"https:\/\/delorenzoglobal.com\/fr\/produit\/kit-de-montage-pour-compresseur-a-piston-copia\/","og_locale":"fr_FR","og_type":"article","og_title":"ASSEMBLAGE ET ENTRETIEN D'UNE POMPE CENTRIFUGE \u00c0 PLUSIEURS \u00c9TAGES - De Lorenzo Training &amp; Didactical Equipment","og_description":"Kit p\u00e9dagogique avec pompe centrifuge multicellulaire sectionn\u00e9e pour l\u2019apprentissage pratique du montage, de la maintenance et des principes de fonctionnement.","og_url":"https:\/\/delorenzoglobal.com\/fr\/produit\/kit-de-montage-pour-compresseur-a-piston-copia\/","og_site_name":"De Lorenzo Training &amp; Didactical Equipment","article_modified_time":"2026-02-18T15:23:45+00:00","og_image":[{"width":290,"height":340,"url":"https:\/\/delorenzoglobal.com\/wp-content\/uploads\/2026\/02\/DL-PSM03.jpg","type":"image\/jpeg"}],"twitter_card":"summary_large_image","twitter_misc":{"Dur\u00e9e de lecture estim\u00e9e":"1 minute"},"schema":{"@context":"https:\/\/schema.org","@graph":[{"@type":"WebPage","@id":"https:\/\/delorenzoglobal.com\/fr\/produit\/kit-de-montage-pour-compresseur-a-piston-copia\/","url":"https:\/\/delorenzoglobal.com\/fr\/produit\/kit-de-montage-pour-compresseur-a-piston-copia\/","name":"ASSEMBLAGE ET ENTRETIEN D'UNE POMPE CENTRIFUGE \u00c0 PLUSIEURS \u00c9TAGES - De Lorenzo Training &amp; Didactical Equipment","isPartOf":{"@id":"https:\/\/delorenzoglobal.com\/fr\/#website"},"primaryImageOfPage":{"@id":"https:\/\/delorenzoglobal.com\/fr\/produit\/kit-de-montage-pour-compresseur-a-piston-copia\/#primaryimage"},"image":{"@id":"https:\/\/delorenzoglobal.com\/fr\/produit\/kit-de-montage-pour-compresseur-a-piston-copia\/#primaryimage"},"thumbnailUrl":"https:\/\/delorenzoglobal.com\/wp-content\/uploads\/2026\/02\/DL-PSM03-1.jpg","datePublished":"2026-02-18T15:13:54+00:00","dateModified":"2026-02-18T15:23:45+00:00","description":"Kit p\u00e9dagogique avec pompe centrifuge multicellulaire sectionn\u00e9e pour l\u2019apprentissage pratique du montage, de la maintenance et des principes de fonctionnement.","breadcrumb":{"@id":"https:\/\/delorenzoglobal.com\/fr\/produit\/kit-de-montage-pour-compresseur-a-piston-copia\/#breadcrumb"},"inLanguage":"fr-FR","potentialAction":[{"@type":"ReadAction","target":["https:\/\/delorenzoglobal.com\/fr\/produit\/kit-de-montage-pour-compresseur-a-piston-copia\/"]}]},{"@type":"ImageObject","inLanguage":"fr-FR","@id":"https:\/\/delorenzoglobal.com\/fr\/produit\/kit-de-montage-pour-compresseur-a-piston-copia\/#primaryimage","url":"https:\/\/delorenzoglobal.com\/wp-content\/uploads\/2026\/02\/DL-PSM03-1.jpg","contentUrl":"https:\/\/delorenzoglobal.com\/wp-content\/uploads\/2026\/02\/DL-PSM03-1.jpg","width":890,"height":810},{"@type":"BreadcrumbList","@id":"https:\/\/delorenzoglobal.com\/fr\/produit\/kit-de-montage-pour-compresseur-a-piston-copia\/#breadcrumb","itemListElement":[{"@type":"ListItem","position":1,"name":"Home","item":"https:\/\/delorenzoglobal.com\/fr\/"},{"@type":"ListItem","position":2,"name":"Boutique","item":"https:\/\/delorenzoglobal.com\/fr\/boutique\/"},{"@type":"ListItem","position":3,"name":"ASSEMBLAGE ET ENTRETIEN D&#8217;UNE POMPE CENTRIFUGE \u00c0 PLUSIEURS \u00c9TAGES"}]},{"@type":"WebSite","@id":"https:\/\/delorenzoglobal.com\/fr\/#website","url":"https:\/\/delorenzoglobal.com\/fr\/","name":"De Lorenzo Training &amp; Didactical Equipment","description":"","potentialAction":[{"@type":"SearchAction","target":{"@type":"EntryPoint","urlTemplate":"https:\/\/delorenzoglobal.com\/fr\/?s={search_term_string}"},"query-input":{"@type":"PropertyValueSpecification","valueRequired":true,"valueName":"search_term_string"}}],"inLanguage":"fr-FR"}]}},"_links":{"self":[{"href":"https:\/\/delorenzoglobal.com\/fr\/wp-json\/wp\/v2\/product\/68398","targetHints":{"allow":["GET"]}}],"collection":[{"href":"https:\/\/delorenzoglobal.com\/fr\/wp-json\/wp\/v2\/product"}],"about":[{"href":"https:\/\/delorenzoglobal.com\/fr\/wp-json\/wp\/v2\/types\/product"}],"wp:featuredmedia":[{"embeddable":true,"href":"https:\/\/delorenzoglobal.com\/fr\/wp-json\/wp\/v2\/media\/68472"}],"wp:attachment":[{"href":"https:\/\/delorenzoglobal.com\/fr\/wp-json\/wp\/v2\/media?parent=68398"}],"wp:term":[{"taxonomy":"product_brand","embeddable":true,"href":"https:\/\/delorenzoglobal.com\/fr\/wp-json\/wp\/v2\/product_brand?post=68398"},{"taxonomy":"product_cat","embeddable":true,"href":"https:\/\/delorenzoglobal.com\/fr\/wp-json\/wp\/v2\/product_cat?post=68398"},{"taxonomy":"product_tag","embeddable":true,"href":"https:\/\/delorenzoglobal.com\/fr\/wp-json\/wp\/v2\/product_tag?post=68398"}],"curies":[{"name":"wp","href":"https:\/\/api.w.org\/{rel}","templated":true}]}}