{"id":68269,"date":"2026-02-18T12:29:28","date_gmt":"2026-02-18T11:29:28","guid":{"rendered":"https:\/\/delorenzoglobal.com\/?post_type=product&#038;p=68269"},"modified":"2026-02-19T09:27:35","modified_gmt":"2026-02-19T08:27:35","slug":"systeme-de-visualisation-des-flux","status":"publish","type":"product","link":"https:\/\/delorenzoglobal.com\/fr\/produit\/systeme-de-visualisation-des-flux\/","title":{"rendered":"BANC HYDRAULIQUE DE BASE"},"content":{"rendered":"<p>Le DL PLS016 est un banc hydraulique adapt\u00e9 \u00e0 l&rsquo;utilisation comme banc de travail pour la mesure du d\u00e9bit volum\u00e9trique avec r\u00e9servoir.<\/p>\n<p>Il est possible d&rsquo;utiliser une grande vari\u00e9t\u00e9 de dispositifs p\u00e9dagogiques, n\u00e9cessitant un flux d&rsquo;entr\u00e9e, en les montant sur la table.<\/p>\n<p>Le banc est compos\u00e9 de deux r\u00e9servoirs volum\u00e9triques de diff\u00e9rentes tailles pour mesurer avec pr\u00e9cision les d\u00e9bits \u00e9lev\u00e9s et faibles.<\/p>\n","protected":false},"excerpt":{"rendered":"<p>Le DL PLS016 est un banc hydraulique adapt\u00e9 \u00e0 l&rsquo;utilisation comme banc de travail pour la mesure du d\u00e9bit volum\u00e9trique avec r\u00e9servoir. Il est possible d&rsquo;utiliser une grande vari\u00e9t\u00e9 de dispositifs p\u00e9dagogiques, n\u00e9cessitant un flux d&rsquo;entr\u00e9e, en les montant sur la table. Le banc est compos\u00e9 de deux r\u00e9servoirs volum\u00e9triques de diff\u00e9rentes tailles pour mesurer [&hellip;]<\/p>\n","protected":false},"featured_media":68330,"template":"","meta":{"_acf_changed":false},"product_brand":[],"product_cat":[428],"product_tag":[],"class_list":{"0":"post-68269","1":"product","2":"type-product","3":"status-publish","4":"has-post-thumbnail","6":"product_cat-fondamentaux-de-la-mecanique-des-fluides","8":"first","9":"instock","10":"shipping-taxable","11":"product-type-simple"},"acf":[],"yoast_head":"<!-- This site is optimized with the Yoast SEO plugin v27.4 - https:\/\/yoast.com\/product\/yoast-seo-wordpress\/ -->\n<title>BANC HYDRAULIQUE DE BASE - De Lorenzo Training &amp; Didactical Equipment<\/title>\n<meta name=\"description\" content=\"C&#039;est un banc hydraulique professionnel avec double r\u00e9servoir volum\u00e9trique, id\u00e9al pour la mesure pr\u00e9cise du d\u00e9bit et pour les applications p\u00e9dagogiques.\" \/>\n<meta name=\"robots\" content=\"index, follow, max-snippet:-1, max-image-preview:large, max-video-preview:-1\" \/>\n<link rel=\"canonical\" href=\"https:\/\/delorenzoglobal.com\/fr\/produit\/systeme-de-visualisation-des-flux\/\" \/>\n<meta property=\"og:locale\" content=\"fr_FR\" \/>\n<meta property=\"og:type\" content=\"article\" \/>\n<meta property=\"og:title\" content=\"BANC HYDRAULIQUE DE BASE - De Lorenzo Training &amp; Didactical Equipment\" \/>\n<meta property=\"og:description\" content=\"C&#039;est un banc hydraulique professionnel avec double r\u00e9servoir volum\u00e9trique, id\u00e9al pour la mesure pr\u00e9cise du d\u00e9bit et pour les applications p\u00e9dagogiques.\" \/>\n<meta property=\"og:url\" content=\"https:\/\/delorenzoglobal.com\/fr\/produit\/systeme-de-visualisation-des-flux\/\" \/>\n<meta property=\"og:site_name\" content=\"De Lorenzo Training &amp; Didactical Equipment\" \/>\n<meta property=\"article:modified_time\" content=\"2026-02-19T08:27:35+00:00\" \/>\n<meta property=\"og:image\" content=\"https:\/\/delorenzoglobal.com\/wp-content\/uploads\/2026\/02\/DL-PSL016.jpg\" \/>\n\t<meta property=\"og:image:width\" content=\"773\" \/>\n\t<meta property=\"og:image:height\" content=\"631\" \/>\n\t<meta property=\"og:image:type\" content=\"image\/jpeg\" \/>\n<meta name=\"twitter:card\" content=\"summary_large_image\" \/>\n<meta name=\"twitter:label1\" content=\"Dur\u00e9e de lecture estim\u00e9e\" \/>\n\t<meta name=\"twitter:data1\" content=\"1 minute\" \/>\n<script type=\"application\/ld+json\" class=\"yoast-schema-graph\">{\"@context\":\"https:\\\/\\\/schema.org\",\"@graph\":[{\"@type\":\"WebPage\",\"@id\":\"https:\\\/\\\/delorenzoglobal.com\\\/fr\\\/produit\\\/systeme-de-visualisation-des-flux\\\/\",\"url\":\"https:\\\/\\\/delorenzoglobal.com\\\/fr\\\/produit\\\/systeme-de-visualisation-des-flux\\\/\",\"name\":\"BANC HYDRAULIQUE DE BASE - De Lorenzo Training &amp; Didactical Equipment\",\"isPartOf\":{\"@id\":\"https:\\\/\\\/delorenzoglobal.com\\\/fr\\\/#website\"},\"primaryImageOfPage\":{\"@id\":\"https:\\\/\\\/delorenzoglobal.com\\\/fr\\\/produit\\\/systeme-de-visualisation-des-flux\\\/#primaryimage\"},\"image\":{\"@id\":\"https:\\\/\\\/delorenzoglobal.com\\\/fr\\\/produit\\\/systeme-de-visualisation-des-flux\\\/#primaryimage\"},\"thumbnailUrl\":\"https:\\\/\\\/delorenzoglobal.com\\\/wp-content\\\/uploads\\\/2026\\\/02\\\/DL-PSL016.jpg\",\"datePublished\":\"2026-02-18T11:29:28+00:00\",\"dateModified\":\"2026-02-19T08:27:35+00:00\",\"description\":\"C'est un banc hydraulique professionnel avec double r\u00e9servoir volum\u00e9trique, id\u00e9al pour la mesure pr\u00e9cise du d\u00e9bit et pour les applications p\u00e9dagogiques.\",\"breadcrumb\":{\"@id\":\"https:\\\/\\\/delorenzoglobal.com\\\/fr\\\/produit\\\/systeme-de-visualisation-des-flux\\\/#breadcrumb\"},\"inLanguage\":\"fr-FR\",\"potentialAction\":[{\"@type\":\"ReadAction\",\"target\":[\"https:\\\/\\\/delorenzoglobal.com\\\/fr\\\/produit\\\/systeme-de-visualisation-des-flux\\\/\"]}]},{\"@type\":\"ImageObject\",\"inLanguage\":\"fr-FR\",\"@id\":\"https:\\\/\\\/delorenzoglobal.com\\\/fr\\\/produit\\\/systeme-de-visualisation-des-flux\\\/#primaryimage\",\"url\":\"https:\\\/\\\/delorenzoglobal.com\\\/wp-content\\\/uploads\\\/2026\\\/02\\\/DL-PSL016.jpg\",\"contentUrl\":\"https:\\\/\\\/delorenzoglobal.com\\\/wp-content\\\/uploads\\\/2026\\\/02\\\/DL-PSL016.jpg\",\"width\":773,\"height\":631},{\"@type\":\"BreadcrumbList\",\"@id\":\"https:\\\/\\\/delorenzoglobal.com\\\/fr\\\/produit\\\/systeme-de-visualisation-des-flux\\\/#breadcrumb\",\"itemListElement\":[{\"@type\":\"ListItem\",\"position\":1,\"name\":\"Home\",\"item\":\"https:\\\/\\\/delorenzoglobal.com\\\/fr\\\/\"},{\"@type\":\"ListItem\",\"position\":2,\"name\":\"Boutique\",\"item\":\"https:\\\/\\\/delorenzoglobal.com\\\/fr\\\/boutique\\\/\"},{\"@type\":\"ListItem\",\"position\":3,\"name\":\"BANC HYDRAULIQUE DE BASE\"}]},{\"@type\":\"WebSite\",\"@id\":\"https:\\\/\\\/delorenzoglobal.com\\\/fr\\\/#website\",\"url\":\"https:\\\/\\\/delorenzoglobal.com\\\/fr\\\/\",\"name\":\"De Lorenzo Training &amp; Didactical Equipment\",\"description\":\"\",\"potentialAction\":[{\"@type\":\"SearchAction\",\"target\":{\"@type\":\"EntryPoint\",\"urlTemplate\":\"https:\\\/\\\/delorenzoglobal.com\\\/fr\\\/?s={search_term_string}\"},\"query-input\":{\"@type\":\"PropertyValueSpecification\",\"valueRequired\":true,\"valueName\":\"search_term_string\"}}],\"inLanguage\":\"fr-FR\"}]}<\/script>\n<!-- \/ Yoast SEO plugin. -->","yoast_head_json":{"title":"BANC HYDRAULIQUE DE BASE - De Lorenzo Training &amp; Didactical Equipment","description":"C'est un banc hydraulique professionnel avec double r\u00e9servoir volum\u00e9trique, id\u00e9al pour la mesure pr\u00e9cise du d\u00e9bit et pour les applications p\u00e9dagogiques.","robots":{"index":"index","follow":"follow","max-snippet":"max-snippet:-1","max-image-preview":"max-image-preview:large","max-video-preview":"max-video-preview:-1"},"canonical":"https:\/\/delorenzoglobal.com\/fr\/produit\/systeme-de-visualisation-des-flux\/","og_locale":"fr_FR","og_type":"article","og_title":"BANC HYDRAULIQUE DE BASE - De Lorenzo Training &amp; Didactical Equipment","og_description":"C'est un banc hydraulique professionnel avec double r\u00e9servoir volum\u00e9trique, id\u00e9al pour la mesure pr\u00e9cise du d\u00e9bit et pour les applications p\u00e9dagogiques.","og_url":"https:\/\/delorenzoglobal.com\/fr\/produit\/systeme-de-visualisation-des-flux\/","og_site_name":"De Lorenzo Training &amp; Didactical Equipment","article_modified_time":"2026-02-19T08:27:35+00:00","og_image":[{"width":773,"height":631,"url":"https:\/\/delorenzoglobal.com\/wp-content\/uploads\/2026\/02\/DL-PSL016.jpg","type":"image\/jpeg"}],"twitter_card":"summary_large_image","twitter_misc":{"Dur\u00e9e de lecture estim\u00e9e":"1 minute"},"schema":{"@context":"https:\/\/schema.org","@graph":[{"@type":"WebPage","@id":"https:\/\/delorenzoglobal.com\/fr\/produit\/systeme-de-visualisation-des-flux\/","url":"https:\/\/delorenzoglobal.com\/fr\/produit\/systeme-de-visualisation-des-flux\/","name":"BANC HYDRAULIQUE DE BASE - De Lorenzo Training &amp; Didactical Equipment","isPartOf":{"@id":"https:\/\/delorenzoglobal.com\/fr\/#website"},"primaryImageOfPage":{"@id":"https:\/\/delorenzoglobal.com\/fr\/produit\/systeme-de-visualisation-des-flux\/#primaryimage"},"image":{"@id":"https:\/\/delorenzoglobal.com\/fr\/produit\/systeme-de-visualisation-des-flux\/#primaryimage"},"thumbnailUrl":"https:\/\/delorenzoglobal.com\/wp-content\/uploads\/2026\/02\/DL-PSL016.jpg","datePublished":"2026-02-18T11:29:28+00:00","dateModified":"2026-02-19T08:27:35+00:00","description":"C'est un banc hydraulique professionnel avec double r\u00e9servoir volum\u00e9trique, id\u00e9al pour la mesure pr\u00e9cise du d\u00e9bit et pour les applications p\u00e9dagogiques.","breadcrumb":{"@id":"https:\/\/delorenzoglobal.com\/fr\/produit\/systeme-de-visualisation-des-flux\/#breadcrumb"},"inLanguage":"fr-FR","potentialAction":[{"@type":"ReadAction","target":["https:\/\/delorenzoglobal.com\/fr\/produit\/systeme-de-visualisation-des-flux\/"]}]},{"@type":"ImageObject","inLanguage":"fr-FR","@id":"https:\/\/delorenzoglobal.com\/fr\/produit\/systeme-de-visualisation-des-flux\/#primaryimage","url":"https:\/\/delorenzoglobal.com\/wp-content\/uploads\/2026\/02\/DL-PSL016.jpg","contentUrl":"https:\/\/delorenzoglobal.com\/wp-content\/uploads\/2026\/02\/DL-PSL016.jpg","width":773,"height":631},{"@type":"BreadcrumbList","@id":"https:\/\/delorenzoglobal.com\/fr\/produit\/systeme-de-visualisation-des-flux\/#breadcrumb","itemListElement":[{"@type":"ListItem","position":1,"name":"Home","item":"https:\/\/delorenzoglobal.com\/fr\/"},{"@type":"ListItem","position":2,"name":"Boutique","item":"https:\/\/delorenzoglobal.com\/fr\/boutique\/"},{"@type":"ListItem","position":3,"name":"BANC HYDRAULIQUE DE BASE"}]},{"@type":"WebSite","@id":"https:\/\/delorenzoglobal.com\/fr\/#website","url":"https:\/\/delorenzoglobal.com\/fr\/","name":"De Lorenzo Training &amp; Didactical Equipment","description":"","potentialAction":[{"@type":"SearchAction","target":{"@type":"EntryPoint","urlTemplate":"https:\/\/delorenzoglobal.com\/fr\/?s={search_term_string}"},"query-input":{"@type":"PropertyValueSpecification","valueRequired":true,"valueName":"search_term_string"}}],"inLanguage":"fr-FR"}]}},"_links":{"self":[{"href":"https:\/\/delorenzoglobal.com\/fr\/wp-json\/wp\/v2\/product\/68269","targetHints":{"allow":["GET"]}}],"collection":[{"href":"https:\/\/delorenzoglobal.com\/fr\/wp-json\/wp\/v2\/product"}],"about":[{"href":"https:\/\/delorenzoglobal.com\/fr\/wp-json\/wp\/v2\/types\/product"}],"wp:featuredmedia":[{"embeddable":true,"href":"https:\/\/delorenzoglobal.com\/fr\/wp-json\/wp\/v2\/media\/68330"}],"wp:attachment":[{"href":"https:\/\/delorenzoglobal.com\/fr\/wp-json\/wp\/v2\/media?parent=68269"}],"wp:term":[{"taxonomy":"product_brand","embeddable":true,"href":"https:\/\/delorenzoglobal.com\/fr\/wp-json\/wp\/v2\/product_brand?post=68269"},{"taxonomy":"product_cat","embeddable":true,"href":"https:\/\/delorenzoglobal.com\/fr\/wp-json\/wp\/v2\/product_cat?post=68269"},{"taxonomy":"product_tag","embeddable":true,"href":"https:\/\/delorenzoglobal.com\/fr\/wp-json\/wp\/v2\/product_tag?post=68269"}],"curies":[{"name":"wp","href":"https:\/\/api.w.org\/{rel}","templated":true}]}}