{"id":68250,"date":"2026-02-17T15:53:45","date_gmt":"2026-02-17T14:53:45","guid":{"rendered":"https:\/\/delorenzoglobal.com\/?post_type=product&#038;p=68250"},"modified":"2026-03-05T09:21:57","modified_gmt":"2026-03-05T08:21:57","slug":"systeme-de-visualisation-des-flux-copia-copia","status":"publish","type":"product","link":"https:\/\/delorenzoglobal.com\/fr\/produit\/systeme-de-visualisation-des-flux-copia-copia\/","title":{"rendered":"CENTRALE HYDRO\u00c9LECTRIQUE AVEC TURBINE PELTON"},"content":{"rendered":"<p>Cet \u00e9quipement reproduit une petite centrale hydro\u00e9lectrique, \u00e9quip\u00e9e d\u2019une turbine Pelton capable d\u2019assurer un fonctionnement complet et accompagn\u00e9e de tous les accessoires n\u00e9cessaires.<\/p>\n<p>Il aide les \u00e9tudiants \u00e0 observer et \u00e0 interpr\u00e9ter avec pr\u00e9cision le fonctionnement d\u2019une centrale hydro\u00e9lectrique.<\/p>\n","protected":false},"excerpt":{"rendered":"<p>Cet \u00e9quipement reproduit une petite centrale hydro\u00e9lectrique, \u00e9quip\u00e9e d\u2019une turbine Pelton capable d\u2019assurer un fonctionnement complet et accompagn\u00e9e de tous les accessoires n\u00e9cessaires. Il aide les \u00e9tudiants \u00e0 observer et \u00e0 interpr\u00e9ter avec pr\u00e9cision le fonctionnement d\u2019une centrale hydro\u00e9lectrique.<\/p>\n","protected":false},"featured_media":68313,"template":"","meta":{"_acf_changed":false},"product_brand":[],"product_cat":[428],"product_tag":[],"class_list":{"0":"post-68250","1":"product","2":"type-product","3":"status-publish","4":"has-post-thumbnail","6":"product_cat-fondamentaux-de-la-mecanique-des-fluides","8":"first","9":"instock","10":"shipping-taxable","11":"product-type-simple"},"acf":[],"yoast_head":"<!-- This site is optimized with the Yoast SEO plugin v27.4 - https:\/\/yoast.com\/product\/yoast-seo-wordpress\/ -->\n<title>CENTRALE HYDRO\u00c9LECTRIQUE AVEC TURBINE PELTON - De Lorenzo Training &amp; Didactical Equipment<\/title>\n<meta name=\"description\" content=\"\u00c9quipement p\u00e9dagogique pour l\u2019analyse de l\u2019\u00e9coulement des fluides \u00e0 travers diff\u00e9rents mod\u00e8les (profil a\u00e9rodynamique, cercle, rectangle, goutte, etc.).\" \/>\n<meta name=\"robots\" content=\"index, follow, max-snippet:-1, max-image-preview:large, max-video-preview:-1\" \/>\n<link rel=\"canonical\" href=\"https:\/\/delorenzoglobal.com\/fr\/produit\/systeme-de-visualisation-des-flux-copia-copia\/\" \/>\n<meta property=\"og:locale\" content=\"fr_FR\" \/>\n<meta property=\"og:type\" content=\"article\" \/>\n<meta property=\"og:title\" content=\"CENTRALE HYDRO\u00c9LECTRIQUE AVEC TURBINE PELTON - De Lorenzo Training &amp; Didactical Equipment\" \/>\n<meta property=\"og:description\" content=\"\u00c9quipement p\u00e9dagogique pour l\u2019analyse de l\u2019\u00e9coulement des fluides \u00e0 travers diff\u00e9rents mod\u00e8les (profil a\u00e9rodynamique, cercle, rectangle, goutte, etc.).\" \/>\n<meta property=\"og:url\" content=\"https:\/\/delorenzoglobal.com\/fr\/produit\/systeme-de-visualisation-des-flux-copia-copia\/\" \/>\n<meta property=\"og:site_name\" content=\"De Lorenzo Training &amp; Didactical Equipment\" \/>\n<meta property=\"article:modified_time\" content=\"2026-03-05T08:21:57+00:00\" \/>\n<meta property=\"og:image\" content=\"https:\/\/delorenzoglobal.com\/wp-content\/uploads\/2026\/02\/DL-PS-HYDROELECTRIC.png\" \/>\n\t<meta property=\"og:image:width\" content=\"1011\" \/>\n\t<meta property=\"og:image:height\" content=\"593\" \/>\n\t<meta property=\"og:image:type\" content=\"image\/png\" \/>\n<meta name=\"twitter:card\" content=\"summary_large_image\" \/>\n<meta name=\"twitter:label1\" content=\"Dur\u00e9e de lecture estim\u00e9e\" \/>\n\t<meta name=\"twitter:data1\" content=\"1 minute\" \/>\n<script type=\"application\/ld+json\" class=\"yoast-schema-graph\">{\"@context\":\"https:\\\/\\\/schema.org\",\"@graph\":[{\"@type\":\"WebPage\",\"@id\":\"https:\\\/\\\/delorenzoglobal.com\\\/fr\\\/produit\\\/systeme-de-visualisation-des-flux-copia-copia\\\/\",\"url\":\"https:\\\/\\\/delorenzoglobal.com\\\/fr\\\/produit\\\/systeme-de-visualisation-des-flux-copia-copia\\\/\",\"name\":\"CENTRALE HYDRO\u00c9LECTRIQUE AVEC TURBINE PELTON - De Lorenzo Training &amp; Didactical Equipment\",\"isPartOf\":{\"@id\":\"https:\\\/\\\/delorenzoglobal.com\\\/fr\\\/#website\"},\"primaryImageOfPage\":{\"@id\":\"https:\\\/\\\/delorenzoglobal.com\\\/fr\\\/produit\\\/systeme-de-visualisation-des-flux-copia-copia\\\/#primaryimage\"},\"image\":{\"@id\":\"https:\\\/\\\/delorenzoglobal.com\\\/fr\\\/produit\\\/systeme-de-visualisation-des-flux-copia-copia\\\/#primaryimage\"},\"thumbnailUrl\":\"https:\\\/\\\/delorenzoglobal.com\\\/wp-content\\\/uploads\\\/2026\\\/02\\\/DL-PS-HYDROELECTRIC.png\",\"datePublished\":\"2026-02-17T14:53:45+00:00\",\"dateModified\":\"2026-03-05T08:21:57+00:00\",\"description\":\"\u00c9quipement p\u00e9dagogique pour l\u2019analyse de l\u2019\u00e9coulement des fluides \u00e0 travers diff\u00e9rents mod\u00e8les (profil a\u00e9rodynamique, cercle, rectangle, goutte, etc.).\",\"breadcrumb\":{\"@id\":\"https:\\\/\\\/delorenzoglobal.com\\\/fr\\\/produit\\\/systeme-de-visualisation-des-flux-copia-copia\\\/#breadcrumb\"},\"inLanguage\":\"fr-FR\",\"potentialAction\":[{\"@type\":\"ReadAction\",\"target\":[\"https:\\\/\\\/delorenzoglobal.com\\\/fr\\\/produit\\\/systeme-de-visualisation-des-flux-copia-copia\\\/\"]}]},{\"@type\":\"ImageObject\",\"inLanguage\":\"fr-FR\",\"@id\":\"https:\\\/\\\/delorenzoglobal.com\\\/fr\\\/produit\\\/systeme-de-visualisation-des-flux-copia-copia\\\/#primaryimage\",\"url\":\"https:\\\/\\\/delorenzoglobal.com\\\/wp-content\\\/uploads\\\/2026\\\/02\\\/DL-PS-HYDROELECTRIC.png\",\"contentUrl\":\"https:\\\/\\\/delorenzoglobal.com\\\/wp-content\\\/uploads\\\/2026\\\/02\\\/DL-PS-HYDROELECTRIC.png\",\"width\":1011,\"height\":593},{\"@type\":\"BreadcrumbList\",\"@id\":\"https:\\\/\\\/delorenzoglobal.com\\\/fr\\\/produit\\\/systeme-de-visualisation-des-flux-copia-copia\\\/#breadcrumb\",\"itemListElement\":[{\"@type\":\"ListItem\",\"position\":1,\"name\":\"Home\",\"item\":\"https:\\\/\\\/delorenzoglobal.com\\\/fr\\\/\"},{\"@type\":\"ListItem\",\"position\":2,\"name\":\"Boutique\",\"item\":\"https:\\\/\\\/delorenzoglobal.com\\\/fr\\\/boutique\\\/\"},{\"@type\":\"ListItem\",\"position\":3,\"name\":\"CENTRALE HYDRO\u00c9LECTRIQUE AVEC TURBINE PELTON\"}]},{\"@type\":\"WebSite\",\"@id\":\"https:\\\/\\\/delorenzoglobal.com\\\/fr\\\/#website\",\"url\":\"https:\\\/\\\/delorenzoglobal.com\\\/fr\\\/\",\"name\":\"De Lorenzo Training &amp; Didactical Equipment\",\"description\":\"\",\"potentialAction\":[{\"@type\":\"SearchAction\",\"target\":{\"@type\":\"EntryPoint\",\"urlTemplate\":\"https:\\\/\\\/delorenzoglobal.com\\\/fr\\\/?s={search_term_string}\"},\"query-input\":{\"@type\":\"PropertyValueSpecification\",\"valueRequired\":true,\"valueName\":\"search_term_string\"}}],\"inLanguage\":\"fr-FR\"}]}<\/script>\n<!-- \/ Yoast SEO plugin. -->","yoast_head_json":{"title":"CENTRALE HYDRO\u00c9LECTRIQUE AVEC TURBINE PELTON - De Lorenzo Training &amp; Didactical Equipment","description":"\u00c9quipement p\u00e9dagogique pour l\u2019analyse de l\u2019\u00e9coulement des fluides \u00e0 travers diff\u00e9rents mod\u00e8les (profil a\u00e9rodynamique, cercle, rectangle, goutte, etc.).","robots":{"index":"index","follow":"follow","max-snippet":"max-snippet:-1","max-image-preview":"max-image-preview:large","max-video-preview":"max-video-preview:-1"},"canonical":"https:\/\/delorenzoglobal.com\/fr\/produit\/systeme-de-visualisation-des-flux-copia-copia\/","og_locale":"fr_FR","og_type":"article","og_title":"CENTRALE HYDRO\u00c9LECTRIQUE AVEC TURBINE PELTON - De Lorenzo Training &amp; Didactical Equipment","og_description":"\u00c9quipement p\u00e9dagogique pour l\u2019analyse de l\u2019\u00e9coulement des fluides \u00e0 travers diff\u00e9rents mod\u00e8les (profil a\u00e9rodynamique, cercle, rectangle, goutte, etc.).","og_url":"https:\/\/delorenzoglobal.com\/fr\/produit\/systeme-de-visualisation-des-flux-copia-copia\/","og_site_name":"De Lorenzo Training &amp; Didactical Equipment","article_modified_time":"2026-03-05T08:21:57+00:00","og_image":[{"width":1011,"height":593,"url":"https:\/\/delorenzoglobal.com\/wp-content\/uploads\/2026\/02\/DL-PS-HYDROELECTRIC.png","type":"image\/png"}],"twitter_card":"summary_large_image","twitter_misc":{"Dur\u00e9e de lecture estim\u00e9e":"1 minute"},"schema":{"@context":"https:\/\/schema.org","@graph":[{"@type":"WebPage","@id":"https:\/\/delorenzoglobal.com\/fr\/produit\/systeme-de-visualisation-des-flux-copia-copia\/","url":"https:\/\/delorenzoglobal.com\/fr\/produit\/systeme-de-visualisation-des-flux-copia-copia\/","name":"CENTRALE HYDRO\u00c9LECTRIQUE AVEC TURBINE PELTON - De Lorenzo Training &amp; Didactical Equipment","isPartOf":{"@id":"https:\/\/delorenzoglobal.com\/fr\/#website"},"primaryImageOfPage":{"@id":"https:\/\/delorenzoglobal.com\/fr\/produit\/systeme-de-visualisation-des-flux-copia-copia\/#primaryimage"},"image":{"@id":"https:\/\/delorenzoglobal.com\/fr\/produit\/systeme-de-visualisation-des-flux-copia-copia\/#primaryimage"},"thumbnailUrl":"https:\/\/delorenzoglobal.com\/wp-content\/uploads\/2026\/02\/DL-PS-HYDROELECTRIC.png","datePublished":"2026-02-17T14:53:45+00:00","dateModified":"2026-03-05T08:21:57+00:00","description":"\u00c9quipement p\u00e9dagogique pour l\u2019analyse de l\u2019\u00e9coulement des fluides \u00e0 travers diff\u00e9rents mod\u00e8les (profil a\u00e9rodynamique, cercle, rectangle, goutte, etc.).","breadcrumb":{"@id":"https:\/\/delorenzoglobal.com\/fr\/produit\/systeme-de-visualisation-des-flux-copia-copia\/#breadcrumb"},"inLanguage":"fr-FR","potentialAction":[{"@type":"ReadAction","target":["https:\/\/delorenzoglobal.com\/fr\/produit\/systeme-de-visualisation-des-flux-copia-copia\/"]}]},{"@type":"ImageObject","inLanguage":"fr-FR","@id":"https:\/\/delorenzoglobal.com\/fr\/produit\/systeme-de-visualisation-des-flux-copia-copia\/#primaryimage","url":"https:\/\/delorenzoglobal.com\/wp-content\/uploads\/2026\/02\/DL-PS-HYDROELECTRIC.png","contentUrl":"https:\/\/delorenzoglobal.com\/wp-content\/uploads\/2026\/02\/DL-PS-HYDROELECTRIC.png","width":1011,"height":593},{"@type":"BreadcrumbList","@id":"https:\/\/delorenzoglobal.com\/fr\/produit\/systeme-de-visualisation-des-flux-copia-copia\/#breadcrumb","itemListElement":[{"@type":"ListItem","position":1,"name":"Home","item":"https:\/\/delorenzoglobal.com\/fr\/"},{"@type":"ListItem","position":2,"name":"Boutique","item":"https:\/\/delorenzoglobal.com\/fr\/boutique\/"},{"@type":"ListItem","position":3,"name":"CENTRALE HYDRO\u00c9LECTRIQUE AVEC TURBINE PELTON"}]},{"@type":"WebSite","@id":"https:\/\/delorenzoglobal.com\/fr\/#website","url":"https:\/\/delorenzoglobal.com\/fr\/","name":"De Lorenzo Training &amp; Didactical Equipment","description":"","potentialAction":[{"@type":"SearchAction","target":{"@type":"EntryPoint","urlTemplate":"https:\/\/delorenzoglobal.com\/fr\/?s={search_term_string}"},"query-input":{"@type":"PropertyValueSpecification","valueRequired":true,"valueName":"search_term_string"}}],"inLanguage":"fr-FR"}]}},"_links":{"self":[{"href":"https:\/\/delorenzoglobal.com\/fr\/wp-json\/wp\/v2\/product\/68250","targetHints":{"allow":["GET"]}}],"collection":[{"href":"https:\/\/delorenzoglobal.com\/fr\/wp-json\/wp\/v2\/product"}],"about":[{"href":"https:\/\/delorenzoglobal.com\/fr\/wp-json\/wp\/v2\/types\/product"}],"wp:featuredmedia":[{"embeddable":true,"href":"https:\/\/delorenzoglobal.com\/fr\/wp-json\/wp\/v2\/media\/68313"}],"wp:attachment":[{"href":"https:\/\/delorenzoglobal.com\/fr\/wp-json\/wp\/v2\/media?parent=68250"}],"wp:term":[{"taxonomy":"product_brand","embeddable":true,"href":"https:\/\/delorenzoglobal.com\/fr\/wp-json\/wp\/v2\/product_brand?post=68250"},{"taxonomy":"product_cat","embeddable":true,"href":"https:\/\/delorenzoglobal.com\/fr\/wp-json\/wp\/v2\/product_cat?post=68250"},{"taxonomy":"product_tag","embeddable":true,"href":"https:\/\/delorenzoglobal.com\/fr\/wp-json\/wp\/v2\/product_tag?post=68250"}],"curies":[{"name":"wp","href":"https:\/\/api.w.org\/{rel}","templated":true}]}}